{"id":19605,"date":"2019-07-04T11:19:40","date_gmt":"2019-07-04T11:19:40","guid":{"rendered":"https:\/\/stethoscope24.com\/stetoskop\/?page_id=19605"},"modified":"2021-05-02T15:33:03","modified_gmt":"2021-05-02T15:33:03","slug":"kontakt","status":"publish","type":"page","link":"https:\/\/www.stethoscope24.com\/stetoskop\/kontakt\/","title":{"rendered":"Kontakt"},"content":{"rendered":"<p>Det er her vi m\u00f8tes n\u00e5r du har ubesvarte sp\u00f8rsm\u00e5l. Vi s\u00f8rger for den beste kundeservicen for at du skal v\u00e6re forn\u00f8yd.<\/p>\n<h4>Hvordan kontakter du oss?<\/h4>\n<ol>\n<li>Du kan kontakte oss ved \u00e5 bruke kontaktskjemaet<\/li>\n<li>Ring oss i \u00e5pningstiden (09:00 &#8211; 17:00)<\/li>\n<li>M\u00f8t oss p\u00e5 Facebook<\/li>\n<li>Chat med oss her og n\u00e5<\/li>\n<\/ol>\n<p>Hvis vi er offline, vil vi komme tilbake til deg s\u00e5 snart som mulig<\/p>\n<p><strong>Du kan n\u00e5 oss p\u00e5 flere m\u00e5ter:<\/strong> Send oss ganske enkelt e-post, vi svarer p\u00e5 e-post innen 24t.<br \/>\n<strong>Har du behov for svar n\u00e5?<\/strong> Ring oss i \u00e5pningstiden man &#8211; fre 09:00 &#8211; 17:00. +49-162-4980932 (English)<\/p>\n<p>Lokalt nummer snart!<br \/>\n<a href=\"mailto:support@danawu.de\">support@danawu.de<\/a><br \/>\n<a href=\"mailto:sales@danawu.de\">sales@danawu.de<\/a><br \/>\n9 Pfarrer-Jungklaus-Str., 13189, Berlin, Germany<\/p>\n<p><strong>\u00c5PNINGSTIDER<\/strong><\/p>\n<p>Man &#8211; fre 09:00 til 17:00<\/p>\n<p>Fyll ut feltene p\u00e5 kontaktskjemaet s\u00e5 tar vi kontakt p\u00e5 e-post eller telefon s\u00e5 snart som mulig og ikke senere enn 24t.<br \/>\n\n<div class=\"wpcf7 no-js\" id=\"wpcf7-f18178-o1\" lang=\"en-US\" dir=\"ltr\" data-wpcf7-id=\"18178\">\n<div class=\"screen-reader-response\"><p role=\"status\" aria-live=\"polite\" aria-atomic=\"true\"><\/p> <ul><\/ul><\/div>\n<form action=\"\/stetoskop\/wp-json\/wp\/v2\/pages\/19605#wpcf7-f18178-o1\" method=\"post\" class=\"wpcf7-form init\" aria-label=\"Contact form\" novalidate=\"novalidate\" data-status=\"init\">\n<fieldset class=\"hidden-fields-container\"><input type=\"hidden\" name=\"_wpcf7\" value=\"18178\" \/><input type=\"hidden\" name=\"_wpcf7_version\" value=\"6.1.5\" \/><input type=\"hidden\" name=\"_wpcf7_locale\" value=\"en_US\" \/><input type=\"hidden\" name=\"_wpcf7_unit_tag\" value=\"wpcf7-f18178-o1\" \/><input type=\"hidden\" name=\"_wpcf7_container_post\" value=\"0\" \/><input type=\"hidden\" name=\"_wpcf7_posted_data_hash\" value=\"\" \/>\n<\/fieldset>\n<p><span class=\"wpcf7-form-control-wrap\" data-name=\"Name\"><input size=\"40\" maxlength=\"400\" class=\"wpcf7-form-control wpcf7-text wpcf7-validates-as-required\" aria-required=\"true\" aria-invalid=\"false\" placeholder=\"Navn\" value=\"\" type=\"text\" name=\"Name\" \/><\/span><span class=\"wpcf7-form-control-wrap\" data-name=\"Email\"><input size=\"40\" maxlength=\"400\" class=\"wpcf7-form-control wpcf7-email wpcf7-validates-as-required wpcf7-text wpcf7-validates-as-email\" aria-required=\"true\" aria-invalid=\"false\" placeholder=\"E-post\" value=\"\" type=\"email\" name=\"Email\" \/><\/span><span class=\"wpcf7-form-control-wrap\" data-name=\"Subject\"><input size=\"40\" maxlength=\"400\" class=\"wpcf7-form-control wpcf7-text\" aria-invalid=\"false\" placeholder=\"Emne\" value=\"\" type=\"text\" name=\"Subject\" \/><\/span><span class=\"wpcf7-form-control-wrap\" data-name=\"Message\"><textarea cols=\"40\" rows=\"10\" maxlength=\"2000\" class=\"wpcf7-form-control wpcf7-textarea\" aria-invalid=\"false\" placeholder=\"Melding\" name=\"Message\"><\/textarea><\/span><input class=\"wpcf7-form-control wpcf7-submit has-spinner dt-sc-button\" type=\"submit\" value=\"Send\" \/>\n<\/p><p style=\"display: none !important;\" class=\"akismet-fields-container\" data-prefix=\"_wpcf7_ak_\"><label>&#916;<textarea name=\"_wpcf7_ak_hp_textarea\" cols=\"45\" rows=\"8\" maxlength=\"100\"><\/textarea><\/label><input type=\"hidden\" id=\"ak_js_1\" name=\"_wpcf7_ak_js\" value=\"158\"\/><script>document.getElementById( \"ak_js_1\" ).setAttribute( \"value\", ( new Date() ).getTime() );<\/script><\/p><div class=\"wpcf7-response-output\" aria-hidden=\"true\"><\/div>\n<\/form>\n<\/div>\n<\/p>\n","protected":false},"excerpt":{"rendered":"<p>Det er her vi m\u00f8tes n\u00e5r du har ubesvarte sp\u00f8rsm\u00e5l. Vi s\u00f8rger for den beste kundeservicen for at du skal v\u00e6re forn\u00f8yd. Hvordan kontakter du oss? Du kan kontakte oss ved \u00e5 bruke kontaktskjemaet Ring oss i \u00e5pningstiden (09:00 &#8211; 17:00) M\u00f8t oss p\u00e5 Facebook Chat med oss her og n\u00e5 Hvis vi er offline, [&hellip;]<\/p>\n","protected":false},"author":1,"featured_media":0,"parent":0,"menu_order":0,"comment_status":"closed","ping_status":"closed","template":"","meta":{"footnotes":""},"class_list":["post-19605","page","type-page","status-publish","hentry"],"yoast_head":"<!-- This site is optimized with the Yoast SEO plugin v27.4 - https:\/\/yoast.com\/product\/yoast-seo-wordpress\/ -->\n<title>Kontakt - Littmann Stetoskoper<\/title>\n<meta name=\"robots\" content=\"index, follow, max-snippet:-1, max-image-preview:large, max-video-preview:-1\" \/>\n<link rel=\"canonical\" href=\"https:\/\/www.stethoscope24.com\/stetoskop\/kontakt\/\" \/>\n<meta property=\"og:locale\" content=\"nb_NO\" \/>\n<meta property=\"og:type\" content=\"article\" \/>\n<meta property=\"og:title\" content=\"Kontakt - Littmann Stetoskoper\" \/>\n<meta property=\"og:description\" content=\"Det er her vi m\u00f8tes n\u00e5r du har ubesvarte sp\u00f8rsm\u00e5l. Vi s\u00f8rger for den beste kundeservicen for at du skal v\u00e6re forn\u00f8yd. Hvordan kontakter du oss? Du kan kontakte oss ved \u00e5 bruke kontaktskjemaet Ring oss i \u00e5pningstiden (09:00 &#8211; 17:00) M\u00f8t oss p\u00e5 Facebook Chat med oss her og n\u00e5 Hvis vi er offline, [&hellip;]\" \/>\n<meta property=\"og:url\" content=\"https:\/\/www.stethoscope24.com\/stetoskop\/kontakt\/\" \/>\n<meta property=\"og:site_name\" content=\"Littmann Stetoskoper\" \/>\n<meta property=\"article:modified_time\" content=\"2021-05-02T15:33:03+00:00\" \/>\n<meta name=\"twitter:card\" content=\"summary_large_image\" \/>\n<meta name=\"twitter:label1\" content=\"Ansl. lesetid\" \/>\n\t<meta name=\"twitter:data1\" content=\"1 minutt\" \/>\n<script type=\"application\/ld+json\" class=\"yoast-schema-graph\">{\"@context\":\"https:\\\/\\\/schema.org\",\"@graph\":[{\"@type\":\"WebPage\",\"@id\":\"https:\\\/\\\/www.stethoscope24.com\\\/stetoskop\\\/kontakt\\\/\",\"url\":\"https:\\\/\\\/www.stethoscope24.com\\\/stetoskop\\\/kontakt\\\/\",\"name\":\"Kontakt - Littmann Stetoskoper\",\"isPartOf\":{\"@id\":\"https:\\\/\\\/www.stethoscope24.com\\\/stetoskop\\\/#website\"},\"datePublished\":\"2019-07-04T11:19:40+00:00\",\"dateModified\":\"2021-05-02T15:33:03+00:00\",\"breadcrumb\":{\"@id\":\"https:\\\/\\\/www.stethoscope24.com\\\/stetoskop\\\/kontakt\\\/#breadcrumb\"},\"inLanguage\":\"nb-NO\",\"potentialAction\":[{\"@type\":\"ReadAction\",\"target\":[\"https:\\\/\\\/www.stethoscope24.com\\\/stetoskop\\\/kontakt\\\/\"]}]},{\"@type\":\"BreadcrumbList\",\"@id\":\"https:\\\/\\\/www.stethoscope24.com\\\/stetoskop\\\/kontakt\\\/#breadcrumb\",\"itemListElement\":[{\"@type\":\"ListItem\",\"position\":1,\"name\":\"Home\",\"item\":\"https:\\\/\\\/www.stethoscope24.com\\\/stetoskop\\\/\"},{\"@type\":\"ListItem\",\"position\":2,\"name\":\"Kontakt\"}]},{\"@type\":\"WebSite\",\"@id\":\"https:\\\/\\\/www.stethoscope24.com\\\/stetoskop\\\/#website\",\"url\":\"https:\\\/\\\/www.stethoscope24.com\\\/stetoskop\\\/\",\"name\":\"Littmann Stetoskoper\",\"description\":\"3M Littmann Stetoskoper\",\"publisher\":{\"@id\":\"https:\\\/\\\/www.stethoscope24.com\\\/stetoskop\\\/#organization\"},\"potentialAction\":[{\"@type\":\"SearchAction\",\"target\":{\"@type\":\"EntryPoint\",\"urlTemplate\":\"https:\\\/\\\/www.stethoscope24.com\\\/stetoskop\\\/?s={search_term_string}\"},\"query-input\":{\"@type\":\"PropertyValueSpecification\",\"valueRequired\":true,\"valueName\":\"search_term_string\"}}],\"inLanguage\":\"nb-NO\"},{\"@type\":\"Organization\",\"@id\":\"https:\\\/\\\/www.stethoscope24.com\\\/stetoskop\\\/#organization\",\"name\":\"Stethoscope24\",\"url\":\"https:\\\/\\\/www.stethoscope24.com\\\/stetoskop\\\/\",\"logo\":{\"@type\":\"ImageObject\",\"inLanguage\":\"nb-NO\",\"@id\":\"https:\\\/\\\/www.stethoscope24.com\\\/stetoskop\\\/#\\\/schema\\\/logo\\\/image\\\/\",\"url\":\"https:\\\/\\\/i1.wp.com\\\/stethoscope24.com\\\/stetoskop\\\/wp-content\\\/uploads\\\/2021\\\/03\\\/cropped-logostethoscope24.jpg?fit=330%2C72&ssl=1\",\"contentUrl\":\"https:\\\/\\\/i1.wp.com\\\/stethoscope24.com\\\/stetoskop\\\/wp-content\\\/uploads\\\/2021\\\/03\\\/cropped-logostethoscope24.jpg?fit=330%2C72&ssl=1\",\"width\":330,\"height\":72,\"caption\":\"Stethoscope24\"},\"image\":{\"@id\":\"https:\\\/\\\/www.stethoscope24.com\\\/stetoskop\\\/#\\\/schema\\\/logo\\\/image\\\/\"}}]}<\/script>\n<!-- \/ Yoast SEO plugin. -->","yoast_head_json":{"title":"Kontakt - Littmann Stetoskoper","robots":{"index":"index","follow":"follow","max-snippet":"max-snippet:-1","max-image-preview":"max-image-preview:large","max-video-preview":"max-video-preview:-1"},"canonical":"https:\/\/www.stethoscope24.com\/stetoskop\/kontakt\/","og_locale":"nb_NO","og_type":"article","og_title":"Kontakt - Littmann Stetoskoper","og_description":"Det er her vi m\u00f8tes n\u00e5r du har ubesvarte sp\u00f8rsm\u00e5l. Vi s\u00f8rger for den beste kundeservicen for at du skal v\u00e6re forn\u00f8yd. Hvordan kontakter du oss? Du kan kontakte oss ved \u00e5 bruke kontaktskjemaet Ring oss i \u00e5pningstiden (09:00 &#8211; 17:00) M\u00f8t oss p\u00e5 Facebook Chat med oss her og n\u00e5 Hvis vi er offline, [&hellip;]","og_url":"https:\/\/www.stethoscope24.com\/stetoskop\/kontakt\/","og_site_name":"Littmann Stetoskoper","article_modified_time":"2021-05-02T15:33:03+00:00","twitter_card":"summary_large_image","twitter_misc":{"Ansl. lesetid":"1 minutt"},"schema":{"@context":"https:\/\/schema.org","@graph":[{"@type":"WebPage","@id":"https:\/\/www.stethoscope24.com\/stetoskop\/kontakt\/","url":"https:\/\/www.stethoscope24.com\/stetoskop\/kontakt\/","name":"Kontakt - Littmann Stetoskoper","isPartOf":{"@id":"https:\/\/www.stethoscope24.com\/stetoskop\/#website"},"datePublished":"2019-07-04T11:19:40+00:00","dateModified":"2021-05-02T15:33:03+00:00","breadcrumb":{"@id":"https:\/\/www.stethoscope24.com\/stetoskop\/kontakt\/#breadcrumb"},"inLanguage":"nb-NO","potentialAction":[{"@type":"ReadAction","target":["https:\/\/www.stethoscope24.com\/stetoskop\/kontakt\/"]}]},{"@type":"BreadcrumbList","@id":"https:\/\/www.stethoscope24.com\/stetoskop\/kontakt\/#breadcrumb","itemListElement":[{"@type":"ListItem","position":1,"name":"Home","item":"https:\/\/www.stethoscope24.com\/stetoskop\/"},{"@type":"ListItem","position":2,"name":"Kontakt"}]},{"@type":"WebSite","@id":"https:\/\/www.stethoscope24.com\/stetoskop\/#website","url":"https:\/\/www.stethoscope24.com\/stetoskop\/","name":"Littmann Stetoskoper","description":"3M Littmann Stetoskoper","publisher":{"@id":"https:\/\/www.stethoscope24.com\/stetoskop\/#organization"},"potentialAction":[{"@type":"SearchAction","target":{"@type":"EntryPoint","urlTemplate":"https:\/\/www.stethoscope24.com\/stetoskop\/?s={search_term_string}"},"query-input":{"@type":"PropertyValueSpecification","valueRequired":true,"valueName":"search_term_string"}}],"inLanguage":"nb-NO"},{"@type":"Organization","@id":"https:\/\/www.stethoscope24.com\/stetoskop\/#organization","name":"Stethoscope24","url":"https:\/\/www.stethoscope24.com\/stetoskop\/","logo":{"@type":"ImageObject","inLanguage":"nb-NO","@id":"https:\/\/www.stethoscope24.com\/stetoskop\/#\/schema\/logo\/image\/","url":"https:\/\/i1.wp.com\/stethoscope24.com\/stetoskop\/wp-content\/uploads\/2021\/03\/cropped-logostethoscope24.jpg?fit=330%2C72&ssl=1","contentUrl":"https:\/\/i1.wp.com\/stethoscope24.com\/stetoskop\/wp-content\/uploads\/2021\/03\/cropped-logostethoscope24.jpg?fit=330%2C72&ssl=1","width":330,"height":72,"caption":"Stethoscope24"},"image":{"@id":"https:\/\/www.stethoscope24.com\/stetoskop\/#\/schema\/logo\/image\/"}}]}},"jetpack_sharing_enabled":true,"_links":{"self":[{"href":"https:\/\/www.stethoscope24.com\/stetoskop\/wp-json\/wp\/v2\/pages\/19605","targetHints":{"allow":["GET"]}}],"collection":[{"href":"https:\/\/www.stethoscope24.com\/stetoskop\/wp-json\/wp\/v2\/pages"}],"about":[{"href":"https:\/\/www.stethoscope24.com\/stetoskop\/wp-json\/wp\/v2\/types\/page"}],"author":[{"embeddable":true,"href":"https:\/\/www.stethoscope24.com\/stetoskop\/wp-json\/wp\/v2\/users\/1"}],"replies":[{"embeddable":true,"href":"https:\/\/www.stethoscope24.com\/stetoskop\/wp-json\/wp\/v2\/comments?post=19605"}],"version-history":[{"count":4,"href":"https:\/\/www.stethoscope24.com\/stetoskop\/wp-json\/wp\/v2\/pages\/19605\/revisions"}],"predecessor-version":[{"id":24209,"href":"https:\/\/www.stethoscope24.com\/stetoskop\/wp-json\/wp\/v2\/pages\/19605\/revisions\/24209"}],"wp:attachment":[{"href":"https:\/\/www.stethoscope24.com\/stetoskop\/wp-json\/wp\/v2\/media?parent=19605"}],"curies":[{"name":"wp","href":"https:\/\/api.w.org\/{rel}","templated":true}]}}