{"id":19788,"date":"2019-07-08T07:21:49","date_gmt":"2019-07-08T07:21:49","guid":{"rendered":"https:\/\/stethoscope24.com\/stetoskop\/?page_id=19788"},"modified":"2021-05-02T15:27:22","modified_gmt":"2021-05-02T15:27:22","slug":"personvern","status":"publish","type":"page","link":"https:\/\/www.stethoscope24.com\/stetoskop\/personvern\/","title":{"rendered":"Personvern"},"content":{"rendered":"\n<h2 class=\"wp-block-heading\">Velkommen til Stethoscope24.com<\/h2>\n\n\n\n<p>driftes av Danawu GmbH<\/p>\n\n\n\n<p>Vi verdsetter kundene og respekterer personvernet.<\/p>\n\n\n\n<p>Danawu-gruppen GmbH i Europa (\u201cdet europeiske nettstedet\u201d) drives eksklusivt av Danawu-gruppen GmbH for den europeiske franchisen (\u201cden europeiske franchisen\u201d). Derfor vil all personlig informasjon som er samlet inn for det europeiske nettstedet (inkludert e-postadresser som beskrevet senere), brukes utelukkende til den europeiske franchisetakerens form\u00e5l. Dermed er personvernreglene i disse retningslinjene (&#8220;reglene&#8221;) kun reglene til den europeiske franchisetakerens, og derfor vil alle returregler v\u00e6re i samsvar med, og behandlet av, den europeiske franchisetaker og ikke Danawu-gruppen GmbH som helhet eller andre tilknyttede selskaper. Henvisning til \u201cvi\u201d eller \u201cv\u00e5r\u201d gjelder bare den europeiske franchisetakeren.<\/p>\n\n\n\n<p>Retningslinjene beskriver at alle personopplysninger som innsamles av oss holdes privat, form\u00e5let med informasjonssamlingen, m\u00e5ten disse opplysningene innsamles, og situasjonene der vi kan dele disse opplysningene med tredjeparter. Disse retningslinjene beskriver ogs\u00e5 valgene du kan ta for hvordan vi samler inn, bruker og deler opplysninger. Den europeiske franchisetakeren skal ikke samle inn personopplysninger, bruke eller utlevere personopplysninger unntatt i samsvar med disse retningslinjene.<\/p>\n\n\n\n<p>Ved \u00e5 bruke nettstedet stethoscope24.com godtar du vilk\u00e5rene og betingelsene i disse retningslinjene, inkludert eventuelle regelendringer i fremtiden. Hvis vilk\u00e5rene v\u00e5re endres i fremtiden, vil vi varsle brukeren ved \u00e5 legge ut oppdaterte retningslinjer p\u00e5 nettstedet.<\/p>\n\n\n\n<p>Etter publisering av endringer, vil fortsatt bruk av nettstedet stethoscope24.com utgj\u00f8re ditt samtykke til disse endringene, og du vil v\u00e6re underlagt disse. Hvis du ikke fortsetter \u00e5 bruke nettstedet etter endringer i personvernreglene, og du ikke utf\u00f8rer ytterligere handlinger som involverer personopplysnigner, vil bruken av disse opplysningene forbli underlagt v\u00e5re personvernregler som den var i kraft f\u00f8r endringen. Det er brukerens ansvar \u00e5 regelmessig gjennomg\u00e5 disse reglene og eventuelle endringer.<\/p>\n\n\n\n<h3 class=\"wp-block-heading\"><strong><strong>Hva slags informasjon samler den europeiske franchisetakeren p\u00e5 det europeiske nettstedet? <\/strong><\/strong><\/h3>\n\n\n\n<p>Vi kan samle inn personopplysninger n\u00e5r du lagrer denne informasjonen, eller du videresender denne informasjonen til oss p\u00e5 en annen m\u00e5te. For eksempel via telefon, e-post eller andre alternativer, eller hvis du fyller ut et p\u00e5meldingsskjema for \u00e5 delta i en konkurranse, kampanje eller unders\u00f8kelse, enten online eller i en av v\u00e5re butikker i S\u00f8r-Amerika. Som et resultat av disse handlingene kan du gi oss personopplysninger, for eksempel navn, e-postadresse, postadresse, nummer (er) inkludert adresse og telefonnumre, relevante data for visse produkter, finansiell informasjon og i noen tilfeller informasjon om dine meninger og preferanser.<br>Det europeiske nettstedet er designet for \u00e5 brukes av voksne. <\/p>\n\n\n\n<p>Den europeiske franchisetakeren samler ikke bevisst inn informasjon fra barn under 13 \u00e5r fra nettstedet. De under 13 \u00e5r skal ikke bruke nettstedet eller gi den europeiske franchisetakeren personopplysninger via nettstedet.<\/p>\n\n\n\n<p><\/p>\n\n\n\n<h3 class=\"wp-block-heading\"><strong>Hva er hensikten med at den europeiske franchisetakeren samler inn personopplysninger p\u00e5 det europeiske nettstedet?<\/strong><\/h3>\n\n\n\n<p>Den europeiske franchisetakeren kan bruke personopplysningene som er samlet inn av det europeiske nettstedet til f\u00f8lgende form\u00e5l: (1) for \u00e5 sende deg eller dine venner, slektninger eller tilknyttede selskaper, produkter du har bestilt, (2) hjelpe oss med \u00e5 forst\u00e5 mer om dine shoppingpreferanser, og (3) gjennomf\u00f8re markedsf\u00f8rings- og ytelsesunders\u00f8kelser for \u00e5 hjelpe oss med \u00e5 m\u00e5le kundeservicen v\u00e5r, spore v\u00e5r ytelse og for \u00e5 hjelpe oss med \u00e5 forbedre v\u00e5re shoppingopplevelser og produkter. Som beskrevet nedenfor, kan du alltid velge \u00e5 ikke godta innholdet i salgsfremmende salgs- eller markedsf\u00f8ringsinformasjon.<\/p>\n\n\n\n<h3 class=\"wp-block-heading\"><strong>Deler den europeiske franchisetaker mine personopplysninger som er samlet inn p\u00e5 det europeiske nettstedet med tredjeparter?<\/strong><\/h3>\n\n\n\n<p>N\u00e5r du bes\u00f8ker nettstedet stethoscope24.com mens du deltar i en konkurranse, unders\u00f8kelse, kampanje eller spesialtilbud, kan vi dele din personlige informasjon med Danawu GmbH-gruppen, dets tilknyttede selskaper eller dets franchisetakere, slik at de kan kontakte deg via e-post, post, eller p\u00e5 annen m\u00e5te) for \u00e5 sende deg reklamemateriell og mer informasjon om tilbudte produkter og tjenester, konkurranser, lotteri, salgsfremmende kampanjer de har startet og spesialtilbud som kan interessere deg, eller samle inn og ta i bruk i henhold til denne policyen, og for andre form\u00e5l.<\/p>\n\n\n\n<p>Vi selger eller leier ikke ut dine personopplysninger til tredjeparter som ikke er tilknyttet oss, bortsett fra som lovlig eller av Danawu GmbH-gruppen eller noen av deres tilknyttede selskaper tillater. I tilfelle salg av v\u00e5re virksomheter, eller en vesentlig del av den, eller en annen lignende transaksjon, kan vi overf\u00f8re eller avdekke dine personopplysninger til den potensielle kj\u00f8peren, som kan samle inn personopplysninger som nevnt, for \u00e5 bruke eller avdekke form\u00e5lene med \u00e5 evaluere den foresl\u00e5tte transaksjonen eller drift og styring av den kj\u00f8pte virksomheten, eller for andre form\u00e5l som er identifisert i disse retningslinjene.<\/p>\n\n\n\n<p>Vi kan overf\u00f8re personopplysninger til en tredjepart som ikke er tilknyttet oss for \u00e5 behandle i henhold til avtaler som forbyr tredjeparter \u00e5 bruke eller avsl\u00f8re personopplysninger annet enn form\u00e5let med behandlingen, og som p\u00e5legger sikkerhetsforanstaltninger som er passende for sensitiviteten til informasjonen..<\/p>\n\n\n\n<p>Vi forbeholder oss retten til \u00e5 utlevere dine personopplysninger i samsvar med loven, som svar p\u00e5 juridiske prosesser og krav fra myndighetsut\u00f8vende etater, og etter behov for \u00e5 beskytte franchisetakerens eiendom, interesser og rettigheter i Europa, Danawu GmbH-konsernet eller dets tilknyttede selskaper.<\/p>\n\n\n\n<p>Det europeiske nettstedet kan inneholde lenker til andre nettsteder som drives av tredjeparter. Dette nettstedet kan samle inn personopplysninger. Disse retningslinjene gjelder ikke fremgangsm\u00e5ter fra tredjeparter, og den europeiske franchisetaker fraskriver seg noe ansvar for, driftsm\u00e5ter og unnlatelser av tredjeparter. N\u00e5r du bruker dette nettstedet og \/ eller g\u00e5r inn p\u00e5 et nettsted fra tredjepart fra dette, innr\u00f8mmer du det europeiske nettstedet for ethvert ansvar. Kontroller personvernreglene til tredjepartssiden du bes\u00f8ker.<\/p>\n\n\n\n<h3 class=\"wp-block-heading\"><strong>Hvordan kan jeg ut\u00f8ve mine valg om \u00e5 motta salgsfremmende informasjon?<\/strong><\/h3>\n\n\n\n<p>Vi vil bare v\u00e6re i kontakt med deg hvis du \u00f8nsker det. Hvis du foretrekker \u00e5 ikke motta ytterligere kontakt- eller salgsinformasjon fra oss, fra Danawu GmbH, eller fra noen av dets tilknyttede selskaper, eller hvis du ikke vil at vi skal bruke informasjonen din til \u00e5 forbedre din shoppingopplevelse, kan du kontakte oss via e-post p\u00e5: support@danawu.de. Behandlingen av s\u00f8knaden din kan ta opptil to uker, i l\u00f8pet av denne perioden kan det hende at du fortsette \u00e5 motta meldinger og varsler fra oss, fra Danawu GmbH eller fra dets tilknyttede selskaper.<\/p>\n\n\n\n<h3 class=\"wp-block-heading\"><strong>Hva er &#8220;informasjonskapsler &#8220;og hvordan bruker den europeiske franchisetakeren det p\u00e5 det europeiske nettstedet?<\/strong><\/h3>\n\n\n\n<p>Vi kan bruke informasjonskapsler for \u00e5 spore dine preferanser og aktiviteter p\u00e5 Internett p\u00e5 stethoscope24.com. Informasjonskapsler er sm\u00e5 datafiler som et nettsted overf\u00f8rer til harddisken p\u00e5 datamaskinen din. De lar oss holde oversikt over dine preferanser, noe som gj\u00f8r dine p\u00e5f\u00f8lgende bes\u00f8k p\u00e5 nettstedet mer effektive. Informasjonskapsler kan lagre en rekke informasjon, inkludert antall ganger du g\u00e5r inn p\u00e5 en bestemt side eller andre elementer p\u00e5 nettstedet. Bruk av informasjonskapsler er en akseptert metode for bruk p\u00e5 de fleste store nettsteder, og det hjelper med \u00e5 forbedre kundeservicen. De fleste nettlesere lar deg motta informasjonskapsler, men du kan enkelt endre innstillingene for \u00e5 blokkere mottak av slike filer. For mer informasjon om hvordan du blokkerer informasjonskapsler, hvordan du vet n\u00e5r du har mottatt informasjonskapsler, og hvordan du deaktiverer dem helt, kan du se i hjelpefilene i nettleseren din. V\u00e6r imidlertid oppmerksom p\u00e5 at uten informasjonskapsler vil noen av funksjonene p\u00e5 nettstedet ikke v\u00e6re tilgjengelige, og brukeren vil bare kunne nyte noen aspekter av nettstedet.<\/p>\n\n\n\n<h3 class=\"wp-block-heading\"><strong>Hvordan kan jeg f\u00e5 tilgang til personopplysningene mine eller endre dem, trekke tilbake mitt samtykke, eller komme med henvendelser eller klager i forbindelse med disse retningslinjene og prosedyrene for personvern hos den europeiske franchisetakeren?<\/strong><\/h3>\n\n\n<p>Den europeiske franchisetakeren vil s\u00f8rge for at personopplysningene den samler inn gjennom det europeiske nettstedet, er n\u00f8yaktig, fullstendig og oppdatert etter behov for den tiltenkte bruken. Du kan be om tilgang til den personopplysningene som er samlet inn av oss og be om at det blir gjort rettelser. For \u00e5 gj\u00f8re dette, og hvis du har sp\u00f8rsm\u00e5l eller \u00f8nsker \u00e5 sende inn en klage p\u00e5 disse retningslinjene og m\u00e5ten den europeiske franchisetakeren beskytter personvernet ditt, ta kontakt med personen som er ansvarlig for selskapets personvernregler p\u00e5:<\/p>\n\n\n<p><strong>Kundeservice<\/strong><\/p>\n\n\n\n<p><a href=\"mailto:support@danawu.de\">support@danawu.de<\/a><\/p>\n\n\n\n<p><\/p>\n\n\n\n<h3 class=\"wp-block-heading\"><strong>Hvor lenge oppbevares mine personopplysninger av den europeiske franchisetakeren p\u00e5 det europeiske nettstedet?<\/strong><\/h3>\n\n\n\n<p>Vi vil oppbevare personopplysningene som det med rimelighet kan v\u00e6re n\u00f8dvendig for form\u00e5lene som er beskrevet i disse retningslinjene eller for en periode som kan v\u00e6re p\u00e5krevd av gjeldende lov.<\/p>\n\n\n\n<p><br>Vi har vedtatt passende tiltak for \u00e5 sikre konfidensialitet av personopplysninger, og for \u00e5 beskytte personopplysninger mot tap eller tyveri, uautorisert tilgang, utlevering, kopiering, bruk eller endring, blant annet i lys av sensitiviteten til informasjonen og form\u00e5let med bruken av den.<\/p>\n","protected":false},"excerpt":{"rendered":"<p>Velkommen til Stethoscope24.com driftes av Danawu GmbH Vi verdsetter kundene og respekterer personvernet. Danawu-gruppen GmbH i Europa (\u201cdet europeiske nettstedet\u201d) drives eksklusivt av Danawu-gruppen GmbH for den europeiske franchisen (\u201cden europeiske franchisen\u201d). Derfor vil all personlig informasjon som er samlet inn for det europeiske nettstedet (inkludert e-postadresser som beskrevet senere), brukes utelukkende til den europeiske [&hellip;]<\/p>\n","protected":false},"author":1,"featured_media":0,"parent":0,"menu_order":0,"comment_status":"closed","ping_status":"closed","template":"","meta":{"footnotes":""},"class_list":["post-19788","page","type-page","status-publish","hentry"],"yoast_head":"<!-- This site is optimized with the Yoast SEO plugin v27.4 - https:\/\/yoast.com\/product\/yoast-seo-wordpress\/ -->\n<title>Personvern - Littmann Stetoskoper<\/title>\n<meta name=\"robots\" content=\"index, follow, max-snippet:-1, max-image-preview:large, max-video-preview:-1\" \/>\n<link rel=\"canonical\" href=\"https:\/\/www.stethoscope24.com\/stetoskop\/personvern\/\" \/>\n<meta property=\"og:locale\" content=\"nb_NO\" \/>\n<meta property=\"og:type\" content=\"article\" \/>\n<meta property=\"og:title\" content=\"Personvern - Littmann Stetoskoper\" \/>\n<meta property=\"og:description\" content=\"Velkommen til Stethoscope24.com driftes av Danawu GmbH Vi verdsetter kundene og respekterer personvernet. Danawu-gruppen GmbH i Europa (\u201cdet europeiske nettstedet\u201d) drives eksklusivt av Danawu-gruppen GmbH for den europeiske franchisen (\u201cden europeiske franchisen\u201d). Derfor vil all personlig informasjon som er samlet inn for det europeiske nettstedet (inkludert e-postadresser som beskrevet senere), brukes utelukkende til den europeiske [&hellip;]\" \/>\n<meta property=\"og:url\" content=\"https:\/\/www.stethoscope24.com\/stetoskop\/personvern\/\" \/>\n<meta property=\"og:site_name\" content=\"Littmann Stetoskoper\" \/>\n<meta property=\"article:modified_time\" content=\"2021-05-02T15:27:22+00:00\" \/>\n<meta name=\"twitter:card\" content=\"summary_large_image\" \/>\n<meta name=\"twitter:label1\" content=\"Ansl. lesetid\" \/>\n\t<meta name=\"twitter:data1\" content=\"7 minutter\" \/>\n<script type=\"application\/ld+json\" class=\"yoast-schema-graph\">{\"@context\":\"https:\\\/\\\/schema.org\",\"@graph\":[{\"@type\":\"WebPage\",\"@id\":\"https:\\\/\\\/www.stethoscope24.com\\\/stetoskop\\\/personvern\\\/\",\"url\":\"https:\\\/\\\/www.stethoscope24.com\\\/stetoskop\\\/personvern\\\/\",\"name\":\"Personvern - Littmann Stetoskoper\",\"isPartOf\":{\"@id\":\"https:\\\/\\\/www.stethoscope24.com\\\/stetoskop\\\/#website\"},\"datePublished\":\"2019-07-08T07:21:49+00:00\",\"dateModified\":\"2021-05-02T15:27:22+00:00\",\"breadcrumb\":{\"@id\":\"https:\\\/\\\/www.stethoscope24.com\\\/stetoskop\\\/personvern\\\/#breadcrumb\"},\"inLanguage\":\"nb-NO\",\"potentialAction\":[{\"@type\":\"ReadAction\",\"target\":[\"https:\\\/\\\/www.stethoscope24.com\\\/stetoskop\\\/personvern\\\/\"]}]},{\"@type\":\"BreadcrumbList\",\"@id\":\"https:\\\/\\\/www.stethoscope24.com\\\/stetoskop\\\/personvern\\\/#breadcrumb\",\"itemListElement\":[{\"@type\":\"ListItem\",\"position\":1,\"name\":\"Home\",\"item\":\"https:\\\/\\\/www.stethoscope24.com\\\/stetoskop\\\/\"},{\"@type\":\"ListItem\",\"position\":2,\"name\":\"Personvern\"}]},{\"@type\":\"WebSite\",\"@id\":\"https:\\\/\\\/www.stethoscope24.com\\\/stetoskop\\\/#website\",\"url\":\"https:\\\/\\\/www.stethoscope24.com\\\/stetoskop\\\/\",\"name\":\"Littmann Stetoskoper\",\"description\":\"3M Littmann Stetoskoper\",\"publisher\":{\"@id\":\"https:\\\/\\\/www.stethoscope24.com\\\/stetoskop\\\/#organization\"},\"potentialAction\":[{\"@type\":\"SearchAction\",\"target\":{\"@type\":\"EntryPoint\",\"urlTemplate\":\"https:\\\/\\\/www.stethoscope24.com\\\/stetoskop\\\/?s={search_term_string}\"},\"query-input\":{\"@type\":\"PropertyValueSpecification\",\"valueRequired\":true,\"valueName\":\"search_term_string\"}}],\"inLanguage\":\"nb-NO\"},{\"@type\":\"Organization\",\"@id\":\"https:\\\/\\\/www.stethoscope24.com\\\/stetoskop\\\/#organization\",\"name\":\"Stethoscope24\",\"url\":\"https:\\\/\\\/www.stethoscope24.com\\\/stetoskop\\\/\",\"logo\":{\"@type\":\"ImageObject\",\"inLanguage\":\"nb-NO\",\"@id\":\"https:\\\/\\\/www.stethoscope24.com\\\/stetoskop\\\/#\\\/schema\\\/logo\\\/image\\\/\",\"url\":\"https:\\\/\\\/i1.wp.com\\\/stethoscope24.com\\\/stetoskop\\\/wp-content\\\/uploads\\\/2021\\\/03\\\/cropped-logostethoscope24.jpg?fit=330%2C72&ssl=1\",\"contentUrl\":\"https:\\\/\\\/i1.wp.com\\\/stethoscope24.com\\\/stetoskop\\\/wp-content\\\/uploads\\\/2021\\\/03\\\/cropped-logostethoscope24.jpg?fit=330%2C72&ssl=1\",\"width\":330,\"height\":72,\"caption\":\"Stethoscope24\"},\"image\":{\"@id\":\"https:\\\/\\\/www.stethoscope24.com\\\/stetoskop\\\/#\\\/schema\\\/logo\\\/image\\\/\"}}]}<\/script>\n<!-- \/ Yoast SEO plugin. -->","yoast_head_json":{"title":"Personvern - Littmann Stetoskoper","robots":{"index":"index","follow":"follow","max-snippet":"max-snippet:-1","max-image-preview":"max-image-preview:large","max-video-preview":"max-video-preview:-1"},"canonical":"https:\/\/www.stethoscope24.com\/stetoskop\/personvern\/","og_locale":"nb_NO","og_type":"article","og_title":"Personvern - Littmann Stetoskoper","og_description":"Velkommen til Stethoscope24.com driftes av Danawu GmbH Vi verdsetter kundene og respekterer personvernet. Danawu-gruppen GmbH i Europa (\u201cdet europeiske nettstedet\u201d) drives eksklusivt av Danawu-gruppen GmbH for den europeiske franchisen (\u201cden europeiske franchisen\u201d). Derfor vil all personlig informasjon som er samlet inn for det europeiske nettstedet (inkludert e-postadresser som beskrevet senere), brukes utelukkende til den europeiske [&hellip;]","og_url":"https:\/\/www.stethoscope24.com\/stetoskop\/personvern\/","og_site_name":"Littmann Stetoskoper","article_modified_time":"2021-05-02T15:27:22+00:00","twitter_card":"summary_large_image","twitter_misc":{"Ansl. lesetid":"7 minutter"},"schema":{"@context":"https:\/\/schema.org","@graph":[{"@type":"WebPage","@id":"https:\/\/www.stethoscope24.com\/stetoskop\/personvern\/","url":"https:\/\/www.stethoscope24.com\/stetoskop\/personvern\/","name":"Personvern - Littmann Stetoskoper","isPartOf":{"@id":"https:\/\/www.stethoscope24.com\/stetoskop\/#website"},"datePublished":"2019-07-08T07:21:49+00:00","dateModified":"2021-05-02T15:27:22+00:00","breadcrumb":{"@id":"https:\/\/www.stethoscope24.com\/stetoskop\/personvern\/#breadcrumb"},"inLanguage":"nb-NO","potentialAction":[{"@type":"ReadAction","target":["https:\/\/www.stethoscope24.com\/stetoskop\/personvern\/"]}]},{"@type":"BreadcrumbList","@id":"https:\/\/www.stethoscope24.com\/stetoskop\/personvern\/#breadcrumb","itemListElement":[{"@type":"ListItem","position":1,"name":"Home","item":"https:\/\/www.stethoscope24.com\/stetoskop\/"},{"@type":"ListItem","position":2,"name":"Personvern"}]},{"@type":"WebSite","@id":"https:\/\/www.stethoscope24.com\/stetoskop\/#website","url":"https:\/\/www.stethoscope24.com\/stetoskop\/","name":"Littmann Stetoskoper","description":"3M Littmann Stetoskoper","publisher":{"@id":"https:\/\/www.stethoscope24.com\/stetoskop\/#organization"},"potentialAction":[{"@type":"SearchAction","target":{"@type":"EntryPoint","urlTemplate":"https:\/\/www.stethoscope24.com\/stetoskop\/?s={search_term_string}"},"query-input":{"@type":"PropertyValueSpecification","valueRequired":true,"valueName":"search_term_string"}}],"inLanguage":"nb-NO"},{"@type":"Organization","@id":"https:\/\/www.stethoscope24.com\/stetoskop\/#organization","name":"Stethoscope24","url":"https:\/\/www.stethoscope24.com\/stetoskop\/","logo":{"@type":"ImageObject","inLanguage":"nb-NO","@id":"https:\/\/www.stethoscope24.com\/stetoskop\/#\/schema\/logo\/image\/","url":"https:\/\/i1.wp.com\/stethoscope24.com\/stetoskop\/wp-content\/uploads\/2021\/03\/cropped-logostethoscope24.jpg?fit=330%2C72&ssl=1","contentUrl":"https:\/\/i1.wp.com\/stethoscope24.com\/stetoskop\/wp-content\/uploads\/2021\/03\/cropped-logostethoscope24.jpg?fit=330%2C72&ssl=1","width":330,"height":72,"caption":"Stethoscope24"},"image":{"@id":"https:\/\/www.stethoscope24.com\/stetoskop\/#\/schema\/logo\/image\/"}}]}},"jetpack_sharing_enabled":true,"_links":{"self":[{"href":"https:\/\/www.stethoscope24.com\/stetoskop\/wp-json\/wp\/v2\/pages\/19788","targetHints":{"allow":["GET"]}}],"collection":[{"href":"https:\/\/www.stethoscope24.com\/stetoskop\/wp-json\/wp\/v2\/pages"}],"about":[{"href":"https:\/\/www.stethoscope24.com\/stetoskop\/wp-json\/wp\/v2\/types\/page"}],"author":[{"embeddable":true,"href":"https:\/\/www.stethoscope24.com\/stetoskop\/wp-json\/wp\/v2\/users\/1"}],"replies":[{"embeddable":true,"href":"https:\/\/www.stethoscope24.com\/stetoskop\/wp-json\/wp\/v2\/comments?post=19788"}],"version-history":[{"count":3,"href":"https:\/\/www.stethoscope24.com\/stetoskop\/wp-json\/wp\/v2\/pages\/19788\/revisions"}],"predecessor-version":[{"id":24184,"href":"https:\/\/www.stethoscope24.com\/stetoskop\/wp-json\/wp\/v2\/pages\/19788\/revisions\/24184"}],"wp:attachment":[{"href":"https:\/\/www.stethoscope24.com\/stetoskop\/wp-json\/wp\/v2\/media?parent=19788"}],"curies":[{"name":"wp","href":"https:\/\/api.w.org\/{rel}","templated":true}]}}