{"id":19790,"date":"2019-07-08T07:22:26","date_gmt":"2019-07-08T07:22:26","guid":{"rendered":"https:\/\/stethoscope24.com\/stetoskop\/?page_id=19790"},"modified":"2021-05-02T15:11:44","modified_gmt":"2021-05-02T15:11:44","slug":"frakt-og-retur","status":"publish","type":"page","link":"https:\/\/www.stethoscope24.com\/stetoskop\/frakt-og-retur\/","title":{"rendered":"Frakt og Retur"},"content":{"rendered":"<h2>Takk for at du handler p\u00e5 Stethoscope24.com!<\/h2>\n<div class=\"section-header\">\n<h3 class=\"section-header--title\">Frakt<\/h3>\n<\/div>\n<p>Vi liker at kundene er glade og forn\u00f8yde, vi vet at du helst ville ha varen i hus allerede i g\u00e5r. Derfor sender vi p\u00e5 Stethoscop24 alle bestillinger som er mottatt f\u00f8r kl. 14:00 (man-fre) allerede samme dag, og aldri senere enn 24 timer, inkludert bestillinger med gravering! Hvis det sendes en bestilling i l\u00f8pet av helgen, sender vi p\u00e5 mandag.<\/p>\n<p>Det betyr at bestillingene behandles omg\u00e5ende og sendes, det er ingen forsinkelser med selve forsendelsen. I tilfeller der det oppst\u00e5r forsinkelser, vil du bli kontaktet av oss kort tid etter at du har lagt inn bestillingen, du kan da velge \u00e5 vente p\u00e5 varen eller kansellere bestillingen.<\/p>\n<p>Vi sender til hele verden. V\u00e6r oppmerksom p\u00e5 at det er begrensninger p\u00e5 noen produkter, og noen produkter kan ikke sendes til internasjonale destinasjoner.<\/p>\n<p>N\u00e5r du legger inn en bestilling, estimerer vi frakt og leveringsdatoer basert p\u00e5 tilgjengeligheten p\u00e5 varene du har bestilt og fraktmetoden du velger. Avhengig av fraktselskapet du velger, vises estimert leveringsdato p\u00e5 fraktsiden.<\/p>\n<p>Bestillingen sendes med UPS Express, DHL Express eller TNT. Fraktkostnadene varierer fra en destinasjon til en annen, du blir opplyst om fraktkostnadene f\u00f8r du betaler.<\/p>\n<div class=\"rte\">\n<h3>Retur<\/h3>\n<p>Du kan returnere de fleste nye, u\u00e5pnede varer inne 14 dager etter levering og f\u00e5 full refusjon. Vi betaler ogs\u00e5 returfrakten hvis returen er resultatet av en feil vi har gjort (du mottok en feil eller defekt vare osv.).<\/p>\n<p>Du kan forvente \u00e5 motta refusjonen innen fire uker etter returforsendelse, men i mange tilfeller mottar du refusjonen raskere. Denne perioden inkluderer transittid for oss til \u00e5 motta returvaren fra fraktselskap (5 til 10 arbeidsdager), tiden det tar for oss \u00e5 behandle returen etter mottak (3 til 5 arbeidsdager) og tiden det tar for banken \u00e5 behandle refusjonen (5 til 10 arbeidsdager).<\/p>\n<p>Kontakt oss hvis du trenger \u00e5 returnere en vare.<\/p>\n<\/div>\n","protected":false},"excerpt":{"rendered":"<p>Takk for at du handler p\u00e5 Stethoscope24.com! Frakt Vi liker at kundene er glade og forn\u00f8yde, vi vet at du helst ville ha varen i hus allerede i g\u00e5r. Derfor sender vi p\u00e5 Stethoscop24 alle bestillinger som er mottatt f\u00f8r kl. 14:00 (man-fre) allerede samme dag, og aldri senere enn 24 timer, inkludert bestillinger med [&hellip;]<\/p>\n","protected":false},"author":1,"featured_media":0,"parent":0,"menu_order":0,"comment_status":"closed","ping_status":"closed","template":"","meta":{"footnotes":""},"class_list":["post-19790","page","type-page","status-publish","hentry"],"yoast_head":"<!-- This site is optimized with the Yoast SEO plugin v27.4 - https:\/\/yoast.com\/product\/yoast-seo-wordpress\/ -->\n<title>Frakt og Retur - Littmann Stetoskoper<\/title>\n<meta name=\"robots\" content=\"index, follow, max-snippet:-1, max-image-preview:large, max-video-preview:-1\" \/>\n<link rel=\"canonical\" href=\"https:\/\/www.stethoscope24.com\/stetoskop\/frakt-og-retur\/\" \/>\n<meta property=\"og:locale\" content=\"nb_NO\" \/>\n<meta property=\"og:type\" content=\"article\" \/>\n<meta property=\"og:title\" content=\"Frakt og Retur - Littmann Stetoskoper\" \/>\n<meta property=\"og:description\" content=\"Takk for at du handler p\u00e5 Stethoscope24.com! Frakt Vi liker at kundene er glade og forn\u00f8yde, vi vet at du helst ville ha varen i hus allerede i g\u00e5r. Derfor sender vi p\u00e5 Stethoscop24 alle bestillinger som er mottatt f\u00f8r kl. 14:00 (man-fre) allerede samme dag, og aldri senere enn 24 timer, inkludert bestillinger med [&hellip;]\" \/>\n<meta property=\"og:url\" content=\"https:\/\/www.stethoscope24.com\/stetoskop\/frakt-og-retur\/\" \/>\n<meta property=\"og:site_name\" content=\"Littmann Stetoskoper\" \/>\n<meta property=\"article:modified_time\" content=\"2021-05-02T15:11:44+00:00\" \/>\n<meta name=\"twitter:card\" content=\"summary_large_image\" \/>\n<meta name=\"twitter:label1\" content=\"Ansl. lesetid\" \/>\n\t<meta name=\"twitter:data1\" content=\"2 minutter\" \/>\n<script type=\"application\/ld+json\" class=\"yoast-schema-graph\">{\"@context\":\"https:\\\/\\\/schema.org\",\"@graph\":[{\"@type\":\"WebPage\",\"@id\":\"https:\\\/\\\/www.stethoscope24.com\\\/stetoskop\\\/frakt-og-retur\\\/\",\"url\":\"https:\\\/\\\/www.stethoscope24.com\\\/stetoskop\\\/frakt-og-retur\\\/\",\"name\":\"Frakt og Retur - Littmann Stetoskoper\",\"isPartOf\":{\"@id\":\"https:\\\/\\\/www.stethoscope24.com\\\/stetoskop\\\/#website\"},\"datePublished\":\"2019-07-08T07:22:26+00:00\",\"dateModified\":\"2021-05-02T15:11:44+00:00\",\"breadcrumb\":{\"@id\":\"https:\\\/\\\/www.stethoscope24.com\\\/stetoskop\\\/frakt-og-retur\\\/#breadcrumb\"},\"inLanguage\":\"nb-NO\",\"potentialAction\":[{\"@type\":\"ReadAction\",\"target\":[\"https:\\\/\\\/www.stethoscope24.com\\\/stetoskop\\\/frakt-og-retur\\\/\"]}]},{\"@type\":\"BreadcrumbList\",\"@id\":\"https:\\\/\\\/www.stethoscope24.com\\\/stetoskop\\\/frakt-og-retur\\\/#breadcrumb\",\"itemListElement\":[{\"@type\":\"ListItem\",\"position\":1,\"name\":\"Home\",\"item\":\"https:\\\/\\\/www.stethoscope24.com\\\/stetoskop\\\/\"},{\"@type\":\"ListItem\",\"position\":2,\"name\":\"Frakt og Retur\"}]},{\"@type\":\"WebSite\",\"@id\":\"https:\\\/\\\/www.stethoscope24.com\\\/stetoskop\\\/#website\",\"url\":\"https:\\\/\\\/www.stethoscope24.com\\\/stetoskop\\\/\",\"name\":\"Littmann Stetoskoper\",\"description\":\"3M Littmann Stetoskoper\",\"publisher\":{\"@id\":\"https:\\\/\\\/www.stethoscope24.com\\\/stetoskop\\\/#organization\"},\"potentialAction\":[{\"@type\":\"SearchAction\",\"target\":{\"@type\":\"EntryPoint\",\"urlTemplate\":\"https:\\\/\\\/www.stethoscope24.com\\\/stetoskop\\\/?s={search_term_string}\"},\"query-input\":{\"@type\":\"PropertyValueSpecification\",\"valueRequired\":true,\"valueName\":\"search_term_string\"}}],\"inLanguage\":\"nb-NO\"},{\"@type\":\"Organization\",\"@id\":\"https:\\\/\\\/www.stethoscope24.com\\\/stetoskop\\\/#organization\",\"name\":\"Stethoscope24\",\"url\":\"https:\\\/\\\/www.stethoscope24.com\\\/stetoskop\\\/\",\"logo\":{\"@type\":\"ImageObject\",\"inLanguage\":\"nb-NO\",\"@id\":\"https:\\\/\\\/www.stethoscope24.com\\\/stetoskop\\\/#\\\/schema\\\/logo\\\/image\\\/\",\"url\":\"https:\\\/\\\/i1.wp.com\\\/stethoscope24.com\\\/stetoskop\\\/wp-content\\\/uploads\\\/2021\\\/03\\\/cropped-logostethoscope24.jpg?fit=330%2C72&ssl=1\",\"contentUrl\":\"https:\\\/\\\/i1.wp.com\\\/stethoscope24.com\\\/stetoskop\\\/wp-content\\\/uploads\\\/2021\\\/03\\\/cropped-logostethoscope24.jpg?fit=330%2C72&ssl=1\",\"width\":330,\"height\":72,\"caption\":\"Stethoscope24\"},\"image\":{\"@id\":\"https:\\\/\\\/www.stethoscope24.com\\\/stetoskop\\\/#\\\/schema\\\/logo\\\/image\\\/\"}}]}<\/script>\n<!-- \/ Yoast SEO plugin. -->","yoast_head_json":{"title":"Frakt og Retur - Littmann Stetoskoper","robots":{"index":"index","follow":"follow","max-snippet":"max-snippet:-1","max-image-preview":"max-image-preview:large","max-video-preview":"max-video-preview:-1"},"canonical":"https:\/\/www.stethoscope24.com\/stetoskop\/frakt-og-retur\/","og_locale":"nb_NO","og_type":"article","og_title":"Frakt og Retur - Littmann Stetoskoper","og_description":"Takk for at du handler p\u00e5 Stethoscope24.com! Frakt Vi liker at kundene er glade og forn\u00f8yde, vi vet at du helst ville ha varen i hus allerede i g\u00e5r. Derfor sender vi p\u00e5 Stethoscop24 alle bestillinger som er mottatt f\u00f8r kl. 14:00 (man-fre) allerede samme dag, og aldri senere enn 24 timer, inkludert bestillinger med [&hellip;]","og_url":"https:\/\/www.stethoscope24.com\/stetoskop\/frakt-og-retur\/","og_site_name":"Littmann Stetoskoper","article_modified_time":"2021-05-02T15:11:44+00:00","twitter_card":"summary_large_image","twitter_misc":{"Ansl. lesetid":"2 minutter"},"schema":{"@context":"https:\/\/schema.org","@graph":[{"@type":"WebPage","@id":"https:\/\/www.stethoscope24.com\/stetoskop\/frakt-og-retur\/","url":"https:\/\/www.stethoscope24.com\/stetoskop\/frakt-og-retur\/","name":"Frakt og Retur - Littmann Stetoskoper","isPartOf":{"@id":"https:\/\/www.stethoscope24.com\/stetoskop\/#website"},"datePublished":"2019-07-08T07:22:26+00:00","dateModified":"2021-05-02T15:11:44+00:00","breadcrumb":{"@id":"https:\/\/www.stethoscope24.com\/stetoskop\/frakt-og-retur\/#breadcrumb"},"inLanguage":"nb-NO","potentialAction":[{"@type":"ReadAction","target":["https:\/\/www.stethoscope24.com\/stetoskop\/frakt-og-retur\/"]}]},{"@type":"BreadcrumbList","@id":"https:\/\/www.stethoscope24.com\/stetoskop\/frakt-og-retur\/#breadcrumb","itemListElement":[{"@type":"ListItem","position":1,"name":"Home","item":"https:\/\/www.stethoscope24.com\/stetoskop\/"},{"@type":"ListItem","position":2,"name":"Frakt og Retur"}]},{"@type":"WebSite","@id":"https:\/\/www.stethoscope24.com\/stetoskop\/#website","url":"https:\/\/www.stethoscope24.com\/stetoskop\/","name":"Littmann Stetoskoper","description":"3M Littmann Stetoskoper","publisher":{"@id":"https:\/\/www.stethoscope24.com\/stetoskop\/#organization"},"potentialAction":[{"@type":"SearchAction","target":{"@type":"EntryPoint","urlTemplate":"https:\/\/www.stethoscope24.com\/stetoskop\/?s={search_term_string}"},"query-input":{"@type":"PropertyValueSpecification","valueRequired":true,"valueName":"search_term_string"}}],"inLanguage":"nb-NO"},{"@type":"Organization","@id":"https:\/\/www.stethoscope24.com\/stetoskop\/#organization","name":"Stethoscope24","url":"https:\/\/www.stethoscope24.com\/stetoskop\/","logo":{"@type":"ImageObject","inLanguage":"nb-NO","@id":"https:\/\/www.stethoscope24.com\/stetoskop\/#\/schema\/logo\/image\/","url":"https:\/\/i1.wp.com\/stethoscope24.com\/stetoskop\/wp-content\/uploads\/2021\/03\/cropped-logostethoscope24.jpg?fit=330%2C72&ssl=1","contentUrl":"https:\/\/i1.wp.com\/stethoscope24.com\/stetoskop\/wp-content\/uploads\/2021\/03\/cropped-logostethoscope24.jpg?fit=330%2C72&ssl=1","width":330,"height":72,"caption":"Stethoscope24"},"image":{"@id":"https:\/\/www.stethoscope24.com\/stetoskop\/#\/schema\/logo\/image\/"}}]}},"jetpack_sharing_enabled":true,"_links":{"self":[{"href":"https:\/\/www.stethoscope24.com\/stetoskop\/wp-json\/wp\/v2\/pages\/19790","targetHints":{"allow":["GET"]}}],"collection":[{"href":"https:\/\/www.stethoscope24.com\/stetoskop\/wp-json\/wp\/v2\/pages"}],"about":[{"href":"https:\/\/www.stethoscope24.com\/stetoskop\/wp-json\/wp\/v2\/types\/page"}],"author":[{"embeddable":true,"href":"https:\/\/www.stethoscope24.com\/stetoskop\/wp-json\/wp\/v2\/users\/1"}],"replies":[{"embeddable":true,"href":"https:\/\/www.stethoscope24.com\/stetoskop\/wp-json\/wp\/v2\/comments?post=19790"}],"version-history":[{"count":2,"href":"https:\/\/www.stethoscope24.com\/stetoskop\/wp-json\/wp\/v2\/pages\/19790\/revisions"}],"predecessor-version":[{"id":24217,"href":"https:\/\/www.stethoscope24.com\/stetoskop\/wp-json\/wp\/v2\/pages\/19790\/revisions\/24217"}],"wp:attachment":[{"href":"https:\/\/www.stethoscope24.com\/stetoskop\/wp-json\/wp\/v2\/media?parent=19790"}],"curies":[{"name":"wp","href":"https:\/\/api.w.org\/{rel}","templated":true}]}}