{"id":22703,"date":"2021-01-25T10:44:26","date_gmt":"2021-01-25T10:44:26","guid":{"rendered":"https:\/\/stethoscope24.com\/stetoskop\/?page_id=22703"},"modified":"2024-04-10T06:22:14","modified_gmt":"2024-04-10T06:22:14","slug":"om-oss","status":"publish","type":"page","link":"https:\/\/www.stethoscope24.com\/stetoskop\/om-oss\/","title":{"rendered":"Om oss"},"content":{"rendered":"\t\t<div data-elementor-type=\"wp-page\" data-elementor-id=\"22703\" class=\"elementor elementor-22703\">\n\t\t\t\t\t\t<section class=\"elementor-section elementor-top-section elementor-element elementor-element-1039757 elementor-section-boxed elementor-section-height-default elementor-section-height-default\" data-id=\"1039757\" data-element_type=\"section\" data-e-type=\"section\">\n\t\t\t\t\t\t<div class=\"elementor-container elementor-column-gap-default\">\n\t\t\t\t\t<div class=\"elementor-column elementor-col-100 elementor-top-column elementor-element elementor-element-2eab6cda\" data-id=\"2eab6cda\" data-element_type=\"column\" data-e-type=\"column\">\n\t\t\t<div class=\"elementor-widget-wrap elementor-element-populated\">\n\t\t\t\t\t\t<div class=\"elementor-element elementor-element-7ee4d774 elementor-widget elementor-widget-text-editor\" data-id=\"7ee4d774\" data-element_type=\"widget\" data-e-type=\"widget\" data-widget_type=\"text-editor.default\">\n\t\t\t\t<div class=\"elementor-widget-container\">\n\t\t\t\t\t\t\t\t\t<p><\/p>\n<h2 class=\"wp-block-heading\">Velkommen til Stethoscope24.com<\/h2>\n<p><\/p>\n<p><\/p>\n<h4 class=\"wp-block-heading\">Driftes av Danawu AS, Berlin<\/h4>\n<p><\/p>\n<p><\/p>\n<figure class=\"wp-block-table\">\n<table>\n<tbody>\n<tr>\n<td><strong>DANAWU AS<\/strong> er en global distribut\u00f8r av stetoskoper og annet medisinsk utstyr til mange ulike kunder. Vi har etablert samarbeid med tilknyttede selskaper med beliggenhet og lagere i USA og Storbritannia. Vi distribuerer til hele Europa fra hovedkontoret v\u00e5rt i Berlin, Tyskland.<br \/><br \/><strong>Kunden i fokus<\/strong><br \/>Det er viktig for oss \u00e5 tilby god service og rask oppf\u00f8lging, og alle tilknyttede selskap vi samarbeider med deler denne visjonen med oss. Fokus p\u00e5 god hjelp p\u00e5 telefon eller e-post, hurtig levering, og gode tilbud ved store bestillinger er noe av det vi tilbyr.<br \/><br \/>Kundene v\u00e5re skal kunne stole p\u00e5 at et kj\u00f8p fra oss vil gi en konkurransedyktig pris og god oppf\u00f8lging.<br \/><br \/><strong>V\u00e5re kunder<\/strong><br \/>Vi har mer enn 50 000 lojale kunder i rundt 20 land i Europa. <br \/><br \/>Internasjonalt selger DANAWU produkter til sykehus, private og offentlige legeklinikker og -kontorer, studenter, helsepersonell, privatpersoner og kliniske innkj\u00f8psavdelinger. <br \/><br \/>Vi s\u00f8rger for at v\u00e5re samarbeidspartnere st\u00e5r til de h\u00f8ye forventningene kundene v\u00e5re har til b\u00e5de kundeservice og til produktene vi tilbyr.<br \/><br \/><strong>Vi tilbyr<\/strong><br \/>&#8211; Et stort utvalg av Littmann-stetoskoper<br \/>&#8211; Reservedeler til Littmann-stetoskoper<br \/>&#8211; Etuier til Littmann-stetoskoper<br \/>&#8211; Dermatoskoper<br \/>&#8211; Annet utstyr som CPAP-apparater eller digitale ultralydapparater kan ogs\u00e5 bestilles ved direkte kontakt med oss<\/td>\n<\/tr>\n<\/tbody>\n<\/table>\n<\/figure>\n<p><\/p>\n<p><\/p>\n<p><br \/><br \/><\/p>\n<p><\/p>\t\t\t\t\t\t\t\t<\/div>\n\t\t\t\t<\/div>\n\t\t\t\t\t<\/div>\n\t\t<\/div>\n\t\t\t\t\t<\/div>\n\t\t<\/section>\n\t\t\t\t<\/div>\n\t\t","protected":false},"excerpt":{"rendered":"<p>Velkommen til Stethoscope24.com Driftes av Danawu AS, Berlin DANAWU AS er en global distribut\u00f8r av stetoskoper og annet medisinsk utstyr til mange ulike kunder. Vi har etablert samarbeid med tilknyttede selskaper med beliggenhet og lagere i USA og Storbritannia. Vi distribuerer til hele Europa fra hovedkontoret v\u00e5rt i Berlin, Tyskland. Kunden i fokusDet er viktig [&hellip;]<\/p>\n","protected":false},"author":1,"featured_media":0,"parent":0,"menu_order":0,"comment_status":"closed","ping_status":"closed","template":"","meta":{"footnotes":""},"class_list":["post-22703","page","type-page","status-publish","hentry"],"yoast_head":"<!-- This site is optimized with the Yoast SEO plugin v27.4 - https:\/\/yoast.com\/product\/yoast-seo-wordpress\/ -->\n<title>Om oss - Littmann Stetoskoper<\/title>\n<meta name=\"description\" content=\"DANAWU AS er en global distribut\u00f8r av stetoskoper og annet medisinsk utstyr til mange ulike kunder. Vi har etablert samarbeid med tilknyttede selskaper med beliggenhet og lagere i USA og Storbritannia.\" \/>\n<meta name=\"robots\" content=\"index, follow, max-snippet:-1, max-image-preview:large, max-video-preview:-1\" \/>\n<link rel=\"canonical\" href=\"https:\/\/www.stethoscope24.com\/stetoskop\/om-oss\/\" \/>\n<meta property=\"og:locale\" content=\"nb_NO\" \/>\n<meta property=\"og:type\" content=\"article\" \/>\n<meta property=\"og:title\" content=\"Om oss - Littmann Stetoskoper\" \/>\n<meta property=\"og:description\" content=\"DANAWU AS er en global distribut\u00f8r av stetoskoper og annet medisinsk utstyr til mange ulike kunder. Vi har etablert samarbeid med tilknyttede selskaper med beliggenhet og lagere i USA og Storbritannia.\" \/>\n<meta property=\"og:url\" content=\"https:\/\/www.stethoscope24.com\/stetoskop\/om-oss\/\" \/>\n<meta property=\"og:site_name\" content=\"Littmann Stetoskoper\" \/>\n<meta property=\"article:modified_time\" content=\"2024-04-10T06:22:14+00:00\" \/>\n<meta name=\"twitter:card\" content=\"summary_large_image\" \/>\n<meta name=\"twitter:label1\" content=\"Ansl. lesetid\" \/>\n\t<meta name=\"twitter:data1\" content=\"2 minutter\" \/>\n<script type=\"application\/ld+json\" class=\"yoast-schema-graph\">{\"@context\":\"https:\\\/\\\/schema.org\",\"@graph\":[{\"@type\":\"WebPage\",\"@id\":\"https:\\\/\\\/www.stethoscope24.com\\\/stetoskop\\\/om-oss\\\/\",\"url\":\"https:\\\/\\\/www.stethoscope24.com\\\/stetoskop\\\/om-oss\\\/\",\"name\":\"Om oss - Littmann Stetoskoper\",\"isPartOf\":{\"@id\":\"https:\\\/\\\/www.stethoscope24.com\\\/stetoskop\\\/#website\"},\"datePublished\":\"2021-01-25T10:44:26+00:00\",\"dateModified\":\"2024-04-10T06:22:14+00:00\",\"description\":\"DANAWU AS er en global distribut\u00f8r av stetoskoper og annet medisinsk utstyr til mange ulike kunder. Vi har etablert samarbeid med tilknyttede selskaper med beliggenhet og lagere i USA og Storbritannia.\",\"breadcrumb\":{\"@id\":\"https:\\\/\\\/www.stethoscope24.com\\\/stetoskop\\\/om-oss\\\/#breadcrumb\"},\"inLanguage\":\"nb-NO\",\"potentialAction\":[{\"@type\":\"ReadAction\",\"target\":[\"https:\\\/\\\/www.stethoscope24.com\\\/stetoskop\\\/om-oss\\\/\"]}]},{\"@type\":\"BreadcrumbList\",\"@id\":\"https:\\\/\\\/www.stethoscope24.com\\\/stetoskop\\\/om-oss\\\/#breadcrumb\",\"itemListElement\":[{\"@type\":\"ListItem\",\"position\":1,\"name\":\"Home\",\"item\":\"https:\\\/\\\/www.stethoscope24.com\\\/stetoskop\\\/\"},{\"@type\":\"ListItem\",\"position\":2,\"name\":\"Om oss\"}]},{\"@type\":\"WebSite\",\"@id\":\"https:\\\/\\\/www.stethoscope24.com\\\/stetoskop\\\/#website\",\"url\":\"https:\\\/\\\/www.stethoscope24.com\\\/stetoskop\\\/\",\"name\":\"Littmann Stetoskoper\",\"description\":\"3M Littmann Stetoskoper\",\"publisher\":{\"@id\":\"https:\\\/\\\/www.stethoscope24.com\\\/stetoskop\\\/#organization\"},\"potentialAction\":[{\"@type\":\"SearchAction\",\"target\":{\"@type\":\"EntryPoint\",\"urlTemplate\":\"https:\\\/\\\/www.stethoscope24.com\\\/stetoskop\\\/?s={search_term_string}\"},\"query-input\":{\"@type\":\"PropertyValueSpecification\",\"valueRequired\":true,\"valueName\":\"search_term_string\"}}],\"inLanguage\":\"nb-NO\"},{\"@type\":\"Organization\",\"@id\":\"https:\\\/\\\/www.stethoscope24.com\\\/stetoskop\\\/#organization\",\"name\":\"Stethoscope24\",\"url\":\"https:\\\/\\\/www.stethoscope24.com\\\/stetoskop\\\/\",\"logo\":{\"@type\":\"ImageObject\",\"inLanguage\":\"nb-NO\",\"@id\":\"https:\\\/\\\/www.stethoscope24.com\\\/stetoskop\\\/#\\\/schema\\\/logo\\\/image\\\/\",\"url\":\"https:\\\/\\\/i1.wp.com\\\/stethoscope24.com\\\/stetoskop\\\/wp-content\\\/uploads\\\/2021\\\/03\\\/cropped-logostethoscope24.jpg?fit=330%2C72&ssl=1\",\"contentUrl\":\"https:\\\/\\\/i1.wp.com\\\/stethoscope24.com\\\/stetoskop\\\/wp-content\\\/uploads\\\/2021\\\/03\\\/cropped-logostethoscope24.jpg?fit=330%2C72&ssl=1\",\"width\":330,\"height\":72,\"caption\":\"Stethoscope24\"},\"image\":{\"@id\":\"https:\\\/\\\/www.stethoscope24.com\\\/stetoskop\\\/#\\\/schema\\\/logo\\\/image\\\/\"}}]}<\/script>\n<!-- \/ Yoast SEO plugin. -->","yoast_head_json":{"title":"Om oss - Littmann Stetoskoper","description":"DANAWU AS er en global distribut\u00f8r av stetoskoper og annet medisinsk utstyr til mange ulike kunder. Vi har etablert samarbeid med tilknyttede selskaper med beliggenhet og lagere i USA og Storbritannia.","robots":{"index":"index","follow":"follow","max-snippet":"max-snippet:-1","max-image-preview":"max-image-preview:large","max-video-preview":"max-video-preview:-1"},"canonical":"https:\/\/www.stethoscope24.com\/stetoskop\/om-oss\/","og_locale":"nb_NO","og_type":"article","og_title":"Om oss - Littmann Stetoskoper","og_description":"DANAWU AS er en global distribut\u00f8r av stetoskoper og annet medisinsk utstyr til mange ulike kunder. Vi har etablert samarbeid med tilknyttede selskaper med beliggenhet og lagere i USA og Storbritannia.","og_url":"https:\/\/www.stethoscope24.com\/stetoskop\/om-oss\/","og_site_name":"Littmann Stetoskoper","article_modified_time":"2024-04-10T06:22:14+00:00","twitter_card":"summary_large_image","twitter_misc":{"Ansl. lesetid":"2 minutter"},"schema":{"@context":"https:\/\/schema.org","@graph":[{"@type":"WebPage","@id":"https:\/\/www.stethoscope24.com\/stetoskop\/om-oss\/","url":"https:\/\/www.stethoscope24.com\/stetoskop\/om-oss\/","name":"Om oss - Littmann Stetoskoper","isPartOf":{"@id":"https:\/\/www.stethoscope24.com\/stetoskop\/#website"},"datePublished":"2021-01-25T10:44:26+00:00","dateModified":"2024-04-10T06:22:14+00:00","description":"DANAWU AS er en global distribut\u00f8r av stetoskoper og annet medisinsk utstyr til mange ulike kunder. Vi har etablert samarbeid med tilknyttede selskaper med beliggenhet og lagere i USA og Storbritannia.","breadcrumb":{"@id":"https:\/\/www.stethoscope24.com\/stetoskop\/om-oss\/#breadcrumb"},"inLanguage":"nb-NO","potentialAction":[{"@type":"ReadAction","target":["https:\/\/www.stethoscope24.com\/stetoskop\/om-oss\/"]}]},{"@type":"BreadcrumbList","@id":"https:\/\/www.stethoscope24.com\/stetoskop\/om-oss\/#breadcrumb","itemListElement":[{"@type":"ListItem","position":1,"name":"Home","item":"https:\/\/www.stethoscope24.com\/stetoskop\/"},{"@type":"ListItem","position":2,"name":"Om oss"}]},{"@type":"WebSite","@id":"https:\/\/www.stethoscope24.com\/stetoskop\/#website","url":"https:\/\/www.stethoscope24.com\/stetoskop\/","name":"Littmann Stetoskoper","description":"3M Littmann Stetoskoper","publisher":{"@id":"https:\/\/www.stethoscope24.com\/stetoskop\/#organization"},"potentialAction":[{"@type":"SearchAction","target":{"@type":"EntryPoint","urlTemplate":"https:\/\/www.stethoscope24.com\/stetoskop\/?s={search_term_string}"},"query-input":{"@type":"PropertyValueSpecification","valueRequired":true,"valueName":"search_term_string"}}],"inLanguage":"nb-NO"},{"@type":"Organization","@id":"https:\/\/www.stethoscope24.com\/stetoskop\/#organization","name":"Stethoscope24","url":"https:\/\/www.stethoscope24.com\/stetoskop\/","logo":{"@type":"ImageObject","inLanguage":"nb-NO","@id":"https:\/\/www.stethoscope24.com\/stetoskop\/#\/schema\/logo\/image\/","url":"https:\/\/i1.wp.com\/stethoscope24.com\/stetoskop\/wp-content\/uploads\/2021\/03\/cropped-logostethoscope24.jpg?fit=330%2C72&ssl=1","contentUrl":"https:\/\/i1.wp.com\/stethoscope24.com\/stetoskop\/wp-content\/uploads\/2021\/03\/cropped-logostethoscope24.jpg?fit=330%2C72&ssl=1","width":330,"height":72,"caption":"Stethoscope24"},"image":{"@id":"https:\/\/www.stethoscope24.com\/stetoskop\/#\/schema\/logo\/image\/"}}]}},"jetpack_sharing_enabled":true,"_links":{"self":[{"href":"https:\/\/www.stethoscope24.com\/stetoskop\/wp-json\/wp\/v2\/pages\/22703","targetHints":{"allow":["GET"]}}],"collection":[{"href":"https:\/\/www.stethoscope24.com\/stetoskop\/wp-json\/wp\/v2\/pages"}],"about":[{"href":"https:\/\/www.stethoscope24.com\/stetoskop\/wp-json\/wp\/v2\/types\/page"}],"author":[{"embeddable":true,"href":"https:\/\/www.stethoscope24.com\/stetoskop\/wp-json\/wp\/v2\/users\/1"}],"replies":[{"embeddable":true,"href":"https:\/\/www.stethoscope24.com\/stetoskop\/wp-json\/wp\/v2\/comments?post=22703"}],"version-history":[{"count":15,"href":"https:\/\/www.stethoscope24.com\/stetoskop\/wp-json\/wp\/v2\/pages\/22703\/revisions"}],"predecessor-version":[{"id":24990,"href":"https:\/\/www.stethoscope24.com\/stetoskop\/wp-json\/wp\/v2\/pages\/22703\/revisions\/24990"}],"wp:attachment":[{"href":"https:\/\/www.stethoscope24.com\/stetoskop\/wp-json\/wp\/v2\/media?parent=22703"}],"curies":[{"name":"wp","href":"https:\/\/api.w.org\/{rel}","templated":true}]}}