{"id":22706,"date":"2021-01-25T10:46:34","date_gmt":"2021-01-25T10:46:34","guid":{"rendered":"https:\/\/stethoscope24.com\/stetoskop\/?page_id=22706"},"modified":"2021-05-02T15:28:12","modified_gmt":"2021-05-02T15:28:12","slug":"vilkar-og-betingelser","status":"publish","type":"page","link":"https:\/\/www.stethoscope24.com\/stetoskop\/vilkar-og-betingelser\/","title":{"rendered":"Vilk\u00e5r og betingelser"},"content":{"rendered":"\n<p><strong>Vilk\u00e5r og betingelser<\/strong><\/p>\n\n\n\n<p class=\"has-normal-font-size\">Velkommen til STETHOSCOPE24!<\/p>\n\n\n\n<p>Disse vilk\u00e5r og betingelser beskriver regler og retningslinjer for bruk av nettsidene til Danawu GmbHs, som ligger p\u00e5 domenet STETHOSCOPE24.COM.<\/p>\n\n\n\n<p>Ved \u00e5 g\u00e5 til dette nettstedet antar vi at du godtar disse vilk\u00e5rene. Du m\u00e5 ikke fortsette \u00e5 bruke STETHOSCOPE24 hvis du ikke godtar alle vilk\u00e5r og betingelser som er angitt p\u00e5 denne siden.<\/p>\n\n\n\n<p>F\u00f8lgende terminologi gjelder for disse vilk\u00e5rene, personvernerkl\u00e6ringen, ansvarsfraskrivelser og alle avtaler: &#8220;Klient\/kunde&#8221;, &#8220;Du&#8221; og &#8220;Din&#8221; refererer til deg, personen som logger p\u00e5 dette nettstedet og overholder selskapets vilk\u00e5r og betingelser. \u201cSelskapet\u201d, \u201coss selv\u201d, \u201cvi\u201d, \u201cv\u00e5rt\u201d og \u201coss\u201d, refererer til v\u00e5rt selskap. \u201cPart\u201d, \u201cParter\u201d eller \u201cOss\u201d, refererer til b\u00e5de klienten og oss selv. Alle vilk\u00e5r refererer til tilbud, aksept og vurdering av betaling som er n\u00f8dvendig for \u00e5 gjennomf\u00f8re prosessen med v\u00e5r bistand til kunden p\u00e5 den mest hensiktsmessige m\u00e5ten, for det uttrykkelige form\u00e5let \u00e5 oppfylle kundens behov med hensyn til \u00e5 levere selskapets oppgitte tjenester, i samsvar med og underlagt gjeldende lov i Nederland. Enhver bruk av ovennevnte terminologi eller andre ord i entall, flertall, med stor bokstav og\/eller han\/hun eller de, blir betraktet som utskiftbare og derfor som henvisende til det samme.<\/p>\n\n\n\n<p><strong>Informasjonskapsler (cookies)<\/strong><\/p>\n\n\n\n<p>Vi benytter oss av informasjonskapsler. Ved \u00e5 g\u00e5 inn p\u00e5 STETHOSCOPE24, godtok du bruken av informasjonskapsler i samsvar med personvernreglene til Danawu GmbH.<\/p>\n\n\n\n<p>De fleste interaktive nettsteder bruker informasjonskapsler for \u00e5 lagre brukeropplysninger etter hvert bes\u00f8k. Informasjonskapsler brukes av nettstedet for \u00e5 aktivere funksjonaliteten i visse omr\u00e5der, for \u00e5 gj\u00f8re mer brukervennlig for de som bes\u00f8ker nettstedet. Noen av v\u00e5re tilknyttede\/annonseringspartnere kan ogs\u00e5 bruke informasjonskapsler<\/p>\n\n\n\n<p><strong>Lisens<\/strong><\/p>\n\n\n\n<p>Med mindre annet er oppgitt, eier DANAWU GMBH og\/eller dets lisensgivere immaterielle rettigheter for alt materiale p\u00e5 STETHOSCOPE24. Alle immaterielle rettigheter er forbeholdt. Du kan f\u00e5 tilgang til innholdet fra STETHOSCOPE24 for eget personlig bruk underlagt begrensninger angitt i disse vilk\u00e5rene.<\/p>\n\n\n\n<p>Du m\u00e5 ikke:<\/p>\n\n\n\n<ul class=\"wp-block-list\"><li>Gjengi materiale fra STETHOSCOPE24<\/li><li>Selge, leie ut eller underlisensiere materiale fra STETHOSCOPE24<\/li><li>Reprodusere, duplisere eller kopiere materiale fra STETHOSCOPE24<\/li><li>Redistibuere innhold fra STETHOSCOPE24<\/li><\/ul>\n\n\n\n<p>Denne avtalen gjelder fra f\u00f8lgende dato.<\/p>\n\n\n\n<p>Deler av dette nettstedet gir brukere muligheten til \u00e5 legge ut og utveksle meninger og informasjon p\u00e5 visse omr\u00e5der av nettstedet. DANAWU GMBH filtrerer ikke, redigerer, publiserer eller vurderer kommentarer f\u00f8r de publiseres p\u00e5 nettstedet. Kommentarer gjenspeiler ikke synspunktene og meningene til DANAWU GMBH, dets agenter og\/eller tilknyttede selskaper. Kommentarer gjenspeiler synspunktene og meningene til personen som legger ut sine synspunkter og meninger. <\/p>\n\n\n\n<p>I den grad det er tillatt av gjeldende lover, er DANAWU GMBH ikke ansvarlig for kommentarene eller for noe ansvar, skader eller utgifter for\u00e5rsaket og \/ eller lidd som f\u00f8lge av enhver bruk av og \/ eller utlegging av og \/ eller utseende av kommentarene til dette nettstedet.<\/p>\n\n\n\n<p><\/p>\n\n\n\n<p>Du garanterer og representerer at:<\/p>\n\n\n\n<ul class=\"wp-block-list\"><li>Du har rett til \u00e5 legge ut kommentarene p\u00e5 nettstedet og har alle n\u00f8dvendige lisenser og samtykke til \u00e5 gj\u00f8re det.<\/li><li>Kommentarene angriper ingen immaterielle rettigheter, inkludert uten begrensning opphavsrett, patent eller varemerke for noen tredjepart.<\/li><li>Kommentarene inneholder ikke \u00e6rekrenkende, injurierende, st\u00f8tende, us\u00f8mmelige eller p\u00e5 annen m\u00e5te ulovlig materiale som er en krenkelse av personvernet.<\/li><li>Kommentarene vil ikke bli brukt til \u00e5 be om eller fremme forretninger, skikker eller presentere kommersielle aktiviteter eller ulovlig aktivitet.<\/li><li>Du gir herved DANAWU GMBH en ikke-eksklusiv lisens til \u00e5 bruke, reprodusere, redigere og autorisere andre til \u00e5 bruke, reprodusere og redigere noen av dine kommentarer i alle former, formater eller medier.<\/li><\/ul>\n\n\n\n<p>DANAWU GMBH forbeholder seg retten til \u00e5 overv\u00e5ke alle kommentarer og fjerne eventuelle kommentarer som kan betraktes som upassende, st\u00f8tende eller for\u00e5rsaker brudd p\u00e5 disse vilk\u00e5rene.<\/p>\n\n\n\n<p><strong>Hyperkobling til innholdet v\u00e5rt<\/strong><\/p>\n\n\n\n<p>F\u00f8lgende organisasjoner kan lenke til nettstedet v\u00e5rt uten forutg\u00e5ende skriftlig godkjenning:<\/p>\n\n\n\n<ul class=\"wp-block-list\"><li>Offentlige etater;<\/li><li>S\u00f8kemotorer;<\/li><li>News organizations;<\/li><li>Online katalogdistribut\u00f8rer kan lenke til nettstedet v\u00e5rt p\u00e5 samme m\u00e5te som de lenker til nettstedene til andre b\u00f8rsnoterte virksomheter;og <\/li><\/ul>\n\n\n\n<p>Systemomfattende akkrediterte virksomheter bortsett fra \u00e5 rekvirere ideelle organisasjoner, veldedighets kj\u00f8pesentre og veldedighetsinnsamlingsgrupper som kanskje ikke hyperkobler til v\u00e5rt nettsted.<br>Disse organisasjonene kan lenke til hjemmesiden v\u00e5r, til publikasjoner eller til annen nettstedsinformasjon s\u00e5 lenge lenken: (a) ikke p\u00e5 noen m\u00e5te er villedende; (b) ikke falskt inneb\u00e6rer sponsing, p\u00e5tegning eller godkjenning av den lenkende part og dets produkter og\/eller tjenester; og (c) passer inn i sammenhengen til den tilknyttede partens nettsted.<\/p>\n\n\n\n<p>Vi kan vurdere og godkjenne andre foresp\u00f8rsler om lenker fra f\u00f8lgende typer organisasjoner:<\/p>\n\n\n\n<ul class=\"wp-block-list\"><li>kjente forbruker- og\/eller forretningsinformasjonskilder<\/li><li>dot.com samfunnssider<\/li><li>foreninger eller andre grupper som representerer veldedige organisasjoner<\/li><li>online katalogdistribut\u00f8rer<\/li><li>Internett-portaler<\/li><li>regnskaps-, advokat- og konsulentfirmaer samt<\/li><li>utdanningsinstitusjoner og bransjeforeninger<\/li><\/ul>\n\n\n\n<p><\/p>\n\n\n\n<p>Vi vil godkjenne foresp\u00f8rsler om lenker fra disse organisasjonene hvis vi mener at: (a) lenken ikke er ugunstig for oss selv eller for v\u00e5re godkjente virksomheter, (b) at vi ikke har v\u00e6rt involvert i noen negative hendelser med organisasjonen, (c) fordelen for oss fra synligheten til hyperkoblingen kompenserer frav\u00e6ret av DANAWU GMBH, og (d) lenken er i sammenheng med generell ressursinformasjon.<\/p>\n\n\n\n<p>Disse organisasjonene kan lenke til hjemmesiden v\u00e5r s\u00e5 lenge lenken: (a) ikke er villedende, (b) ikke falskt inneb\u00e6rer sponsing, p\u00e5tegning eller godkjenning av den sammenkoblende parten og dens produkter eller tjenester, og (c) passer innenfor sammenhengen til den tilknyttede partens nettsted.<\/p>\n\n\n\n<p>Hvis du er en av organisasjonene oppf\u00f8rt i avsnitt 2 ovenfor og er interessert i \u00e5 koble til nettstedet v\u00e5rt, m\u00e5 du informere oss om det ved \u00e5 sende en e-post til DANAWU GMBH. Vennligst inkluder eget navn, organisasjonsnavnet, kontaktinformasjonen samt nettadressen til nettstedet ditt, en liste over eventuelle nettadresser du har tenkt \u00e5 koble til nettstedet v\u00e5rt, og en liste over nettadressene p\u00e5 nettstedet ditt som du \u00f8nsker \u00e5 lenke. Forvent 2-3 uker p\u00e5 svar.<\/p>\n\n\n\n<p>Godkjente organisasjoner kan hyperkoble til nettstedet v\u00e5rt som f\u00f8lger:<\/p>\n\n\n\n<ul class=\"wp-block-list\"><li>Ved bruk av v\u00e5rt firmanavn, eller<\/li><li>Ved bruk av den ensartede ressurslokatoren som er knyttet til, eller<\/li><li>Ved \u00e5 bruke en hvilken som helst annen beskrivelse av nettstedet v\u00e5rt som det er lenket til, er det fornuftig i sammenheng og format p\u00e5 innholdet p\u00e5 den tilknyttede partens nettsted<\/li><\/ul>\n\n\n\n<p>Ingen bruk av Danawu GmbHs logo eller annet kunstverk er tillatt for sammenkobling uten en lisensavtale om bruk av varemerket.<\/p>\n\n\n\n<p><strong>iFrames<\/strong><\/p>\n\n\n\n<p>Uten forh\u00e5ndsgodkjenning og skriftlig tillatelse, kan du ikke opprette rammer rundt websidene v\u00e5re som p\u00e5 noen m\u00e5te endrer den visuelle presentasjonen eller utseendet til nettstedet v\u00e5rt.<\/p>\n\n\n\n<p><strong>Innholdsansvar<\/strong><\/p>\n\n\n\n<p>Vi skal ikke holdes ansvarlige for innhold som vises p\u00e5 nettstedet ditt. Du samtykker i \u00e5 beskytte og forsvare oss mot alle krav som m\u00e5tte komme mot nettstedet ditt. Ingen lenke(r) skal vises p\u00e5 et nettsted som kan tolkes som injurierende, uanstendig eller kriminelt, krenkende, eller som oppmuntrer til krenkelse eller annen krenking av tredjeparts rettigheter.<\/p>\n\n\n\n<p><strong>Personvern<\/strong><\/p>\n\n\n\n<p>Les personvernreglene<\/p>\n\n\n\n<p><strong>Reservering av rettigheter<\/strong><\/p>\n\n\n\n<p>Vi forbeholder oss retten til \u00e5 be om at du fjerner alle lenker eller en bestemt lenke til nettstedet v\u00e5rt. Du godkjenner \u00e5 umiddelbart fjerne alle lenker til nettstedet v\u00e5rt p\u00e5 foresp\u00f8rsel. Vi forbeholder oss ogs\u00e5 retten til \u00e5 tilpasse disse vilk\u00e5rene, og de tilknyttede retningslinjene n\u00e5r som helst. Ved kontinuerlig \u00e5 lenke til nettstedet v\u00e5rt, godtar du \u00e5 v\u00e6re bundet til og f\u00f8lge disse vilk\u00e5rene og betingelsene.<\/p>\n\n\n\n<p><strong>Fjerning av lenker fra nettstedet<\/strong><\/p>\n\n\n\n<p>Hvis du finner en lenke p\u00e5 nettstedet som av en eller annen grunn er st\u00f8tende, kan du kontakte og informere oss n\u00e5r som helst. Vi vil vurdere foresp\u00f8rsler om \u00e5 fjerne lenker, men vi er ikke forpliktet til \u00e5 gj\u00f8re dette eller \u00e5 svare deg direkte.<\/p>\n\n\n\n<p>Vi garanterer ikke at informasjonen p\u00e5 dette nettstedet er riktig, vi garanterer ikke at den er fullstendig eller n\u00f8yaktig. Vi lover heller ikke \u00e5 sikre at nettstedet forblir tilgjengelig eller at materialet p\u00e5 nettstedet holdes oppdatert.<\/p>\n\n\n\n<p><strong>Ansvarsfraskrivelse<\/strong><\/p>\n\n\n\n<p>I den grad det er tillatt i henhold til gjeldende lov, utelukker vi alle representasjoner, garantier og betingelser knyttet til nettstedet v\u00e5rt og bruken av dette nettstedet. Ingenting i denne ansvarsfraskrivelsen vil:<\/p>\n\n\n\n<ul class=\"wp-block-list\"><li>Begrense eller ekskludere v\u00e5rt eller ditt ansvar for d\u00f8d eller personskade,<\/li><li>begrense eller utelukke v\u00e5rt eller ditt ansvar for svindel eller falske fremstillinger,misrepresentation;<\/li><li>begrense noen av v\u00e5re eller dine forpliktelser p\u00e5 noen m\u00e5te som ikke er tillatt i henhold til gjeldende lov, eller<\/li><li>ekskludere noen av v\u00e5re eller dine forpliktelser som ikke kan utelukkes i henhold til gjeldende lov.<\/li><\/ul>\n\n\n\n<p>Begrensningene og ansvarsforbudene som er angitt i denne seksjonen og andre steder i denne ansvarsfraskrivelsen: (a) er underlagt foreg\u00e5ende avsnitt, og (b) styre alle forpliktelser som oppst\u00e5r under ansvarsfraskrivelsen, inkludert forpliktelser som oppst\u00e5r i kontrakt, i erstatningsrettslige forhold og for brudd p\u00e5 lovbestemt plikt.<\/p>\n\n\n\n<p>S\u00e5 lenge nettstedet og informasjonen og tjenestene p\u00e5 nettstedet leveres gratis, er vi ikke ansvarlige for tap eller skade av noe slag.<\/p>\n","protected":false},"excerpt":{"rendered":"<p>Vilk\u00e5r og betingelser Velkommen til STETHOSCOPE24! Disse vilk\u00e5r og betingelser beskriver regler og retningslinjer for bruk av nettsidene til Danawu GmbHs, som ligger p\u00e5 domenet STETHOSCOPE24.COM. Ved \u00e5 g\u00e5 til dette nettstedet antar vi at du godtar disse vilk\u00e5rene. Du m\u00e5 ikke fortsette \u00e5 bruke STETHOSCOPE24 hvis du ikke godtar alle vilk\u00e5r og betingelser som [&hellip;]<\/p>\n","protected":false},"author":1,"featured_media":0,"parent":0,"menu_order":0,"comment_status":"closed","ping_status":"closed","template":"","meta":{"footnotes":""},"class_list":["post-22706","page","type-page","status-publish","hentry"],"yoast_head":"<!-- This site is optimized with the Yoast SEO plugin v27.4 - https:\/\/yoast.com\/product\/yoast-seo-wordpress\/ -->\n<title>Vilk\u00e5r og betingelser - Littmann Stetoskoper<\/title>\n<meta name=\"robots\" content=\"index, follow, max-snippet:-1, max-image-preview:large, max-video-preview:-1\" \/>\n<link rel=\"canonical\" href=\"https:\/\/www.stethoscope24.com\/stetoskop\/vilkar-og-betingelser\/\" \/>\n<meta property=\"og:locale\" content=\"nb_NO\" \/>\n<meta property=\"og:type\" content=\"article\" \/>\n<meta property=\"og:title\" content=\"Vilk\u00e5r og betingelser - Littmann Stetoskoper\" \/>\n<meta property=\"og:description\" content=\"Vilk\u00e5r og betingelser Velkommen til STETHOSCOPE24! Disse vilk\u00e5r og betingelser beskriver regler og retningslinjer for bruk av nettsidene til Danawu GmbHs, som ligger p\u00e5 domenet STETHOSCOPE24.COM. Ved \u00e5 g\u00e5 til dette nettstedet antar vi at du godtar disse vilk\u00e5rene. Du m\u00e5 ikke fortsette \u00e5 bruke STETHOSCOPE24 hvis du ikke godtar alle vilk\u00e5r og betingelser som [&hellip;]\" \/>\n<meta property=\"og:url\" content=\"https:\/\/www.stethoscope24.com\/stetoskop\/vilkar-og-betingelser\/\" \/>\n<meta property=\"og:site_name\" content=\"Littmann Stetoskoper\" \/>\n<meta property=\"article:modified_time\" content=\"2021-05-02T15:28:12+00:00\" \/>\n<meta name=\"twitter:card\" content=\"summary_large_image\" \/>\n<meta name=\"twitter:label1\" content=\"Ansl. lesetid\" \/>\n\t<meta name=\"twitter:data1\" content=\"7 minutter\" \/>\n<script type=\"application\/ld+json\" class=\"yoast-schema-graph\">{\"@context\":\"https:\\\/\\\/schema.org\",\"@graph\":[{\"@type\":\"WebPage\",\"@id\":\"https:\\\/\\\/www.stethoscope24.com\\\/stetoskop\\\/vilkar-og-betingelser\\\/\",\"url\":\"https:\\\/\\\/www.stethoscope24.com\\\/stetoskop\\\/vilkar-og-betingelser\\\/\",\"name\":\"Vilk\u00e5r og betingelser - Littmann Stetoskoper\",\"isPartOf\":{\"@id\":\"https:\\\/\\\/www.stethoscope24.com\\\/stetoskop\\\/#website\"},\"datePublished\":\"2021-01-25T10:46:34+00:00\",\"dateModified\":\"2021-05-02T15:28:12+00:00\",\"breadcrumb\":{\"@id\":\"https:\\\/\\\/www.stethoscope24.com\\\/stetoskop\\\/vilkar-og-betingelser\\\/#breadcrumb\"},\"inLanguage\":\"nb-NO\",\"potentialAction\":[{\"@type\":\"ReadAction\",\"target\":[\"https:\\\/\\\/www.stethoscope24.com\\\/stetoskop\\\/vilkar-og-betingelser\\\/\"]}]},{\"@type\":\"BreadcrumbList\",\"@id\":\"https:\\\/\\\/www.stethoscope24.com\\\/stetoskop\\\/vilkar-og-betingelser\\\/#breadcrumb\",\"itemListElement\":[{\"@type\":\"ListItem\",\"position\":1,\"name\":\"Home\",\"item\":\"https:\\\/\\\/www.stethoscope24.com\\\/stetoskop\\\/\"},{\"@type\":\"ListItem\",\"position\":2,\"name\":\"Vilk\u00e5r og betingelser\"}]},{\"@type\":\"WebSite\",\"@id\":\"https:\\\/\\\/www.stethoscope24.com\\\/stetoskop\\\/#website\",\"url\":\"https:\\\/\\\/www.stethoscope24.com\\\/stetoskop\\\/\",\"name\":\"Littmann Stetoskoper\",\"description\":\"3M Littmann Stetoskoper\",\"publisher\":{\"@id\":\"https:\\\/\\\/www.stethoscope24.com\\\/stetoskop\\\/#organization\"},\"potentialAction\":[{\"@type\":\"SearchAction\",\"target\":{\"@type\":\"EntryPoint\",\"urlTemplate\":\"https:\\\/\\\/www.stethoscope24.com\\\/stetoskop\\\/?s={search_term_string}\"},\"query-input\":{\"@type\":\"PropertyValueSpecification\",\"valueRequired\":true,\"valueName\":\"search_term_string\"}}],\"inLanguage\":\"nb-NO\"},{\"@type\":\"Organization\",\"@id\":\"https:\\\/\\\/www.stethoscope24.com\\\/stetoskop\\\/#organization\",\"name\":\"Stethoscope24\",\"url\":\"https:\\\/\\\/www.stethoscope24.com\\\/stetoskop\\\/\",\"logo\":{\"@type\":\"ImageObject\",\"inLanguage\":\"nb-NO\",\"@id\":\"https:\\\/\\\/www.stethoscope24.com\\\/stetoskop\\\/#\\\/schema\\\/logo\\\/image\\\/\",\"url\":\"https:\\\/\\\/i1.wp.com\\\/stethoscope24.com\\\/stetoskop\\\/wp-content\\\/uploads\\\/2021\\\/03\\\/cropped-logostethoscope24.jpg?fit=330%2C72&ssl=1\",\"contentUrl\":\"https:\\\/\\\/i1.wp.com\\\/stethoscope24.com\\\/stetoskop\\\/wp-content\\\/uploads\\\/2021\\\/03\\\/cropped-logostethoscope24.jpg?fit=330%2C72&ssl=1\",\"width\":330,\"height\":72,\"caption\":\"Stethoscope24\"},\"image\":{\"@id\":\"https:\\\/\\\/www.stethoscope24.com\\\/stetoskop\\\/#\\\/schema\\\/logo\\\/image\\\/\"}}]}<\/script>\n<!-- \/ Yoast SEO plugin. -->","yoast_head_json":{"title":"Vilk\u00e5r og betingelser - Littmann Stetoskoper","robots":{"index":"index","follow":"follow","max-snippet":"max-snippet:-1","max-image-preview":"max-image-preview:large","max-video-preview":"max-video-preview:-1"},"canonical":"https:\/\/www.stethoscope24.com\/stetoskop\/vilkar-og-betingelser\/","og_locale":"nb_NO","og_type":"article","og_title":"Vilk\u00e5r og betingelser - Littmann Stetoskoper","og_description":"Vilk\u00e5r og betingelser Velkommen til STETHOSCOPE24! Disse vilk\u00e5r og betingelser beskriver regler og retningslinjer for bruk av nettsidene til Danawu GmbHs, som ligger p\u00e5 domenet STETHOSCOPE24.COM. Ved \u00e5 g\u00e5 til dette nettstedet antar vi at du godtar disse vilk\u00e5rene. Du m\u00e5 ikke fortsette \u00e5 bruke STETHOSCOPE24 hvis du ikke godtar alle vilk\u00e5r og betingelser som [&hellip;]","og_url":"https:\/\/www.stethoscope24.com\/stetoskop\/vilkar-og-betingelser\/","og_site_name":"Littmann Stetoskoper","article_modified_time":"2021-05-02T15:28:12+00:00","twitter_card":"summary_large_image","twitter_misc":{"Ansl. lesetid":"7 minutter"},"schema":{"@context":"https:\/\/schema.org","@graph":[{"@type":"WebPage","@id":"https:\/\/www.stethoscope24.com\/stetoskop\/vilkar-og-betingelser\/","url":"https:\/\/www.stethoscope24.com\/stetoskop\/vilkar-og-betingelser\/","name":"Vilk\u00e5r og betingelser - Littmann Stetoskoper","isPartOf":{"@id":"https:\/\/www.stethoscope24.com\/stetoskop\/#website"},"datePublished":"2021-01-25T10:46:34+00:00","dateModified":"2021-05-02T15:28:12+00:00","breadcrumb":{"@id":"https:\/\/www.stethoscope24.com\/stetoskop\/vilkar-og-betingelser\/#breadcrumb"},"inLanguage":"nb-NO","potentialAction":[{"@type":"ReadAction","target":["https:\/\/www.stethoscope24.com\/stetoskop\/vilkar-og-betingelser\/"]}]},{"@type":"BreadcrumbList","@id":"https:\/\/www.stethoscope24.com\/stetoskop\/vilkar-og-betingelser\/#breadcrumb","itemListElement":[{"@type":"ListItem","position":1,"name":"Home","item":"https:\/\/www.stethoscope24.com\/stetoskop\/"},{"@type":"ListItem","position":2,"name":"Vilk\u00e5r og betingelser"}]},{"@type":"WebSite","@id":"https:\/\/www.stethoscope24.com\/stetoskop\/#website","url":"https:\/\/www.stethoscope24.com\/stetoskop\/","name":"Littmann Stetoskoper","description":"3M Littmann Stetoskoper","publisher":{"@id":"https:\/\/www.stethoscope24.com\/stetoskop\/#organization"},"potentialAction":[{"@type":"SearchAction","target":{"@type":"EntryPoint","urlTemplate":"https:\/\/www.stethoscope24.com\/stetoskop\/?s={search_term_string}"},"query-input":{"@type":"PropertyValueSpecification","valueRequired":true,"valueName":"search_term_string"}}],"inLanguage":"nb-NO"},{"@type":"Organization","@id":"https:\/\/www.stethoscope24.com\/stetoskop\/#organization","name":"Stethoscope24","url":"https:\/\/www.stethoscope24.com\/stetoskop\/","logo":{"@type":"ImageObject","inLanguage":"nb-NO","@id":"https:\/\/www.stethoscope24.com\/stetoskop\/#\/schema\/logo\/image\/","url":"https:\/\/i1.wp.com\/stethoscope24.com\/stetoskop\/wp-content\/uploads\/2021\/03\/cropped-logostethoscope24.jpg?fit=330%2C72&ssl=1","contentUrl":"https:\/\/i1.wp.com\/stethoscope24.com\/stetoskop\/wp-content\/uploads\/2021\/03\/cropped-logostethoscope24.jpg?fit=330%2C72&ssl=1","width":330,"height":72,"caption":"Stethoscope24"},"image":{"@id":"https:\/\/www.stethoscope24.com\/stetoskop\/#\/schema\/logo\/image\/"}}]}},"jetpack_sharing_enabled":true,"_links":{"self":[{"href":"https:\/\/www.stethoscope24.com\/stetoskop\/wp-json\/wp\/v2\/pages\/22706","targetHints":{"allow":["GET"]}}],"collection":[{"href":"https:\/\/www.stethoscope24.com\/stetoskop\/wp-json\/wp\/v2\/pages"}],"about":[{"href":"https:\/\/www.stethoscope24.com\/stetoskop\/wp-json\/wp\/v2\/types\/page"}],"author":[{"embeddable":true,"href":"https:\/\/www.stethoscope24.com\/stetoskop\/wp-json\/wp\/v2\/users\/1"}],"replies":[{"embeddable":true,"href":"https:\/\/www.stethoscope24.com\/stetoskop\/wp-json\/wp\/v2\/comments?post=22706"}],"version-history":[{"count":2,"href":"https:\/\/www.stethoscope24.com\/stetoskop\/wp-json\/wp\/v2\/pages\/22706\/revisions"}],"predecessor-version":[{"id":24213,"href":"https:\/\/www.stethoscope24.com\/stetoskop\/wp-json\/wp\/v2\/pages\/22706\/revisions\/24213"}],"wp:attachment":[{"href":"https:\/\/www.stethoscope24.com\/stetoskop\/wp-json\/wp\/v2\/media?parent=22706"}],"curies":[{"name":"wp","href":"https:\/\/api.w.org\/{rel}","templated":true}]}}