{"id":22745,"date":"2021-01-25T13:28:37","date_gmt":"2021-01-25T13:28:37","guid":{"rendered":"https:\/\/stethoscope24.com\/stetoskop\/?page_id=22745"},"modified":"2021-05-02T15:23:13","modified_gmt":"2021-05-02T15:23:13","slug":"kredittkort","status":"publish","type":"page","link":"https:\/\/www.stethoscope24.com\/stetoskop\/kredittkort\/","title":{"rendered":"KREDITTKORT"},"content":{"rendered":"\n<figure class=\"wp-block-image size-large is-resized\"><a href=\"https:\/\/i0.wp.com\/stethoscope24.com\/stetoskop\/wp-content\/uploads\/2021\/01\/credit-card-logos.png?ssl=1\"><img data-recalc-dims=\"1\" decoding=\"async\" src=\"https:\/\/i0.wp.com\/stethoscope24.com\/stetoskop\/wp-content\/uploads\/2021\/01\/credit-card-logos.png?resize=242%2C43&#038;ssl=1\" alt=\"\" class=\"wp-image-22783\" width=\"242\" height=\"43\" srcset=\"https:\/\/i0.wp.com\/www.stethoscope24.com\/stetoskop\/wp-content\/uploads\/2021\/01\/credit-card-logos.png?w=673&amp;ssl=1 673w, https:\/\/i0.wp.com\/www.stethoscope24.com\/stetoskop\/wp-content\/uploads\/2021\/01\/credit-card-logos.png?resize=300%2C53&amp;ssl=1 300w, https:\/\/i0.wp.com\/www.stethoscope24.com\/stetoskop\/wp-content\/uploads\/2021\/01\/credit-card-logos.png?resize=150%2C27&amp;ssl=1 150w, https:\/\/i0.wp.com\/www.stethoscope24.com\/stetoskop\/wp-content\/uploads\/2021\/01\/credit-card-logos.png?resize=650%2C116&amp;ssl=1 650w, https:\/\/i0.wp.com\/www.stethoscope24.com\/stetoskop\/wp-content\/uploads\/2021\/01\/credit-card-logos.png?resize=64%2C11&amp;ssl=1 64w, https:\/\/i0.wp.com\/www.stethoscope24.com\/stetoskop\/wp-content\/uploads\/2021\/01\/credit-card-logos.png?resize=540%2C96&amp;ssl=1 540w\" sizes=\"(max-width: 242px) 100vw, 242px\" \/><\/a><\/figure>\n\n\n\n<h2 class=\"wp-block-heading\">Betal trygt med kredittkort p\u00e5 v\u00e5rt nettsted.<\/h2>\n\n\n\n<p>N\u00e5r du betaler p\u00e5 nettstedet v\u00e5rt med kredittkort, betaler du direkte til v\u00e5r Stripe-konto. Stripe har blitt revidert av en PCI-sertifisert revisor og er sertifisert til PCI Service Provider Level 1. Dette er det strengeste niv\u00e5et av sertifisering som er tilgjengelig i betalingsbransjen. For \u00e5 oppn\u00e5 dette bruker Stripe de beste sikkerhetsverkt\u00f8yene og praksisene i klassen, for \u00e5 opprettholde et h\u00f8yt sikkerhetsniv\u00e5 p\u00e5 Stripe.<\/p>\n\n\n\n<h3 class=\"wp-block-heading\">Kj\u00f8p ditt nye stetoskop trygt med kredittkort.<\/h3>\n\n\n\n<h3 class=\"wp-block-heading\">Noen stetoskop \u00e5 velge fra:<\/h3>\n\n\n<div data-block-name=\"woocommerce\/product-category\" data-categories=\"[129]\" data-columns=\"6\" data-content-visibility=\"{&quot;title&quot;:true,&quot;price&quot;:true,&quot;rating&quot;:true,&quot;button&quot;:false}\" data-rows=\"1\" class=\"wc-block-grid wp-block-product-category wp-block-woocommerce-product-category wc-block-product-category has-6-columns\"><ul class=\"wc-block-grid__products\"><li class=\"wc-block-grid__product\">\n\t\t\t\t<a href=\"https:\/\/www.stethoscope24.com\/stetoskop\/product\/littmann-stetoskop-kardiologi-iv-svart-speilfinish-champagnefarget-stamme\/\" class=\"wc-block-grid__product-link\">\n\t\t\t\t\t\n\t\t\t\t\t<div class=\"wc-block-grid__product-image\"><img fetchpriority=\"high\" decoding=\"async\" width=\"300\" height=\"300\" src=\"https:\/\/i0.wp.com\/www.stethoscope24.com\/stetoskop\/wp-content\/uploads\/2020\/09\/Littmann_6204.jpg?fit=300%2C300&amp;ssl=1\" class=\"attachment-woocommerce_thumbnail size-woocommerce_thumbnail\" alt=\"Littmann stetoskop Kardiologi IV svart \/ speilfinish \/ champagnefarget stamme 6204\" srcset=\"https:\/\/i0.wp.com\/www.stethoscope24.com\/stetoskop\/wp-content\/uploads\/2020\/09\/Littmann_6204.jpg?w=400&amp;ssl=1 400w, https:\/\/i0.wp.com\/www.stethoscope24.com\/stetoskop\/wp-content\/uploads\/2020\/09\/Littmann_6204.jpg?resize=300%2C300&amp;ssl=1 300w, https:\/\/i0.wp.com\/www.stethoscope24.com\/stetoskop\/wp-content\/uploads\/2020\/09\/Littmann_6204.jpg?resize=150%2C150&amp;ssl=1 150w\" sizes=\"(max-width: 300px) 100vw, 300px\" \/><\/div>\n\t\t\t\t\t<div class=\"wc-block-grid__product-title\">Littmann stetoskop Kardiologi IV svart \/ speilfinish \/ champagnefarget stamme<\/div>\n\t\t\t\t<\/a>\n\t\t\t\t<div class=\"wc-block-grid__product-price price\"><span class=\"woocommerce-Price-amount amount\">3 239,00&nbsp;<span class=\"woocommerce-Price-currencySymbol\">&#107;&#114;<\/span><\/span> <small class=\"woocommerce-price-suffix\">Eks. MVA<\/small><\/div>\n\t\t\t\t<div class=\"wc-block-grid__product-rating\"><div class=\"star-rating\"><span style=\"width:100%\">Vurdert <strong class=\"rating\">5.00<\/strong> av 5 basert p\u00e5 <span class=\"rating\">5<\/span> kundevurderinger<\/span><\/div><\/div>\n\t\t\t\t\n\t\t\t<\/li><li class=\"wc-block-grid__product\">\n\t\t\t\t<a href=\"https:\/\/www.stethoscope24.com\/stetoskop\/product\/littmann-stetoskop-kardiologi-iv-marinebla-regnbuefarget-svart-stamme\/\" class=\"wc-block-grid__product-link\">\n\t\t\t\t\t\n\t\t\t\t\t<div class=\"wc-block-grid__product-image\"><img decoding=\"async\" width=\"300\" height=\"300\" src=\"https:\/\/i0.wp.com\/www.stethoscope24.com\/stetoskop\/wp-content\/uploads\/2020\/08\/Littmann_6242.jpg?fit=300%2C300&amp;ssl=1\" class=\"attachment-woocommerce_thumbnail size-woocommerce_thumbnail\" alt=\"Littmann stetoskop Kardiologi IV marinebl\u00e5 regnbuefarget\" srcset=\"https:\/\/i0.wp.com\/www.stethoscope24.com\/stetoskop\/wp-content\/uploads\/2020\/08\/Littmann_6242.jpg?w=800&amp;ssl=1 800w, https:\/\/i0.wp.com\/www.stethoscope24.com\/stetoskop\/wp-content\/uploads\/2020\/08\/Littmann_6242.jpg?resize=300%2C300&amp;ssl=1 300w, https:\/\/i0.wp.com\/www.stethoscope24.com\/stetoskop\/wp-content\/uploads\/2020\/08\/Littmann_6242.jpg?resize=150%2C150&amp;ssl=1 150w, https:\/\/i0.wp.com\/www.stethoscope24.com\/stetoskop\/wp-content\/uploads\/2020\/08\/Littmann_6242.jpg?resize=768%2C768&amp;ssl=1 768w, https:\/\/i0.wp.com\/www.stethoscope24.com\/stetoskop\/wp-content\/uploads\/2020\/08\/Littmann_6242.jpg?resize=650%2C650&amp;ssl=1 650w\" sizes=\"(max-width: 300px) 100vw, 300px\" \/><\/div>\n\t\t\t\t\t<div class=\"wc-block-grid__product-title\">Littmann stetoskop Kardiologi IV marinebl\u00e5 \/ regnbuefarget \/ svart stamme<\/div>\n\t\t\t\t<\/a>\n\t\t\t\t<div class=\"wc-block-grid__product-price price\"><span class=\"woocommerce-Price-amount amount\">3 239,00&nbsp;<span class=\"woocommerce-Price-currencySymbol\">&#107;&#114;<\/span><\/span> <small class=\"woocommerce-price-suffix\">Eks. MVA<\/small><\/div>\n\t\t\t\t<div class=\"wc-block-grid__product-rating\"><div class=\"star-rating\"><span style=\"width:100%\">Vurdert <strong class=\"rating\">5.00<\/strong> av 5 basert p\u00e5 <span class=\"rating\">5<\/span> kundevurderinger<\/span><\/div><\/div>\n\t\t\t\t\n\t\t\t<\/li><li class=\"wc-block-grid__product\">\n\t\t\t\t<a href=\"https:\/\/www.stethoscope24.com\/stetoskop\/product\/littmann-stetoskop-kardiologi-iv-bringebaer-regnbuefarget-roykfarget-stamme\/\" class=\"wc-block-grid__product-link\">\n\t\t\t\t\t\n\t\t\t\t\t<div class=\"wc-block-grid__product-image\"><img loading=\"lazy\" decoding=\"async\" width=\"300\" height=\"300\" src=\"https:\/\/i0.wp.com\/www.stethoscope24.com\/stetoskop\/wp-content\/uploads\/2020\/08\/Littmann_6241.jpg?fit=300%2C300&amp;ssl=1\" class=\"attachment-woocommerce_thumbnail size-woocommerce_thumbnail\" alt=\"Littmann Stethoscope Cardiology IV Raspberry \/ Rainbow \/ Smoke Stem 6241\" srcset=\"https:\/\/i0.wp.com\/www.stethoscope24.com\/stetoskop\/wp-content\/uploads\/2020\/08\/Littmann_6241.jpg?w=800&amp;ssl=1 800w, https:\/\/i0.wp.com\/www.stethoscope24.com\/stetoskop\/wp-content\/uploads\/2020\/08\/Littmann_6241.jpg?resize=300%2C300&amp;ssl=1 300w, https:\/\/i0.wp.com\/www.stethoscope24.com\/stetoskop\/wp-content\/uploads\/2020\/08\/Littmann_6241.jpg?resize=150%2C150&amp;ssl=1 150w, https:\/\/i0.wp.com\/www.stethoscope24.com\/stetoskop\/wp-content\/uploads\/2020\/08\/Littmann_6241.jpg?resize=768%2C768&amp;ssl=1 768w, https:\/\/i0.wp.com\/www.stethoscope24.com\/stetoskop\/wp-content\/uploads\/2020\/08\/Littmann_6241.jpg?resize=650%2C650&amp;ssl=1 650w\" sizes=\"(max-width: 300px) 100vw, 300px\" \/><\/div>\n\t\t\t\t\t<div class=\"wc-block-grid__product-title\">Littmann stetoskop Kardiologi IV bringeb\u00e6r \/ regnbuefarget \/ r\u00f8ykfarget stamme<\/div>\n\t\t\t\t<\/a>\n\t\t\t\t<div class=\"wc-block-grid__product-price price\"><span class=\"woocommerce-Price-amount amount\">3 239,00&nbsp;<span class=\"woocommerce-Price-currencySymbol\">&#107;&#114;<\/span><\/span> <small class=\"woocommerce-price-suffix\">Eks. MVA<\/small><\/div>\n\t\t\t\t<div class=\"wc-block-grid__product-rating\"><div class=\"star-rating\"><span style=\"width:100%\">Vurdert <strong class=\"rating\">5.00<\/strong> av 5 basert p\u00e5 <span class=\"rating\">5<\/span> kundevurderinger<\/span><\/div><\/div>\n\t\t\t\t\n\t\t\t<\/li><li class=\"wc-block-grid__product\">\n\t\t\t\t<a href=\"https:\/\/www.stethoscope24.com\/stetoskop\/product\/littmann-stetoskop-kardiologi-iv-svart-regnbuefarget-roykfarget-stamme\/\" class=\"wc-block-grid__product-link\">\n\t\t\t\t\t\n\t\t\t\t\t<div class=\"wc-block-grid__product-image\"><img loading=\"lazy\" decoding=\"async\" width=\"300\" height=\"300\" src=\"https:\/\/i0.wp.com\/www.stethoscope24.com\/stetoskop\/wp-content\/uploads\/2020\/08\/Littmann_6240.jpg?fit=300%2C300&amp;ssl=1\" class=\"attachment-woocommerce_thumbnail size-woocommerce_thumbnail\" alt=\"Littmann stetoskop Kardiologi IV svart \/ regnbuefarget \/ r\u00f8ykfarget stamme\" srcset=\"https:\/\/i0.wp.com\/www.stethoscope24.com\/stetoskop\/wp-content\/uploads\/2020\/08\/Littmann_6240.jpg?w=800&amp;ssl=1 800w, https:\/\/i0.wp.com\/www.stethoscope24.com\/stetoskop\/wp-content\/uploads\/2020\/08\/Littmann_6240.jpg?resize=300%2C300&amp;ssl=1 300w, https:\/\/i0.wp.com\/www.stethoscope24.com\/stetoskop\/wp-content\/uploads\/2020\/08\/Littmann_6240.jpg?resize=150%2C150&amp;ssl=1 150w, https:\/\/i0.wp.com\/www.stethoscope24.com\/stetoskop\/wp-content\/uploads\/2020\/08\/Littmann_6240.jpg?resize=768%2C768&amp;ssl=1 768w, https:\/\/i0.wp.com\/www.stethoscope24.com\/stetoskop\/wp-content\/uploads\/2020\/08\/Littmann_6240.jpg?resize=650%2C650&amp;ssl=1 650w\" sizes=\"(max-width: 300px) 100vw, 300px\" \/><\/div>\n\t\t\t\t\t<div class=\"wc-block-grid__product-title\">Littmann stetoskop Kardiologi IV svart \/ regnbuefarget \/ r\u00f8ykfarget stamme<\/div>\n\t\t\t\t<\/a>\n\t\t\t\t<div class=\"wc-block-grid__product-price price\"><span class=\"woocommerce-Price-amount amount\">3 239,00&nbsp;<span class=\"woocommerce-Price-currencySymbol\">&#107;&#114;<\/span><\/span> <small class=\"woocommerce-price-suffix\">Eks. MVA<\/small><\/div>\n\t\t\t\t<div class=\"wc-block-grid__product-rating\"><div class=\"star-rating\"><span style=\"width:100%\">Vurdert <strong class=\"rating\">5.00<\/strong> av 5 basert p\u00e5 <span class=\"rating\">5<\/span> kundevurderinger<\/span><\/div><\/div>\n\t\t\t\t\n\t\t\t<\/li><li class=\"wc-block-grid__product\">\n\t\t\t\t<a href=\"https:\/\/www.stethoscope24.com\/stetoskop\/product\/littmann-stetoskop-kardiologi-iv-gratt-roykfarget-finish-roykfarget-stamme\/\" class=\"wc-block-grid__product-link\">\n\t\t\t\t\t\n\t\t\t\t\t<div class=\"wc-block-grid__product-image\"><img loading=\"lazy\" decoding=\"async\" width=\"300\" height=\"300\" src=\"https:\/\/i0.wp.com\/www.stethoscope24.com\/stetoskop\/wp-content\/uploads\/2020\/08\/Littmann_6238.jpg?fit=300%2C300&amp;ssl=1\" class=\"attachment-woocommerce_thumbnail size-woocommerce_thumbnail\" alt=\"Littmann stetoskop Kardiologi IV gr\u00e5tt \/ r\u00f8ykfarget finish \/ r\u00f8ykfarget stamme 6238\" srcset=\"https:\/\/i0.wp.com\/www.stethoscope24.com\/stetoskop\/wp-content\/uploads\/2020\/08\/Littmann_6238.jpg?w=800&amp;ssl=1 800w, https:\/\/i0.wp.com\/www.stethoscope24.com\/stetoskop\/wp-content\/uploads\/2020\/08\/Littmann_6238.jpg?resize=300%2C300&amp;ssl=1 300w, https:\/\/i0.wp.com\/www.stethoscope24.com\/stetoskop\/wp-content\/uploads\/2020\/08\/Littmann_6238.jpg?resize=150%2C150&amp;ssl=1 150w, https:\/\/i0.wp.com\/www.stethoscope24.com\/stetoskop\/wp-content\/uploads\/2020\/08\/Littmann_6238.jpg?resize=768%2C768&amp;ssl=1 768w, https:\/\/i0.wp.com\/www.stethoscope24.com\/stetoskop\/wp-content\/uploads\/2020\/08\/Littmann_6238.jpg?resize=650%2C650&amp;ssl=1 650w\" sizes=\"(max-width: 300px) 100vw, 300px\" \/><\/div>\n\t\t\t\t\t<div class=\"wc-block-grid__product-title\">Littmann stetoskop Kardiologi IV gr\u00e5tt \/ r\u00f8ykfarget finish \/ r\u00f8ykfarget stamme<\/div>\n\t\t\t\t<\/a>\n\t\t\t\t<div class=\"wc-block-grid__product-price price\"><span class=\"woocommerce-Price-amount amount\">3 239,00&nbsp;<span class=\"woocommerce-Price-currencySymbol\">&#107;&#114;<\/span><\/span> <small class=\"woocommerce-price-suffix\">Eks. MVA<\/small><\/div>\n\t\t\t\t<div class=\"wc-block-grid__product-rating\"><div class=\"star-rating\"><span style=\"width:100%\">Vurdert <strong class=\"rating\">5.00<\/strong> av 5 basert p\u00e5 <span class=\"rating\">5<\/span> kundevurderinger<\/span><\/div><\/div>\n\t\t\t\t\n\t\t\t<\/li><li class=\"wc-block-grid__product\">\n\t\t\t\t<a href=\"https:\/\/www.stethoscope24.com\/stetoskop\/product\/littmann-stetoskop-kardiologi-iv-karibisk-bla-roykfarget-finish-stamme-med-speilglans\/\" class=\"wc-block-grid__product-link\">\n\t\t\t\t\t\n\t\t\t\t\t<div class=\"wc-block-grid__product-image\"><img loading=\"lazy\" decoding=\"async\" width=\"300\" height=\"300\" src=\"https:\/\/i0.wp.com\/www.stethoscope24.com\/stetoskop\/wp-content\/uploads\/2020\/08\/Littmann_6234.jpg?fit=300%2C300&amp;ssl=1\" class=\"attachment-woocommerce_thumbnail size-woocommerce_thumbnail\" alt=\"Littmann stetoskop Kardiologi IV karibisk bl\u00e5 \/ r\u00f8ykfarget finish \/ stamme med speilglans 6234\" srcset=\"https:\/\/i0.wp.com\/www.stethoscope24.com\/stetoskop\/wp-content\/uploads\/2020\/08\/Littmann_6234.jpg?w=800&amp;ssl=1 800w, https:\/\/i0.wp.com\/www.stethoscope24.com\/stetoskop\/wp-content\/uploads\/2020\/08\/Littmann_6234.jpg?resize=300%2C300&amp;ssl=1 300w, https:\/\/i0.wp.com\/www.stethoscope24.com\/stetoskop\/wp-content\/uploads\/2020\/08\/Littmann_6234.jpg?resize=150%2C150&amp;ssl=1 150w, https:\/\/i0.wp.com\/www.stethoscope24.com\/stetoskop\/wp-content\/uploads\/2020\/08\/Littmann_6234.jpg?resize=768%2C768&amp;ssl=1 768w, https:\/\/i0.wp.com\/www.stethoscope24.com\/stetoskop\/wp-content\/uploads\/2020\/08\/Littmann_6234.jpg?resize=650%2C650&amp;ssl=1 650w\" sizes=\"(max-width: 300px) 100vw, 300px\" \/><\/div>\n\t\t\t\t\t<div class=\"wc-block-grid__product-title\">Littmann stetoskop Kardiologi IV karibisk bl\u00e5 \/ r\u00f8ykfarget finish \/ stamme med speilglans<\/div>\n\t\t\t\t<\/a>\n\t\t\t\t<div class=\"wc-block-grid__product-price price\"><span class=\"woocommerce-Price-amount amount\">3 239,00&nbsp;<span class=\"woocommerce-Price-currencySymbol\">&#107;&#114;<\/span><\/span> <small class=\"woocommerce-price-suffix\">Eks. MVA<\/small><\/div>\n\t\t\t\t<div class=\"wc-block-grid__product-rating\"><div class=\"star-rating\"><span style=\"width:100%\">Vurdert <strong class=\"rating\">5.00<\/strong> av 5 basert p\u00e5 <span class=\"rating\">5<\/span> kundevurderinger<\/span><\/div><\/div>\n\t\t\t\t\n\t\t\t<\/li><\/ul><\/div>","protected":false},"excerpt":{"rendered":"<p>Betal trygt med kredittkort p\u00e5 v\u00e5rt nettsted. N\u00e5r du betaler p\u00e5 nettstedet v\u00e5rt med kredittkort, betaler du direkte til v\u00e5r Stripe-konto. Stripe har blitt revidert av en PCI-sertifisert revisor og er sertifisert til PCI Service Provider Level 1. Dette er det strengeste niv\u00e5et av sertifisering som er tilgjengelig i betalingsbransjen. For \u00e5 oppn\u00e5 dette bruker [&hellip;]<\/p>\n","protected":false},"author":1,"featured_media":0,"parent":0,"menu_order":0,"comment_status":"closed","ping_status":"closed","template":"","meta":{"footnotes":""},"class_list":["post-22745","page","type-page","status-publish","hentry"],"yoast_head":"<!-- This site is optimized with the Yoast SEO plugin v27.4 - https:\/\/yoast.com\/product\/yoast-seo-wordpress\/ -->\n<title>KREDITTKORT - Littmann Stetoskoper<\/title>\n<meta name=\"robots\" content=\"index, follow, max-snippet:-1, max-image-preview:large, max-video-preview:-1\" \/>\n<link rel=\"canonical\" href=\"https:\/\/www.stethoscope24.com\/stetoskop\/kredittkort\/\" \/>\n<meta property=\"og:locale\" content=\"nb_NO\" \/>\n<meta property=\"og:type\" content=\"article\" \/>\n<meta property=\"og:title\" content=\"KREDITTKORT - Littmann Stetoskoper\" \/>\n<meta property=\"og:description\" content=\"Betal trygt med kredittkort p\u00e5 v\u00e5rt nettsted. N\u00e5r du betaler p\u00e5 nettstedet v\u00e5rt med kredittkort, betaler du direkte til v\u00e5r Stripe-konto. Stripe har blitt revidert av en PCI-sertifisert revisor og er sertifisert til PCI Service Provider Level 1. Dette er det strengeste niv\u00e5et av sertifisering som er tilgjengelig i betalingsbransjen. For \u00e5 oppn\u00e5 dette bruker [&hellip;]\" \/>\n<meta property=\"og:url\" content=\"https:\/\/www.stethoscope24.com\/stetoskop\/kredittkort\/\" \/>\n<meta property=\"og:site_name\" content=\"Littmann Stetoskoper\" \/>\n<meta property=\"article:modified_time\" content=\"2021-05-02T15:23:13+00:00\" \/>\n<meta property=\"og:image\" content=\"https:\/\/stethoscope24.com\/stetoskop\/wp-content\/uploads\/2021\/01\/credit-card-logos.png\" \/>\n<meta name=\"twitter:card\" content=\"summary_large_image\" \/>\n<meta name=\"twitter:label1\" content=\"Ansl. lesetid\" \/>\n\t<meta name=\"twitter:data1\" content=\"1 minutt\" \/>\n<script type=\"application\/ld+json\" class=\"yoast-schema-graph\">{\"@context\":\"https:\\\/\\\/schema.org\",\"@graph\":[{\"@type\":\"WebPage\",\"@id\":\"https:\\\/\\\/www.stethoscope24.com\\\/stetoskop\\\/kredittkort\\\/\",\"url\":\"https:\\\/\\\/www.stethoscope24.com\\\/stetoskop\\\/kredittkort\\\/\",\"name\":\"KREDITTKORT - Littmann Stetoskoper\",\"isPartOf\":{\"@id\":\"https:\\\/\\\/www.stethoscope24.com\\\/stetoskop\\\/#website\"},\"primaryImageOfPage\":{\"@id\":\"https:\\\/\\\/www.stethoscope24.com\\\/stetoskop\\\/kredittkort\\\/#primaryimage\"},\"image\":{\"@id\":\"https:\\\/\\\/www.stethoscope24.com\\\/stetoskop\\\/kredittkort\\\/#primaryimage\"},\"thumbnailUrl\":\"https:\\\/\\\/stethoscope24.com\\\/stetoskop\\\/wp-content\\\/uploads\\\/2021\\\/01\\\/credit-card-logos.png\",\"datePublished\":\"2021-01-25T13:28:37+00:00\",\"dateModified\":\"2021-05-02T15:23:13+00:00\",\"breadcrumb\":{\"@id\":\"https:\\\/\\\/www.stethoscope24.com\\\/stetoskop\\\/kredittkort\\\/#breadcrumb\"},\"inLanguage\":\"nb-NO\",\"potentialAction\":[{\"@type\":\"ReadAction\",\"target\":[\"https:\\\/\\\/www.stethoscope24.com\\\/stetoskop\\\/kredittkort\\\/\"]}]},{\"@type\":\"ImageObject\",\"inLanguage\":\"nb-NO\",\"@id\":\"https:\\\/\\\/www.stethoscope24.com\\\/stetoskop\\\/kredittkort\\\/#primaryimage\",\"url\":\"https:\\\/\\\/stethoscope24.com\\\/stetoskop\\\/wp-content\\\/uploads\\\/2021\\\/01\\\/credit-card-logos.png\",\"contentUrl\":\"https:\\\/\\\/stethoscope24.com\\\/stetoskop\\\/wp-content\\\/uploads\\\/2021\\\/01\\\/credit-card-logos.png\"},{\"@type\":\"BreadcrumbList\",\"@id\":\"https:\\\/\\\/www.stethoscope24.com\\\/stetoskop\\\/kredittkort\\\/#breadcrumb\",\"itemListElement\":[{\"@type\":\"ListItem\",\"position\":1,\"name\":\"Home\",\"item\":\"https:\\\/\\\/www.stethoscope24.com\\\/stetoskop\\\/\"},{\"@type\":\"ListItem\",\"position\":2,\"name\":\"KREDITTKORT\"}]},{\"@type\":\"WebSite\",\"@id\":\"https:\\\/\\\/www.stethoscope24.com\\\/stetoskop\\\/#website\",\"url\":\"https:\\\/\\\/www.stethoscope24.com\\\/stetoskop\\\/\",\"name\":\"Littmann Stetoskoper\",\"description\":\"3M Littmann Stetoskoper\",\"publisher\":{\"@id\":\"https:\\\/\\\/www.stethoscope24.com\\\/stetoskop\\\/#organization\"},\"potentialAction\":[{\"@type\":\"SearchAction\",\"target\":{\"@type\":\"EntryPoint\",\"urlTemplate\":\"https:\\\/\\\/www.stethoscope24.com\\\/stetoskop\\\/?s={search_term_string}\"},\"query-input\":{\"@type\":\"PropertyValueSpecification\",\"valueRequired\":true,\"valueName\":\"search_term_string\"}}],\"inLanguage\":\"nb-NO\"},{\"@type\":\"Organization\",\"@id\":\"https:\\\/\\\/www.stethoscope24.com\\\/stetoskop\\\/#organization\",\"name\":\"Stethoscope24\",\"url\":\"https:\\\/\\\/www.stethoscope24.com\\\/stetoskop\\\/\",\"logo\":{\"@type\":\"ImageObject\",\"inLanguage\":\"nb-NO\",\"@id\":\"https:\\\/\\\/www.stethoscope24.com\\\/stetoskop\\\/#\\\/schema\\\/logo\\\/image\\\/\",\"url\":\"https:\\\/\\\/i1.wp.com\\\/stethoscope24.com\\\/stetoskop\\\/wp-content\\\/uploads\\\/2021\\\/03\\\/cropped-logostethoscope24.jpg?fit=330%2C72&ssl=1\",\"contentUrl\":\"https:\\\/\\\/i1.wp.com\\\/stethoscope24.com\\\/stetoskop\\\/wp-content\\\/uploads\\\/2021\\\/03\\\/cropped-logostethoscope24.jpg?fit=330%2C72&ssl=1\",\"width\":330,\"height\":72,\"caption\":\"Stethoscope24\"},\"image\":{\"@id\":\"https:\\\/\\\/www.stethoscope24.com\\\/stetoskop\\\/#\\\/schema\\\/logo\\\/image\\\/\"}}]}<\/script>\n<!-- \/ Yoast SEO plugin. -->","yoast_head_json":{"title":"KREDITTKORT - Littmann Stetoskoper","robots":{"index":"index","follow":"follow","max-snippet":"max-snippet:-1","max-image-preview":"max-image-preview:large","max-video-preview":"max-video-preview:-1"},"canonical":"https:\/\/www.stethoscope24.com\/stetoskop\/kredittkort\/","og_locale":"nb_NO","og_type":"article","og_title":"KREDITTKORT - Littmann Stetoskoper","og_description":"Betal trygt med kredittkort p\u00e5 v\u00e5rt nettsted. N\u00e5r du betaler p\u00e5 nettstedet v\u00e5rt med kredittkort, betaler du direkte til v\u00e5r Stripe-konto. Stripe har blitt revidert av en PCI-sertifisert revisor og er sertifisert til PCI Service Provider Level 1. Dette er det strengeste niv\u00e5et av sertifisering som er tilgjengelig i betalingsbransjen. For \u00e5 oppn\u00e5 dette bruker [&hellip;]","og_url":"https:\/\/www.stethoscope24.com\/stetoskop\/kredittkort\/","og_site_name":"Littmann Stetoskoper","article_modified_time":"2021-05-02T15:23:13+00:00","og_image":[{"url":"https:\/\/stethoscope24.com\/stetoskop\/wp-content\/uploads\/2021\/01\/credit-card-logos.png","type":"","width":"","height":""}],"twitter_card":"summary_large_image","twitter_misc":{"Ansl. lesetid":"1 minutt"},"schema":{"@context":"https:\/\/schema.org","@graph":[{"@type":"WebPage","@id":"https:\/\/www.stethoscope24.com\/stetoskop\/kredittkort\/","url":"https:\/\/www.stethoscope24.com\/stetoskop\/kredittkort\/","name":"KREDITTKORT - Littmann Stetoskoper","isPartOf":{"@id":"https:\/\/www.stethoscope24.com\/stetoskop\/#website"},"primaryImageOfPage":{"@id":"https:\/\/www.stethoscope24.com\/stetoskop\/kredittkort\/#primaryimage"},"image":{"@id":"https:\/\/www.stethoscope24.com\/stetoskop\/kredittkort\/#primaryimage"},"thumbnailUrl":"https:\/\/stethoscope24.com\/stetoskop\/wp-content\/uploads\/2021\/01\/credit-card-logos.png","datePublished":"2021-01-25T13:28:37+00:00","dateModified":"2021-05-02T15:23:13+00:00","breadcrumb":{"@id":"https:\/\/www.stethoscope24.com\/stetoskop\/kredittkort\/#breadcrumb"},"inLanguage":"nb-NO","potentialAction":[{"@type":"ReadAction","target":["https:\/\/www.stethoscope24.com\/stetoskop\/kredittkort\/"]}]},{"@type":"ImageObject","inLanguage":"nb-NO","@id":"https:\/\/www.stethoscope24.com\/stetoskop\/kredittkort\/#primaryimage","url":"https:\/\/stethoscope24.com\/stetoskop\/wp-content\/uploads\/2021\/01\/credit-card-logos.png","contentUrl":"https:\/\/stethoscope24.com\/stetoskop\/wp-content\/uploads\/2021\/01\/credit-card-logos.png"},{"@type":"BreadcrumbList","@id":"https:\/\/www.stethoscope24.com\/stetoskop\/kredittkort\/#breadcrumb","itemListElement":[{"@type":"ListItem","position":1,"name":"Home","item":"https:\/\/www.stethoscope24.com\/stetoskop\/"},{"@type":"ListItem","position":2,"name":"KREDITTKORT"}]},{"@type":"WebSite","@id":"https:\/\/www.stethoscope24.com\/stetoskop\/#website","url":"https:\/\/www.stethoscope24.com\/stetoskop\/","name":"Littmann Stetoskoper","description":"3M Littmann Stetoskoper","publisher":{"@id":"https:\/\/www.stethoscope24.com\/stetoskop\/#organization"},"potentialAction":[{"@type":"SearchAction","target":{"@type":"EntryPoint","urlTemplate":"https:\/\/www.stethoscope24.com\/stetoskop\/?s={search_term_string}"},"query-input":{"@type":"PropertyValueSpecification","valueRequired":true,"valueName":"search_term_string"}}],"inLanguage":"nb-NO"},{"@type":"Organization","@id":"https:\/\/www.stethoscope24.com\/stetoskop\/#organization","name":"Stethoscope24","url":"https:\/\/www.stethoscope24.com\/stetoskop\/","logo":{"@type":"ImageObject","inLanguage":"nb-NO","@id":"https:\/\/www.stethoscope24.com\/stetoskop\/#\/schema\/logo\/image\/","url":"https:\/\/i1.wp.com\/stethoscope24.com\/stetoskop\/wp-content\/uploads\/2021\/03\/cropped-logostethoscope24.jpg?fit=330%2C72&ssl=1","contentUrl":"https:\/\/i1.wp.com\/stethoscope24.com\/stetoskop\/wp-content\/uploads\/2021\/03\/cropped-logostethoscope24.jpg?fit=330%2C72&ssl=1","width":330,"height":72,"caption":"Stethoscope24"},"image":{"@id":"https:\/\/www.stethoscope24.com\/stetoskop\/#\/schema\/logo\/image\/"}}]}},"jetpack_sharing_enabled":true,"_links":{"self":[{"href":"https:\/\/www.stethoscope24.com\/stetoskop\/wp-json\/wp\/v2\/pages\/22745","targetHints":{"allow":["GET"]}}],"collection":[{"href":"https:\/\/www.stethoscope24.com\/stetoskop\/wp-json\/wp\/v2\/pages"}],"about":[{"href":"https:\/\/www.stethoscope24.com\/stetoskop\/wp-json\/wp\/v2\/types\/page"}],"author":[{"embeddable":true,"href":"https:\/\/www.stethoscope24.com\/stetoskop\/wp-json\/wp\/v2\/users\/1"}],"replies":[{"embeddable":true,"href":"https:\/\/www.stethoscope24.com\/stetoskop\/wp-json\/wp\/v2\/comments?post=22745"}],"version-history":[{"count":4,"href":"https:\/\/www.stethoscope24.com\/stetoskop\/wp-json\/wp\/v2\/pages\/22745\/revisions"}],"predecessor-version":[{"id":24318,"href":"https:\/\/www.stethoscope24.com\/stetoskop\/wp-json\/wp\/v2\/pages\/22745\/revisions\/24318"}],"wp:attachment":[{"href":"https:\/\/www.stethoscope24.com\/stetoskop\/wp-json\/wp\/v2\/media?parent=22745"}],"curies":[{"name":"wp","href":"https:\/\/api.w.org\/{rel}","templated":true}]}}