{"id":22943,"date":"2021-01-31T11:30:36","date_gmt":"2021-01-31T11:30:36","guid":{"rendered":"https:\/\/stethoscope24.com\/stetoskop\/?page_id=22943"},"modified":"2021-05-02T14:47:46","modified_gmt":"2021-05-02T14:47:46","slug":"bruk-av-justerbar-teknologi-i-littmann-stetoskop","status":"publish","type":"page","link":"https:\/\/www.stethoscope24.com\/stetoskop\/bruk-av-justerbar-teknologi-i-littmann-stetoskop\/","title":{"rendered":"Bruk av justerbar teknologi i Littmann stetoskop"},"content":{"rendered":"\n<div class=\"wp-block-media-text alignwide is-stacked-on-mobile is-vertically-aligned-top\" style=\"grid-template-columns:26% auto\"><figure class=\"wp-block-media-text__media\"><img data-recalc-dims=\"1\" fetchpriority=\"high\" decoding=\"async\" width=\"270\" height=\"270\" src=\"https:\/\/i0.wp.com\/stethoscope24.com\/stetoskop\/wp-content\/uploads\/2021\/04\/Tunable_rG-54_Frequencies_no.jpg?resize=270%2C270&#038;ssl=1\" alt=\"Bruk av justerbar teknologi i Littmann stetoskop\" class=\"wp-image-24239 size-full\" srcset=\"https:\/\/i0.wp.com\/www.stethoscope24.com\/stetoskop\/wp-content\/uploads\/2021\/04\/Tunable_rG-54_Frequencies_no.jpg?w=270&amp;ssl=1 270w, https:\/\/i0.wp.com\/www.stethoscope24.com\/stetoskop\/wp-content\/uploads\/2021\/04\/Tunable_rG-54_Frequencies_no.jpg?resize=150%2C150&amp;ssl=1 150w\" sizes=\"(max-width: 270px) 100vw, 270px\" \/><\/figure><div class=\"wp-block-media-text__content\">\n<h3 class=\"wp-block-heading\">Bytt enkelt mellom \u00e5 lytte til h\u00f8ye eller lave frekvenser.<\/h3>\n\n\n\n<p>Justerbar membranteknologi er en oppfinnelse fra 3M som bidrar til \u00e5 gj\u00f8re auskulteringen av en pasient enklere og mer effektiv. Du kan h\u00f8re forskjellige typer lyd bare ved \u00e5 justere presset du legger p\u00e5 bryststykket p\u00e5 3M&#x2122; Littmann\u00ae -stetoskopet.<\/p>\n\n\n\n<p>Nesten alle stetoskop fra Littmann har minst en justerbar membran. (Unntakene: elektronisk, pediatrisk og neonatale modeller.) Den justerbare teknologien eliminerer praktisk talt behovet for \u00e5 flytte, snu og reposisjonere bryststykket bare for \u00e5 h\u00f8re forskjellige lyder.<\/p>\n\n\n\n<p>Mens andre stetoskopmerker krever at du l\u00f8sner og bytter membraner og klokker, handler Littmann sine stetoskop om brukervennlighet.<\/p>\n\n\n\n<p>For \u00e5 h\u00f8re lavfrekvente lyder, sett bryststykket lett p\u00e5 pasienten. I denne posisjonen er membranen strukket, som gj\u00f8r at lavfrekvente lyder resonneres.<\/p>\n\n\n\n<p>For \u00e5 h\u00f8re h\u00f8yfrekvente lyder, presser du bryststykket hardere mot kroppen. N\u00e5r presser mer p\u00e5 bryststykket, er membranbevegelsen begrenset. Dette blokkerer (eller demper) lavfrekvente lyder, som gj\u00f8r at du h\u00f8rer lyder med h\u00f8y frekvens.<\/p>\n<\/div><\/div>\n\n\n\n<div class=\"wp-block-image\"><figure class=\"aligncenter size-full\"><img data-recalc-dims=\"1\" decoding=\"async\" width=\"490\" height=\"60\" src=\"https:\/\/i0.wp.com\/stethoscope24.com\/stetoskop\/wp-content\/uploads\/2021\/02\/banner-small.jpg?resize=490%2C60&#038;ssl=1\" alt=\"Stethoscope Littmann\" class=\"wp-image-23082\" srcset=\"https:\/\/i0.wp.com\/www.stethoscope24.com\/stetoskop\/wp-content\/uploads\/2021\/02\/banner-small.jpg?w=490&amp;ssl=1 490w, https:\/\/i0.wp.com\/www.stethoscope24.com\/stetoskop\/wp-content\/uploads\/2021\/02\/banner-small.jpg?resize=300%2C37&amp;ssl=1 300w, https:\/\/i0.wp.com\/www.stethoscope24.com\/stetoskop\/wp-content\/uploads\/2021\/02\/banner-small.jpg?resize=150%2C18&amp;ssl=1 150w, https:\/\/i0.wp.com\/www.stethoscope24.com\/stetoskop\/wp-content\/uploads\/2021\/02\/banner-small.jpg?resize=64%2C8&amp;ssl=1 64w\" sizes=\"(max-width: 490px) 100vw, 490px\" \/><\/figure><\/div>\n\n\n\n<p><\/p>\n\n\n\n<p><\/p>\n\n\n\n<p><\/p>\n\n\n\n<h3 class=\"wp-block-heading\">Se n\u00e6rmere p\u00e5 disse stetoskopene<\/h3>\n\n\n<div data-block-name=\"woocommerce\/product-category\" data-categories=\"[129]\" data-columns=\"5\" data-content-visibility=\"{&quot;title&quot;:true,&quot;price&quot;:true,&quot;rating&quot;:true,&quot;button&quot;:false}\" data-rows=\"1\" class=\"wc-block-grid wp-block-product-category wp-block-woocommerce-product-category wc-block-product-category has-5-columns\"><ul class=\"wc-block-grid__products\"><li class=\"wc-block-grid__product\">\n\t\t\t\t<a href=\"https:\/\/www.stethoscope24.com\/stetoskop\/product\/littmann-stetoskop-kardiologi-iv-svart-speilfinish-champagnefarget-stamme\/\" class=\"wc-block-grid__product-link\">\n\t\t\t\t\t\n\t\t\t\t\t<div class=\"wc-block-grid__product-image\"><img decoding=\"async\" width=\"300\" height=\"300\" src=\"https:\/\/i0.wp.com\/www.stethoscope24.com\/stetoskop\/wp-content\/uploads\/2020\/09\/Littmann_6204.jpg?fit=300%2C300&amp;ssl=1\" class=\"attachment-woocommerce_thumbnail size-woocommerce_thumbnail\" alt=\"Littmann stetoskop Kardiologi IV svart \/ speilfinish \/ champagnefarget stamme 6204\" srcset=\"https:\/\/i0.wp.com\/www.stethoscope24.com\/stetoskop\/wp-content\/uploads\/2020\/09\/Littmann_6204.jpg?w=400&amp;ssl=1 400w, https:\/\/i0.wp.com\/www.stethoscope24.com\/stetoskop\/wp-content\/uploads\/2020\/09\/Littmann_6204.jpg?resize=300%2C300&amp;ssl=1 300w, https:\/\/i0.wp.com\/www.stethoscope24.com\/stetoskop\/wp-content\/uploads\/2020\/09\/Littmann_6204.jpg?resize=150%2C150&amp;ssl=1 150w\" sizes=\"(max-width: 300px) 100vw, 300px\" \/><\/div>\n\t\t\t\t\t<div class=\"wc-block-grid__product-title\">Littmann stetoskop Kardiologi IV svart \/ speilfinish \/ champagnefarget stamme<\/div>\n\t\t\t\t<\/a>\n\t\t\t\t<div class=\"wc-block-grid__product-price price\"><span class=\"woocommerce-Price-amount amount\">3 239,00&nbsp;<span class=\"woocommerce-Price-currencySymbol\">&#107;&#114;<\/span><\/span> <small class=\"woocommerce-price-suffix\">Eks. MVA<\/small><\/div>\n\t\t\t\t<div class=\"wc-block-grid__product-rating\"><div class=\"star-rating\"><span style=\"width:100%\">Vurdert <strong class=\"rating\">5.00<\/strong> av 5 basert p\u00e5 <span class=\"rating\">5<\/span> kundevurderinger<\/span><\/div><\/div>\n\t\t\t\t\n\t\t\t<\/li><li class=\"wc-block-grid__product\">\n\t\t\t\t<a href=\"https:\/\/www.stethoscope24.com\/stetoskop\/product\/littmann-stetoskop-kardiologi-iv-marinebla-regnbuefarget-svart-stamme\/\" class=\"wc-block-grid__product-link\">\n\t\t\t\t\t\n\t\t\t\t\t<div class=\"wc-block-grid__product-image\"><img loading=\"lazy\" decoding=\"async\" width=\"300\" height=\"300\" src=\"https:\/\/i0.wp.com\/www.stethoscope24.com\/stetoskop\/wp-content\/uploads\/2020\/08\/Littmann_6242.jpg?fit=300%2C300&amp;ssl=1\" class=\"attachment-woocommerce_thumbnail size-woocommerce_thumbnail\" alt=\"Littmann stetoskop Kardiologi IV marinebl\u00e5 regnbuefarget\" srcset=\"https:\/\/i0.wp.com\/www.stethoscope24.com\/stetoskop\/wp-content\/uploads\/2020\/08\/Littmann_6242.jpg?w=800&amp;ssl=1 800w, https:\/\/i0.wp.com\/www.stethoscope24.com\/stetoskop\/wp-content\/uploads\/2020\/08\/Littmann_6242.jpg?resize=300%2C300&amp;ssl=1 300w, https:\/\/i0.wp.com\/www.stethoscope24.com\/stetoskop\/wp-content\/uploads\/2020\/08\/Littmann_6242.jpg?resize=150%2C150&amp;ssl=1 150w, https:\/\/i0.wp.com\/www.stethoscope24.com\/stetoskop\/wp-content\/uploads\/2020\/08\/Littmann_6242.jpg?resize=768%2C768&amp;ssl=1 768w, https:\/\/i0.wp.com\/www.stethoscope24.com\/stetoskop\/wp-content\/uploads\/2020\/08\/Littmann_6242.jpg?resize=650%2C650&amp;ssl=1 650w\" sizes=\"(max-width: 300px) 100vw, 300px\" \/><\/div>\n\t\t\t\t\t<div class=\"wc-block-grid__product-title\">Littmann stetoskop Kardiologi IV marinebl\u00e5 \/ regnbuefarget \/ svart stamme<\/div>\n\t\t\t\t<\/a>\n\t\t\t\t<div class=\"wc-block-grid__product-price price\"><span class=\"woocommerce-Price-amount amount\">3 239,00&nbsp;<span class=\"woocommerce-Price-currencySymbol\">&#107;&#114;<\/span><\/span> <small class=\"woocommerce-price-suffix\">Eks. MVA<\/small><\/div>\n\t\t\t\t<div class=\"wc-block-grid__product-rating\"><div class=\"star-rating\"><span style=\"width:100%\">Vurdert <strong class=\"rating\">5.00<\/strong> av 5 basert p\u00e5 <span class=\"rating\">5<\/span> kundevurderinger<\/span><\/div><\/div>\n\t\t\t\t\n\t\t\t<\/li><li class=\"wc-block-grid__product\">\n\t\t\t\t<a href=\"https:\/\/www.stethoscope24.com\/stetoskop\/product\/littmann-stetoskop-kardiologi-iv-bringebaer-regnbuefarget-roykfarget-stamme\/\" class=\"wc-block-grid__product-link\">\n\t\t\t\t\t\n\t\t\t\t\t<div class=\"wc-block-grid__product-image\"><img loading=\"lazy\" decoding=\"async\" width=\"300\" height=\"300\" src=\"https:\/\/i0.wp.com\/www.stethoscope24.com\/stetoskop\/wp-content\/uploads\/2020\/08\/Littmann_6241.jpg?fit=300%2C300&amp;ssl=1\" class=\"attachment-woocommerce_thumbnail size-woocommerce_thumbnail\" alt=\"Littmann Stethoscope Cardiology IV Raspberry \/ Rainbow \/ Smoke Stem 6241\" srcset=\"https:\/\/i0.wp.com\/www.stethoscope24.com\/stetoskop\/wp-content\/uploads\/2020\/08\/Littmann_6241.jpg?w=800&amp;ssl=1 800w, https:\/\/i0.wp.com\/www.stethoscope24.com\/stetoskop\/wp-content\/uploads\/2020\/08\/Littmann_6241.jpg?resize=300%2C300&amp;ssl=1 300w, https:\/\/i0.wp.com\/www.stethoscope24.com\/stetoskop\/wp-content\/uploads\/2020\/08\/Littmann_6241.jpg?resize=150%2C150&amp;ssl=1 150w, https:\/\/i0.wp.com\/www.stethoscope24.com\/stetoskop\/wp-content\/uploads\/2020\/08\/Littmann_6241.jpg?resize=768%2C768&amp;ssl=1 768w, https:\/\/i0.wp.com\/www.stethoscope24.com\/stetoskop\/wp-content\/uploads\/2020\/08\/Littmann_6241.jpg?resize=650%2C650&amp;ssl=1 650w\" sizes=\"(max-width: 300px) 100vw, 300px\" \/><\/div>\n\t\t\t\t\t<div class=\"wc-block-grid__product-title\">Littmann stetoskop Kardiologi IV bringeb\u00e6r \/ regnbuefarget \/ r\u00f8ykfarget stamme<\/div>\n\t\t\t\t<\/a>\n\t\t\t\t<div class=\"wc-block-grid__product-price price\"><span class=\"woocommerce-Price-amount amount\">3 239,00&nbsp;<span class=\"woocommerce-Price-currencySymbol\">&#107;&#114;<\/span><\/span> <small class=\"woocommerce-price-suffix\">Eks. MVA<\/small><\/div>\n\t\t\t\t<div class=\"wc-block-grid__product-rating\"><div class=\"star-rating\"><span style=\"width:100%\">Vurdert <strong class=\"rating\">5.00<\/strong> av 5 basert p\u00e5 <span class=\"rating\">5<\/span> kundevurderinger<\/span><\/div><\/div>\n\t\t\t\t\n\t\t\t<\/li><li class=\"wc-block-grid__product\">\n\t\t\t\t<a href=\"https:\/\/www.stethoscope24.com\/stetoskop\/product\/littmann-stetoskop-kardiologi-iv-svart-regnbuefarget-roykfarget-stamme\/\" class=\"wc-block-grid__product-link\">\n\t\t\t\t\t\n\t\t\t\t\t<div class=\"wc-block-grid__product-image\"><img loading=\"lazy\" decoding=\"async\" width=\"300\" height=\"300\" src=\"https:\/\/i0.wp.com\/www.stethoscope24.com\/stetoskop\/wp-content\/uploads\/2020\/08\/Littmann_6240.jpg?fit=300%2C300&amp;ssl=1\" class=\"attachment-woocommerce_thumbnail size-woocommerce_thumbnail\" alt=\"Littmann stetoskop Kardiologi IV svart \/ regnbuefarget \/ r\u00f8ykfarget stamme\" srcset=\"https:\/\/i0.wp.com\/www.stethoscope24.com\/stetoskop\/wp-content\/uploads\/2020\/08\/Littmann_6240.jpg?w=800&amp;ssl=1 800w, https:\/\/i0.wp.com\/www.stethoscope24.com\/stetoskop\/wp-content\/uploads\/2020\/08\/Littmann_6240.jpg?resize=300%2C300&amp;ssl=1 300w, https:\/\/i0.wp.com\/www.stethoscope24.com\/stetoskop\/wp-content\/uploads\/2020\/08\/Littmann_6240.jpg?resize=150%2C150&amp;ssl=1 150w, https:\/\/i0.wp.com\/www.stethoscope24.com\/stetoskop\/wp-content\/uploads\/2020\/08\/Littmann_6240.jpg?resize=768%2C768&amp;ssl=1 768w, https:\/\/i0.wp.com\/www.stethoscope24.com\/stetoskop\/wp-content\/uploads\/2020\/08\/Littmann_6240.jpg?resize=650%2C650&amp;ssl=1 650w\" sizes=\"(max-width: 300px) 100vw, 300px\" \/><\/div>\n\t\t\t\t\t<div class=\"wc-block-grid__product-title\">Littmann stetoskop Kardiologi IV svart \/ regnbuefarget \/ r\u00f8ykfarget stamme<\/div>\n\t\t\t\t<\/a>\n\t\t\t\t<div class=\"wc-block-grid__product-price price\"><span class=\"woocommerce-Price-amount amount\">3 239,00&nbsp;<span class=\"woocommerce-Price-currencySymbol\">&#107;&#114;<\/span><\/span> <small class=\"woocommerce-price-suffix\">Eks. MVA<\/small><\/div>\n\t\t\t\t<div class=\"wc-block-grid__product-rating\"><div class=\"star-rating\"><span style=\"width:100%\">Vurdert <strong class=\"rating\">5.00<\/strong> av 5 basert p\u00e5 <span class=\"rating\">5<\/span> kundevurderinger<\/span><\/div><\/div>\n\t\t\t\t\n\t\t\t<\/li><li class=\"wc-block-grid__product\">\n\t\t\t\t<a href=\"https:\/\/www.stethoscope24.com\/stetoskop\/product\/littmann-stetoskop-kardiologi-iv-gratt-roykfarget-finish-roykfarget-stamme\/\" class=\"wc-block-grid__product-link\">\n\t\t\t\t\t\n\t\t\t\t\t<div class=\"wc-block-grid__product-image\"><img loading=\"lazy\" decoding=\"async\" width=\"300\" height=\"300\" src=\"https:\/\/i0.wp.com\/www.stethoscope24.com\/stetoskop\/wp-content\/uploads\/2020\/08\/Littmann_6238.jpg?fit=300%2C300&amp;ssl=1\" class=\"attachment-woocommerce_thumbnail size-woocommerce_thumbnail\" alt=\"Littmann stetoskop Kardiologi IV gr\u00e5tt \/ r\u00f8ykfarget finish \/ r\u00f8ykfarget stamme 6238\" srcset=\"https:\/\/i0.wp.com\/www.stethoscope24.com\/stetoskop\/wp-content\/uploads\/2020\/08\/Littmann_6238.jpg?w=800&amp;ssl=1 800w, https:\/\/i0.wp.com\/www.stethoscope24.com\/stetoskop\/wp-content\/uploads\/2020\/08\/Littmann_6238.jpg?resize=300%2C300&amp;ssl=1 300w, https:\/\/i0.wp.com\/www.stethoscope24.com\/stetoskop\/wp-content\/uploads\/2020\/08\/Littmann_6238.jpg?resize=150%2C150&amp;ssl=1 150w, https:\/\/i0.wp.com\/www.stethoscope24.com\/stetoskop\/wp-content\/uploads\/2020\/08\/Littmann_6238.jpg?resize=768%2C768&amp;ssl=1 768w, https:\/\/i0.wp.com\/www.stethoscope24.com\/stetoskop\/wp-content\/uploads\/2020\/08\/Littmann_6238.jpg?resize=650%2C650&amp;ssl=1 650w\" sizes=\"(max-width: 300px) 100vw, 300px\" \/><\/div>\n\t\t\t\t\t<div class=\"wc-block-grid__product-title\">Littmann stetoskop Kardiologi IV gr\u00e5tt \/ r\u00f8ykfarget finish \/ r\u00f8ykfarget stamme<\/div>\n\t\t\t\t<\/a>\n\t\t\t\t<div class=\"wc-block-grid__product-price price\"><span class=\"woocommerce-Price-amount amount\">3 239,00&nbsp;<span class=\"woocommerce-Price-currencySymbol\">&#107;&#114;<\/span><\/span> <small class=\"woocommerce-price-suffix\">Eks. MVA<\/small><\/div>\n\t\t\t\t<div class=\"wc-block-grid__product-rating\"><div class=\"star-rating\"><span style=\"width:100%\">Vurdert <strong class=\"rating\">5.00<\/strong> av 5 basert p\u00e5 <span class=\"rating\">5<\/span> kundevurderinger<\/span><\/div><\/div>\n\t\t\t\t\n\t\t\t<\/li><\/ul><\/div>","protected":false},"excerpt":{"rendered":"<p>Bytt enkelt mellom \u00e5 lytte til h\u00f8ye eller lave frekvenser. Justerbar membranteknologi er en oppfinnelse fra 3M som bidrar til \u00e5 gj\u00f8re auskulteringen av en pasient enklere og mer effektiv. Du kan h\u00f8re forskjellige typer lyd bare ved \u00e5 justere presset du legger p\u00e5 bryststykket p\u00e5 3M&#x2122; Littmann\u00ae -stetoskopet. Nesten alle stetoskop fra Littmann har [&hellip;]<\/p>\n","protected":false},"author":1,"featured_media":0,"parent":0,"menu_order":0,"comment_status":"closed","ping_status":"closed","template":"","meta":{"footnotes":""},"class_list":["post-22943","page","type-page","status-publish","hentry"],"yoast_head":"<!-- This site is optimized with the Yoast SEO plugin v27.4 - https:\/\/yoast.com\/product\/yoast-seo-wordpress\/ -->\n<title>Bruk av justerbar teknologi i Littmann stetoskop - Littmann Stetoskoper<\/title>\n<meta name=\"robots\" content=\"index, follow, max-snippet:-1, max-image-preview:large, max-video-preview:-1\" \/>\n<link rel=\"canonical\" href=\"https:\/\/www.stethoscope24.com\/stetoskop\/bruk-av-justerbar-teknologi-i-littmann-stetoskop\/\" \/>\n<meta property=\"og:locale\" content=\"nb_NO\" \/>\n<meta property=\"og:type\" content=\"article\" \/>\n<meta property=\"og:title\" content=\"Bruk av justerbar teknologi i Littmann stetoskop - Littmann Stetoskoper\" \/>\n<meta property=\"og:description\" content=\"Bytt enkelt mellom \u00e5 lytte til h\u00f8ye eller lave frekvenser. Justerbar membranteknologi er en oppfinnelse fra 3M som bidrar til \u00e5 gj\u00f8re auskulteringen av en pasient enklere og mer effektiv. Du kan h\u00f8re forskjellige typer lyd bare ved \u00e5 justere presset du legger p\u00e5 bryststykket p\u00e5 3M&#x2122; Littmann\u00ae -stetoskopet. Nesten alle stetoskop fra Littmann har [&hellip;]\" \/>\n<meta property=\"og:url\" content=\"https:\/\/www.stethoscope24.com\/stetoskop\/bruk-av-justerbar-teknologi-i-littmann-stetoskop\/\" \/>\n<meta property=\"og:site_name\" content=\"Littmann Stetoskoper\" \/>\n<meta property=\"article:modified_time\" content=\"2021-05-02T14:47:46+00:00\" \/>\n<meta property=\"og:image\" content=\"https:\/\/stethoscope24.com\/stetoskop\/wp-content\/uploads\/2021\/04\/Tunable_rG-54_Frequencies_no.jpg\" \/>\n<meta name=\"twitter:card\" content=\"summary_large_image\" \/>\n<meta name=\"twitter:label1\" content=\"Ansl. lesetid\" \/>\n\t<meta name=\"twitter:data1\" content=\"1 minutt\" \/>\n<script type=\"application\/ld+json\" class=\"yoast-schema-graph\">{\"@context\":\"https:\\\/\\\/schema.org\",\"@graph\":[{\"@type\":\"WebPage\",\"@id\":\"https:\\\/\\\/www.stethoscope24.com\\\/stetoskop\\\/bruk-av-justerbar-teknologi-i-littmann-stetoskop\\\/\",\"url\":\"https:\\\/\\\/www.stethoscope24.com\\\/stetoskop\\\/bruk-av-justerbar-teknologi-i-littmann-stetoskop\\\/\",\"name\":\"Bruk av justerbar teknologi i Littmann stetoskop - Littmann Stetoskoper\",\"isPartOf\":{\"@id\":\"https:\\\/\\\/www.stethoscope24.com\\\/stetoskop\\\/#website\"},\"primaryImageOfPage\":{\"@id\":\"https:\\\/\\\/www.stethoscope24.com\\\/stetoskop\\\/bruk-av-justerbar-teknologi-i-littmann-stetoskop\\\/#primaryimage\"},\"image\":{\"@id\":\"https:\\\/\\\/www.stethoscope24.com\\\/stetoskop\\\/bruk-av-justerbar-teknologi-i-littmann-stetoskop\\\/#primaryimage\"},\"thumbnailUrl\":\"https:\\\/\\\/stethoscope24.com\\\/stetoskop\\\/wp-content\\\/uploads\\\/2021\\\/04\\\/Tunable_rG-54_Frequencies_no.jpg\",\"datePublished\":\"2021-01-31T11:30:36+00:00\",\"dateModified\":\"2021-05-02T14:47:46+00:00\",\"breadcrumb\":{\"@id\":\"https:\\\/\\\/www.stethoscope24.com\\\/stetoskop\\\/bruk-av-justerbar-teknologi-i-littmann-stetoskop\\\/#breadcrumb\"},\"inLanguage\":\"nb-NO\",\"potentialAction\":[{\"@type\":\"ReadAction\",\"target\":[\"https:\\\/\\\/www.stethoscope24.com\\\/stetoskop\\\/bruk-av-justerbar-teknologi-i-littmann-stetoskop\\\/\"]}]},{\"@type\":\"ImageObject\",\"inLanguage\":\"nb-NO\",\"@id\":\"https:\\\/\\\/www.stethoscope24.com\\\/stetoskop\\\/bruk-av-justerbar-teknologi-i-littmann-stetoskop\\\/#primaryimage\",\"url\":\"https:\\\/\\\/stethoscope24.com\\\/stetoskop\\\/wp-content\\\/uploads\\\/2021\\\/04\\\/Tunable_rG-54_Frequencies_no.jpg\",\"contentUrl\":\"https:\\\/\\\/stethoscope24.com\\\/stetoskop\\\/wp-content\\\/uploads\\\/2021\\\/04\\\/Tunable_rG-54_Frequencies_no.jpg\"},{\"@type\":\"BreadcrumbList\",\"@id\":\"https:\\\/\\\/www.stethoscope24.com\\\/stetoskop\\\/bruk-av-justerbar-teknologi-i-littmann-stetoskop\\\/#breadcrumb\",\"itemListElement\":[{\"@type\":\"ListItem\",\"position\":1,\"name\":\"Home\",\"item\":\"https:\\\/\\\/www.stethoscope24.com\\\/stetoskop\\\/\"},{\"@type\":\"ListItem\",\"position\":2,\"name\":\"Bruk av justerbar teknologi i Littmann stetoskop\"}]},{\"@type\":\"WebSite\",\"@id\":\"https:\\\/\\\/www.stethoscope24.com\\\/stetoskop\\\/#website\",\"url\":\"https:\\\/\\\/www.stethoscope24.com\\\/stetoskop\\\/\",\"name\":\"Littmann Stetoskoper\",\"description\":\"3M Littmann Stetoskoper\",\"publisher\":{\"@id\":\"https:\\\/\\\/www.stethoscope24.com\\\/stetoskop\\\/#organization\"},\"potentialAction\":[{\"@type\":\"SearchAction\",\"target\":{\"@type\":\"EntryPoint\",\"urlTemplate\":\"https:\\\/\\\/www.stethoscope24.com\\\/stetoskop\\\/?s={search_term_string}\"},\"query-input\":{\"@type\":\"PropertyValueSpecification\",\"valueRequired\":true,\"valueName\":\"search_term_string\"}}],\"inLanguage\":\"nb-NO\"},{\"@type\":\"Organization\",\"@id\":\"https:\\\/\\\/www.stethoscope24.com\\\/stetoskop\\\/#organization\",\"name\":\"Stethoscope24\",\"url\":\"https:\\\/\\\/www.stethoscope24.com\\\/stetoskop\\\/\",\"logo\":{\"@type\":\"ImageObject\",\"inLanguage\":\"nb-NO\",\"@id\":\"https:\\\/\\\/www.stethoscope24.com\\\/stetoskop\\\/#\\\/schema\\\/logo\\\/image\\\/\",\"url\":\"https:\\\/\\\/i1.wp.com\\\/stethoscope24.com\\\/stetoskop\\\/wp-content\\\/uploads\\\/2021\\\/03\\\/cropped-logostethoscope24.jpg?fit=330%2C72&ssl=1\",\"contentUrl\":\"https:\\\/\\\/i1.wp.com\\\/stethoscope24.com\\\/stetoskop\\\/wp-content\\\/uploads\\\/2021\\\/03\\\/cropped-logostethoscope24.jpg?fit=330%2C72&ssl=1\",\"width\":330,\"height\":72,\"caption\":\"Stethoscope24\"},\"image\":{\"@id\":\"https:\\\/\\\/www.stethoscope24.com\\\/stetoskop\\\/#\\\/schema\\\/logo\\\/image\\\/\"}}]}<\/script>\n<!-- \/ Yoast SEO plugin. -->","yoast_head_json":{"title":"Bruk av justerbar teknologi i Littmann stetoskop - Littmann Stetoskoper","robots":{"index":"index","follow":"follow","max-snippet":"max-snippet:-1","max-image-preview":"max-image-preview:large","max-video-preview":"max-video-preview:-1"},"canonical":"https:\/\/www.stethoscope24.com\/stetoskop\/bruk-av-justerbar-teknologi-i-littmann-stetoskop\/","og_locale":"nb_NO","og_type":"article","og_title":"Bruk av justerbar teknologi i Littmann stetoskop - Littmann Stetoskoper","og_description":"Bytt enkelt mellom \u00e5 lytte til h\u00f8ye eller lave frekvenser. Justerbar membranteknologi er en oppfinnelse fra 3M som bidrar til \u00e5 gj\u00f8re auskulteringen av en pasient enklere og mer effektiv. Du kan h\u00f8re forskjellige typer lyd bare ved \u00e5 justere presset du legger p\u00e5 bryststykket p\u00e5 3M&#x2122; Littmann\u00ae -stetoskopet. Nesten alle stetoskop fra Littmann har [&hellip;]","og_url":"https:\/\/www.stethoscope24.com\/stetoskop\/bruk-av-justerbar-teknologi-i-littmann-stetoskop\/","og_site_name":"Littmann Stetoskoper","article_modified_time":"2021-05-02T14:47:46+00:00","og_image":[{"url":"https:\/\/stethoscope24.com\/stetoskop\/wp-content\/uploads\/2021\/04\/Tunable_rG-54_Frequencies_no.jpg","type":"","width":"","height":""}],"twitter_card":"summary_large_image","twitter_misc":{"Ansl. lesetid":"1 minutt"},"schema":{"@context":"https:\/\/schema.org","@graph":[{"@type":"WebPage","@id":"https:\/\/www.stethoscope24.com\/stetoskop\/bruk-av-justerbar-teknologi-i-littmann-stetoskop\/","url":"https:\/\/www.stethoscope24.com\/stetoskop\/bruk-av-justerbar-teknologi-i-littmann-stetoskop\/","name":"Bruk av justerbar teknologi i Littmann stetoskop - Littmann Stetoskoper","isPartOf":{"@id":"https:\/\/www.stethoscope24.com\/stetoskop\/#website"},"primaryImageOfPage":{"@id":"https:\/\/www.stethoscope24.com\/stetoskop\/bruk-av-justerbar-teknologi-i-littmann-stetoskop\/#primaryimage"},"image":{"@id":"https:\/\/www.stethoscope24.com\/stetoskop\/bruk-av-justerbar-teknologi-i-littmann-stetoskop\/#primaryimage"},"thumbnailUrl":"https:\/\/stethoscope24.com\/stetoskop\/wp-content\/uploads\/2021\/04\/Tunable_rG-54_Frequencies_no.jpg","datePublished":"2021-01-31T11:30:36+00:00","dateModified":"2021-05-02T14:47:46+00:00","breadcrumb":{"@id":"https:\/\/www.stethoscope24.com\/stetoskop\/bruk-av-justerbar-teknologi-i-littmann-stetoskop\/#breadcrumb"},"inLanguage":"nb-NO","potentialAction":[{"@type":"ReadAction","target":["https:\/\/www.stethoscope24.com\/stetoskop\/bruk-av-justerbar-teknologi-i-littmann-stetoskop\/"]}]},{"@type":"ImageObject","inLanguage":"nb-NO","@id":"https:\/\/www.stethoscope24.com\/stetoskop\/bruk-av-justerbar-teknologi-i-littmann-stetoskop\/#primaryimage","url":"https:\/\/stethoscope24.com\/stetoskop\/wp-content\/uploads\/2021\/04\/Tunable_rG-54_Frequencies_no.jpg","contentUrl":"https:\/\/stethoscope24.com\/stetoskop\/wp-content\/uploads\/2021\/04\/Tunable_rG-54_Frequencies_no.jpg"},{"@type":"BreadcrumbList","@id":"https:\/\/www.stethoscope24.com\/stetoskop\/bruk-av-justerbar-teknologi-i-littmann-stetoskop\/#breadcrumb","itemListElement":[{"@type":"ListItem","position":1,"name":"Home","item":"https:\/\/www.stethoscope24.com\/stetoskop\/"},{"@type":"ListItem","position":2,"name":"Bruk av justerbar teknologi i Littmann stetoskop"}]},{"@type":"WebSite","@id":"https:\/\/www.stethoscope24.com\/stetoskop\/#website","url":"https:\/\/www.stethoscope24.com\/stetoskop\/","name":"Littmann Stetoskoper","description":"3M Littmann Stetoskoper","publisher":{"@id":"https:\/\/www.stethoscope24.com\/stetoskop\/#organization"},"potentialAction":[{"@type":"SearchAction","target":{"@type":"EntryPoint","urlTemplate":"https:\/\/www.stethoscope24.com\/stetoskop\/?s={search_term_string}"},"query-input":{"@type":"PropertyValueSpecification","valueRequired":true,"valueName":"search_term_string"}}],"inLanguage":"nb-NO"},{"@type":"Organization","@id":"https:\/\/www.stethoscope24.com\/stetoskop\/#organization","name":"Stethoscope24","url":"https:\/\/www.stethoscope24.com\/stetoskop\/","logo":{"@type":"ImageObject","inLanguage":"nb-NO","@id":"https:\/\/www.stethoscope24.com\/stetoskop\/#\/schema\/logo\/image\/","url":"https:\/\/i1.wp.com\/stethoscope24.com\/stetoskop\/wp-content\/uploads\/2021\/03\/cropped-logostethoscope24.jpg?fit=330%2C72&ssl=1","contentUrl":"https:\/\/i1.wp.com\/stethoscope24.com\/stetoskop\/wp-content\/uploads\/2021\/03\/cropped-logostethoscope24.jpg?fit=330%2C72&ssl=1","width":330,"height":72,"caption":"Stethoscope24"},"image":{"@id":"https:\/\/www.stethoscope24.com\/stetoskop\/#\/schema\/logo\/image\/"}}]}},"jetpack_sharing_enabled":true,"_links":{"self":[{"href":"https:\/\/www.stethoscope24.com\/stetoskop\/wp-json\/wp\/v2\/pages\/22943","targetHints":{"allow":["GET"]}}],"collection":[{"href":"https:\/\/www.stethoscope24.com\/stetoskop\/wp-json\/wp\/v2\/pages"}],"about":[{"href":"https:\/\/www.stethoscope24.com\/stetoskop\/wp-json\/wp\/v2\/types\/page"}],"author":[{"embeddable":true,"href":"https:\/\/www.stethoscope24.com\/stetoskop\/wp-json\/wp\/v2\/users\/1"}],"replies":[{"embeddable":true,"href":"https:\/\/www.stethoscope24.com\/stetoskop\/wp-json\/wp\/v2\/comments?post=22943"}],"version-history":[{"count":6,"href":"https:\/\/www.stethoscope24.com\/stetoskop\/wp-json\/wp\/v2\/pages\/22943\/revisions"}],"predecessor-version":[{"id":24245,"href":"https:\/\/www.stethoscope24.com\/stetoskop\/wp-json\/wp\/v2\/pages\/22943\/revisions\/24245"}],"wp:attachment":[{"href":"https:\/\/www.stethoscope24.com\/stetoskop\/wp-json\/wp\/v2\/media?parent=22943"}],"curies":[{"name":"wp","href":"https:\/\/api.w.org\/{rel}","templated":true}]}}