{"id":22954,"date":"2021-01-31T12:31:38","date_gmt":"2021-01-31T12:31:38","guid":{"rendered":"https:\/\/stethoscope24.com\/stetoskop\/?page_id=22954"},"modified":"2021-05-06T09:56:18","modified_gmt":"2021-05-06T09:56:18","slug":"faq-sporsmal-og-svar-littmann-stetoskop","status":"publish","type":"page","link":"https:\/\/www.stethoscope24.com\/stetoskop\/faq-sporsmal-og-svar-littmann-stetoskop\/","title":{"rendered":"FAQ &#8211; Sp\u00f8rsm\u00e5l og svar Littmann stetoskop"},"content":{"rendered":"\n<h2 class=\"wp-block-heading\">Generelle sp\u00f8rsm\u00e5l om stetoskop<\/h2>\n\n\n\n<p class=\"has-background\" style=\"background-color:#f5f5f5\"><strong>Jeg kan ikke h\u00f8re noe i stetoskopet mitt. Er det noe galt med det?<br><\/strong>Dersom den akustiske ytelsen virker \u00e5 v\u00e6re manglende eller frav\u00e6rende, for tips om hvordan du optimaliserer ytelsen til stetoskopet, bes\u00f8k siden for optimalisering av ytelse.<\/p>\n\n\n\n<p class=\"has-background\" style=\"background-color:#f5f5f5\"><strong>Inneholder 3M&#x2122; Littmann\u00ae Stetoskoper lateks?<br><\/strong>Nei. Littmann-stetoskoper bruker neste genrasjons slanger, som ikke inneholder naturlig gummilatex eller ftalat plastmyknere.<\/p>\n\n\n\n<p class=\"has-background\" style=\"background-color:#f5f5f5\"><strong>Kan et hvilket som helst Littmann stetoskop benyttes under MR?<\/strong> Nei. Alle v\u00e5re stetoskoper inneholder metall.<\/p>\n\n\n\n<p class=\"has-background\" style=\"background-color:#f5f5f5\"><strong>Hva er fordelene med \u00e5 bruke en justerbar membran?<br><\/strong>Den justerbare membranen er en 3M-oppfinnelse som lar deg lytte til b\u00e5de lave- og h\u00f8yfrekvente lyder uten at du trenger \u00e5 fjerne, snu eller plassere bryststykket p\u00e5 pasienten p\u00e5 nytt.<\/p>\n\n\n\n<p class=\"has-background\" style=\"background-color:#f5f5f5\">Ved \u00e5 variere trykket p\u00e5 bryststykket, vil den justerbare membranen justere eller innstille lydene slik at du kan h\u00f8re enten lave eller h\u00f8ye frekvenser. N\u00e5r du plasserer den justerbare membranen p\u00e5 en pasient og trykker lett, vil du h\u00f8re lavfrekvente lydert. N\u00e5r du bruker den justerbare membranen og trykker litt hardere, fremheves lyder med h\u00f8yere frekvens.<\/p>\n\n\n\n<p class=\"has-background\" style=\"background-color:#f5f5f5\">Denne bekvemmeligheten vil spare deg for tid og lar deg fokusere p\u00e5 pasienten din i stedet for \u00e5 pr\u00f8ve \u00e5 finne ut om du skal lytte til klokke- eller membransiden av bryststykket.<\/p>\n\n\n\n<p class=\"has-background\" style=\"background-color:#f5f5f5\"><strong>Hva er den beste m\u00e5ten for meg \u00e5 forsikre meg om at jeg kj\u00f8per et autentisk stetoskop fra Littmann?<\/strong><br>Det er enkelt. Bes\u00f8k Littmann.com for \u00e5 se en fullstendig liste over autoriserte forhandlere og se etter forhandlere som har et 3M Littmann autorisert forhandlermerke p\u00e5 nettstedet eller i butikken. Autoriserte forhandlere vil ha et stort utvalg, v\u00e6re kunnskapsrike og hjelpe deg med \u00e5 finne akkurat det riktige autentiske Littmann-stetoskopet for deg.<\/p>\n\n\n\n<hr class=\"wp-block-separator\"\/>\n\n\n\n<h2 class=\"wp-block-heading\">Rengj\u00f8ring og pleie<\/h2>\n\n\n\n<p class=\"has-background\" style=\"background-color:#f5f5f5\"><strong>Hvordan skal jeg rutinemessig rengj\u00f8re det mekaniske eller elektroniske stetoskopet mitt? Kan jeg sterilisere det?<\/strong><br>3M anbefaler \u00e5 rengj\u00f8re Littmann -stetoskopene mellom hver pasient med rengj\u00f8ringsserviett med 70 % isopropanol. Ikke bruk h\u00e5ndrens som rengj\u00f8ringsmiddel ettersom det inneholder tilsetninger som kan \u00f8delegge deler p\u00e5 stetoskopet. Ikke legg stetoskopet i v\u00e6ske eller utsett det for eventuelle steriliseringsprosesser. For mer informasjon om rengj\u00f8ring b\u00e5de av elektroniske og mekaniske stetoskop, les siden med rengj\u00f8ring og pleie under delen som omhandler Mitt stetoskop.<\/p>\n\n\n\n<p class=\"has-background\" style=\"background-color:#f5f5f5\"><strong>Hvorfor blir slangene p\u00e5 stetoskopet stive og harde etterhvert som \u00e5rene g\u00e5r?<\/strong><br>De fleste slangene som brukes p\u00e5 stetoskopene fra Littmann er laget av PVC (Polyvinylklorid), som blir hard n\u00e5r det over lengre perioder utsettes for lipider som finnes p\u00e5 huden. Har du stetoskopet rundt halsen, anbefaler vi at du har det utenp\u00e5 kl\u00e6rne og ikke i direkte kontakt med huden.<\/p>\n\n\n\n<p class=\"has-background\" style=\"background-color:#f5f5f5\"><strong>Hvilke reservedeler er tilgjengelig til stetoskopet?<\/strong> Bes\u00f8k siden med reservedeler for \u00e5 se alle delene og tilbeh\u00f8ret som er tilgjengelig til ditt Littmann-stetoskop. Deler kan kj\u00f8pes fra forhandlere. Bes\u00f8k forhandleroversikten for \u00e5 finne en nettbutikk eller en lokal forhandler.<\/p>\n\n\n\n<hr class=\"wp-block-separator\"\/>\n\n\n\n<h2 class=\"wp-block-heading\">Produktinformasjon<\/h2>\n\n\n\n<p class=\"has-background\" style=\"background-color:#f5f5f5\"><strong>Kan jeg bruke stetoskopet 3M&#x2122; Littmann\u00ae Classic II Infant p\u00e5 nyf\u00f8dte?<\/strong><br>Ja. Men det er noen neonataloger som mener at diameteren p\u00e5 klokken og membranen p\u00e5 denne modellen likevel er for stor for \u00e5 f\u00e5 god overflatekontakt p\u00e5 neonatale pasienter.<\/p>\n\n\n\n<p class=\"has-background\" style=\"background-color:#f5f5f5\"><strong>Hva er den f\u00f8rste garantidatoen?<\/strong> Startdatoen for garantien er fra den dagen du kj\u00f8pte Littmann-stetoskopet. Denne datoen kan bekreftes p\u00e5 den originale kvitteringen. Hvis du ikke har kvitteringen, vil vi bruke produksjonsdatoen som startdato for garantien. Hvis det oppdages en produksjons- eller materialfeil under garantiperioden, vil vi reparere Littmann-stetoskopet gratis ved retur av instrumentet til 3M. Unntatt i tilfeller av \u00e5penbart misbruk eller utilsiktet skade, underlagt ytterligere begrensninger eller unntak angitt i garantidokumentasjonen. <\/p>\n\n\n\n<p class=\"has-background\" style=\"background-color:#f5f5f5\"><strong>Hva er garantiperioden for et Littmann stetoskop?<\/strong>          <a href=\"https:\/\/stethoscope24.com\/stetoskop\/product\/3m-littmann-core-digital-stetoskop-svart\/\">Littmann stetoskop CORE Digital<\/a> \u2013 2 \u00e5r<br><a href=\"https:\/\/stethoscope24.com\/stetoskop\/product-category\/littmann-stetoskop\/littmann-stetoskop-kardiologi\/stetoskop-littmann-master-kardiologi\/\">Littmann stetoskop Master Kardiologi<\/a>&#x2122; \u2013 7 \u00e5r<br>Littmann stetoskop Kardiologi STC \u2013 6 \u00e5r<br><a href=\"https:\/\/stethoscope24.com\/stetoskop\/product-category\/littmann-stetoskop\/littmann-stetoskop-kardiologi\/littmann-stetoskop-kardiologi-iv\/\">Littmann stetoskop Kardiologi IV<\/a>&#x2122; \u2013 7 \u00e5r<br>Littmann stetoskop Kardiologi III&#x2122; \u2013 5 \u00e5r<br><a href=\"https:\/\/stethoscope24.com\/stetoskop\/product-category\/littmann-stetoskop\/littmann-stetoskop-classic\/littmann-stetoskop-classic-iii\/\">Littmann stetoskop Classic III<\/a>&#x2122; \u2013 5 \u00e5r<br><a href=\"https:\/\/stethoscope24.com\/stetoskop\/product-category\/littmann-stetoskop\/littmann-stetoskop-classic\/littmann-stetoskop-master-classic-ii\/\">Littmann stetoskop Master Classic II<\/a>&#x2122; \u2013 3 \u00e5r<br>Littmann stetoskop Classic II S.E. \u2013 3 \u00e5r<br><a href=\"https:\/\/stethoscope24.com\/stetoskop\/product-category\/littmann-stetoskop\/littmann-stetoskop-classic\/infant-littmann-stetoskop-classic-ii\/\">Littmann stetoskop Classic II Infant<\/a> \u2013 3 \u00e5r<br><a href=\"https:\/\/stethoscope24.com\/stetoskop\/product-category\/littmann-stetoskop\/littmann-stetoskop-classic\/pediatrisk-stetoskop-littmann-classic-ii\/\">Littmann stetoskop Classic II Pediatric<\/a> \u2013 3 \u00e5r<br>Littmann elektronisk stetoskop Model 3200 \u2013 2 \u00e5r<br>Littmann elektronisk stetoskop Model 3100 \u2013 2 \u00e5r<br><a href=\"https:\/\/stethoscope24.com\/stetoskop\/product-category\/littmann-stetoskop\/littmann-stetoskop-lightweight-ii-s-e\/\">Littmann stetoskop Select and Lightweight II S.E<\/a>. \u2013 2 \u00e5r<br>Littmann stetoskop Teaching \u2013 3 \u00e5r<\/p>\n\n\n\n<h3 class=\"wp-block-heading\">Har du fortsatt ubesvarte sp\u00f8rsm\u00e5l?<\/h3>\n\n\n\n<p>Send oss en kort melding<\/p>\n\n\n\n<div class=\"wp-block-contact-form-7-contact-form-selector\">\n<div class=\"wpcf7 no-js\" id=\"wpcf7-f18178-o1\" lang=\"en-US\" dir=\"ltr\" data-wpcf7-id=\"18178\">\n<div class=\"screen-reader-response\"><p role=\"status\" aria-live=\"polite\" aria-atomic=\"true\"><\/p> <ul><\/ul><\/div>\n<form action=\"\/stetoskop\/wp-json\/wp\/v2\/pages\/22954#wpcf7-f18178-o1\" method=\"post\" class=\"wpcf7-form init\" aria-label=\"Contact form\" novalidate=\"novalidate\" data-status=\"init\">\n<fieldset class=\"hidden-fields-container\"><input type=\"hidden\" name=\"_wpcf7\" value=\"18178\" \/><input type=\"hidden\" name=\"_wpcf7_version\" value=\"6.1.5\" \/><input type=\"hidden\" name=\"_wpcf7_locale\" value=\"en_US\" \/><input type=\"hidden\" name=\"_wpcf7_unit_tag\" value=\"wpcf7-f18178-o1\" \/><input type=\"hidden\" name=\"_wpcf7_container_post\" value=\"0\" \/><input type=\"hidden\" name=\"_wpcf7_posted_data_hash\" value=\"\" \/>\n<\/fieldset>\n<p><span class=\"wpcf7-form-control-wrap\" data-name=\"Name\"><input size=\"40\" maxlength=\"400\" class=\"wpcf7-form-control wpcf7-text wpcf7-validates-as-required\" aria-required=\"true\" aria-invalid=\"false\" placeholder=\"Navn\" value=\"\" type=\"text\" name=\"Name\" \/><\/span><span class=\"wpcf7-form-control-wrap\" data-name=\"Email\"><input size=\"40\" maxlength=\"400\" class=\"wpcf7-form-control wpcf7-email wpcf7-validates-as-required wpcf7-text wpcf7-validates-as-email\" aria-required=\"true\" aria-invalid=\"false\" placeholder=\"E-post\" value=\"\" type=\"email\" name=\"Email\" \/><\/span><span class=\"wpcf7-form-control-wrap\" data-name=\"Subject\"><input size=\"40\" maxlength=\"400\" class=\"wpcf7-form-control wpcf7-text\" aria-invalid=\"false\" placeholder=\"Emne\" value=\"\" type=\"text\" name=\"Subject\" \/><\/span><span class=\"wpcf7-form-control-wrap\" data-name=\"Message\"><textarea cols=\"40\" rows=\"10\" maxlength=\"2000\" class=\"wpcf7-form-control wpcf7-textarea\" aria-invalid=\"false\" placeholder=\"Melding\" name=\"Message\"><\/textarea><\/span><input class=\"wpcf7-form-control wpcf7-submit has-spinner dt-sc-button\" type=\"submit\" value=\"Send\" \/>\n<\/p><p style=\"display: none !important;\" class=\"akismet-fields-container\" data-prefix=\"_wpcf7_ak_\"><label>&#916;<textarea name=\"_wpcf7_ak_hp_textarea\" cols=\"45\" rows=\"8\" maxlength=\"100\"><\/textarea><\/label><input type=\"hidden\" id=\"ak_js_1\" name=\"_wpcf7_ak_js\" value=\"65\"\/><script>document.getElementById( \"ak_js_1\" ).setAttribute( \"value\", ( new Date() ).getTime() );<\/script><\/p><div class=\"wpcf7-response-output\" aria-hidden=\"true\"><\/div>\n<\/form>\n<\/div>\n<\/div>\n\n\n\n<p><\/p>\n","protected":false},"excerpt":{"rendered":"<p>Generelle sp\u00f8rsm\u00e5l om stetoskop Jeg kan ikke h\u00f8re noe i stetoskopet mitt. Er det noe galt med det?Dersom den akustiske ytelsen virker \u00e5 v\u00e6re manglende eller frav\u00e6rende, for tips om hvordan du optimaliserer ytelsen til stetoskopet, bes\u00f8k siden for optimalisering av ytelse. Inneholder 3M&#x2122; Littmann\u00ae Stetoskoper lateks?Nei. Littmann-stetoskoper bruker neste genrasjons slanger, som ikke inneholder [&hellip;]<\/p>\n","protected":false},"author":1,"featured_media":0,"parent":0,"menu_order":0,"comment_status":"closed","ping_status":"closed","template":"","meta":{"footnotes":""},"class_list":["post-22954","page","type-page","status-publish","hentry"],"yoast_head":"<!-- This site is optimized with the Yoast SEO plugin v27.4 - https:\/\/yoast.com\/product\/yoast-seo-wordpress\/ -->\n<title>FAQ - Sp\u00f8rsm\u00e5l og svar Littmann stetoskop - Littmann Stetoskoper<\/title>\n<meta name=\"description\" content=\"Dersom den akustiske ytelsen virker \u00e5 v\u00e6re manglende eller frav\u00e6rende.\" \/>\n<meta name=\"robots\" content=\"index, follow, max-snippet:-1, max-image-preview:large, max-video-preview:-1\" \/>\n<link rel=\"canonical\" href=\"https:\/\/www.stethoscope24.com\/stetoskop\/faq-sporsmal-og-svar-littmann-stetoskop\/\" \/>\n<meta property=\"og:locale\" content=\"nb_NO\" \/>\n<meta property=\"og:type\" content=\"article\" \/>\n<meta property=\"og:title\" content=\"FAQ - Sp\u00f8rsm\u00e5l og svar Littmann stetoskop - Littmann Stetoskoper\" \/>\n<meta property=\"og:description\" content=\"Dersom den akustiske ytelsen virker \u00e5 v\u00e6re manglende eller frav\u00e6rende.\" \/>\n<meta property=\"og:url\" content=\"https:\/\/www.stethoscope24.com\/stetoskop\/faq-sporsmal-og-svar-littmann-stetoskop\/\" \/>\n<meta property=\"og:site_name\" content=\"Littmann Stetoskoper\" \/>\n<meta property=\"article:modified_time\" content=\"2021-05-06T09:56:18+00:00\" \/>\n<meta name=\"twitter:card\" content=\"summary_large_image\" \/>\n<meta name=\"twitter:label1\" content=\"Ansl. lesetid\" \/>\n\t<meta name=\"twitter:data1\" content=\"4 minutter\" \/>\n<script type=\"application\/ld+json\" class=\"yoast-schema-graph\">{\"@context\":\"https:\\\/\\\/schema.org\",\"@graph\":[{\"@type\":\"WebPage\",\"@id\":\"https:\\\/\\\/www.stethoscope24.com\\\/stetoskop\\\/faq-sporsmal-og-svar-littmann-stetoskop\\\/\",\"url\":\"https:\\\/\\\/www.stethoscope24.com\\\/stetoskop\\\/faq-sporsmal-og-svar-littmann-stetoskop\\\/\",\"name\":\"FAQ - Sp\u00f8rsm\u00e5l og svar Littmann stetoskop - Littmann Stetoskoper\",\"isPartOf\":{\"@id\":\"https:\\\/\\\/www.stethoscope24.com\\\/stetoskop\\\/#website\"},\"datePublished\":\"2021-01-31T12:31:38+00:00\",\"dateModified\":\"2021-05-06T09:56:18+00:00\",\"description\":\"Dersom den akustiske ytelsen virker \u00e5 v\u00e6re manglende eller frav\u00e6rende.\",\"breadcrumb\":{\"@id\":\"https:\\\/\\\/www.stethoscope24.com\\\/stetoskop\\\/faq-sporsmal-og-svar-littmann-stetoskop\\\/#breadcrumb\"},\"inLanguage\":\"nb-NO\",\"potentialAction\":[{\"@type\":\"ReadAction\",\"target\":[\"https:\\\/\\\/www.stethoscope24.com\\\/stetoskop\\\/faq-sporsmal-og-svar-littmann-stetoskop\\\/\"]}]},{\"@type\":\"BreadcrumbList\",\"@id\":\"https:\\\/\\\/www.stethoscope24.com\\\/stetoskop\\\/faq-sporsmal-og-svar-littmann-stetoskop\\\/#breadcrumb\",\"itemListElement\":[{\"@type\":\"ListItem\",\"position\":1,\"name\":\"Home\",\"item\":\"https:\\\/\\\/www.stethoscope24.com\\\/stetoskop\\\/\"},{\"@type\":\"ListItem\",\"position\":2,\"name\":\"FAQ &#8211; Sp\u00f8rsm\u00e5l og svar Littmann stetoskop\"}]},{\"@type\":\"WebSite\",\"@id\":\"https:\\\/\\\/www.stethoscope24.com\\\/stetoskop\\\/#website\",\"url\":\"https:\\\/\\\/www.stethoscope24.com\\\/stetoskop\\\/\",\"name\":\"Littmann Stetoskoper\",\"description\":\"3M Littmann Stetoskoper\",\"publisher\":{\"@id\":\"https:\\\/\\\/www.stethoscope24.com\\\/stetoskop\\\/#organization\"},\"potentialAction\":[{\"@type\":\"SearchAction\",\"target\":{\"@type\":\"EntryPoint\",\"urlTemplate\":\"https:\\\/\\\/www.stethoscope24.com\\\/stetoskop\\\/?s={search_term_string}\"},\"query-input\":{\"@type\":\"PropertyValueSpecification\",\"valueRequired\":true,\"valueName\":\"search_term_string\"}}],\"inLanguage\":\"nb-NO\"},{\"@type\":\"Organization\",\"@id\":\"https:\\\/\\\/www.stethoscope24.com\\\/stetoskop\\\/#organization\",\"name\":\"Stethoscope24\",\"url\":\"https:\\\/\\\/www.stethoscope24.com\\\/stetoskop\\\/\",\"logo\":{\"@type\":\"ImageObject\",\"inLanguage\":\"nb-NO\",\"@id\":\"https:\\\/\\\/www.stethoscope24.com\\\/stetoskop\\\/#\\\/schema\\\/logo\\\/image\\\/\",\"url\":\"https:\\\/\\\/i1.wp.com\\\/stethoscope24.com\\\/stetoskop\\\/wp-content\\\/uploads\\\/2021\\\/03\\\/cropped-logostethoscope24.jpg?fit=330%2C72&ssl=1\",\"contentUrl\":\"https:\\\/\\\/i1.wp.com\\\/stethoscope24.com\\\/stetoskop\\\/wp-content\\\/uploads\\\/2021\\\/03\\\/cropped-logostethoscope24.jpg?fit=330%2C72&ssl=1\",\"width\":330,\"height\":72,\"caption\":\"Stethoscope24\"},\"image\":{\"@id\":\"https:\\\/\\\/www.stethoscope24.com\\\/stetoskop\\\/#\\\/schema\\\/logo\\\/image\\\/\"}}]}<\/script>\n<!-- \/ Yoast SEO plugin. -->","yoast_head_json":{"title":"FAQ - Sp\u00f8rsm\u00e5l og svar Littmann stetoskop - Littmann Stetoskoper","description":"Dersom den akustiske ytelsen virker \u00e5 v\u00e6re manglende eller frav\u00e6rende.","robots":{"index":"index","follow":"follow","max-snippet":"max-snippet:-1","max-image-preview":"max-image-preview:large","max-video-preview":"max-video-preview:-1"},"canonical":"https:\/\/www.stethoscope24.com\/stetoskop\/faq-sporsmal-og-svar-littmann-stetoskop\/","og_locale":"nb_NO","og_type":"article","og_title":"FAQ - Sp\u00f8rsm\u00e5l og svar Littmann stetoskop - Littmann Stetoskoper","og_description":"Dersom den akustiske ytelsen virker \u00e5 v\u00e6re manglende eller frav\u00e6rende.","og_url":"https:\/\/www.stethoscope24.com\/stetoskop\/faq-sporsmal-og-svar-littmann-stetoskop\/","og_site_name":"Littmann Stetoskoper","article_modified_time":"2021-05-06T09:56:18+00:00","twitter_card":"summary_large_image","twitter_misc":{"Ansl. lesetid":"4 minutter"},"schema":{"@context":"https:\/\/schema.org","@graph":[{"@type":"WebPage","@id":"https:\/\/www.stethoscope24.com\/stetoskop\/faq-sporsmal-og-svar-littmann-stetoskop\/","url":"https:\/\/www.stethoscope24.com\/stetoskop\/faq-sporsmal-og-svar-littmann-stetoskop\/","name":"FAQ - Sp\u00f8rsm\u00e5l og svar Littmann stetoskop - Littmann Stetoskoper","isPartOf":{"@id":"https:\/\/www.stethoscope24.com\/stetoskop\/#website"},"datePublished":"2021-01-31T12:31:38+00:00","dateModified":"2021-05-06T09:56:18+00:00","description":"Dersom den akustiske ytelsen virker \u00e5 v\u00e6re manglende eller frav\u00e6rende.","breadcrumb":{"@id":"https:\/\/www.stethoscope24.com\/stetoskop\/faq-sporsmal-og-svar-littmann-stetoskop\/#breadcrumb"},"inLanguage":"nb-NO","potentialAction":[{"@type":"ReadAction","target":["https:\/\/www.stethoscope24.com\/stetoskop\/faq-sporsmal-og-svar-littmann-stetoskop\/"]}]},{"@type":"BreadcrumbList","@id":"https:\/\/www.stethoscope24.com\/stetoskop\/faq-sporsmal-og-svar-littmann-stetoskop\/#breadcrumb","itemListElement":[{"@type":"ListItem","position":1,"name":"Home","item":"https:\/\/www.stethoscope24.com\/stetoskop\/"},{"@type":"ListItem","position":2,"name":"FAQ &#8211; Sp\u00f8rsm\u00e5l og svar Littmann stetoskop"}]},{"@type":"WebSite","@id":"https:\/\/www.stethoscope24.com\/stetoskop\/#website","url":"https:\/\/www.stethoscope24.com\/stetoskop\/","name":"Littmann Stetoskoper","description":"3M Littmann Stetoskoper","publisher":{"@id":"https:\/\/www.stethoscope24.com\/stetoskop\/#organization"},"potentialAction":[{"@type":"SearchAction","target":{"@type":"EntryPoint","urlTemplate":"https:\/\/www.stethoscope24.com\/stetoskop\/?s={search_term_string}"},"query-input":{"@type":"PropertyValueSpecification","valueRequired":true,"valueName":"search_term_string"}}],"inLanguage":"nb-NO"},{"@type":"Organization","@id":"https:\/\/www.stethoscope24.com\/stetoskop\/#organization","name":"Stethoscope24","url":"https:\/\/www.stethoscope24.com\/stetoskop\/","logo":{"@type":"ImageObject","inLanguage":"nb-NO","@id":"https:\/\/www.stethoscope24.com\/stetoskop\/#\/schema\/logo\/image\/","url":"https:\/\/i1.wp.com\/stethoscope24.com\/stetoskop\/wp-content\/uploads\/2021\/03\/cropped-logostethoscope24.jpg?fit=330%2C72&ssl=1","contentUrl":"https:\/\/i1.wp.com\/stethoscope24.com\/stetoskop\/wp-content\/uploads\/2021\/03\/cropped-logostethoscope24.jpg?fit=330%2C72&ssl=1","width":330,"height":72,"caption":"Stethoscope24"},"image":{"@id":"https:\/\/www.stethoscope24.com\/stetoskop\/#\/schema\/logo\/image\/"}}]}},"jetpack_sharing_enabled":true,"_links":{"self":[{"href":"https:\/\/www.stethoscope24.com\/stetoskop\/wp-json\/wp\/v2\/pages\/22954","targetHints":{"allow":["GET"]}}],"collection":[{"href":"https:\/\/www.stethoscope24.com\/stetoskop\/wp-json\/wp\/v2\/pages"}],"about":[{"href":"https:\/\/www.stethoscope24.com\/stetoskop\/wp-json\/wp\/v2\/types\/page"}],"author":[{"embeddable":true,"href":"https:\/\/www.stethoscope24.com\/stetoskop\/wp-json\/wp\/v2\/users\/1"}],"replies":[{"embeddable":true,"href":"https:\/\/www.stethoscope24.com\/stetoskop\/wp-json\/wp\/v2\/comments?post=22954"}],"version-history":[{"count":3,"href":"https:\/\/www.stethoscope24.com\/stetoskop\/wp-json\/wp\/v2\/pages\/22954\/revisions"}],"predecessor-version":[{"id":24341,"href":"https:\/\/www.stethoscope24.com\/stetoskop\/wp-json\/wp\/v2\/pages\/22954\/revisions\/24341"}],"wp:attachment":[{"href":"https:\/\/www.stethoscope24.com\/stetoskop\/wp-json\/wp\/v2\/media?parent=22954"}],"curies":[{"name":"wp","href":"https:\/\/api.w.org\/{rel}","templated":true}]}}