{"id":23794,"date":"2021-03-05T11:30:26","date_gmt":"2021-03-05T11:30:26","guid":{"rendered":"https:\/\/stethoscope24.com\/stetoskop\/?page_id=23794"},"modified":"2021-04-22T12:02:59","modified_gmt":"2021-04-22T12:02:59","slug":"klarna","status":"publish","type":"page","link":"https:\/\/www.stethoscope24.com\/stetoskop\/klarna\/","title":{"rendered":"Klarna"},"content":{"rendered":"\n<figure class=\"wp-block-image is-resized\" id=\"block-dc1f7c91-b7bf-4e80-8f46-c873f76c7186\"><img data-recalc-dims=\"1\" decoding=\"async\" src=\"https:\/\/i0.wp.com\/estetoscopiolittmann.com\/wp-content\/uploads\/2021\/01\/klarna.png?resize=168%2C41&#038;ssl=1\" alt=\"Esta imagen tiene un atributo ALT vac\u00edo; su nombre de archivo es klarna.png\" width=\"168\" height=\"41\"\/><\/figure>\n\n\n\n<h2 class=\"wp-block-heading\"><strong>Er det trygt \u00e5 handle online med Klarna?<\/strong><\/h2>\n\n\n\n<p id=\"block-e8c4e026-c3ed-4bf2-98d0-41c2fb18e37c\">Absolutt! Netthandel blir ikke tryggere enn med Klarna. I en fysisk butikk kan du alltid unders\u00f8ke og pr\u00f8ve varene du vil kj\u00f8pe f\u00f8r du betaler for dem. Vi mener det skal v\u00e6re det samme p\u00e5 nettet. N\u00e5r du kj\u00f8per med Klarna, f\u00e5r du alltid varene dine f\u00f8rst og betaler senere.<\/p>\n\n\n\n<p id=\"block-d797d435-dcbe-4346-8bf8-83fe68e43808\">Hos Klarna er m\u00e5let \u00e5 gj\u00f8re shopping enklere og tryggere &#8211; perfekt og knirkefritt. Derfor tar Klarna omfattende skritt for \u00e5 beskytte deg som kj\u00f8per mot svindel og up\u00e5litelige forhandlere p\u00e5 nettet. N\u00e5r du ser Klarna-logoen i en nettbutikk, kan du v\u00e6re sikker p\u00e5 at butikken er p\u00e5litelig og oppfyller Klarnas strenge krav.<\/p>\n\n\n\n<h3 class=\"wp-block-heading\">Kj\u00f8p det nye stetoskopet trygt med Klarna<\/h3>\n\n\n<div data-block-name=\"woocommerce\/product-best-sellers\" data-columns=\"5\" data-content-visibility=\"{&quot;title&quot;:true,&quot;price&quot;:true,&quot;rating&quot;:true,&quot;button&quot;:false}\" data-rows=\"1\" class=\"wc-block-grid wp-block-product-best-sellers wp-block-woocommerce-product-best-sellers wc-block-product-best-sellers has-5-columns\"><ul class=\"wc-block-grid__products\"><li class=\"wc-block-grid__product\">\n\t\t\t\t<a href=\"https:\/\/www.stethoscope24.com\/stetoskop\/product\/littmann-stetoskop-classic-iii-svart-svart-utgave\/\" class=\"wc-block-grid__product-link\">\n\t\t\t\t\t\n\t\t\t\t\t<div class=\"wc-block-grid__product-image\"><img fetchpriority=\"high\" decoding=\"async\" width=\"300\" height=\"300\" src=\"https:\/\/i0.wp.com\/www.stethoscope24.com\/stetoskop\/wp-content\/uploads\/2020\/09\/Littmann_5803.jpg?fit=300%2C300&amp;ssl=1\" class=\"attachment-woocommerce_thumbnail size-woocommerce_thumbnail\" alt=\"Littmann stetoskop Classic III svart \/ svart utgave 5803\" srcset=\"https:\/\/i0.wp.com\/www.stethoscope24.com\/stetoskop\/wp-content\/uploads\/2020\/09\/Littmann_5803.jpg?w=400&amp;ssl=1 400w, https:\/\/i0.wp.com\/www.stethoscope24.com\/stetoskop\/wp-content\/uploads\/2020\/09\/Littmann_5803.jpg?resize=300%2C300&amp;ssl=1 300w, https:\/\/i0.wp.com\/www.stethoscope24.com\/stetoskop\/wp-content\/uploads\/2020\/09\/Littmann_5803.jpg?resize=150%2C150&amp;ssl=1 150w\" sizes=\"(max-width: 300px) 100vw, 300px\" \/><\/div>\n\t\t\t\t\t<div class=\"wc-block-grid__product-title\">Littmann-stetoskop Classic III svart\/svart utgave<\/div>\n\t\t\t\t<\/a>\n\t\t\t\t<div class=\"wc-block-grid__product-price price\"><span class=\"woocommerce-Price-amount amount\">1 519,00&nbsp;<span class=\"woocommerce-Price-currencySymbol\">&#107;&#114;<\/span><\/span> <small class=\"woocommerce-price-suffix\">Eks. MVA<\/small><\/div>\n\t\t\t\t<div class=\"wc-block-grid__product-rating\"><div class=\"star-rating\"><span style=\"width:100%\">Vurdert <strong class=\"rating\">5.00<\/strong> av 5 basert p\u00e5 <span class=\"rating\">6<\/span> kundevurderinger<\/span><\/div><\/div>\n\t\t\t\t\n\t\t\t<\/li><li class=\"wc-block-grid__product\">\n\t\t\t\t<a href=\"https:\/\/www.stethoscope24.com\/stetoskop\/product\/littmann-stetoskop-classic-iii-svart\/\" class=\"wc-block-grid__product-link\">\n\t\t\t\t\t\n\t\t\t\t\t<div class=\"wc-block-grid__product-image\"><img decoding=\"async\" width=\"300\" height=\"300\" src=\"https:\/\/i0.wp.com\/www.stethoscope24.com\/stetoskop\/wp-content\/uploads\/2020\/09\/Littmann_5620.jpg?fit=300%2C300&amp;ssl=1\" class=\"attachment-woocommerce_thumbnail size-woocommerce_thumbnail\" alt=\"Littmann stetoskop Classic III svart 5620\" srcset=\"https:\/\/i0.wp.com\/www.stethoscope24.com\/stetoskop\/wp-content\/uploads\/2020\/09\/Littmann_5620.jpg?w=400&amp;ssl=1 400w, https:\/\/i0.wp.com\/www.stethoscope24.com\/stetoskop\/wp-content\/uploads\/2020\/09\/Littmann_5620.jpg?resize=300%2C300&amp;ssl=1 300w, https:\/\/i0.wp.com\/www.stethoscope24.com\/stetoskop\/wp-content\/uploads\/2020\/09\/Littmann_5620.jpg?resize=150%2C150&amp;ssl=1 150w\" sizes=\"(max-width: 300px) 100vw, 300px\" \/><\/div>\n\t\t\t\t\t<div class=\"wc-block-grid__product-title\">Littmann stetoskop Classic III svart<\/div>\n\t\t\t\t<\/a>\n\t\t\t\t<div class=\"wc-block-grid__product-price price\"><span class=\"woocommerce-Price-amount amount\">1 119,00&nbsp;<span class=\"woocommerce-Price-currencySymbol\">&#107;&#114;<\/span><\/span> <small class=\"woocommerce-price-suffix\">Eks. MVA<\/small><\/div>\n\t\t\t\t<div class=\"wc-block-grid__product-rating\"><div class=\"star-rating\"><span style=\"width:100%\">Vurdert <strong class=\"rating\">5.00<\/strong> av 5 basert p\u00e5 <span class=\"rating\">6<\/span> kundevurderinger<\/span><\/div><\/div>\n\t\t\t\t\n\t\t\t<\/li><li class=\"wc-block-grid__product\">\n\t\t\t\t<a href=\"https:\/\/www.stethoscope24.com\/stetoskop\/product\/littmann-stetoskop-classic-iii-svart-champagne-finish\/\" class=\"wc-block-grid__product-link\">\n\t\t\t\t\t\n\t\t\t\t\t<div class=\"wc-block-grid__product-image\"><img loading=\"lazy\" decoding=\"async\" width=\"300\" height=\"300\" src=\"https:\/\/i0.wp.com\/www.stethoscope24.com\/stetoskop\/wp-content\/uploads\/2020\/09\/Littmann_5861.jpg?fit=300%2C300&amp;ssl=1\" class=\"attachment-woocommerce_thumbnail size-woocommerce_thumbnail\" alt=\"Littmann stetoskop Classic III svart \/ champagne finish\" srcset=\"https:\/\/i0.wp.com\/www.stethoscope24.com\/stetoskop\/wp-content\/uploads\/2020\/09\/Littmann_5861.jpg?w=400&amp;ssl=1 400w, https:\/\/i0.wp.com\/www.stethoscope24.com\/stetoskop\/wp-content\/uploads\/2020\/09\/Littmann_5861.jpg?resize=300%2C300&amp;ssl=1 300w, https:\/\/i0.wp.com\/www.stethoscope24.com\/stetoskop\/wp-content\/uploads\/2020\/09\/Littmann_5861.jpg?resize=150%2C150&amp;ssl=1 150w\" sizes=\"(max-width: 300px) 100vw, 300px\" \/><\/div>\n\t\t\t\t\t<div class=\"wc-block-grid__product-title\">Littmann stetoskop Classic III svart \/ champagne finish<\/div>\n\t\t\t\t<\/a>\n\t\t\t\t<div class=\"wc-block-grid__product-price price\"><span class=\"woocommerce-Price-amount amount\">1 519,00&nbsp;<span class=\"woocommerce-Price-currencySymbol\">&#107;&#114;<\/span><\/span> <small class=\"woocommerce-price-suffix\">Eks. MVA<\/small><\/div>\n\t\t\t\t<div class=\"wc-block-grid__product-rating\"><div class=\"star-rating\"><span style=\"width:100%\">Vurdert <strong class=\"rating\">5.00<\/strong> av 5 basert p\u00e5 <span class=\"rating\">5<\/span> kundevurderinger<\/span><\/div><\/div>\n\t\t\t\t\n\t\t\t<\/li><li class=\"wc-block-grid__product\">\n\t\t\t\t<a href=\"https:\/\/www.stethoscope24.com\/stetoskop\/product\/littmann-stetoskop-classic-iii-sjokolade-kobberfinish\/\" class=\"wc-block-grid__product-link\">\n\t\t\t\t\t\n\t\t\t\t\t<div class=\"wc-block-grid__product-image\"><img loading=\"lazy\" decoding=\"async\" width=\"300\" height=\"300\" src=\"https:\/\/i0.wp.com\/www.stethoscope24.com\/stetoskop\/wp-content\/uploads\/2020\/09\/Littmann_5809.jpg?fit=300%2C300&amp;ssl=1\" class=\"attachment-woocommerce_thumbnail size-woocommerce_thumbnail\" alt=\"Littmann stetoskop Classic III sjokolade \/ kobberfinish 5809\" srcset=\"https:\/\/i0.wp.com\/www.stethoscope24.com\/stetoskop\/wp-content\/uploads\/2020\/09\/Littmann_5809.jpg?w=400&amp;ssl=1 400w, https:\/\/i0.wp.com\/www.stethoscope24.com\/stetoskop\/wp-content\/uploads\/2020\/09\/Littmann_5809.jpg?resize=300%2C300&amp;ssl=1 300w, https:\/\/i0.wp.com\/www.stethoscope24.com\/stetoskop\/wp-content\/uploads\/2020\/09\/Littmann_5809.jpg?resize=150%2C150&amp;ssl=1 150w\" sizes=\"(max-width: 300px) 100vw, 300px\" \/><\/div>\n\t\t\t\t\t<div class=\"wc-block-grid__product-title\">Littmann stetoskop Classic III sjokolade\/kobberfinish<\/div>\n\t\t\t\t<\/a>\n\t\t\t\t<div class=\"wc-block-grid__product-price price\"><span class=\"woocommerce-Price-amount amount\">1 519,00&nbsp;<span class=\"woocommerce-Price-currencySymbol\">&#107;&#114;<\/span><\/span> <small class=\"woocommerce-price-suffix\">Eks. MVA<\/small><\/div>\n\t\t\t\t<div class=\"wc-block-grid__product-rating\"><div class=\"star-rating\"><span style=\"width:100%\">Vurdert <strong class=\"rating\">5.00<\/strong> av 5 basert p\u00e5 <span class=\"rating\">5<\/span> kundevurderinger<\/span><\/div><\/div>\n\t\t\t\t\n\t\t\t<\/li><li class=\"wc-block-grid__product\">\n\t\t\t\t<a href=\"https:\/\/www.stethoscope24.com\/stetoskop\/product\/littmann-pediatrisk-stetoskop-classic-ii-karibisk-bla-regnbue-finish\/\" class=\"wc-block-grid__product-link\">\n\t\t\t\t\t\n\t\t\t\t\t<div class=\"wc-block-grid__product-image\"><img loading=\"lazy\" decoding=\"async\" width=\"300\" height=\"300\" src=\"https:\/\/i0.wp.com\/www.stethoscope24.com\/stetoskop\/wp-content\/uploads\/2021\/02\/Littmann_2153.jpg?fit=300%2C300&amp;ssl=1\" class=\"attachment-woocommerce_thumbnail size-woocommerce_thumbnail\" alt=\"Stethoscope Littmann Classic II Pediatric Caribbean Blue Rainbow 2153\" srcset=\"https:\/\/i0.wp.com\/www.stethoscope24.com\/stetoskop\/wp-content\/uploads\/2021\/02\/Littmann_2153.jpg?w=400&amp;ssl=1 400w, https:\/\/i0.wp.com\/www.stethoscope24.com\/stetoskop\/wp-content\/uploads\/2021\/02\/Littmann_2153.jpg?resize=300%2C300&amp;ssl=1 300w, https:\/\/i0.wp.com\/www.stethoscope24.com\/stetoskop\/wp-content\/uploads\/2021\/02\/Littmann_2153.jpg?resize=150%2C150&amp;ssl=1 150w\" sizes=\"(max-width: 300px) 100vw, 300px\" \/><\/div>\n\t\t\t\t\t<div class=\"wc-block-grid__product-title\">Littmann pediatrisk stetoskop Classic II karibisk bl\u00e5 \/ regnbue finish<\/div>\n\t\t\t\t<\/a>\n\t\t\t\t<div class=\"wc-block-grid__product-price price\"><span class=\"woocommerce-Price-amount amount\">1 269,00&nbsp;<span class=\"woocommerce-Price-currencySymbol\">&#107;&#114;<\/span><\/span> <small class=\"woocommerce-price-suffix\">Eks. MVA<\/small><\/div>\n\t\t\t\t<div class=\"wc-block-grid__product-rating\"><div class=\"star-rating\"><span style=\"width:100%\">Vurdert <strong class=\"rating\">5.00<\/strong> av 5 basert p\u00e5 <span class=\"rating\">5<\/span> kundevurderinger<\/span><\/div><\/div>\n\t\t\t\t\n\t\t\t<\/li><\/ul><\/div>","protected":false},"excerpt":{"rendered":"<p>Er det trygt \u00e5 handle online med Klarna? Absolutt! Netthandel blir ikke tryggere enn med Klarna. I en fysisk butikk kan du alltid unders\u00f8ke og pr\u00f8ve varene du vil kj\u00f8pe f\u00f8r du betaler for dem. Vi mener det skal v\u00e6re det samme p\u00e5 nettet. N\u00e5r du kj\u00f8per med Klarna, f\u00e5r du alltid varene dine f\u00f8rst [&hellip;]<\/p>\n","protected":false},"author":1,"featured_media":0,"parent":0,"menu_order":0,"comment_status":"closed","ping_status":"closed","template":"","meta":{"footnotes":""},"class_list":["post-23794","page","type-page","status-publish","hentry"],"yoast_head":"<!-- This site is optimized with the Yoast SEO plugin v27.4 - https:\/\/yoast.com\/product\/yoast-seo-wordpress\/ -->\n<title>Klarna - Littmann Stetoskoper<\/title>\n<meta name=\"robots\" content=\"index, follow, max-snippet:-1, max-image-preview:large, max-video-preview:-1\" \/>\n<link rel=\"canonical\" href=\"https:\/\/www.stethoscope24.com\/stetoskop\/klarna\/\" \/>\n<meta property=\"og:locale\" content=\"nb_NO\" \/>\n<meta property=\"og:type\" content=\"article\" \/>\n<meta property=\"og:title\" content=\"Klarna - Littmann Stetoskoper\" \/>\n<meta property=\"og:description\" content=\"Er det trygt \u00e5 handle online med Klarna? Absolutt! Netthandel blir ikke tryggere enn med Klarna. I en fysisk butikk kan du alltid unders\u00f8ke og pr\u00f8ve varene du vil kj\u00f8pe f\u00f8r du betaler for dem. Vi mener det skal v\u00e6re det samme p\u00e5 nettet. N\u00e5r du kj\u00f8per med Klarna, f\u00e5r du alltid varene dine f\u00f8rst [&hellip;]\" \/>\n<meta property=\"og:url\" content=\"https:\/\/www.stethoscope24.com\/stetoskop\/klarna\/\" \/>\n<meta property=\"og:site_name\" content=\"Littmann Stetoskoper\" \/>\n<meta property=\"article:modified_time\" content=\"2021-04-22T12:02:59+00:00\" \/>\n<meta property=\"og:image\" content=\"https:\/\/estetoscopiolittmann.com\/wp-content\/uploads\/2021\/01\/klarna.png\" \/>\n<meta name=\"twitter:card\" content=\"summary_large_image\" \/>\n<meta name=\"twitter:label1\" content=\"Ansl. lesetid\" \/>\n\t<meta name=\"twitter:data1\" content=\"1 minutt\" \/>\n<script type=\"application\/ld+json\" class=\"yoast-schema-graph\">{\"@context\":\"https:\\\/\\\/schema.org\",\"@graph\":[{\"@type\":\"WebPage\",\"@id\":\"https:\\\/\\\/www.stethoscope24.com\\\/stetoskop\\\/klarna\\\/\",\"url\":\"https:\\\/\\\/www.stethoscope24.com\\\/stetoskop\\\/klarna\\\/\",\"name\":\"Klarna - Littmann Stetoskoper\",\"isPartOf\":{\"@id\":\"https:\\\/\\\/www.stethoscope24.com\\\/stetoskop\\\/#website\"},\"primaryImageOfPage\":{\"@id\":\"https:\\\/\\\/www.stethoscope24.com\\\/stetoskop\\\/klarna\\\/#primaryimage\"},\"image\":{\"@id\":\"https:\\\/\\\/www.stethoscope24.com\\\/stetoskop\\\/klarna\\\/#primaryimage\"},\"thumbnailUrl\":\"https:\\\/\\\/estetoscopiolittmann.com\\\/wp-content\\\/uploads\\\/2021\\\/01\\\/klarna.png\",\"datePublished\":\"2021-03-05T11:30:26+00:00\",\"dateModified\":\"2021-04-22T12:02:59+00:00\",\"breadcrumb\":{\"@id\":\"https:\\\/\\\/www.stethoscope24.com\\\/stetoskop\\\/klarna\\\/#breadcrumb\"},\"inLanguage\":\"nb-NO\",\"potentialAction\":[{\"@type\":\"ReadAction\",\"target\":[\"https:\\\/\\\/www.stethoscope24.com\\\/stetoskop\\\/klarna\\\/\"]}]},{\"@type\":\"ImageObject\",\"inLanguage\":\"nb-NO\",\"@id\":\"https:\\\/\\\/www.stethoscope24.com\\\/stetoskop\\\/klarna\\\/#primaryimage\",\"url\":\"https:\\\/\\\/estetoscopiolittmann.com\\\/wp-content\\\/uploads\\\/2021\\\/01\\\/klarna.png\",\"contentUrl\":\"https:\\\/\\\/estetoscopiolittmann.com\\\/wp-content\\\/uploads\\\/2021\\\/01\\\/klarna.png\"},{\"@type\":\"BreadcrumbList\",\"@id\":\"https:\\\/\\\/www.stethoscope24.com\\\/stetoskop\\\/klarna\\\/#breadcrumb\",\"itemListElement\":[{\"@type\":\"ListItem\",\"position\":1,\"name\":\"Home\",\"item\":\"https:\\\/\\\/www.stethoscope24.com\\\/stetoskop\\\/\"},{\"@type\":\"ListItem\",\"position\":2,\"name\":\"Klarna\"}]},{\"@type\":\"WebSite\",\"@id\":\"https:\\\/\\\/www.stethoscope24.com\\\/stetoskop\\\/#website\",\"url\":\"https:\\\/\\\/www.stethoscope24.com\\\/stetoskop\\\/\",\"name\":\"Littmann Stetoskoper\",\"description\":\"3M Littmann Stetoskoper\",\"publisher\":{\"@id\":\"https:\\\/\\\/www.stethoscope24.com\\\/stetoskop\\\/#organization\"},\"potentialAction\":[{\"@type\":\"SearchAction\",\"target\":{\"@type\":\"EntryPoint\",\"urlTemplate\":\"https:\\\/\\\/www.stethoscope24.com\\\/stetoskop\\\/?s={search_term_string}\"},\"query-input\":{\"@type\":\"PropertyValueSpecification\",\"valueRequired\":true,\"valueName\":\"search_term_string\"}}],\"inLanguage\":\"nb-NO\"},{\"@type\":\"Organization\",\"@id\":\"https:\\\/\\\/www.stethoscope24.com\\\/stetoskop\\\/#organization\",\"name\":\"Stethoscope24\",\"url\":\"https:\\\/\\\/www.stethoscope24.com\\\/stetoskop\\\/\",\"logo\":{\"@type\":\"ImageObject\",\"inLanguage\":\"nb-NO\",\"@id\":\"https:\\\/\\\/www.stethoscope24.com\\\/stetoskop\\\/#\\\/schema\\\/logo\\\/image\\\/\",\"url\":\"https:\\\/\\\/i1.wp.com\\\/stethoscope24.com\\\/stetoskop\\\/wp-content\\\/uploads\\\/2021\\\/03\\\/cropped-logostethoscope24.jpg?fit=330%2C72&ssl=1\",\"contentUrl\":\"https:\\\/\\\/i1.wp.com\\\/stethoscope24.com\\\/stetoskop\\\/wp-content\\\/uploads\\\/2021\\\/03\\\/cropped-logostethoscope24.jpg?fit=330%2C72&ssl=1\",\"width\":330,\"height\":72,\"caption\":\"Stethoscope24\"},\"image\":{\"@id\":\"https:\\\/\\\/www.stethoscope24.com\\\/stetoskop\\\/#\\\/schema\\\/logo\\\/image\\\/\"}}]}<\/script>\n<!-- \/ Yoast SEO plugin. -->","yoast_head_json":{"title":"Klarna - Littmann Stetoskoper","robots":{"index":"index","follow":"follow","max-snippet":"max-snippet:-1","max-image-preview":"max-image-preview:large","max-video-preview":"max-video-preview:-1"},"canonical":"https:\/\/www.stethoscope24.com\/stetoskop\/klarna\/","og_locale":"nb_NO","og_type":"article","og_title":"Klarna - Littmann Stetoskoper","og_description":"Er det trygt \u00e5 handle online med Klarna? Absolutt! Netthandel blir ikke tryggere enn med Klarna. I en fysisk butikk kan du alltid unders\u00f8ke og pr\u00f8ve varene du vil kj\u00f8pe f\u00f8r du betaler for dem. Vi mener det skal v\u00e6re det samme p\u00e5 nettet. N\u00e5r du kj\u00f8per med Klarna, f\u00e5r du alltid varene dine f\u00f8rst [&hellip;]","og_url":"https:\/\/www.stethoscope24.com\/stetoskop\/klarna\/","og_site_name":"Littmann Stetoskoper","article_modified_time":"2021-04-22T12:02:59+00:00","og_image":[{"url":"https:\/\/estetoscopiolittmann.com\/wp-content\/uploads\/2021\/01\/klarna.png","type":"","width":"","height":""}],"twitter_card":"summary_large_image","twitter_misc":{"Ansl. lesetid":"1 minutt"},"schema":{"@context":"https:\/\/schema.org","@graph":[{"@type":"WebPage","@id":"https:\/\/www.stethoscope24.com\/stetoskop\/klarna\/","url":"https:\/\/www.stethoscope24.com\/stetoskop\/klarna\/","name":"Klarna - Littmann Stetoskoper","isPartOf":{"@id":"https:\/\/www.stethoscope24.com\/stetoskop\/#website"},"primaryImageOfPage":{"@id":"https:\/\/www.stethoscope24.com\/stetoskop\/klarna\/#primaryimage"},"image":{"@id":"https:\/\/www.stethoscope24.com\/stetoskop\/klarna\/#primaryimage"},"thumbnailUrl":"https:\/\/estetoscopiolittmann.com\/wp-content\/uploads\/2021\/01\/klarna.png","datePublished":"2021-03-05T11:30:26+00:00","dateModified":"2021-04-22T12:02:59+00:00","breadcrumb":{"@id":"https:\/\/www.stethoscope24.com\/stetoskop\/klarna\/#breadcrumb"},"inLanguage":"nb-NO","potentialAction":[{"@type":"ReadAction","target":["https:\/\/www.stethoscope24.com\/stetoskop\/klarna\/"]}]},{"@type":"ImageObject","inLanguage":"nb-NO","@id":"https:\/\/www.stethoscope24.com\/stetoskop\/klarna\/#primaryimage","url":"https:\/\/estetoscopiolittmann.com\/wp-content\/uploads\/2021\/01\/klarna.png","contentUrl":"https:\/\/estetoscopiolittmann.com\/wp-content\/uploads\/2021\/01\/klarna.png"},{"@type":"BreadcrumbList","@id":"https:\/\/www.stethoscope24.com\/stetoskop\/klarna\/#breadcrumb","itemListElement":[{"@type":"ListItem","position":1,"name":"Home","item":"https:\/\/www.stethoscope24.com\/stetoskop\/"},{"@type":"ListItem","position":2,"name":"Klarna"}]},{"@type":"WebSite","@id":"https:\/\/www.stethoscope24.com\/stetoskop\/#website","url":"https:\/\/www.stethoscope24.com\/stetoskop\/","name":"Littmann Stetoskoper","description":"3M Littmann Stetoskoper","publisher":{"@id":"https:\/\/www.stethoscope24.com\/stetoskop\/#organization"},"potentialAction":[{"@type":"SearchAction","target":{"@type":"EntryPoint","urlTemplate":"https:\/\/www.stethoscope24.com\/stetoskop\/?s={search_term_string}"},"query-input":{"@type":"PropertyValueSpecification","valueRequired":true,"valueName":"search_term_string"}}],"inLanguage":"nb-NO"},{"@type":"Organization","@id":"https:\/\/www.stethoscope24.com\/stetoskop\/#organization","name":"Stethoscope24","url":"https:\/\/www.stethoscope24.com\/stetoskop\/","logo":{"@type":"ImageObject","inLanguage":"nb-NO","@id":"https:\/\/www.stethoscope24.com\/stetoskop\/#\/schema\/logo\/image\/","url":"https:\/\/i1.wp.com\/stethoscope24.com\/stetoskop\/wp-content\/uploads\/2021\/03\/cropped-logostethoscope24.jpg?fit=330%2C72&ssl=1","contentUrl":"https:\/\/i1.wp.com\/stethoscope24.com\/stetoskop\/wp-content\/uploads\/2021\/03\/cropped-logostethoscope24.jpg?fit=330%2C72&ssl=1","width":330,"height":72,"caption":"Stethoscope24"},"image":{"@id":"https:\/\/www.stethoscope24.com\/stetoskop\/#\/schema\/logo\/image\/"}}]}},"jetpack_sharing_enabled":true,"_links":{"self":[{"href":"https:\/\/www.stethoscope24.com\/stetoskop\/wp-json\/wp\/v2\/pages\/23794","targetHints":{"allow":["GET"]}}],"collection":[{"href":"https:\/\/www.stethoscope24.com\/stetoskop\/wp-json\/wp\/v2\/pages"}],"about":[{"href":"https:\/\/www.stethoscope24.com\/stetoskop\/wp-json\/wp\/v2\/types\/page"}],"author":[{"embeddable":true,"href":"https:\/\/www.stethoscope24.com\/stetoskop\/wp-json\/wp\/v2\/users\/1"}],"replies":[{"embeddable":true,"href":"https:\/\/www.stethoscope24.com\/stetoskop\/wp-json\/wp\/v2\/comments?post=23794"}],"version-history":[{"count":3,"href":"https:\/\/www.stethoscope24.com\/stetoskop\/wp-json\/wp\/v2\/pages\/23794\/revisions"}],"predecessor-version":[{"id":24233,"href":"https:\/\/www.stethoscope24.com\/stetoskop\/wp-json\/wp\/v2\/pages\/23794\/revisions\/24233"}],"wp:attachment":[{"href":"https:\/\/www.stethoscope24.com\/stetoskop\/wp-json\/wp\/v2\/media?parent=23794"}],"curies":[{"name":"wp","href":"https:\/\/api.w.org\/{rel}","templated":true}]}}