{"id":21453,"date":"2020-08-27T17:19:09","date_gmt":"2020-08-27T17:19:09","guid":{"rendered":"https:\/\/stethoscope24.com\/stetoskop\/?post_type=product&#038;p=21453"},"modified":"2024-02-27T13:16:20","modified_gmt":"2024-02-27T13:16:20","slug":"littmann-stetoskop-master-kardiologi-burgunder","status":"publish","type":"product","link":"https:\/\/www.stethoscope24.com\/stetoskop\/product\/littmann-stetoskop-master-kardiologi-burgunder\/","title":{"rendered":"Littmann stetoskop Master Kardiologi burgunder"},"content":{"rendered":"<h1> Littmann stetoskop Master Kardiologi burgunder <\/h1>\n<p>Bytt enkelt mellom lave og h\u00f8ye frekvenser med den justerbare teknologien fra 3M, ved \u00e5 veksle fra lett til fast trykk.<br \/>\nDet ensidige, solide bryststykket i rustfritt st\u00e5l er h\u00e5ndlaget og av h\u00f8yeste kvalitet.<br \/>\nInkluderer adapter til spesialprosedyrer for pediatrisk, nyf\u00f8dt og vanskelig tilgjengelig auskultasjon.<br \/>\nUnng\u00e5 tyveri\/tap ved \u00e5 gj\u00f8re stetoskopet personlig med lasergravering av tekst og symboler, en tilleggstjeneste vi leverer.<br \/>\nSlanger med dobbel lumen (to slanger i \u00e9n) eliminerer gnisselyder og s\u00f8rger for overlegen lydoverf\u00f8ring og lydisolasjon.<br \/>\nUtmerket akustisk forsegling, formet av komfortable, myke, snap-tight \u00f8repropper reduserer bakgrunnsst\u00f8y.<br \/>\nGi uttrykk for din egen stil ved \u00e5 velge fra det store utvalget Littmann har av finishen p\u00e5 bryststykket og forskjellige farger p\u00e5 slangen. Brukes som hjelpemiddel til diagnostisering under fysiologiske unders\u00f8kelser av lyder fra hjertet, lunger og mageregionen. Gratis reparasjon av alle produksjonsfeil eller materialdefekter er inkludert i 7-\u00e5rsgarantien. 10 av 10 p\u00e5 Littmanns prestasjonsvurdering.<\/p>\n<p>Stetoskopet 3M\u2122 Littmann\u00ae Master Kardiologi\u2122, karakteriseres av den beste akustiske responsen blant rekken av mekaniske stetoskop fra Littmann. Stetoskopet leveres med en justerbar membran, slanger med dobbel lumen og et presist, ergonomisk designet bryststykke i rustfritt st\u00e5l.<\/p>\n<p>Stetoskopet 3M\u2122 Littmann\u00ae Master Kardiologi\u2122, har en justerbar membranteknologi, en oppfinnelse fra 3M, som gj\u00f8r at brukeren kan h\u00f8re lyder i forskjellige frekvenser, bare ved \u00e5 endre trykket p\u00e5 bryststykket. I motsetning til andre tosidige modeller, trenger du ikke \u00e5 snu og posisjonere bryststykket p\u00e5 nytt. Hold bryststykket med et lett trykk for \u00e5 h\u00f8re lyder i det lave frekvensspekteret, trykk litt mer for \u00e5 h\u00f8re lyder med h\u00f8yere frekvens. Denne tidsbesparende funksjonen gj\u00f8r at helsepersonell kan fokusere mer p\u00e5 pasienten, mens varmeringen s\u00f8rger for pasientkomforten. <\/p>\n<p>Strammingen p\u00e5 headsettet justeres enkelt etter hodest\u00f8rrelse og komfort, ved \u00e5 klemme sammen eller trekke fra hverandre \u00f8reb\u00f8ylene. \u00d8repropper som forsegles med et lite knepp, tilpasset i henhold til individuelle \u00f8rer, utgj\u00f8r en utmerket akustisk forsegling og behagelig tilpasning. \u00d8reproppene kneppes enkelt fast til \u00f8reb\u00f8ylene, og for sikkerhets skyld, kreves en betydelig anstrengelse for \u00e5 fjerne proppene.<\/p>\n<p>Robuste, neste generasjons slanger, beholder formen og fleksibiliteten selv etter \u00e5 blitt kr\u00f8llet sammen i en lomme. Slangene gir en lenger levetid p\u00e5 stetoskopet grunnet bedre motstandsdyktighet mot hudoljer og alkohol, flekkdannelse er mindre sannsynlig. Neste generasjons slanger er ikke laget av naturlig gummilateks, en fordel for helsepersonell og pasienter med sensitiv hud. Og, som et bidrag til generell helse og milj\u00f8et, inneholder neste generasjons slanger ikke ftalater som plastmykner.<\/p>\n<p>Stetoskopet Master Kardiologi er produsert i USA for \u00e5 opprettholde en konsekvent kvalitet. Det leveres komplett med store og sm\u00e5, myke \u00f8repropper med god lyisolering, adapter til spesialprosedyrer og bruksanvisning.<\/p>\n","protected":false},"excerpt":{"rendered":"<ul style=\"\"list-style-type: disc; list-style-position: outside;\"\">\n<li>Enest\u00e5ende akustikk: Den beste av de mekaniske stetoskopene fra Littmann<\/li>\n<li>Justerbar membran: H\u00f8r lyder av h\u00f8y eller lav frekvens bare ved \u00e5 justere trykket forsiktig p\u00e5 bryststykket<\/li>\n<li>Slange med dobbel lumen. To lydkanaler i en slange eliminerer gnisselydene i tradisjonelle doble slanger<\/li>\n<li>Selve headsettet justeres lett for personlig tilpasning og komfort. Vinklede \u00f8reb\u00f8yler er anatomisk korrekt vinklet.<\/li>\n<li>7 \u00e5rs garanti<\/li>\n<li>Produsert i USA uten bruk av naturlig gummilateks<\/li>\n<\/ul>\n","protected":false},"featured_media":21456,"comment_status":"open","ping_status":"closed","template":"","meta":[],"product_brand":[],"product_cat":[128],"product_tag":[276],"class_list":{"0":"post-21453","1":"product","2":"type-product","3":"status-publish","4":"has-post-thumbnail","6":"product_cat-stetoskop-littmann-master-kardiologi","7":"product_tag-littmann-stetoskop-master-kardiologi","8":"pa_farge-burgunder","9":"pa_farge-pa-stammen-vanlig","10":"pa_finish-bryststykke-vanlig","11":"pa_merke-brand-littmann","12":"pa_ytelse-299","14":"first","15":"instock","16":"taxable","17":"shipping-taxable","18":"purchasable","19":"product-type-simple"},"yoast_head":"<!-- This site is optimized with the Yoast SEO plugin v27.5 - https:\/\/yoast.com\/product\/yoast-seo-wordpress\/ -->\n<title>Littmann stetoskop Master Kardiologi burgunder - Littmann Stetoskoper<\/title>\n<meta name=\"description\" content=\"Littmann Stetoskoper Littmann stetoskop Master Kardiologi burgunder\" \/>\n<meta name=\"robots\" content=\"index, follow, max-snippet:-1, max-image-preview:large, max-video-preview:-1\" \/>\n<link rel=\"canonical\" href=\"https:\/\/www.stethoscope24.com\/stetoskop\/product\/littmann-stetoskop-master-kardiologi-burgunder\/\" \/>\n<meta property=\"og:locale\" content=\"nb_NO\" \/>\n<meta property=\"og:type\" content=\"article\" \/>\n<meta property=\"og:title\" content=\"Littmann stetoskop Master Kardiologi burgunder - Littmann Stetoskoper\" \/>\n<meta property=\"og:description\" content=\"Littmann Stetoskoper Littmann stetoskop Master Kardiologi burgunder\" \/>\n<meta property=\"og:url\" content=\"https:\/\/www.stethoscope24.com\/stetoskop\/product\/littmann-stetoskop-master-kardiologi-burgunder\/\" \/>\n<meta property=\"og:site_name\" content=\"Littmann Stetoskoper\" \/>\n<meta property=\"article:modified_time\" content=\"2024-02-27T13:16:20+00:00\" \/>\n<meta property=\"og:image\" content=\"https:\/\/i1.wp.com\/www.stethoscope24.com\/stetoskop\/wp-content\/uploads\/2020\/08\/Littmann_2163.jpg?fit=400%2C400&ssl=1\" \/>\n\t<meta property=\"og:image:width\" content=\"400\" \/>\n\t<meta property=\"og:image:height\" content=\"400\" \/>\n\t<meta property=\"og:image:type\" content=\"image\/jpeg\" \/>\n<meta name=\"twitter:card\" content=\"summary_large_image\" \/>\n<meta name=\"twitter:label1\" content=\"Pris\" \/>\n\t<meta name=\"twitter:data1\" content=\"3 199,00&nbsp;&#107;&#114; Eks. MVA\" \/>\n\t<meta name=\"twitter:label2\" content=\"Tilgjengelighet\" \/>\n\t<meta name=\"twitter:data2\" content=\"P\u00e5 lager\" \/>\n<script type=\"application\/ld+json\" class=\"yoast-schema-graph\">{\"@context\":\"https:\\\/\\\/schema.org\",\"@graph\":[{\"@type\":[\"WebPage\",\"ItemPage\"],\"@id\":\"https:\\\/\\\/www.stethoscope24.com\\\/stetoskop\\\/product\\\/littmann-stetoskop-master-kardiologi-burgunder\\\/\",\"url\":\"https:\\\/\\\/www.stethoscope24.com\\\/stetoskop\\\/product\\\/littmann-stetoskop-master-kardiologi-burgunder\\\/\",\"name\":\"Littmann stetoskop Master Kardiologi burgunder - Littmann Stetoskoper\",\"isPartOf\":{\"@id\":\"https:\\\/\\\/www.stethoscope24.com\\\/stetoskop\\\/#website\"},\"primaryImageOfPage\":{\"@id\":\"https:\\\/\\\/www.stethoscope24.com\\\/stetoskop\\\/product\\\/littmann-stetoskop-master-kardiologi-burgunder\\\/#primaryimage\"},\"image\":{\"@id\":\"https:\\\/\\\/www.stethoscope24.com\\\/stetoskop\\\/product\\\/littmann-stetoskop-master-kardiologi-burgunder\\\/#primaryimage\"},\"thumbnailUrl\":\"https:\\\/\\\/i0.wp.com\\\/www.stethoscope24.com\\\/stetoskop\\\/wp-content\\\/uploads\\\/2020\\\/08\\\/Littmann_2163.jpg?fit=400%2C400&ssl=1\",\"datePublished\":\"2020-08-27T17:19:09+00:00\",\"dateModified\":\"2024-02-27T13:16:20+00:00\",\"description\":\"Littmann Stetoskoper Littmann stetoskop Master Kardiologi burgunder\",\"breadcrumb\":{\"@id\":\"https:\\\/\\\/www.stethoscope24.com\\\/stetoskop\\\/product\\\/littmann-stetoskop-master-kardiologi-burgunder\\\/#breadcrumb\"},\"inLanguage\":\"nb-NO\",\"potentialAction\":[{\"@type\":\"ReadAction\",\"target\":[\"https:\\\/\\\/www.stethoscope24.com\\\/stetoskop\\\/product\\\/littmann-stetoskop-master-kardiologi-burgunder\\\/\"]}]},{\"@type\":\"ImageObject\",\"inLanguage\":\"nb-NO\",\"@id\":\"https:\\\/\\\/www.stethoscope24.com\\\/stetoskop\\\/product\\\/littmann-stetoskop-master-kardiologi-burgunder\\\/#primaryimage\",\"url\":\"https:\\\/\\\/i0.wp.com\\\/www.stethoscope24.com\\\/stetoskop\\\/wp-content\\\/uploads\\\/2020\\\/08\\\/Littmann_2163.jpg?fit=400%2C400&ssl=1\",\"contentUrl\":\"https:\\\/\\\/i0.wp.com\\\/www.stethoscope24.com\\\/stetoskop\\\/wp-content\\\/uploads\\\/2020\\\/08\\\/Littmann_2163.jpg?fit=400%2C400&ssl=1\",\"width\":400,\"height\":400,\"caption\":\"Stethoscope Littmann Master Cardiology Burgundy 2163\"},{\"@type\":\"BreadcrumbList\",\"@id\":\"https:\\\/\\\/www.stethoscope24.com\\\/stetoskop\\\/product\\\/littmann-stetoskop-master-kardiologi-burgunder\\\/#breadcrumb\",\"itemListElement\":[{\"@type\":\"ListItem\",\"position\":1,\"name\":\"Home\",\"item\":\"https:\\\/\\\/www.stethoscope24.com\\\/stetoskop\\\/\"},{\"@type\":\"ListItem\",\"position\":2,\"name\":\"Shop\",\"item\":\"https:\\\/\\\/www.stethoscope24.com\\\/stetoskop\\\/shop\\\/\"},{\"@type\":\"ListItem\",\"position\":3,\"name\":\"Littmann stetoskop Master Kardiologi burgunder\"}]},{\"@type\":\"WebSite\",\"@id\":\"https:\\\/\\\/www.stethoscope24.com\\\/stetoskop\\\/#website\",\"url\":\"https:\\\/\\\/www.stethoscope24.com\\\/stetoskop\\\/\",\"name\":\"Littmann Stetoskoper\",\"description\":\"3M Littmann Stetoskoper\",\"publisher\":{\"@id\":\"https:\\\/\\\/www.stethoscope24.com\\\/stetoskop\\\/#organization\"},\"potentialAction\":[{\"@type\":\"SearchAction\",\"target\":{\"@type\":\"EntryPoint\",\"urlTemplate\":\"https:\\\/\\\/www.stethoscope24.com\\\/stetoskop\\\/?s={search_term_string}\"},\"query-input\":{\"@type\":\"PropertyValueSpecification\",\"valueRequired\":true,\"valueName\":\"search_term_string\"}}],\"inLanguage\":\"nb-NO\"},{\"@type\":\"Organization\",\"@id\":\"https:\\\/\\\/www.stethoscope24.com\\\/stetoskop\\\/#organization\",\"name\":\"Stethoscope24\",\"url\":\"https:\\\/\\\/www.stethoscope24.com\\\/stetoskop\\\/\",\"logo\":{\"@type\":\"ImageObject\",\"inLanguage\":\"nb-NO\",\"@id\":\"https:\\\/\\\/www.stethoscope24.com\\\/stetoskop\\\/#\\\/schema\\\/logo\\\/image\\\/\",\"url\":\"https:\\\/\\\/i1.wp.com\\\/stethoscope24.com\\\/stetoskop\\\/wp-content\\\/uploads\\\/2021\\\/03\\\/cropped-logostethoscope24.jpg?fit=330%2C72&ssl=1\",\"contentUrl\":\"https:\\\/\\\/i1.wp.com\\\/stethoscope24.com\\\/stetoskop\\\/wp-content\\\/uploads\\\/2021\\\/03\\\/cropped-logostethoscope24.jpg?fit=330%2C72&ssl=1\",\"width\":330,\"height\":72,\"caption\":\"Stethoscope24\"},\"image\":{\"@id\":\"https:\\\/\\\/www.stethoscope24.com\\\/stetoskop\\\/#\\\/schema\\\/logo\\\/image\\\/\"}}]}<\/script>\n<meta property=\"product:brand\" content=\"Littmann\" \/>\n<meta property=\"product:price:amount\" content=\"3199.00\" \/>\n<meta property=\"product:price:currency\" content=\"NOK\" \/>\n<meta property=\"og:availability\" content=\"instock\" \/>\n<meta property=\"product:availability\" content=\"instock\" \/>\n<meta property=\"product:retailer_item_id\" content=\"2163\" \/>\n<meta property=\"product:condition\" content=\"new\" \/>\n<!-- \/ Yoast SEO plugin. -->","yoast_head_json":{"title":"Littmann stetoskop Master Kardiologi burgunder - Littmann Stetoskoper","description":"Littmann Stetoskoper Littmann stetoskop Master Kardiologi burgunder","robots":{"index":"index","follow":"follow","max-snippet":"max-snippet:-1","max-image-preview":"max-image-preview:large","max-video-preview":"max-video-preview:-1"},"canonical":"https:\/\/www.stethoscope24.com\/stetoskop\/product\/littmann-stetoskop-master-kardiologi-burgunder\/","og_locale":"nb_NO","og_type":"article","og_title":"Littmann stetoskop Master Kardiologi burgunder - Littmann Stetoskoper","og_description":"Littmann Stetoskoper Littmann stetoskop Master Kardiologi burgunder","og_url":"https:\/\/www.stethoscope24.com\/stetoskop\/product\/littmann-stetoskop-master-kardiologi-burgunder\/","og_site_name":"Littmann Stetoskoper","article_modified_time":"2024-02-27T13:16:20+00:00","og_image":[{"width":400,"height":400,"url":"https:\/\/i1.wp.com\/www.stethoscope24.com\/stetoskop\/wp-content\/uploads\/2020\/08\/Littmann_2163.jpg?fit=400%2C400&ssl=1","type":"image\/jpeg"}],"twitter_card":"summary_large_image","twitter_misc":{"Pris":"3 199,00&nbsp;&#107;&#114; Eks. MVA","Tilgjengelighet":"P\u00e5 lager"},"schema":{"@context":"https:\/\/schema.org","@graph":[{"@type":["WebPage","ItemPage"],"@id":"https:\/\/www.stethoscope24.com\/stetoskop\/product\/littmann-stetoskop-master-kardiologi-burgunder\/","url":"https:\/\/www.stethoscope24.com\/stetoskop\/product\/littmann-stetoskop-master-kardiologi-burgunder\/","name":"Littmann stetoskop Master Kardiologi burgunder - Littmann Stetoskoper","isPartOf":{"@id":"https:\/\/www.stethoscope24.com\/stetoskop\/#website"},"primaryImageOfPage":{"@id":"https:\/\/www.stethoscope24.com\/stetoskop\/product\/littmann-stetoskop-master-kardiologi-burgunder\/#primaryimage"},"image":{"@id":"https:\/\/www.stethoscope24.com\/stetoskop\/product\/littmann-stetoskop-master-kardiologi-burgunder\/#primaryimage"},"thumbnailUrl":"https:\/\/i0.wp.com\/www.stethoscope24.com\/stetoskop\/wp-content\/uploads\/2020\/08\/Littmann_2163.jpg?fit=400%2C400&ssl=1","datePublished":"2020-08-27T17:19:09+00:00","dateModified":"2024-02-27T13:16:20+00:00","description":"Littmann Stetoskoper Littmann stetoskop Master Kardiologi burgunder","breadcrumb":{"@id":"https:\/\/www.stethoscope24.com\/stetoskop\/product\/littmann-stetoskop-master-kardiologi-burgunder\/#breadcrumb"},"inLanguage":"nb-NO","potentialAction":[{"@type":"ReadAction","target":["https:\/\/www.stethoscope24.com\/stetoskop\/product\/littmann-stetoskop-master-kardiologi-burgunder\/"]}]},{"@type":"ImageObject","inLanguage":"nb-NO","@id":"https:\/\/www.stethoscope24.com\/stetoskop\/product\/littmann-stetoskop-master-kardiologi-burgunder\/#primaryimage","url":"https:\/\/i0.wp.com\/www.stethoscope24.com\/stetoskop\/wp-content\/uploads\/2020\/08\/Littmann_2163.jpg?fit=400%2C400&ssl=1","contentUrl":"https:\/\/i0.wp.com\/www.stethoscope24.com\/stetoskop\/wp-content\/uploads\/2020\/08\/Littmann_2163.jpg?fit=400%2C400&ssl=1","width":400,"height":400,"caption":"Stethoscope Littmann Master Cardiology Burgundy 2163"},{"@type":"BreadcrumbList","@id":"https:\/\/www.stethoscope24.com\/stetoskop\/product\/littmann-stetoskop-master-kardiologi-burgunder\/#breadcrumb","itemListElement":[{"@type":"ListItem","position":1,"name":"Home","item":"https:\/\/www.stethoscope24.com\/stetoskop\/"},{"@type":"ListItem","position":2,"name":"Shop","item":"https:\/\/www.stethoscope24.com\/stetoskop\/shop\/"},{"@type":"ListItem","position":3,"name":"Littmann stetoskop Master Kardiologi burgunder"}]},{"@type":"WebSite","@id":"https:\/\/www.stethoscope24.com\/stetoskop\/#website","url":"https:\/\/www.stethoscope24.com\/stetoskop\/","name":"Littmann Stetoskoper","description":"3M Littmann Stetoskoper","publisher":{"@id":"https:\/\/www.stethoscope24.com\/stetoskop\/#organization"},"potentialAction":[{"@type":"SearchAction","target":{"@type":"EntryPoint","urlTemplate":"https:\/\/www.stethoscope24.com\/stetoskop\/?s={search_term_string}"},"query-input":{"@type":"PropertyValueSpecification","valueRequired":true,"valueName":"search_term_string"}}],"inLanguage":"nb-NO"},{"@type":"Organization","@id":"https:\/\/www.stethoscope24.com\/stetoskop\/#organization","name":"Stethoscope24","url":"https:\/\/www.stethoscope24.com\/stetoskop\/","logo":{"@type":"ImageObject","inLanguage":"nb-NO","@id":"https:\/\/www.stethoscope24.com\/stetoskop\/#\/schema\/logo\/image\/","url":"https:\/\/i1.wp.com\/stethoscope24.com\/stetoskop\/wp-content\/uploads\/2021\/03\/cropped-logostethoscope24.jpg?fit=330%2C72&ssl=1","contentUrl":"https:\/\/i1.wp.com\/stethoscope24.com\/stetoskop\/wp-content\/uploads\/2021\/03\/cropped-logostethoscope24.jpg?fit=330%2C72&ssl=1","width":330,"height":72,"caption":"Stethoscope24"},"image":{"@id":"https:\/\/www.stethoscope24.com\/stetoskop\/#\/schema\/logo\/image\/"}}]},"product_brand":"Littmann","product_price_amount":"3199.00","product_price_currency":"NOK","og_availability":"instock","product_availability":"instock","product_retailer_item_id":"2163","product_condition":"new"},"jetpack_sharing_enabled":true,"_links":{"self":[{"href":"https:\/\/www.stethoscope24.com\/stetoskop\/wp-json\/wp\/v2\/product\/21453","targetHints":{"allow":["GET"]}}],"collection":[{"href":"https:\/\/www.stethoscope24.com\/stetoskop\/wp-json\/wp\/v2\/product"}],"about":[{"href":"https:\/\/www.stethoscope24.com\/stetoskop\/wp-json\/wp\/v2\/types\/product"}],"replies":[{"embeddable":true,"href":"https:\/\/www.stethoscope24.com\/stetoskop\/wp-json\/wp\/v2\/comments?post=21453"}],"wp:featuredmedia":[{"embeddable":true,"href":"https:\/\/www.stethoscope24.com\/stetoskop\/wp-json\/wp\/v2\/media\/21456"}],"wp:attachment":[{"href":"https:\/\/www.stethoscope24.com\/stetoskop\/wp-json\/wp\/v2\/media?parent=21453"}],"wp:term":[{"taxonomy":"product_brand","embeddable":true,"href":"https:\/\/www.stethoscope24.com\/stetoskop\/wp-json\/wp\/v2\/product_brand?post=21453"},{"taxonomy":"product_cat","embeddable":true,"href":"https:\/\/www.stethoscope24.com\/stetoskop\/wp-json\/wp\/v2\/product_cat?post=21453"},{"taxonomy":"product_tag","embeddable":true,"href":"https:\/\/www.stethoscope24.com\/stetoskop\/wp-json\/wp\/v2\/product_tag?post=21453"}],"curies":[{"name":"wp","href":"https:\/\/api.w.org\/{rel}","templated":true}]}}