{"id":21481,"date":"2020-08-27T18:50:45","date_gmt":"2020-08-27T18:50:45","guid":{"rendered":"https:\/\/stethoscope24.com\/stetoskop\/?post_type=product&#038;p=21481"},"modified":"2024-04-07T17:51:15","modified_gmt":"2024-04-07T17:51:15","slug":"littmann-stetoskop-master-kardiologi-svart-roykfarget-finish","status":"publish","type":"product","link":"https:\/\/www.stethoscope24.com\/stetoskop\/product\/littmann-stetoskop-master-kardiologi-svart-roykfarget-finish\/","title":{"rendered":"Littmann stetoskop Master Kardiologi svart \/ r\u00f8ykfarget finish"},"content":{"rendered":"<h1>Littmann stetoskop Master Kardiologi svart \/ r\u00f8ykfarget finish<\/h1>\n<p>Med Master Kardiologi fra Littmann kan du enkelt bytte mellom lave og h\u00f8ye frekvenser ved \u00e5 veksle fra lett til fast trykk.<\/p>\n<p>Dette stetoskopet brukes som hjelpemiddel til diagnostisering under fysiologiske unders\u00f8kelser av lyder fra hjertet, lunger og mageregionen, og inkluderer adapter til spesialprosedyrer for pediatrisk, nyf\u00f8dt og vanskelig tilgjengelig auskultasjon.<\/p>\n<p><strong>Godt \u00e5 vite om Littmann-stetoskopet Master Kardiologi<\/strong><\/p>\n<p>Stetoskopet 3M&#x2122; Littmann\u00ae Master Kardiologi&#x2122; har en justerbar membranteknologi, en oppfinnelse fra 3M. Denne teknologien gj\u00f8r at brukeren kan h\u00f8re lyder i forskjellige frekvenser, bare ved \u00e5 endre trykket p\u00e5 bryststykket. Hold bryststykket med et lett trykk for \u00e5 h\u00f8re lyder i det lave frekvensspekteret, og trykk litt mer for \u00e5 h\u00f8re lyder med h\u00f8yere frekvens. Varmering p\u00e5 stetoskopet s\u00f8rger for pasientkomforten.<\/p>\n<p>Det ensidige, solide bryststykket i rustfritt st\u00e5l er h\u00e5ndlaget og av h\u00f8yeste kvalitet.<\/p>\n<p>Stetoskopet 3M&#x2122; Littmann\u00ae Master Kardiologi&#x2122;, karakteriseres av den beste akustiske responsen blant rekken av mekaniske stetoskop fra Littmann. Stetoskopet leveres med en justerbar membran, slanger med dobbel lumen og et presist, ergonomisk designet bryststykke i rustfritt st\u00e5l.<\/p>\n<p>Slangene er robuste og beholder formen og fleksibiliteten selv etter \u00e5 ha blitt kr\u00f8llet sammen i en lomme. Slangene gir en lenger levetid p\u00e5 stetoskopet grunnet bedre motstandsdyktighet mot hudoljer og alkohol.<\/p>\n<p><strong>Detaljer: <\/strong><\/p>\n<ul>\n<li>Slanger med dobbel lumen (to slanger i \u00e9n) eliminerer gnisselyder og s\u00f8rger for overlegen lydoverf\u00f8ring og lydisolasjon.<\/li>\n<li>Utmerket akustisk forsegling, formet av komfortable, myke \u00f8repropper reduserer bakgrunnsst\u00f8y.<\/li>\n<li>Stramming p\u00e5 \u00f8reb\u00f8ylene justeres enkelt etter hodest\u00f8rrelse og komfort ved \u00e5 klemme sammen eller trekke fra hverandre \u00f8reb\u00f8ylene. \u00d8reproppene kneppes enkelt fast til \u00f8reb\u00f8ylene.<\/li>\n<li>Stetoskopet leveres med stor og sm\u00e5, myke \u00f8repropper med god lydisolering, adapter til spesialprosedyrer og bruksanvisning.<\/li>\n<li>Gratis reparasjon av alle produksjonsfeil eller materialdefekter er inkludert i 7-\u00e5rsgarantien.<\/li>\n<li>10 av 10 p\u00e5 Littmanns prestasjonsvurdering<\/li>\n<li>Produsert i USA uten bruk av naturlig gummilateks<\/li>\n<li>Inneholder ikke ftalater som plastmykner.<\/li>\n<\/ul>\n<p>Velg mellom flere fargekombinasjoner!<\/p>\n<p>Gj\u00f8r stetoskopet ditt personlig med lasergravering av tekst og symboler.<\/p>\n","protected":false},"excerpt":{"rendered":"<ul>\n<li>Enest\u00e5ende akustikk, det beste av de mekaniske stetoskopene fra Littmann<\/li>\n<li>Justerbar membran: h\u00f8r lyder av h\u00f8y eller lav frekvens bare ved \u00e5 justere trykket forsiktig p\u00e5 bryststykket<\/li>\n<li>Slange med dobbel lumen. To lydkanaler i \u00e9n slange eliminerer gnisselydene i tradisjonell dobbel slange<\/li>\n<li>\u00d8reb\u00f8ylene justeres lett for personlig tilpasning og komfort. Vinklede \u00f8reb\u00f8yler er anatomisk korrekt vinklet.<\/li>\n<li>7 \u00e5rs garanti<\/li>\n<li>Produsert i USA uten bruk av naturlig gummilateks<\/li>\n<\/ul>\n","protected":false},"featured_media":21482,"comment_status":"open","ping_status":"closed","template":"","meta":[],"product_brand":[],"product_cat":[128],"product_tag":[276],"class_list":{"0":"post-21481","1":"product","2":"type-product","3":"status-publish","4":"has-post-thumbnail","6":"product_cat-stetoskop-littmann-master-kardiologi","7":"product_tag-littmann-stetoskop-master-kardiologi","8":"pa_farge-svart","9":"pa_farge-pa-stammen-vanlig","10":"pa_finish-bryststykke-roykfarget-finish","11":"pa_merke-brand-littmann","12":"pa_ytelse-299","14":"first","15":"instock","16":"taxable","17":"shipping-taxable","18":"purchasable","19":"product-type-simple"},"yoast_head":"<!-- This site is optimized with the Yoast SEO plugin v27.5 - https:\/\/yoast.com\/product\/yoast-seo-wordpress\/ -->\n<title>Littmann stetoskop Master Kardiologi svart \/ r\u00f8ykfarget finish - Littmann Stetoskoper<\/title>\n<meta name=\"description\" content=\"Littmann Stetoskoper Littmann stetoskop Master Kardiologi svart \/ r\u00f8ykfarget finish\" \/>\n<meta name=\"robots\" content=\"index, follow, max-snippet:-1, max-image-preview:large, max-video-preview:-1\" \/>\n<link rel=\"canonical\" href=\"https:\/\/www.stethoscope24.com\/stetoskop\/product\/littmann-stetoskop-master-kardiologi-svart-roykfarget-finish\/\" \/>\n<meta property=\"og:locale\" content=\"nb_NO\" \/>\n<meta property=\"og:type\" content=\"article\" \/>\n<meta property=\"og:title\" content=\"Littmann stetoskop Master Kardiologi svart \/ r\u00f8ykfarget finish - Littmann Stetoskoper\" \/>\n<meta property=\"og:description\" content=\"Littmann Stetoskoper Littmann stetoskop Master Kardiologi svart \/ r\u00f8ykfarget finish\" \/>\n<meta property=\"og:url\" content=\"https:\/\/www.stethoscope24.com\/stetoskop\/product\/littmann-stetoskop-master-kardiologi-svart-roykfarget-finish\/\" \/>\n<meta property=\"og:site_name\" content=\"Littmann Stetoskoper\" \/>\n<meta property=\"article:modified_time\" content=\"2024-04-07T17:51:15+00:00\" \/>\n<meta property=\"og:image\" content=\"https:\/\/www.stethoscope24.com\/stetoskop\/wp-content\/uploads\/2020\/08\/Littmann_2176-1.jpg\" \/>\n\t<meta property=\"og:image:width\" content=\"400\" \/>\n\t<meta property=\"og:image:height\" content=\"400\" \/>\n\t<meta property=\"og:image:type\" content=\"image\/jpeg\" \/>\n<meta name=\"twitter:card\" content=\"summary_large_image\" \/>\n<meta name=\"twitter:label1\" content=\"Pris\" \/>\n\t<meta name=\"twitter:data1\" content=\"3 379,00&nbsp;&#107;&#114; Eks. MVA\" \/>\n\t<meta name=\"twitter:label2\" content=\"Tilgjengelighet\" \/>\n\t<meta name=\"twitter:data2\" content=\"P\u00e5 lager\" \/>\n<script type=\"application\/ld+json\" class=\"yoast-schema-graph\">{\"@context\":\"https:\\\/\\\/schema.org\",\"@graph\":[{\"@type\":[\"WebPage\",\"ItemPage\"],\"@id\":\"https:\\\/\\\/www.stethoscope24.com\\\/stetoskop\\\/product\\\/littmann-stetoskop-master-kardiologi-svart-roykfarget-finish\\\/\",\"url\":\"https:\\\/\\\/www.stethoscope24.com\\\/stetoskop\\\/product\\\/littmann-stetoskop-master-kardiologi-svart-roykfarget-finish\\\/\",\"name\":\"Littmann stetoskop Master Kardiologi svart \\\/ r\u00f8ykfarget finish - Littmann Stetoskoper\",\"isPartOf\":{\"@id\":\"https:\\\/\\\/www.stethoscope24.com\\\/stetoskop\\\/#website\"},\"primaryImageOfPage\":{\"@id\":\"https:\\\/\\\/www.stethoscope24.com\\\/stetoskop\\\/product\\\/littmann-stetoskop-master-kardiologi-svart-roykfarget-finish\\\/#primaryimage\"},\"image\":{\"@id\":\"https:\\\/\\\/www.stethoscope24.com\\\/stetoskop\\\/product\\\/littmann-stetoskop-master-kardiologi-svart-roykfarget-finish\\\/#primaryimage\"},\"thumbnailUrl\":\"https:\\\/\\\/i0.wp.com\\\/www.stethoscope24.com\\\/stetoskop\\\/wp-content\\\/uploads\\\/2020\\\/08\\\/Littmann_2176-1.jpg?fit=400%2C400&ssl=1\",\"datePublished\":\"2020-08-27T18:50:45+00:00\",\"dateModified\":\"2024-04-07T17:51:15+00:00\",\"description\":\"Littmann Stetoskoper Littmann stetoskop Master Kardiologi svart \\\/ r\u00f8ykfarget finish\",\"breadcrumb\":{\"@id\":\"https:\\\/\\\/www.stethoscope24.com\\\/stetoskop\\\/product\\\/littmann-stetoskop-master-kardiologi-svart-roykfarget-finish\\\/#breadcrumb\"},\"inLanguage\":\"nb-NO\",\"potentialAction\":[{\"@type\":\"ReadAction\",\"target\":[\"https:\\\/\\\/www.stethoscope24.com\\\/stetoskop\\\/product\\\/littmann-stetoskop-master-kardiologi-svart-roykfarget-finish\\\/\"]}]},{\"@type\":\"ImageObject\",\"inLanguage\":\"nb-NO\",\"@id\":\"https:\\\/\\\/www.stethoscope24.com\\\/stetoskop\\\/product\\\/littmann-stetoskop-master-kardiologi-svart-roykfarget-finish\\\/#primaryimage\",\"url\":\"https:\\\/\\\/i0.wp.com\\\/www.stethoscope24.com\\\/stetoskop\\\/wp-content\\\/uploads\\\/2020\\\/08\\\/Littmann_2176-1.jpg?fit=400%2C400&ssl=1\",\"contentUrl\":\"https:\\\/\\\/i0.wp.com\\\/www.stethoscope24.com\\\/stetoskop\\\/wp-content\\\/uploads\\\/2020\\\/08\\\/Littmann_2176-1.jpg?fit=400%2C400&ssl=1\",\"width\":400,\"height\":400,\"caption\":\"Stethoscope Littmann Master Cardiology Black Smoke Finish 2176\"},{\"@type\":\"BreadcrumbList\",\"@id\":\"https:\\\/\\\/www.stethoscope24.com\\\/stetoskop\\\/product\\\/littmann-stetoskop-master-kardiologi-svart-roykfarget-finish\\\/#breadcrumb\",\"itemListElement\":[{\"@type\":\"ListItem\",\"position\":1,\"name\":\"Home\",\"item\":\"https:\\\/\\\/www.stethoscope24.com\\\/stetoskop\\\/\"},{\"@type\":\"ListItem\",\"position\":2,\"name\":\"Shop\",\"item\":\"https:\\\/\\\/www.stethoscope24.com\\\/stetoskop\\\/shop\\\/\"},{\"@type\":\"ListItem\",\"position\":3,\"name\":\"Littmann stetoskop Master Kardiologi svart \\\/ r\u00f8ykfarget finish\"}]},{\"@type\":\"WebSite\",\"@id\":\"https:\\\/\\\/www.stethoscope24.com\\\/stetoskop\\\/#website\",\"url\":\"https:\\\/\\\/www.stethoscope24.com\\\/stetoskop\\\/\",\"name\":\"Littmann Stetoskoper\",\"description\":\"3M Littmann Stetoskoper\",\"publisher\":{\"@id\":\"https:\\\/\\\/www.stethoscope24.com\\\/stetoskop\\\/#organization\"},\"potentialAction\":[{\"@type\":\"SearchAction\",\"target\":{\"@type\":\"EntryPoint\",\"urlTemplate\":\"https:\\\/\\\/www.stethoscope24.com\\\/stetoskop\\\/?s={search_term_string}\"},\"query-input\":{\"@type\":\"PropertyValueSpecification\",\"valueRequired\":true,\"valueName\":\"search_term_string\"}}],\"inLanguage\":\"nb-NO\"},{\"@type\":\"Organization\",\"@id\":\"https:\\\/\\\/www.stethoscope24.com\\\/stetoskop\\\/#organization\",\"name\":\"Stethoscope24\",\"url\":\"https:\\\/\\\/www.stethoscope24.com\\\/stetoskop\\\/\",\"logo\":{\"@type\":\"ImageObject\",\"inLanguage\":\"nb-NO\",\"@id\":\"https:\\\/\\\/www.stethoscope24.com\\\/stetoskop\\\/#\\\/schema\\\/logo\\\/image\\\/\",\"url\":\"https:\\\/\\\/i1.wp.com\\\/stethoscope24.com\\\/stetoskop\\\/wp-content\\\/uploads\\\/2021\\\/03\\\/cropped-logostethoscope24.jpg?fit=330%2C72&ssl=1\",\"contentUrl\":\"https:\\\/\\\/i1.wp.com\\\/stethoscope24.com\\\/stetoskop\\\/wp-content\\\/uploads\\\/2021\\\/03\\\/cropped-logostethoscope24.jpg?fit=330%2C72&ssl=1\",\"width\":330,\"height\":72,\"caption\":\"Stethoscope24\"},\"image\":{\"@id\":\"https:\\\/\\\/www.stethoscope24.com\\\/stetoskop\\\/#\\\/schema\\\/logo\\\/image\\\/\"}}]}<\/script>\n<meta property=\"product:brand\" content=\"Littmann\" \/>\n<meta property=\"product:price:amount\" content=\"3379.00\" \/>\n<meta property=\"product:price:currency\" content=\"NOK\" \/>\n<meta property=\"og:availability\" content=\"instock\" \/>\n<meta property=\"product:availability\" content=\"instock\" \/>\n<meta property=\"product:retailer_item_id\" content=\"2176\" \/>\n<meta property=\"product:condition\" content=\"new\" \/>\n<!-- \/ Yoast SEO plugin. -->","yoast_head_json":{"title":"Littmann stetoskop Master Kardiologi svart \/ r\u00f8ykfarget finish - Littmann Stetoskoper","description":"Littmann Stetoskoper Littmann stetoskop Master Kardiologi svart \/ r\u00f8ykfarget finish","robots":{"index":"index","follow":"follow","max-snippet":"max-snippet:-1","max-image-preview":"max-image-preview:large","max-video-preview":"max-video-preview:-1"},"canonical":"https:\/\/www.stethoscope24.com\/stetoskop\/product\/littmann-stetoskop-master-kardiologi-svart-roykfarget-finish\/","og_locale":"nb_NO","og_type":"article","og_title":"Littmann stetoskop Master Kardiologi svart \/ r\u00f8ykfarget finish - Littmann Stetoskoper","og_description":"Littmann Stetoskoper Littmann stetoskop Master Kardiologi svart \/ r\u00f8ykfarget finish","og_url":"https:\/\/www.stethoscope24.com\/stetoskop\/product\/littmann-stetoskop-master-kardiologi-svart-roykfarget-finish\/","og_site_name":"Littmann Stetoskoper","article_modified_time":"2024-04-07T17:51:15+00:00","og_image":[{"width":400,"height":400,"url":"https:\/\/www.stethoscope24.com\/stetoskop\/wp-content\/uploads\/2020\/08\/Littmann_2176-1.jpg","type":"image\/jpeg"}],"twitter_card":"summary_large_image","twitter_misc":{"Pris":"3 379,00&nbsp;&#107;&#114; Eks. MVA","Tilgjengelighet":"P\u00e5 lager"},"schema":{"@context":"https:\/\/schema.org","@graph":[{"@type":["WebPage","ItemPage"],"@id":"https:\/\/www.stethoscope24.com\/stetoskop\/product\/littmann-stetoskop-master-kardiologi-svart-roykfarget-finish\/","url":"https:\/\/www.stethoscope24.com\/stetoskop\/product\/littmann-stetoskop-master-kardiologi-svart-roykfarget-finish\/","name":"Littmann stetoskop Master Kardiologi svart \/ r\u00f8ykfarget finish - Littmann Stetoskoper","isPartOf":{"@id":"https:\/\/www.stethoscope24.com\/stetoskop\/#website"},"primaryImageOfPage":{"@id":"https:\/\/www.stethoscope24.com\/stetoskop\/product\/littmann-stetoskop-master-kardiologi-svart-roykfarget-finish\/#primaryimage"},"image":{"@id":"https:\/\/www.stethoscope24.com\/stetoskop\/product\/littmann-stetoskop-master-kardiologi-svart-roykfarget-finish\/#primaryimage"},"thumbnailUrl":"https:\/\/i0.wp.com\/www.stethoscope24.com\/stetoskop\/wp-content\/uploads\/2020\/08\/Littmann_2176-1.jpg?fit=400%2C400&ssl=1","datePublished":"2020-08-27T18:50:45+00:00","dateModified":"2024-04-07T17:51:15+00:00","description":"Littmann Stetoskoper Littmann stetoskop Master Kardiologi svart \/ r\u00f8ykfarget finish","breadcrumb":{"@id":"https:\/\/www.stethoscope24.com\/stetoskop\/product\/littmann-stetoskop-master-kardiologi-svart-roykfarget-finish\/#breadcrumb"},"inLanguage":"nb-NO","potentialAction":[{"@type":"ReadAction","target":["https:\/\/www.stethoscope24.com\/stetoskop\/product\/littmann-stetoskop-master-kardiologi-svart-roykfarget-finish\/"]}]},{"@type":"ImageObject","inLanguage":"nb-NO","@id":"https:\/\/www.stethoscope24.com\/stetoskop\/product\/littmann-stetoskop-master-kardiologi-svart-roykfarget-finish\/#primaryimage","url":"https:\/\/i0.wp.com\/www.stethoscope24.com\/stetoskop\/wp-content\/uploads\/2020\/08\/Littmann_2176-1.jpg?fit=400%2C400&ssl=1","contentUrl":"https:\/\/i0.wp.com\/www.stethoscope24.com\/stetoskop\/wp-content\/uploads\/2020\/08\/Littmann_2176-1.jpg?fit=400%2C400&ssl=1","width":400,"height":400,"caption":"Stethoscope Littmann Master Cardiology Black Smoke Finish 2176"},{"@type":"BreadcrumbList","@id":"https:\/\/www.stethoscope24.com\/stetoskop\/product\/littmann-stetoskop-master-kardiologi-svart-roykfarget-finish\/#breadcrumb","itemListElement":[{"@type":"ListItem","position":1,"name":"Home","item":"https:\/\/www.stethoscope24.com\/stetoskop\/"},{"@type":"ListItem","position":2,"name":"Shop","item":"https:\/\/www.stethoscope24.com\/stetoskop\/shop\/"},{"@type":"ListItem","position":3,"name":"Littmann stetoskop Master Kardiologi svart \/ r\u00f8ykfarget finish"}]},{"@type":"WebSite","@id":"https:\/\/www.stethoscope24.com\/stetoskop\/#website","url":"https:\/\/www.stethoscope24.com\/stetoskop\/","name":"Littmann Stetoskoper","description":"3M Littmann Stetoskoper","publisher":{"@id":"https:\/\/www.stethoscope24.com\/stetoskop\/#organization"},"potentialAction":[{"@type":"SearchAction","target":{"@type":"EntryPoint","urlTemplate":"https:\/\/www.stethoscope24.com\/stetoskop\/?s={search_term_string}"},"query-input":{"@type":"PropertyValueSpecification","valueRequired":true,"valueName":"search_term_string"}}],"inLanguage":"nb-NO"},{"@type":"Organization","@id":"https:\/\/www.stethoscope24.com\/stetoskop\/#organization","name":"Stethoscope24","url":"https:\/\/www.stethoscope24.com\/stetoskop\/","logo":{"@type":"ImageObject","inLanguage":"nb-NO","@id":"https:\/\/www.stethoscope24.com\/stetoskop\/#\/schema\/logo\/image\/","url":"https:\/\/i1.wp.com\/stethoscope24.com\/stetoskop\/wp-content\/uploads\/2021\/03\/cropped-logostethoscope24.jpg?fit=330%2C72&ssl=1","contentUrl":"https:\/\/i1.wp.com\/stethoscope24.com\/stetoskop\/wp-content\/uploads\/2021\/03\/cropped-logostethoscope24.jpg?fit=330%2C72&ssl=1","width":330,"height":72,"caption":"Stethoscope24"},"image":{"@id":"https:\/\/www.stethoscope24.com\/stetoskop\/#\/schema\/logo\/image\/"}}]},"product_brand":"Littmann","product_price_amount":"3379.00","product_price_currency":"NOK","og_availability":"instock","product_availability":"instock","product_retailer_item_id":"2176","product_condition":"new"},"jetpack_sharing_enabled":true,"_links":{"self":[{"href":"https:\/\/www.stethoscope24.com\/stetoskop\/wp-json\/wp\/v2\/product\/21481","targetHints":{"allow":["GET"]}}],"collection":[{"href":"https:\/\/www.stethoscope24.com\/stetoskop\/wp-json\/wp\/v2\/product"}],"about":[{"href":"https:\/\/www.stethoscope24.com\/stetoskop\/wp-json\/wp\/v2\/types\/product"}],"replies":[{"embeddable":true,"href":"https:\/\/www.stethoscope24.com\/stetoskop\/wp-json\/wp\/v2\/comments?post=21481"}],"wp:featuredmedia":[{"embeddable":true,"href":"https:\/\/www.stethoscope24.com\/stetoskop\/wp-json\/wp\/v2\/media\/21482"}],"wp:attachment":[{"href":"https:\/\/www.stethoscope24.com\/stetoskop\/wp-json\/wp\/v2\/media?parent=21481"}],"wp:term":[{"taxonomy":"product_brand","embeddable":true,"href":"https:\/\/www.stethoscope24.com\/stetoskop\/wp-json\/wp\/v2\/product_brand?post=21481"},{"taxonomy":"product_cat","embeddable":true,"href":"https:\/\/www.stethoscope24.com\/stetoskop\/wp-json\/wp\/v2\/product_cat?post=21481"},{"taxonomy":"product_tag","embeddable":true,"href":"https:\/\/www.stethoscope24.com\/stetoskop\/wp-json\/wp\/v2\/product_tag?post=21481"}],"curies":[{"name":"wp","href":"https:\/\/api.w.org\/{rel}","templated":true}]}}