{"id":21610,"date":"2020-09-01T10:32:37","date_gmt":"2020-09-01T10:32:37","guid":{"rendered":"https:\/\/stethoscope24.com\/stetoskop\/?post_type=product&#038;p=21610"},"modified":"2024-03-24T08:13:23","modified_gmt":"2024-03-24T08:13:23","slug":"littmann-stetoskop-kardiologi-iv-jaktgronn","status":"publish","type":"product","link":"https:\/\/www.stethoscope24.com\/stetoskop\/product\/littmann-stetoskop-kardiologi-iv-jaktgronn\/","title":{"rendered":"Littmann stetoskop Kardiologi IV jaktgr\u00f8nn"},"content":{"rendered":"<h1>Littmann stetoskop Kardiologi IV jaktgr\u00f8nn<\/h1>\n<p>Stetoskopet Kardiologi IV har kommet i nytt design, med et helt nytt bryststykke i rustfritt st\u00e5l. Det har nye, heloptimaliserte membraner til barn og voksne, som er unike for Kardiologi IV, i tillegg til \u00e5 ha siste generasjonen av slanger med lang levetid. Videre har det en finjustert klokkeside for umiddelbare, lave frekvenser. Stetoskopet har 7 \u00e5rs garanti.<\/p>\n<h3>Godt \u00e5 vite om Littmann-stetoskop\u00a0Kardiologi IV<\/h3>\n<p>Membranen best\u00e5r av bare \u00e9n del, noe som er unikt for Kardiologi IV. Den har enda bedre optimalisert sensitivitet, som gj\u00f8r alle lyder klarere og enklere \u00e5 h\u00f8re. Den nye bineuralen, med lang holdbarhet (to slanger i en), bidrar til en <a href=\"https:\/\/www.3mnorge.no\/3M\/no_NO\/Littmann-NDC\/products\/~\/?N=5932256+8711017+3292635703&amp;rt=rud\">garantiperiode til markedsledende 7 \u00e5r<\/a>! Stammen, innfestningen av slangen, er n\u00e5 innfelt. Det gir en perfekt passform, og det er enkelt \u00e5 se hvilken membran som er i bruk.<\/p>\n<h4>Bygget for \u00e5 lytte mer n\u00f8yaktig og avansert<\/h4>\n<p>Littmann-stetoskopet Kardiologi IV bidrar til \u00e5 isolere subtile lyder, slik at du kan h\u00f8re svake forandringer p\u00e5 pasientene i de mest kritiske og utfordrende arbeidsomgivelsene. Utviklet for \u00e5 bidra til \u00e5 oppfatte lyder som er vanskelig \u00e5 h\u00f8re, inkludert aortastenose, S3 galopprytmer og svake lungeanomalier.<\/p>\n<p>Praktisk ved kritiske unders\u00f8kelser og i utfordrende arbeidsmilj\u00f8er som akutt- og intensivavdelinger, hjerteintensiven og andre dynamiske kliniske milj\u00f8er.<\/p>\n<p>F\u00f8l deg trygg og sikker n\u00e5r du diagnostiserer og fatter beslutninger.<\/p>\n<p>Sammenlignet med Kardiologi III, h\u00f8rer du h\u00f8yfrekvente lyder bedre (voksen side, fast trykk), det kan bidra til bedre informasjon om tilstanden til pasienten.<\/p>\n<h4>Detaljer:<\/h4>\n<ul>\n<li>Det aller siste innen standarden for kardiologiteknologi, med dobbelt stetoskophode.<\/li>\n<li>Forbedret akustikk for h\u00f8ye frekvenser<\/li>\n<li>Unike membrandesign \u2013 nylig utviklet, fulloptimalisert, membran til pediatriske og voksne, har fullt spekter av auskultasjonslyder<\/li>\n<li>Slanger med dobbel lumen (to slanger i en), for \u00e5 minimere eksterne friksjonslyder<\/li>\n<li>100 % lateksfri konstruksjon, noe som gir lengre holdbarhet og levetid i tillegg til bedre pasientkomfort<\/li>\n<li>Membranteknologi best\u00e5ende av bare \u00e9n del<\/li>\n<li>Lettere \u00e5 rengj\u00f8re enn noen gang f\u00f8r<\/li>\n<li>Reservedeler inkludert:\n<ul>\n<li>ekstra sm\u00e5, myke \u00f8repropper<\/li>\n<li>store faste, gr\u00e5 \u00f8repropper<\/li>\n<li>varmering<\/li>\n<\/ul>\n<\/li>\n<li>Den justerbare teknologien fra 3M, gj\u00f8r at du enkelt kan bytte mellom lyder av h\u00f8y og lav frekvens, ved \u00e5 veksle mellom lett til fast trykk<\/li>\n<li>Dobbeltsidig stort\/lite bryststykke til unders\u00f8kelser av b\u00e5de voksne og barn<\/li>\n<li>For \u00e5 f\u00e5 maksimal allsidighet, forvandles ogs\u00e5 baksiden til en tradisjonell \u00e5pen klokke med adapteret som er inkludert<\/li>\n<li>Lasergravering av tekst og symboler for \u00e5 gj\u00f8re stetoskopet mer personlig og unng\u00e5 at det blir stj\u00e5let<\/li>\n<li>Anatomiske designede \u00f8reb\u00f8yler, som er komfortabelt plassert for best mulig lydoverf\u00f8ring<\/li>\n<li>Behagelige, myke \u00f8repropper lydisolerer med et lite klikk, og skaper en utmerket akustisk forsegling for \u00e5 redusere bakgrunnsst\u00f8y<\/li>\n<li>Littmann produktytelse 9 av 10<\/li>\n<li>Bekymringsfritt bruk med syv \u00e5rs garanti<\/li>\n<\/ul>\n<p><a href=\"https:\/\/www.stethoscope24.com\/stetoskop\/product-category\/littmann-stetoskop\/littmann-stetoskop-kardiologi\/littmann-stetoskop-kardiologi-iv\/\">Velg mellom flere fargekombinasjoner<\/a><\/p>\n","protected":false},"excerpt":{"rendered":"<ul>\n<li style=\"list-style-type: none;\">\n<ul>\n<li>Laget for \u00e5 isolere lyder og h\u00f8re svake endringer i pasientstatus<\/li>\n<li>Praktisk under kritiske unders\u00f8kelser og utfordrende omgivelser slik som p\u00e5 akutten, intensiven, hjerteintensiven, observasjonsposten og andre dynamiske avdelinger.<\/li>\n<li>Ergonomisk og h\u00f8y profilkonstruksjon \u2013 40 % st\u00f8rre bryststykke og 60 % dypere klokke enn stetoskopet Littmann Classic III<\/li>\n<li>Littmann produktytelse 9 av 10<\/li>\n<li>Utviklet til bruk b\u00e5de p\u00e5 barn og voksne<\/li>\n<li>Justerbart, tosidig bryststykke med \u00e5pen eller lukket klokke<\/li>\n<li>Varmering gir bedre pasientkomfort<\/li>\n<li>Myke \u00f8repropper gir best mulig komfort og utmerket akustisk isolasjon<\/li>\n<li>Produsert i USA uten bruk av naturlig gummilateks<\/li>\n<li>Enkelt \u00e5 rengj\u00f8re<\/li>\n<li>7 \u00e5rs garanti<\/li>\n<li>Model: 70200789488<\/li>\n<\/ul>\n<\/li>\n<\/ul>\n","protected":false},"featured_media":21598,"comment_status":"open","ping_status":"closed","template":"","meta":[],"product_brand":[],"product_cat":[129],"product_tag":[288],"class_list":{"0":"post-21610","1":"product","2":"type-product","3":"status-publish","4":"has-post-thumbnail","6":"product_cat-littmann-stetoskop-kardiologi-iv","7":"product_tag-littmann-stetoskop-kardiologi-iv","8":"pa_farge-gronn","9":"pa_farge-pa-stammen-vanlig","10":"pa_finish-bryststykke-vanlig","11":"pa_merke-brand-littmann","12":"pa_ytelse-301","14":"first","15":"instock","16":"taxable","17":"shipping-taxable","18":"purchasable","19":"product-type-simple"},"yoast_head":"<!-- This site is optimized with the Yoast SEO plugin v27.4 - https:\/\/yoast.com\/product\/yoast-seo-wordpress\/ -->\n<title>Littmann stetoskop Kardiologi IV jaktgr\u00f8nn - Littmann Stetoskoper<\/title>\n<meta name=\"description\" content=\"Littmann stetoskop Kardiologi IV jaktgr\u00f8nn Her introduserer vi det helt nye stetoskopet Kardiologi IV fra 3M Littmann\" \/>\n<meta name=\"robots\" content=\"index, follow, max-snippet:-1, max-image-preview:large, max-video-preview:-1\" \/>\n<link rel=\"canonical\" href=\"https:\/\/www.stethoscope24.com\/stetoskop\/product\/littmann-stetoskop-kardiologi-iv-jaktgronn\/\" \/>\n<meta property=\"og:locale\" content=\"nb_NO\" \/>\n<meta property=\"og:type\" content=\"article\" \/>\n<meta property=\"og:title\" content=\"Littmann stetoskop Kardiologi IV jaktgr\u00f8nn - Littmann Stetoskoper\" \/>\n<meta property=\"og:description\" content=\"Littmann stetoskop Kardiologi IV jaktgr\u00f8nn Her introduserer vi det helt nye stetoskopet Kardiologi IV fra 3M Littmann\" \/>\n<meta property=\"og:url\" content=\"https:\/\/www.stethoscope24.com\/stetoskop\/product\/littmann-stetoskop-kardiologi-iv-jaktgronn\/\" \/>\n<meta property=\"og:site_name\" content=\"Littmann Stetoskoper\" \/>\n<meta property=\"article:modified_time\" content=\"2024-03-24T08:13:23+00:00\" \/>\n<meta property=\"og:image\" content=\"https:\/\/www.stethoscope24.com\/stetoskop\/wp-content\/uploads\/2020\/08\/Littmann_6155.jpg\" \/>\n\t<meta property=\"og:image:width\" content=\"400\" \/>\n\t<meta property=\"og:image:height\" content=\"400\" \/>\n\t<meta property=\"og:image:type\" content=\"image\/jpeg\" \/>\n<meta name=\"twitter:card\" content=\"summary_large_image\" \/>\n<meta name=\"twitter:label1\" content=\"Pris\" \/>\n\t<meta name=\"twitter:data1\" content=\"2 859,00&nbsp;&#107;&#114; Eks. MVA\" \/>\n\t<meta name=\"twitter:label2\" content=\"Tilgjengelighet\" \/>\n\t<meta name=\"twitter:data2\" content=\"P\u00e5 lager\" \/>\n<script type=\"application\/ld+json\" class=\"yoast-schema-graph\">{\"@context\":\"https:\\\/\\\/schema.org\",\"@graph\":[{\"@type\":[\"WebPage\",\"ItemPage\"],\"@id\":\"https:\\\/\\\/www.stethoscope24.com\\\/stetoskop\\\/product\\\/littmann-stetoskop-kardiologi-iv-jaktgronn\\\/\",\"url\":\"https:\\\/\\\/www.stethoscope24.com\\\/stetoskop\\\/product\\\/littmann-stetoskop-kardiologi-iv-jaktgronn\\\/\",\"name\":\"Littmann stetoskop Kardiologi IV jaktgr\u00f8nn - Littmann Stetoskoper\",\"isPartOf\":{\"@id\":\"https:\\\/\\\/www.stethoscope24.com\\\/stetoskop\\\/#website\"},\"primaryImageOfPage\":{\"@id\":\"https:\\\/\\\/www.stethoscope24.com\\\/stetoskop\\\/product\\\/littmann-stetoskop-kardiologi-iv-jaktgronn\\\/#primaryimage\"},\"image\":{\"@id\":\"https:\\\/\\\/www.stethoscope24.com\\\/stetoskop\\\/product\\\/littmann-stetoskop-kardiologi-iv-jaktgronn\\\/#primaryimage\"},\"thumbnailUrl\":\"https:\\\/\\\/i0.wp.com\\\/www.stethoscope24.com\\\/stetoskop\\\/wp-content\\\/uploads\\\/2020\\\/08\\\/Littmann_6155.jpg?fit=400%2C400&ssl=1\",\"datePublished\":\"2020-09-01T10:32:37+00:00\",\"dateModified\":\"2024-03-24T08:13:23+00:00\",\"description\":\"Littmann stetoskop Kardiologi IV jaktgr\u00f8nn Her introduserer vi det helt nye stetoskopet Kardiologi IV fra 3M Littmann\",\"breadcrumb\":{\"@id\":\"https:\\\/\\\/www.stethoscope24.com\\\/stetoskop\\\/product\\\/littmann-stetoskop-kardiologi-iv-jaktgronn\\\/#breadcrumb\"},\"inLanguage\":\"nb-NO\",\"potentialAction\":[{\"@type\":\"ReadAction\",\"target\":[\"https:\\\/\\\/www.stethoscope24.com\\\/stetoskop\\\/product\\\/littmann-stetoskop-kardiologi-iv-jaktgronn\\\/\"]}]},{\"@type\":\"ImageObject\",\"inLanguage\":\"nb-NO\",\"@id\":\"https:\\\/\\\/www.stethoscope24.com\\\/stetoskop\\\/product\\\/littmann-stetoskop-kardiologi-iv-jaktgronn\\\/#primaryimage\",\"url\":\"https:\\\/\\\/i0.wp.com\\\/www.stethoscope24.com\\\/stetoskop\\\/wp-content\\\/uploads\\\/2020\\\/08\\\/Littmann_6155.jpg?fit=400%2C400&ssl=1\",\"contentUrl\":\"https:\\\/\\\/i0.wp.com\\\/www.stethoscope24.com\\\/stetoskop\\\/wp-content\\\/uploads\\\/2020\\\/08\\\/Littmann_6155.jpg?fit=400%2C400&ssl=1\",\"width\":400,\"height\":400,\"caption\":\"Littmann stetoskop Kardiologi IV jaktgr\u00f8nn 6155\"},{\"@type\":\"BreadcrumbList\",\"@id\":\"https:\\\/\\\/www.stethoscope24.com\\\/stetoskop\\\/product\\\/littmann-stetoskop-kardiologi-iv-jaktgronn\\\/#breadcrumb\",\"itemListElement\":[{\"@type\":\"ListItem\",\"position\":1,\"name\":\"Home\",\"item\":\"https:\\\/\\\/www.stethoscope24.com\\\/stetoskop\\\/\"},{\"@type\":\"ListItem\",\"position\":2,\"name\":\"Shop\",\"item\":\"https:\\\/\\\/www.stethoscope24.com\\\/stetoskop\\\/shop\\\/\"},{\"@type\":\"ListItem\",\"position\":3,\"name\":\"Littmann stetoskop Kardiologi IV jaktgr\u00f8nn\"}]},{\"@type\":\"WebSite\",\"@id\":\"https:\\\/\\\/www.stethoscope24.com\\\/stetoskop\\\/#website\",\"url\":\"https:\\\/\\\/www.stethoscope24.com\\\/stetoskop\\\/\",\"name\":\"Littmann Stetoskoper\",\"description\":\"3M Littmann Stetoskoper\",\"publisher\":{\"@id\":\"https:\\\/\\\/www.stethoscope24.com\\\/stetoskop\\\/#organization\"},\"potentialAction\":[{\"@type\":\"SearchAction\",\"target\":{\"@type\":\"EntryPoint\",\"urlTemplate\":\"https:\\\/\\\/www.stethoscope24.com\\\/stetoskop\\\/?s={search_term_string}\"},\"query-input\":{\"@type\":\"PropertyValueSpecification\",\"valueRequired\":true,\"valueName\":\"search_term_string\"}}],\"inLanguage\":\"nb-NO\"},{\"@type\":\"Organization\",\"@id\":\"https:\\\/\\\/www.stethoscope24.com\\\/stetoskop\\\/#organization\",\"name\":\"Stethoscope24\",\"url\":\"https:\\\/\\\/www.stethoscope24.com\\\/stetoskop\\\/\",\"logo\":{\"@type\":\"ImageObject\",\"inLanguage\":\"nb-NO\",\"@id\":\"https:\\\/\\\/www.stethoscope24.com\\\/stetoskop\\\/#\\\/schema\\\/logo\\\/image\\\/\",\"url\":\"https:\\\/\\\/i1.wp.com\\\/stethoscope24.com\\\/stetoskop\\\/wp-content\\\/uploads\\\/2021\\\/03\\\/cropped-logostethoscope24.jpg?fit=330%2C72&ssl=1\",\"contentUrl\":\"https:\\\/\\\/i1.wp.com\\\/stethoscope24.com\\\/stetoskop\\\/wp-content\\\/uploads\\\/2021\\\/03\\\/cropped-logostethoscope24.jpg?fit=330%2C72&ssl=1\",\"width\":330,\"height\":72,\"caption\":\"Stethoscope24\"},\"image\":{\"@id\":\"https:\\\/\\\/www.stethoscope24.com\\\/stetoskop\\\/#\\\/schema\\\/logo\\\/image\\\/\"}}]}<\/script>\n<meta property=\"product:brand\" content=\"Littmann\" \/>\n<meta property=\"product:price:amount\" content=\"2859.00\" \/>\n<meta property=\"product:price:currency\" content=\"NOK\" \/>\n<meta property=\"og:availability\" content=\"instock\" \/>\n<meta property=\"product:availability\" content=\"instock\" \/>\n<meta property=\"product:retailer_item_id\" content=\"6155\" \/>\n<meta property=\"product:condition\" content=\"new\" \/>\n<!-- \/ Yoast SEO plugin. -->","yoast_head_json":{"title":"Littmann stetoskop Kardiologi IV jaktgr\u00f8nn - Littmann Stetoskoper","description":"Littmann stetoskop Kardiologi IV jaktgr\u00f8nn Her introduserer vi det helt nye stetoskopet Kardiologi IV fra 3M Littmann","robots":{"index":"index","follow":"follow","max-snippet":"max-snippet:-1","max-image-preview":"max-image-preview:large","max-video-preview":"max-video-preview:-1"},"canonical":"https:\/\/www.stethoscope24.com\/stetoskop\/product\/littmann-stetoskop-kardiologi-iv-jaktgronn\/","og_locale":"nb_NO","og_type":"article","og_title":"Littmann stetoskop Kardiologi IV jaktgr\u00f8nn - Littmann Stetoskoper","og_description":"Littmann stetoskop Kardiologi IV jaktgr\u00f8nn Her introduserer vi det helt nye stetoskopet Kardiologi IV fra 3M Littmann","og_url":"https:\/\/www.stethoscope24.com\/stetoskop\/product\/littmann-stetoskop-kardiologi-iv-jaktgronn\/","og_site_name":"Littmann Stetoskoper","article_modified_time":"2024-03-24T08:13:23+00:00","og_image":[{"width":400,"height":400,"url":"https:\/\/www.stethoscope24.com\/stetoskop\/wp-content\/uploads\/2020\/08\/Littmann_6155.jpg","type":"image\/jpeg"}],"twitter_card":"summary_large_image","twitter_misc":{"Pris":"2 859,00&nbsp;&#107;&#114; Eks. MVA","Tilgjengelighet":"P\u00e5 lager"},"schema":{"@context":"https:\/\/schema.org","@graph":[{"@type":["WebPage","ItemPage"],"@id":"https:\/\/www.stethoscope24.com\/stetoskop\/product\/littmann-stetoskop-kardiologi-iv-jaktgronn\/","url":"https:\/\/www.stethoscope24.com\/stetoskop\/product\/littmann-stetoskop-kardiologi-iv-jaktgronn\/","name":"Littmann stetoskop Kardiologi IV jaktgr\u00f8nn - Littmann Stetoskoper","isPartOf":{"@id":"https:\/\/www.stethoscope24.com\/stetoskop\/#website"},"primaryImageOfPage":{"@id":"https:\/\/www.stethoscope24.com\/stetoskop\/product\/littmann-stetoskop-kardiologi-iv-jaktgronn\/#primaryimage"},"image":{"@id":"https:\/\/www.stethoscope24.com\/stetoskop\/product\/littmann-stetoskop-kardiologi-iv-jaktgronn\/#primaryimage"},"thumbnailUrl":"https:\/\/i0.wp.com\/www.stethoscope24.com\/stetoskop\/wp-content\/uploads\/2020\/08\/Littmann_6155.jpg?fit=400%2C400&ssl=1","datePublished":"2020-09-01T10:32:37+00:00","dateModified":"2024-03-24T08:13:23+00:00","description":"Littmann stetoskop Kardiologi IV jaktgr\u00f8nn Her introduserer vi det helt nye stetoskopet Kardiologi IV fra 3M Littmann","breadcrumb":{"@id":"https:\/\/www.stethoscope24.com\/stetoskop\/product\/littmann-stetoskop-kardiologi-iv-jaktgronn\/#breadcrumb"},"inLanguage":"nb-NO","potentialAction":[{"@type":"ReadAction","target":["https:\/\/www.stethoscope24.com\/stetoskop\/product\/littmann-stetoskop-kardiologi-iv-jaktgronn\/"]}]},{"@type":"ImageObject","inLanguage":"nb-NO","@id":"https:\/\/www.stethoscope24.com\/stetoskop\/product\/littmann-stetoskop-kardiologi-iv-jaktgronn\/#primaryimage","url":"https:\/\/i0.wp.com\/www.stethoscope24.com\/stetoskop\/wp-content\/uploads\/2020\/08\/Littmann_6155.jpg?fit=400%2C400&ssl=1","contentUrl":"https:\/\/i0.wp.com\/www.stethoscope24.com\/stetoskop\/wp-content\/uploads\/2020\/08\/Littmann_6155.jpg?fit=400%2C400&ssl=1","width":400,"height":400,"caption":"Littmann stetoskop Kardiologi IV jaktgr\u00f8nn 6155"},{"@type":"BreadcrumbList","@id":"https:\/\/www.stethoscope24.com\/stetoskop\/product\/littmann-stetoskop-kardiologi-iv-jaktgronn\/#breadcrumb","itemListElement":[{"@type":"ListItem","position":1,"name":"Home","item":"https:\/\/www.stethoscope24.com\/stetoskop\/"},{"@type":"ListItem","position":2,"name":"Shop","item":"https:\/\/www.stethoscope24.com\/stetoskop\/shop\/"},{"@type":"ListItem","position":3,"name":"Littmann stetoskop Kardiologi IV jaktgr\u00f8nn"}]},{"@type":"WebSite","@id":"https:\/\/www.stethoscope24.com\/stetoskop\/#website","url":"https:\/\/www.stethoscope24.com\/stetoskop\/","name":"Littmann Stetoskoper","description":"3M Littmann Stetoskoper","publisher":{"@id":"https:\/\/www.stethoscope24.com\/stetoskop\/#organization"},"potentialAction":[{"@type":"SearchAction","target":{"@type":"EntryPoint","urlTemplate":"https:\/\/www.stethoscope24.com\/stetoskop\/?s={search_term_string}"},"query-input":{"@type":"PropertyValueSpecification","valueRequired":true,"valueName":"search_term_string"}}],"inLanguage":"nb-NO"},{"@type":"Organization","@id":"https:\/\/www.stethoscope24.com\/stetoskop\/#organization","name":"Stethoscope24","url":"https:\/\/www.stethoscope24.com\/stetoskop\/","logo":{"@type":"ImageObject","inLanguage":"nb-NO","@id":"https:\/\/www.stethoscope24.com\/stetoskop\/#\/schema\/logo\/image\/","url":"https:\/\/i1.wp.com\/stethoscope24.com\/stetoskop\/wp-content\/uploads\/2021\/03\/cropped-logostethoscope24.jpg?fit=330%2C72&ssl=1","contentUrl":"https:\/\/i1.wp.com\/stethoscope24.com\/stetoskop\/wp-content\/uploads\/2021\/03\/cropped-logostethoscope24.jpg?fit=330%2C72&ssl=1","width":330,"height":72,"caption":"Stethoscope24"},"image":{"@id":"https:\/\/www.stethoscope24.com\/stetoskop\/#\/schema\/logo\/image\/"}}]},"product_brand":"Littmann","product_price_amount":"2859.00","product_price_currency":"NOK","og_availability":"instock","product_availability":"instock","product_retailer_item_id":"6155","product_condition":"new"},"jetpack_sharing_enabled":true,"_links":{"self":[{"href":"https:\/\/www.stethoscope24.com\/stetoskop\/wp-json\/wp\/v2\/product\/21610","targetHints":{"allow":["GET"]}}],"collection":[{"href":"https:\/\/www.stethoscope24.com\/stetoskop\/wp-json\/wp\/v2\/product"}],"about":[{"href":"https:\/\/www.stethoscope24.com\/stetoskop\/wp-json\/wp\/v2\/types\/product"}],"replies":[{"embeddable":true,"href":"https:\/\/www.stethoscope24.com\/stetoskop\/wp-json\/wp\/v2\/comments?post=21610"}],"wp:featuredmedia":[{"embeddable":true,"href":"https:\/\/www.stethoscope24.com\/stetoskop\/wp-json\/wp\/v2\/media\/21598"}],"wp:attachment":[{"href":"https:\/\/www.stethoscope24.com\/stetoskop\/wp-json\/wp\/v2\/media?parent=21610"}],"wp:term":[{"taxonomy":"product_brand","embeddable":true,"href":"https:\/\/www.stethoscope24.com\/stetoskop\/wp-json\/wp\/v2\/product_brand?post=21610"},{"taxonomy":"product_cat","embeddable":true,"href":"https:\/\/www.stethoscope24.com\/stetoskop\/wp-json\/wp\/v2\/product_cat?post=21610"},{"taxonomy":"product_tag","embeddable":true,"href":"https:\/\/www.stethoscope24.com\/stetoskop\/wp-json\/wp\/v2\/product_tag?post=21610"}],"curies":[{"name":"wp","href":"https:\/\/api.w.org\/{rel}","templated":true}]}}