{"id":21854,"date":"2020-09-04T09:54:57","date_gmt":"2020-09-04T09:54:57","guid":{"rendered":"https:\/\/stethoscope24.com\/stetoskop\/?post_type=product&#038;p=21854"},"modified":"2024-06-08T00:06:05","modified_gmt":"2024-06-08T00:06:05","slug":"littmann-stetoskop-classic-iii-gronn-sitron-roykfarget-finish","status":"publish","type":"product","link":"https:\/\/www.stethoscope24.com\/stetoskop\/product\/littmann-stetoskop-classic-iii-gronn-sitron-roykfarget-finish\/","title":{"rendered":"Littmann stetoskop Classic III gr\u00f8nn sitron \/ r\u00f8ykfarget finish"},"content":{"rendered":"<h1>Littmann-stetoskop Classic III gr\u00f8nn sitron \/ r\u00f8ykfarget finish<\/h1>\n<p>Den NYE bransjestandarden har kommet, med den f\u00f8rste store oppgraderingen av det klassiske Littmann-stetoskopet p\u00e5 18 \u00e5r!<\/p>\n<h2>Stetoskopet Classic III i nytt design<\/h2>\n<p>Stetoskopet Classic III kommer med nytt design, teknologi og nye materialer til stetoskop-seriene fra Littmann, som millioner av leger og annet helsepersonell over hele verden har brukt i flere ti\u00e5r med stor tillit. Med et tosidig bryststykke, doble justerbare membraner, forbedrede slanger og mye mere, kombinerer stetoskopet Classic III det beste av det nye og det tradisjonelle.<\/p>\n<h2>Stetoskop Littmann &#8211; tosidige bryststykket<\/h2>\n<p>Likt Kardiologi III, er full auskultasjon tilgjengelig for barn og voksne gjennom det tosidige bryststykket, bare ved \u00e5 rotere stammen for \u00e5 veksle mellom de to sidene. Den mer kompakte membranen, som best\u00e5r av bare \u00e9n del, og selve monteringen, har ytterligere hevet akustisk sensitivitet. Bineuralene er nyutviklet med \u00f8reb\u00f8yler som har st\u00f8rre diameter, og en tykkere singellumen bineural for \u00e5 overf\u00f8re lyden mer effektivt. Stammen er n\u00e5 innfelt, som gir en s\u00f8ml\u00f8s overgang med den bineurale slangen, og den har n\u00e5 en visuell indikator som enkelt identifiserer hvilken membran som er i bruk.<\/p>\n<h2 class=\"\">Egenskaper<\/h2>\n<ul>\n<li>Dobbeltsidig bryststykke med dobbel membran til unders\u00f8kelser av b\u00e5de barn og voksne.<\/li>\n<li>Den pediatriske siden forvandles ogs\u00e5 enkelt til en tradisjonell \u00e5pen klokke ved \u00e5 erstatte den single membranen med den inkluderte varmeringen<\/li>\n<li>Bryststykket er presisjonsmaskinert til en estetisk, mindre kantet form<\/li>\n<li>Membran bare i ett stykke, istedenfor separate membraner, gj\u00f8r den enklere \u00e5 feste og lettere \u00e5 rengj\u00f8re p\u00e5 grunn av den jevne, myke overflaten<\/li>\n<li>Stammen har en indikator som viser \u00e5pen side, som gj\u00f8r det enkelt \u00e5 identifisere hvilken membran som er i bruk<\/li>\n<li>Neste generasjons slanger s\u00f8rger for enda lengre levetid med forbedret bestandighet mot hudoljer, alkohol og flekkdannelse<\/li>\n<li>Den justerbare teknologien fra 3M, gj\u00f8r at du kan bytte mellom lyder av h\u00f8y og lav frekvens ved \u00e5 veksle mellom lett til fast trykk p\u00e5 b\u00e5de den voksne og pediatriske siden av bryststykket<\/li>\n<li>H\u00f8y akustisk sensitivitet n\u00e5r du foretar vanlige fysiologiske unders\u00f8kelser<\/li>\n<li>Du kan f\u00e5 lasergravert tekst og symboler for \u00e5 gj\u00f8re stetoskopet personlig og for \u00e5 unng\u00e5 tyveri<\/li>\n<li>St\u00f8rre \u00f8reb\u00f8yler p\u00e5 hodesettet med anatomisk design, er posisjonert komfortabelt for bedre lydoverf\u00f8ring<\/li>\n<li>En justering bare ved \u00e5 klemme eller trekke fra hverandre \u00f8reb\u00f8ylene<\/li>\n<li>Komfortable \u00f8repropper som forsegles med et klikk, utgj\u00f8r en utmerket akustisk forsegling for \u00e5 redusere bakgrunnsst\u00f8y<\/li>\n<li>Det er ikke brukt naturlig gummilateks eller ftalat plastmyknere i slangene eller andre komponenter, for \u00e5 bidra til beskyttelse av helse og milj\u00f8.<\/li>\n<li>Stort utvalg av bryststykker med forskjellig finish og slanger i ulike farger<\/li>\n<li>Brukes som et hjelpemiddel til diagnostisering som en del av den fysiologiske unders\u00f8kelsen av en pasient<\/li>\n<\/ul>\n<h2>V\u00e6r trygg<\/h2>\n<ul>\n<li>5 \u00e5rs garanti inkluderer gratis reparasjon av produksjons- eller materialfeil<\/li>\n<li>Littmanns ytelsesrangering: 7 av 10<\/li>\n<\/ul>\n<p><a href=\"https:\/\/www.stethoscope24.com\/stetoskop\/product-category\/littmann-stetoskop\/littmann-stetoskop-classic\/littmann-stetoskop-classic-iii\/\">velg mellom mer fargekombinasjoner<\/a><\/p>\n<p><a href=\"https:\/\/www.3mnorge.no\/3M\/no_NO\/Littmann-NDC\/products\/~\/?N=5932256+8711017+3293188396&amp;rt=rud\" target=\"_blank\" rel=\"noopener\">L\u00e6r mer<\/a> om 3M Stetoskop Littmann Classic III<\/p>\n","protected":false},"excerpt":{"rendered":"<ul style=\"list-style-type: disc; list-style-position: outside;\">\n<li>Overv\u00e5k og unders\u00f8k en rekke pasienter<\/li>\n<li>Oppdag unormale lyder og rytmer<\/li>\n<li>Praktisk i arbeidsomgivelser som ikke er kritiske, slik som legekontorer, medisinske avdelinger, obstetrikk og gynekologi, polikliniske avdelinger eller legevakt<\/li>\n<li>Morsomt og fargerikt, kombiner farger etter eget \u00f8nske<\/li>\n<li>Utviklet til bruk p\u00e5 b\u00e5de voksne og pediatriske pasienter<\/li>\n<li>Justerbart, tosidig bryststykke i rustfritt st\u00e5l, med \u00e5pen eller lukket klokke<\/li>\n<li>Varmering gir bedre pasientkomfort<\/li>\n<li>\u00d8repropper med myk forsegling gir optimal komfort og utmerket lydoklusjon<\/li>\n<li>5 \u00e5rs garanti<\/li>\n<li>Produsert i USA uten bruk av naturlig gummilateks<\/li>\n<\/ul>\n<p>Det kompakte stetoskopet Littmann Classic III er det perfekte instrumentet for klinikere som overv\u00e5ker b\u00e5de barn og voksne i milj\u00f8er som ikke er kritiske. Produsert med kraftige, men likevel lette materialer for mange timer med komfortabel bruk.<\/p>\n<p>Foresl\u00e5tte bruksomr\u00e5der er allmenne fysiske unders\u00f8kelser og diagnose.<\/p>\n","protected":false},"featured_media":21813,"comment_status":"open","ping_status":"closed","template":"","meta":[],"product_brand":[],"product_cat":[124],"product_tag":[311],"class_list":{"0":"post-21854","1":"product","2":"type-product","3":"status-publish","4":"has-post-thumbnail","6":"product_cat-littmann-stetoskop-classic-iii","7":"product_tag-littmann-stetoskop-classic-iii","8":"pa_farge-gronn","9":"pa_farge-lime-gronn","10":"pa_farge-pa-stammen-bla","11":"pa_finish-bryststykke-roykfarget-finish","12":"pa_merke-brand-littmann","13":"pa_ytelse-314","15":"first","16":"instock","17":"taxable","18":"shipping-taxable","19":"purchasable","20":"product-type-simple"},"yoast_head":"<!-- This site is optimized with the Yoast SEO plugin v27.4 - https:\/\/yoast.com\/product\/yoast-seo-wordpress\/ -->\n<title>Kj\u00f8p 3M Littmann stetoskop classic III gr\u00f8nn sitron r\u00f8ykfarget finish<\/title>\n<meta name=\"description\" content=\"3M Littmann stetoskop Classic III gr\u00f8nn sitron r\u00f8ykfarget finish. Her introduserer vi det helt nye stetoskopet classic III fra 3M Littmann.\" \/>\n<meta name=\"robots\" content=\"index, follow, max-snippet:-1, max-image-preview:large, max-video-preview:-1\" \/>\n<link rel=\"canonical\" href=\"https:\/\/www.stethoscope24.com\/stetoskop\/product\/littmann-stetoskop-classic-iii-gronn-sitron-roykfarget-finish\/\" \/>\n<meta property=\"og:locale\" content=\"nb_NO\" \/>\n<meta property=\"og:type\" content=\"article\" \/>\n<meta property=\"og:title\" content=\"Kj\u00f8p 3M Littmann stetoskop classic III gr\u00f8nn sitron r\u00f8ykfarget finish\" \/>\n<meta property=\"og:description\" content=\"3M Littmann stetoskop Classic III gr\u00f8nn sitron r\u00f8ykfarget finish. Her introduserer vi det helt nye stetoskopet classic III fra 3M Littmann.\" \/>\n<meta property=\"og:url\" content=\"https:\/\/www.stethoscope24.com\/stetoskop\/product\/littmann-stetoskop-classic-iii-gronn-sitron-roykfarget-finish\/\" \/>\n<meta property=\"og:site_name\" content=\"Littmann Stetoskoper\" \/>\n<meta property=\"article:modified_time\" content=\"2024-06-08T00:06:05+00:00\" \/>\n<meta property=\"og:image\" content=\"https:\/\/www.stethoscope24.com\/stetoskop\/wp-content\/uploads\/2020\/09\/Littmann_5875.jpg\" \/>\n\t<meta property=\"og:image:width\" content=\"800\" \/>\n\t<meta property=\"og:image:height\" content=\"800\" \/>\n\t<meta property=\"og:image:type\" content=\"image\/jpeg\" \/>\n<meta name=\"twitter:card\" content=\"summary_large_image\" \/>\n<meta name=\"twitter:label1\" content=\"Pris\" \/>\n\t<meta name=\"twitter:data1\" content=\"1 519,00&nbsp;&#107;&#114; Eks. MVA\" \/>\n\t<meta name=\"twitter:label2\" content=\"Tilgjengelighet\" \/>\n\t<meta name=\"twitter:data2\" content=\"P\u00e5 lager\" \/>\n<script type=\"application\/ld+json\" class=\"yoast-schema-graph\">{\"@context\":\"https:\\\/\\\/schema.org\",\"@graph\":[{\"@type\":[\"WebPage\",\"ItemPage\"],\"@id\":\"https:\\\/\\\/www.stethoscope24.com\\\/stetoskop\\\/product\\\/littmann-stetoskop-classic-iii-gronn-sitron-roykfarget-finish\\\/\",\"url\":\"https:\\\/\\\/www.stethoscope24.com\\\/stetoskop\\\/product\\\/littmann-stetoskop-classic-iii-gronn-sitron-roykfarget-finish\\\/\",\"name\":\"Kj\u00f8p 3M Littmann stetoskop classic III gr\u00f8nn sitron r\u00f8ykfarget finish\",\"isPartOf\":{\"@id\":\"https:\\\/\\\/www.stethoscope24.com\\\/stetoskop\\\/#website\"},\"primaryImageOfPage\":{\"@id\":\"https:\\\/\\\/www.stethoscope24.com\\\/stetoskop\\\/product\\\/littmann-stetoskop-classic-iii-gronn-sitron-roykfarget-finish\\\/#primaryimage\"},\"image\":{\"@id\":\"https:\\\/\\\/www.stethoscope24.com\\\/stetoskop\\\/product\\\/littmann-stetoskop-classic-iii-gronn-sitron-roykfarget-finish\\\/#primaryimage\"},\"thumbnailUrl\":\"https:\\\/\\\/i0.wp.com\\\/www.stethoscope24.com\\\/stetoskop\\\/wp-content\\\/uploads\\\/2020\\\/09\\\/Littmann_5875.jpg?fit=800%2C800&ssl=1\",\"datePublished\":\"2020-09-04T09:54:57+00:00\",\"dateModified\":\"2024-06-08T00:06:05+00:00\",\"description\":\"3M Littmann stetoskop Classic III gr\u00f8nn sitron r\u00f8ykfarget finish. Her introduserer vi det helt nye stetoskopet classic III fra 3M Littmann.\",\"breadcrumb\":{\"@id\":\"https:\\\/\\\/www.stethoscope24.com\\\/stetoskop\\\/product\\\/littmann-stetoskop-classic-iii-gronn-sitron-roykfarget-finish\\\/#breadcrumb\"},\"inLanguage\":\"nb-NO\",\"potentialAction\":[{\"@type\":\"ReadAction\",\"target\":[\"https:\\\/\\\/www.stethoscope24.com\\\/stetoskop\\\/product\\\/littmann-stetoskop-classic-iii-gronn-sitron-roykfarget-finish\\\/\"]}]},{\"@type\":\"ImageObject\",\"inLanguage\":\"nb-NO\",\"@id\":\"https:\\\/\\\/www.stethoscope24.com\\\/stetoskop\\\/product\\\/littmann-stetoskop-classic-iii-gronn-sitron-roykfarget-finish\\\/#primaryimage\",\"url\":\"https:\\\/\\\/i0.wp.com\\\/www.stethoscope24.com\\\/stetoskop\\\/wp-content\\\/uploads\\\/2020\\\/09\\\/Littmann_5875.jpg?fit=800%2C800&ssl=1\",\"contentUrl\":\"https:\\\/\\\/i0.wp.com\\\/www.stethoscope24.com\\\/stetoskop\\\/wp-content\\\/uploads\\\/2020\\\/09\\\/Littmann_5875.jpg?fit=800%2C800&ssl=1\",\"width\":800,\"height\":800,\"caption\":\"Littmann stetoskop Classic III gr\u00f8nn sitron \\\/ r\u00f8ykfarget finish\"},{\"@type\":\"BreadcrumbList\",\"@id\":\"https:\\\/\\\/www.stethoscope24.com\\\/stetoskop\\\/product\\\/littmann-stetoskop-classic-iii-gronn-sitron-roykfarget-finish\\\/#breadcrumb\",\"itemListElement\":[{\"@type\":\"ListItem\",\"position\":1,\"name\":\"Home\",\"item\":\"https:\\\/\\\/www.stethoscope24.com\\\/stetoskop\\\/\"},{\"@type\":\"ListItem\",\"position\":2,\"name\":\"Shop\",\"item\":\"https:\\\/\\\/www.stethoscope24.com\\\/stetoskop\\\/shop\\\/\"},{\"@type\":\"ListItem\",\"position\":3,\"name\":\"Littmann stetoskop Classic III gr\u00f8nn sitron \\\/ r\u00f8ykfarget finish\"}]},{\"@type\":\"WebSite\",\"@id\":\"https:\\\/\\\/www.stethoscope24.com\\\/stetoskop\\\/#website\",\"url\":\"https:\\\/\\\/www.stethoscope24.com\\\/stetoskop\\\/\",\"name\":\"Littmann Stetoskoper\",\"description\":\"3M Littmann Stetoskoper\",\"publisher\":{\"@id\":\"https:\\\/\\\/www.stethoscope24.com\\\/stetoskop\\\/#organization\"},\"potentialAction\":[{\"@type\":\"SearchAction\",\"target\":{\"@type\":\"EntryPoint\",\"urlTemplate\":\"https:\\\/\\\/www.stethoscope24.com\\\/stetoskop\\\/?s={search_term_string}\"},\"query-input\":{\"@type\":\"PropertyValueSpecification\",\"valueRequired\":true,\"valueName\":\"search_term_string\"}}],\"inLanguage\":\"nb-NO\"},{\"@type\":\"Organization\",\"@id\":\"https:\\\/\\\/www.stethoscope24.com\\\/stetoskop\\\/#organization\",\"name\":\"Stethoscope24\",\"url\":\"https:\\\/\\\/www.stethoscope24.com\\\/stetoskop\\\/\",\"logo\":{\"@type\":\"ImageObject\",\"inLanguage\":\"nb-NO\",\"@id\":\"https:\\\/\\\/www.stethoscope24.com\\\/stetoskop\\\/#\\\/schema\\\/logo\\\/image\\\/\",\"url\":\"https:\\\/\\\/i1.wp.com\\\/stethoscope24.com\\\/stetoskop\\\/wp-content\\\/uploads\\\/2021\\\/03\\\/cropped-logostethoscope24.jpg?fit=330%2C72&ssl=1\",\"contentUrl\":\"https:\\\/\\\/i1.wp.com\\\/stethoscope24.com\\\/stetoskop\\\/wp-content\\\/uploads\\\/2021\\\/03\\\/cropped-logostethoscope24.jpg?fit=330%2C72&ssl=1\",\"width\":330,\"height\":72,\"caption\":\"Stethoscope24\"},\"image\":{\"@id\":\"https:\\\/\\\/www.stethoscope24.com\\\/stetoskop\\\/#\\\/schema\\\/logo\\\/image\\\/\"}}]}<\/script>\n<meta property=\"product:brand\" content=\"Littmann\" \/>\n<meta property=\"product:price:amount\" content=\"1519.00\" \/>\n<meta property=\"product:price:currency\" content=\"NOK\" \/>\n<meta property=\"og:availability\" content=\"instock\" \/>\n<meta property=\"product:availability\" content=\"instock\" \/>\n<meta property=\"product:retailer_item_id\" content=\"5875\" \/>\n<meta property=\"product:condition\" content=\"new\" \/>\n<!-- \/ Yoast SEO plugin. -->","yoast_head_json":{"title":"Kj\u00f8p 3M Littmann stetoskop classic III gr\u00f8nn sitron r\u00f8ykfarget finish","description":"3M Littmann stetoskop Classic III gr\u00f8nn sitron r\u00f8ykfarget finish. Her introduserer vi det helt nye stetoskopet classic III fra 3M Littmann.","robots":{"index":"index","follow":"follow","max-snippet":"max-snippet:-1","max-image-preview":"max-image-preview:large","max-video-preview":"max-video-preview:-1"},"canonical":"https:\/\/www.stethoscope24.com\/stetoskop\/product\/littmann-stetoskop-classic-iii-gronn-sitron-roykfarget-finish\/","og_locale":"nb_NO","og_type":"article","og_title":"Kj\u00f8p 3M Littmann stetoskop classic III gr\u00f8nn sitron r\u00f8ykfarget finish","og_description":"3M Littmann stetoskop Classic III gr\u00f8nn sitron r\u00f8ykfarget finish. Her introduserer vi det helt nye stetoskopet classic III fra 3M Littmann.","og_url":"https:\/\/www.stethoscope24.com\/stetoskop\/product\/littmann-stetoskop-classic-iii-gronn-sitron-roykfarget-finish\/","og_site_name":"Littmann Stetoskoper","article_modified_time":"2024-06-08T00:06:05+00:00","og_image":[{"width":800,"height":800,"url":"https:\/\/www.stethoscope24.com\/stetoskop\/wp-content\/uploads\/2020\/09\/Littmann_5875.jpg","type":"image\/jpeg"}],"twitter_card":"summary_large_image","twitter_misc":{"Pris":"1 519,00&nbsp;&#107;&#114; Eks. MVA","Tilgjengelighet":"P\u00e5 lager"},"schema":{"@context":"https:\/\/schema.org","@graph":[{"@type":["WebPage","ItemPage"],"@id":"https:\/\/www.stethoscope24.com\/stetoskop\/product\/littmann-stetoskop-classic-iii-gronn-sitron-roykfarget-finish\/","url":"https:\/\/www.stethoscope24.com\/stetoskop\/product\/littmann-stetoskop-classic-iii-gronn-sitron-roykfarget-finish\/","name":"Kj\u00f8p 3M Littmann stetoskop classic III gr\u00f8nn sitron r\u00f8ykfarget finish","isPartOf":{"@id":"https:\/\/www.stethoscope24.com\/stetoskop\/#website"},"primaryImageOfPage":{"@id":"https:\/\/www.stethoscope24.com\/stetoskop\/product\/littmann-stetoskop-classic-iii-gronn-sitron-roykfarget-finish\/#primaryimage"},"image":{"@id":"https:\/\/www.stethoscope24.com\/stetoskop\/product\/littmann-stetoskop-classic-iii-gronn-sitron-roykfarget-finish\/#primaryimage"},"thumbnailUrl":"https:\/\/i0.wp.com\/www.stethoscope24.com\/stetoskop\/wp-content\/uploads\/2020\/09\/Littmann_5875.jpg?fit=800%2C800&ssl=1","datePublished":"2020-09-04T09:54:57+00:00","dateModified":"2024-06-08T00:06:05+00:00","description":"3M Littmann stetoskop Classic III gr\u00f8nn sitron r\u00f8ykfarget finish. Her introduserer vi det helt nye stetoskopet classic III fra 3M Littmann.","breadcrumb":{"@id":"https:\/\/www.stethoscope24.com\/stetoskop\/product\/littmann-stetoskop-classic-iii-gronn-sitron-roykfarget-finish\/#breadcrumb"},"inLanguage":"nb-NO","potentialAction":[{"@type":"ReadAction","target":["https:\/\/www.stethoscope24.com\/stetoskop\/product\/littmann-stetoskop-classic-iii-gronn-sitron-roykfarget-finish\/"]}]},{"@type":"ImageObject","inLanguage":"nb-NO","@id":"https:\/\/www.stethoscope24.com\/stetoskop\/product\/littmann-stetoskop-classic-iii-gronn-sitron-roykfarget-finish\/#primaryimage","url":"https:\/\/i0.wp.com\/www.stethoscope24.com\/stetoskop\/wp-content\/uploads\/2020\/09\/Littmann_5875.jpg?fit=800%2C800&ssl=1","contentUrl":"https:\/\/i0.wp.com\/www.stethoscope24.com\/stetoskop\/wp-content\/uploads\/2020\/09\/Littmann_5875.jpg?fit=800%2C800&ssl=1","width":800,"height":800,"caption":"Littmann stetoskop Classic III gr\u00f8nn sitron \/ r\u00f8ykfarget finish"},{"@type":"BreadcrumbList","@id":"https:\/\/www.stethoscope24.com\/stetoskop\/product\/littmann-stetoskop-classic-iii-gronn-sitron-roykfarget-finish\/#breadcrumb","itemListElement":[{"@type":"ListItem","position":1,"name":"Home","item":"https:\/\/www.stethoscope24.com\/stetoskop\/"},{"@type":"ListItem","position":2,"name":"Shop","item":"https:\/\/www.stethoscope24.com\/stetoskop\/shop\/"},{"@type":"ListItem","position":3,"name":"Littmann stetoskop Classic III gr\u00f8nn sitron \/ r\u00f8ykfarget finish"}]},{"@type":"WebSite","@id":"https:\/\/www.stethoscope24.com\/stetoskop\/#website","url":"https:\/\/www.stethoscope24.com\/stetoskop\/","name":"Littmann Stetoskoper","description":"3M Littmann Stetoskoper","publisher":{"@id":"https:\/\/www.stethoscope24.com\/stetoskop\/#organization"},"potentialAction":[{"@type":"SearchAction","target":{"@type":"EntryPoint","urlTemplate":"https:\/\/www.stethoscope24.com\/stetoskop\/?s={search_term_string}"},"query-input":{"@type":"PropertyValueSpecification","valueRequired":true,"valueName":"search_term_string"}}],"inLanguage":"nb-NO"},{"@type":"Organization","@id":"https:\/\/www.stethoscope24.com\/stetoskop\/#organization","name":"Stethoscope24","url":"https:\/\/www.stethoscope24.com\/stetoskop\/","logo":{"@type":"ImageObject","inLanguage":"nb-NO","@id":"https:\/\/www.stethoscope24.com\/stetoskop\/#\/schema\/logo\/image\/","url":"https:\/\/i1.wp.com\/stethoscope24.com\/stetoskop\/wp-content\/uploads\/2021\/03\/cropped-logostethoscope24.jpg?fit=330%2C72&ssl=1","contentUrl":"https:\/\/i1.wp.com\/stethoscope24.com\/stetoskop\/wp-content\/uploads\/2021\/03\/cropped-logostethoscope24.jpg?fit=330%2C72&ssl=1","width":330,"height":72,"caption":"Stethoscope24"},"image":{"@id":"https:\/\/www.stethoscope24.com\/stetoskop\/#\/schema\/logo\/image\/"}}]},"product_brand":"Littmann","product_price_amount":"1519.00","product_price_currency":"NOK","og_availability":"instock","product_availability":"instock","product_retailer_item_id":"5875","product_condition":"new"},"jetpack_sharing_enabled":true,"_links":{"self":[{"href":"https:\/\/www.stethoscope24.com\/stetoskop\/wp-json\/wp\/v2\/product\/21854","targetHints":{"allow":["GET"]}}],"collection":[{"href":"https:\/\/www.stethoscope24.com\/stetoskop\/wp-json\/wp\/v2\/product"}],"about":[{"href":"https:\/\/www.stethoscope24.com\/stetoskop\/wp-json\/wp\/v2\/types\/product"}],"replies":[{"embeddable":true,"href":"https:\/\/www.stethoscope24.com\/stetoskop\/wp-json\/wp\/v2\/comments?post=21854"}],"wp:featuredmedia":[{"embeddable":true,"href":"https:\/\/www.stethoscope24.com\/stetoskop\/wp-json\/wp\/v2\/media\/21813"}],"wp:attachment":[{"href":"https:\/\/www.stethoscope24.com\/stetoskop\/wp-json\/wp\/v2\/media?parent=21854"}],"wp:term":[{"taxonomy":"product_brand","embeddable":true,"href":"https:\/\/www.stethoscope24.com\/stetoskop\/wp-json\/wp\/v2\/product_brand?post=21854"},{"taxonomy":"product_cat","embeddable":true,"href":"https:\/\/www.stethoscope24.com\/stetoskop\/wp-json\/wp\/v2\/product_cat?post=21854"},{"taxonomy":"product_tag","embeddable":true,"href":"https:\/\/www.stethoscope24.com\/stetoskop\/wp-json\/wp\/v2\/product_tag?post=21854"}],"curies":[{"name":"wp","href":"https:\/\/api.w.org\/{rel}","templated":true}]}}