{"id":23304,"date":"2021-02-19T12:46:43","date_gmt":"2021-02-19T12:46:43","guid":{"rendered":"https:\/\/stethoscope24.com\/stetoskop\/?post_type=product&#038;p=23304"},"modified":"2024-08-11T19:39:06","modified_gmt":"2024-08-11T19:39:06","slug":"littmann-stetoskop-classic-ii-infant-bringebaer-regnbue-finish","status":"publish","type":"product","link":"https:\/\/www.stethoscope24.com\/stetoskop\/product\/littmann-stetoskop-classic-ii-infant-bringebaer-regnbue-finish\/","title":{"rendered":"Littmann stetoskop Classic II Infant bringeb\u00e6r \/ regnbue finish"},"content":{"rendered":"<h1>Littmann stetoskop Classic II Infant &#8211; bringeb\u00e6r-\/regnbuefinish<\/h1>\n<p>Dette stetoskopet, 3M&#x2122; Littmann\u00ae Classic II Infant, er designet til bruk p\u00e5 de aller minste pasientene. Basert p\u00e5 det velpr\u00f8vde designet til stetoskopserien 3M&#x2122; Littmann\u00ae Classic, er dette p\u00e5litelige medisinske utstyret ideelt til fysiske unders\u00f8kelser, overv\u00e5kning og diagnostisering av nyf\u00f8dte og de aller minste barna. Med dette stetoskopet blir du kvitt st\u00f8yen, og kan fokusere p\u00e5 det du virkelig trenger.<\/p>\n<p>Som andre stetoskoper fra Littmann, er ogs\u00e5 dette utviklet for optimal komfort, ytelse og lang levetid.<\/p>\n<p>Stetoskopet er spesialutviklet til legens fysiske unders\u00f8kelser og diagnostisering av neonatale pasienter.<\/p>\n<p><strong>Egenskaper<\/strong><\/p>\n<ul>\n<li>Tosidig bryststykke som gir h\u00f8y akustisk sensitivitet for b\u00e5de h\u00f8ye og lave frekvenser.<\/li>\n<li>Selve headsettet justeres lett for personlig tilpasning og komfort.<\/li>\n<li>Robuste slanger som beholder formen og fleksibiliteten p\u00e5 stetoskopet, selv etter \u00e5 v\u00e6re godt sammenbrettet i lommen.<\/li>\n<li>Lenger levetid grunnet forbedret bestandighet mot hudoljer og alkohol. Flekkdannelser er lite sannsynlig.<\/li>\n<li>Neste generasjons slanger er laget uten naturlig gummilateks, som er en fordel for de unge pasientene, og for helsepersonellet.<\/li>\n<li>Produsert uten bruk av ftalat plastmyknere i slangene eller andre komponenter, for \u00e5 bidra til beskyttelse av helse og milj\u00f8.<\/li>\n<li>3 \u00e5rs begrenset garanti<\/li>\n<\/ul>\n<p><strong>Foresl\u00e5tte bruksomr\u00e5der<\/strong><br \/>\nPasser ideelt til barneleger, neontologer eller neonantale sykepleiere.<\/p>\n","protected":false},"excerpt":{"rendered":"<ul style=\"list-style-type: disc; list-style-position: outside;\">\n<li>Tosidig bryststykke med liten 2,7 cm membran, er ideell til neonatale pasienter<\/li>\n<li>Allsidig bryststykke gir h\u00f8y akustisk sensitivitet med b\u00e5de en flytende membran og \u00e5pen klokke<\/li>\n<li>Anatomiske designede \u00f8reb\u00f8yler er komfortabelt plassert for best mulig lydoverf\u00f8ring<\/li>\n<li>Varmering og membran s\u00f8rger for pasientkomfort<\/li>\n<li>Materialer uten naturlig gummilateks tilpasset allergiske brukere<\/li>\n<li>Myke \u00f8repropper gir en utmerket akustisk forsegling og komfortabel passform<\/li>\n<li>3 \u00e5rs begrenset garanti<\/li>\n<li>Velg mellom flere fargekombinasjoner p\u00e5 slangen og finishen p\u00e5 bryststykket<\/li>\n<\/ul>\n","protected":false},"featured_media":23251,"comment_status":"open","ping_status":"closed","template":"","meta":[],"product_brand":[],"product_cat":[127],"product_tag":[324],"class_list":{"0":"post-23304","1":"product","2":"type-product","3":"status-publish","4":"has-post-thumbnail","6":"product_cat-infant-littmann-stetoskop-classic-ii","7":"product_tag-littmann-stetoskop-classic-ii-infant","8":"pa_farge-bringebaer","9":"pa_farge-pa-stammen-vanlig","10":"pa_finish-bryststykke-regnbue-finish","11":"pa_merke-brand-littmann","12":"pa_ytelse-331","14":"first","15":"instock","16":"taxable","17":"shipping-taxable","18":"purchasable","19":"product-type-simple"},"yoast_head":"<!-- This site is optimized with the Yoast SEO plugin v27.5 - https:\/\/yoast.com\/product\/yoast-seo-wordpress\/ -->\n<title>Littmann stetoskop Classic II Infant bringeb\u00e6r \/ regnbue finish - Littmann Stetoskoper<\/title>\n<meta name=\"description\" content=\"Littmann Stetoskoper Littmann stetoskop Classic II Infant bringeb\u00e6r \/ regnbue finish\" \/>\n<meta name=\"robots\" content=\"index, follow, max-snippet:-1, max-image-preview:large, max-video-preview:-1\" \/>\n<link rel=\"canonical\" href=\"https:\/\/www.stethoscope24.com\/stetoskop\/product\/littmann-stetoskop-classic-ii-infant-bringebaer-regnbue-finish\/\" \/>\n<meta property=\"og:locale\" content=\"nb_NO\" \/>\n<meta property=\"og:type\" content=\"article\" \/>\n<meta property=\"og:title\" content=\"Littmann stetoskop Classic II Infant bringeb\u00e6r \/ regnbue finish - Littmann Stetoskoper\" \/>\n<meta property=\"og:description\" content=\"Littmann Stetoskoper Littmann stetoskop Classic II Infant bringeb\u00e6r \/ regnbue finish\" \/>\n<meta property=\"og:url\" content=\"https:\/\/www.stethoscope24.com\/stetoskop\/product\/littmann-stetoskop-classic-ii-infant-bringebaer-regnbue-finish\/\" \/>\n<meta property=\"og:site_name\" content=\"Littmann Stetoskoper\" \/>\n<meta property=\"article:modified_time\" content=\"2024-08-11T19:39:06+00:00\" \/>\n<meta property=\"og:image\" content=\"https:\/\/www.stethoscope24.com\/stetoskop\/wp-content\/uploads\/2021\/02\/Littmann_2157.jpg\" \/>\n\t<meta property=\"og:image:width\" content=\"400\" \/>\n\t<meta property=\"og:image:height\" content=\"400\" \/>\n\t<meta property=\"og:image:type\" content=\"image\/jpeg\" \/>\n<meta name=\"twitter:card\" content=\"summary_large_image\" \/>\n<meta name=\"twitter:label1\" content=\"Pris\" \/>\n\t<meta name=\"twitter:data1\" content=\"1 269,00&nbsp;&#107;&#114; Eks. MVA\" \/>\n\t<meta name=\"twitter:label2\" content=\"Tilgjengelighet\" \/>\n\t<meta name=\"twitter:data2\" content=\"P\u00e5 lager\" \/>\n<script type=\"application\/ld+json\" class=\"yoast-schema-graph\">{\"@context\":\"https:\\\/\\\/schema.org\",\"@graph\":[{\"@type\":[\"WebPage\",\"ItemPage\"],\"@id\":\"https:\\\/\\\/www.stethoscope24.com\\\/stetoskop\\\/product\\\/littmann-stetoskop-classic-ii-infant-bringebaer-regnbue-finish\\\/\",\"url\":\"https:\\\/\\\/www.stethoscope24.com\\\/stetoskop\\\/product\\\/littmann-stetoskop-classic-ii-infant-bringebaer-regnbue-finish\\\/\",\"name\":\"Littmann stetoskop Classic II Infant bringeb\u00e6r \\\/ regnbue finish - Littmann Stetoskoper\",\"isPartOf\":{\"@id\":\"https:\\\/\\\/www.stethoscope24.com\\\/stetoskop\\\/#website\"},\"primaryImageOfPage\":{\"@id\":\"https:\\\/\\\/www.stethoscope24.com\\\/stetoskop\\\/product\\\/littmann-stetoskop-classic-ii-infant-bringebaer-regnbue-finish\\\/#primaryimage\"},\"image\":{\"@id\":\"https:\\\/\\\/www.stethoscope24.com\\\/stetoskop\\\/product\\\/littmann-stetoskop-classic-ii-infant-bringebaer-regnbue-finish\\\/#primaryimage\"},\"thumbnailUrl\":\"https:\\\/\\\/i0.wp.com\\\/www.stethoscope24.com\\\/stetoskop\\\/wp-content\\\/uploads\\\/2021\\\/02\\\/Littmann_2157.jpg?fit=400%2C400&ssl=1\",\"datePublished\":\"2021-02-19T12:46:43+00:00\",\"dateModified\":\"2024-08-11T19:39:06+00:00\",\"description\":\"Littmann Stetoskoper Littmann stetoskop Classic II Infant bringeb\u00e6r \\\/ regnbue finish\",\"breadcrumb\":{\"@id\":\"https:\\\/\\\/www.stethoscope24.com\\\/stetoskop\\\/product\\\/littmann-stetoskop-classic-ii-infant-bringebaer-regnbue-finish\\\/#breadcrumb\"},\"inLanguage\":\"nb-NO\",\"potentialAction\":[{\"@type\":\"ReadAction\",\"target\":[\"https:\\\/\\\/www.stethoscope24.com\\\/stetoskop\\\/product\\\/littmann-stetoskop-classic-ii-infant-bringebaer-regnbue-finish\\\/\"]}]},{\"@type\":\"ImageObject\",\"inLanguage\":\"nb-NO\",\"@id\":\"https:\\\/\\\/www.stethoscope24.com\\\/stetoskop\\\/product\\\/littmann-stetoskop-classic-ii-infant-bringebaer-regnbue-finish\\\/#primaryimage\",\"url\":\"https:\\\/\\\/i0.wp.com\\\/www.stethoscope24.com\\\/stetoskop\\\/wp-content\\\/uploads\\\/2021\\\/02\\\/Littmann_2157.jpg?fit=400%2C400&ssl=1\",\"contentUrl\":\"https:\\\/\\\/i0.wp.com\\\/www.stethoscope24.com\\\/stetoskop\\\/wp-content\\\/uploads\\\/2021\\\/02\\\/Littmann_2157.jpg?fit=400%2C400&ssl=1\",\"width\":400,\"height\":400,\"caption\":\"Stethoscope Littmann Classic II Infant Raspberry 2157\"},{\"@type\":\"BreadcrumbList\",\"@id\":\"https:\\\/\\\/www.stethoscope24.com\\\/stetoskop\\\/product\\\/littmann-stetoskop-classic-ii-infant-bringebaer-regnbue-finish\\\/#breadcrumb\",\"itemListElement\":[{\"@type\":\"ListItem\",\"position\":1,\"name\":\"Home\",\"item\":\"https:\\\/\\\/www.stethoscope24.com\\\/stetoskop\\\/\"},{\"@type\":\"ListItem\",\"position\":2,\"name\":\"Shop\",\"item\":\"https:\\\/\\\/www.stethoscope24.com\\\/stetoskop\\\/shop\\\/\"},{\"@type\":\"ListItem\",\"position\":3,\"name\":\"Littmann stetoskop Classic II Infant bringeb\u00e6r \\\/ regnbue finish\"}]},{\"@type\":\"WebSite\",\"@id\":\"https:\\\/\\\/www.stethoscope24.com\\\/stetoskop\\\/#website\",\"url\":\"https:\\\/\\\/www.stethoscope24.com\\\/stetoskop\\\/\",\"name\":\"Littmann Stetoskoper\",\"description\":\"3M Littmann Stetoskoper\",\"publisher\":{\"@id\":\"https:\\\/\\\/www.stethoscope24.com\\\/stetoskop\\\/#organization\"},\"potentialAction\":[{\"@type\":\"SearchAction\",\"target\":{\"@type\":\"EntryPoint\",\"urlTemplate\":\"https:\\\/\\\/www.stethoscope24.com\\\/stetoskop\\\/?s={search_term_string}\"},\"query-input\":{\"@type\":\"PropertyValueSpecification\",\"valueRequired\":true,\"valueName\":\"search_term_string\"}}],\"inLanguage\":\"nb-NO\"},{\"@type\":\"Organization\",\"@id\":\"https:\\\/\\\/www.stethoscope24.com\\\/stetoskop\\\/#organization\",\"name\":\"Stethoscope24\",\"url\":\"https:\\\/\\\/www.stethoscope24.com\\\/stetoskop\\\/\",\"logo\":{\"@type\":\"ImageObject\",\"inLanguage\":\"nb-NO\",\"@id\":\"https:\\\/\\\/www.stethoscope24.com\\\/stetoskop\\\/#\\\/schema\\\/logo\\\/image\\\/\",\"url\":\"https:\\\/\\\/i1.wp.com\\\/stethoscope24.com\\\/stetoskop\\\/wp-content\\\/uploads\\\/2021\\\/03\\\/cropped-logostethoscope24.jpg?fit=330%2C72&ssl=1\",\"contentUrl\":\"https:\\\/\\\/i1.wp.com\\\/stethoscope24.com\\\/stetoskop\\\/wp-content\\\/uploads\\\/2021\\\/03\\\/cropped-logostethoscope24.jpg?fit=330%2C72&ssl=1\",\"width\":330,\"height\":72,\"caption\":\"Stethoscope24\"},\"image\":{\"@id\":\"https:\\\/\\\/www.stethoscope24.com\\\/stetoskop\\\/#\\\/schema\\\/logo\\\/image\\\/\"}}]}<\/script>\n<meta property=\"product:brand\" content=\"Littmann\" \/>\n<meta property=\"product:price:amount\" content=\"1269.00\" \/>\n<meta property=\"product:price:currency\" content=\"NOK\" \/>\n<meta property=\"og:availability\" content=\"instock\" \/>\n<meta property=\"product:availability\" content=\"instock\" \/>\n<meta property=\"product:retailer_item_id\" content=\"2157\" \/>\n<meta property=\"product:condition\" content=\"new\" \/>\n<!-- \/ Yoast SEO plugin. -->","yoast_head_json":{"title":"Littmann stetoskop Classic II Infant bringeb\u00e6r \/ regnbue finish - Littmann Stetoskoper","description":"Littmann Stetoskoper Littmann stetoskop Classic II Infant bringeb\u00e6r \/ regnbue finish","robots":{"index":"index","follow":"follow","max-snippet":"max-snippet:-1","max-image-preview":"max-image-preview:large","max-video-preview":"max-video-preview:-1"},"canonical":"https:\/\/www.stethoscope24.com\/stetoskop\/product\/littmann-stetoskop-classic-ii-infant-bringebaer-regnbue-finish\/","og_locale":"nb_NO","og_type":"article","og_title":"Littmann stetoskop Classic II Infant bringeb\u00e6r \/ regnbue finish - Littmann Stetoskoper","og_description":"Littmann Stetoskoper Littmann stetoskop Classic II Infant bringeb\u00e6r \/ regnbue finish","og_url":"https:\/\/www.stethoscope24.com\/stetoskop\/product\/littmann-stetoskop-classic-ii-infant-bringebaer-regnbue-finish\/","og_site_name":"Littmann Stetoskoper","article_modified_time":"2024-08-11T19:39:06+00:00","og_image":[{"width":400,"height":400,"url":"https:\/\/www.stethoscope24.com\/stetoskop\/wp-content\/uploads\/2021\/02\/Littmann_2157.jpg","type":"image\/jpeg"}],"twitter_card":"summary_large_image","twitter_misc":{"Pris":"1 269,00&nbsp;&#107;&#114; Eks. MVA","Tilgjengelighet":"P\u00e5 lager"},"schema":{"@context":"https:\/\/schema.org","@graph":[{"@type":["WebPage","ItemPage"],"@id":"https:\/\/www.stethoscope24.com\/stetoskop\/product\/littmann-stetoskop-classic-ii-infant-bringebaer-regnbue-finish\/","url":"https:\/\/www.stethoscope24.com\/stetoskop\/product\/littmann-stetoskop-classic-ii-infant-bringebaer-regnbue-finish\/","name":"Littmann stetoskop Classic II Infant bringeb\u00e6r \/ regnbue finish - Littmann Stetoskoper","isPartOf":{"@id":"https:\/\/www.stethoscope24.com\/stetoskop\/#website"},"primaryImageOfPage":{"@id":"https:\/\/www.stethoscope24.com\/stetoskop\/product\/littmann-stetoskop-classic-ii-infant-bringebaer-regnbue-finish\/#primaryimage"},"image":{"@id":"https:\/\/www.stethoscope24.com\/stetoskop\/product\/littmann-stetoskop-classic-ii-infant-bringebaer-regnbue-finish\/#primaryimage"},"thumbnailUrl":"https:\/\/i0.wp.com\/www.stethoscope24.com\/stetoskop\/wp-content\/uploads\/2021\/02\/Littmann_2157.jpg?fit=400%2C400&ssl=1","datePublished":"2021-02-19T12:46:43+00:00","dateModified":"2024-08-11T19:39:06+00:00","description":"Littmann Stetoskoper Littmann stetoskop Classic II Infant bringeb\u00e6r \/ regnbue finish","breadcrumb":{"@id":"https:\/\/www.stethoscope24.com\/stetoskop\/product\/littmann-stetoskop-classic-ii-infant-bringebaer-regnbue-finish\/#breadcrumb"},"inLanguage":"nb-NO","potentialAction":[{"@type":"ReadAction","target":["https:\/\/www.stethoscope24.com\/stetoskop\/product\/littmann-stetoskop-classic-ii-infant-bringebaer-regnbue-finish\/"]}]},{"@type":"ImageObject","inLanguage":"nb-NO","@id":"https:\/\/www.stethoscope24.com\/stetoskop\/product\/littmann-stetoskop-classic-ii-infant-bringebaer-regnbue-finish\/#primaryimage","url":"https:\/\/i0.wp.com\/www.stethoscope24.com\/stetoskop\/wp-content\/uploads\/2021\/02\/Littmann_2157.jpg?fit=400%2C400&ssl=1","contentUrl":"https:\/\/i0.wp.com\/www.stethoscope24.com\/stetoskop\/wp-content\/uploads\/2021\/02\/Littmann_2157.jpg?fit=400%2C400&ssl=1","width":400,"height":400,"caption":"Stethoscope Littmann Classic II Infant Raspberry 2157"},{"@type":"BreadcrumbList","@id":"https:\/\/www.stethoscope24.com\/stetoskop\/product\/littmann-stetoskop-classic-ii-infant-bringebaer-regnbue-finish\/#breadcrumb","itemListElement":[{"@type":"ListItem","position":1,"name":"Home","item":"https:\/\/www.stethoscope24.com\/stetoskop\/"},{"@type":"ListItem","position":2,"name":"Shop","item":"https:\/\/www.stethoscope24.com\/stetoskop\/shop\/"},{"@type":"ListItem","position":3,"name":"Littmann stetoskop Classic II Infant bringeb\u00e6r \/ regnbue finish"}]},{"@type":"WebSite","@id":"https:\/\/www.stethoscope24.com\/stetoskop\/#website","url":"https:\/\/www.stethoscope24.com\/stetoskop\/","name":"Littmann Stetoskoper","description":"3M Littmann Stetoskoper","publisher":{"@id":"https:\/\/www.stethoscope24.com\/stetoskop\/#organization"},"potentialAction":[{"@type":"SearchAction","target":{"@type":"EntryPoint","urlTemplate":"https:\/\/www.stethoscope24.com\/stetoskop\/?s={search_term_string}"},"query-input":{"@type":"PropertyValueSpecification","valueRequired":true,"valueName":"search_term_string"}}],"inLanguage":"nb-NO"},{"@type":"Organization","@id":"https:\/\/www.stethoscope24.com\/stetoskop\/#organization","name":"Stethoscope24","url":"https:\/\/www.stethoscope24.com\/stetoskop\/","logo":{"@type":"ImageObject","inLanguage":"nb-NO","@id":"https:\/\/www.stethoscope24.com\/stetoskop\/#\/schema\/logo\/image\/","url":"https:\/\/i1.wp.com\/stethoscope24.com\/stetoskop\/wp-content\/uploads\/2021\/03\/cropped-logostethoscope24.jpg?fit=330%2C72&ssl=1","contentUrl":"https:\/\/i1.wp.com\/stethoscope24.com\/stetoskop\/wp-content\/uploads\/2021\/03\/cropped-logostethoscope24.jpg?fit=330%2C72&ssl=1","width":330,"height":72,"caption":"Stethoscope24"},"image":{"@id":"https:\/\/www.stethoscope24.com\/stetoskop\/#\/schema\/logo\/image\/"}}]},"product_brand":"Littmann","product_price_amount":"1269.00","product_price_currency":"NOK","og_availability":"instock","product_availability":"instock","product_retailer_item_id":"2157","product_condition":"new"},"jetpack_sharing_enabled":true,"_links":{"self":[{"href":"https:\/\/www.stethoscope24.com\/stetoskop\/wp-json\/wp\/v2\/product\/23304","targetHints":{"allow":["GET"]}}],"collection":[{"href":"https:\/\/www.stethoscope24.com\/stetoskop\/wp-json\/wp\/v2\/product"}],"about":[{"href":"https:\/\/www.stethoscope24.com\/stetoskop\/wp-json\/wp\/v2\/types\/product"}],"replies":[{"embeddable":true,"href":"https:\/\/www.stethoscope24.com\/stetoskop\/wp-json\/wp\/v2\/comments?post=23304"}],"wp:featuredmedia":[{"embeddable":true,"href":"https:\/\/www.stethoscope24.com\/stetoskop\/wp-json\/wp\/v2\/media\/23251"}],"wp:attachment":[{"href":"https:\/\/www.stethoscope24.com\/stetoskop\/wp-json\/wp\/v2\/media?parent=23304"}],"wp:term":[{"taxonomy":"product_brand","embeddable":true,"href":"https:\/\/www.stethoscope24.com\/stetoskop\/wp-json\/wp\/v2\/product_brand?post=23304"},{"taxonomy":"product_cat","embeddable":true,"href":"https:\/\/www.stethoscope24.com\/stetoskop\/wp-json\/wp\/v2\/product_cat?post=23304"},{"taxonomy":"product_tag","embeddable":true,"href":"https:\/\/www.stethoscope24.com\/stetoskop\/wp-json\/wp\/v2\/product_tag?post=23304"}],"curies":[{"name":"wp","href":"https:\/\/api.w.org\/{rel}","templated":true}]}}