{"id":23364,"date":"2021-02-23T10:35:48","date_gmt":"2021-02-23T10:35:48","guid":{"rendered":"https:\/\/stethoscope24.com\/stetoskop\/?post_type=product&#038;p=23364"},"modified":"2024-02-27T13:16:26","modified_gmt":"2024-02-27T13:16:26","slug":"3m-reservedellssett-til-littmann-stetoskop-digital-core-gra","status":"publish","type":"product","link":"https:\/\/www.stethoscope24.com\/stetoskop\/product\/3m-reservedellssett-til-littmann-stetoskop-digital-core-gra\/","title":{"rendered":"3M Reservedellssett til Littmann stetoskop Digital Core, gr\u00e5"},"content":{"rendered":"<p>Reservedellssett til Littmann stetoskop Digital, Stetoskopene fra 3M&#x2122; Littmann\u00ae har den h\u00f8ye kvaliteten som helsepersonell forventer, og hver reservedel og tilbeh\u00f8r m\u00f8ter de samme krevende standardene. Praktisk pakket i sett som passer til stetoskopmodellene, reservedeler til Littmann stetoskop og tilbeh\u00f8r gj\u00f8r reparasjoner enkle. Hver del er grundig produsert for \u00e5 fungere s\u00f8ml\u00f8st med eksisterende utstyr.<\/p>\n<p>Reservedelssett til stetoskopene 3M&#x2122; Littmann\u00ae Classic III, Kardiologi IV, og CORE Digital inneholder en svart justerbar membranene til b\u00e5de den voksne og den pediatriske siden av bryststykket, en varmering og to sm\u00e5 (1\/2&#8221;) svarte \u201cSnap Tight\u201d myke, lydisolerende \u00f8repropper.<\/p>\n<p>Reservedellssett til Littmann stetoskop Digital, Justerbar membranteknologi, en oppfinnelse fra 3M, lar helsepersonell h\u00f8yre lyder av forskjellige frekvenser ved bare \u00e5 justere trykket p\u00e5 bryststykket. Hold bryststykket med lett trykk for \u00e5 h\u00f8re lavfrekvente lyder, trykk litt mer for \u00e5 h\u00f8re litt mer h\u00f8yfrekvente lyder. Denne tidsbesparende egenskapen gir helsepersonellet mulighet til \u00e5 fokusere b\u00e5de p\u00e5 voksne og pediatriske pasienter.<\/p>\n<p>Snap-tight, myke lydisolerende \u00f8repropper tilpasset individuelle \u00f8rer som en utmerket akustisk forsegling og behagelig passform. \u00d8reproppene settes godt fast p\u00e5 enden av \u00f8reb\u00f8ylene og, for sikkerhets skyld, krever en betydelig anstrengelse for \u00e5 fjerne.<\/p>\n<p><a href=\"https:\/\/stethoscope24.com\/stetoskop\/product\/3m-reservedellssett-til-littmann-stetoskop-digital-core-svart\/\">Og svart<\/a><\/p>\n","protected":false},"excerpt":{"rendered":"<ul style=\"list-style-type: disc; list-style-position: outside;\">\n<li>Kvalitet og p\u00e5litelighet i en praktisk pakke<\/li>\n<li>Inneholder \u00e9n justerbar membran til den voksne siden av bryststykket p\u00e5 stetoskopet, gr\u00e5<\/li>\n<li>Inneholder \u00e9n justerbar membran til den pediatriske siden av bryststykket p\u00e5 stetoskopet, gr\u00e5<\/li>\n<li>Inneholder \u00e9n varmering, gr\u00e5<\/li>\n<li>Inneholder \u00abSnap Tight\u00bb \u00f8repropper, myke lydisolerende, gr\u00e5 <\/li>\n<\/ul>\n","protected":false},"featured_media":23361,"comment_status":"open","ping_status":"closed","template":"","meta":[],"product_brand":[],"product_cat":[123],"product_tag":[283,328],"class_list":{"0":"post-23364","1":"product","2":"type-product","3":"status-publish","4":"has-post-thumbnail","6":"product_cat-reservedeler-til-littmann-stetoskop","7":"product_tag-reservedellssett-til-littmann-stetoskop","8":"product_tag-reservedellssett-til-littmann-stetoskop-digital-core","9":"pa_farge-gra","10":"pa_merke-brand-littmann","12":"first","13":"instock","14":"taxable","15":"shipping-taxable","16":"purchasable","17":"product-type-simple"},"yoast_head":"<!-- This site is optimized with the Yoast SEO plugin v27.5 - https:\/\/yoast.com\/product\/yoast-seo-wordpress\/ -->\n<title>3M Reservedellssett til Littmann stetoskop Digital Core, gr\u00e5 -<\/title>\n<meta name=\"description\" content=\"Littmann Stetoskoper 3M Reservedellssett til Littmann stetoskop Digital Core, gr\u00e5 Reservedellssett til Littmann stetoskop Digital\" \/>\n<meta name=\"robots\" content=\"index, follow, max-snippet:-1, max-image-preview:large, max-video-preview:-1\" \/>\n<link rel=\"canonical\" href=\"https:\/\/www.stethoscope24.com\/stetoskop\/product\/3m-reservedellssett-til-littmann-stetoskop-digital-core-gra\/\" \/>\n<meta property=\"og:locale\" content=\"nb_NO\" \/>\n<meta property=\"og:type\" content=\"article\" \/>\n<meta property=\"og:title\" content=\"3M Reservedellssett til Littmann stetoskop Digital Core, gr\u00e5 -\" \/>\n<meta property=\"og:description\" content=\"Littmann Stetoskoper 3M Reservedellssett til Littmann stetoskop Digital Core, gr\u00e5 Reservedellssett til Littmann stetoskop Digital\" \/>\n<meta property=\"og:url\" content=\"https:\/\/www.stethoscope24.com\/stetoskop\/product\/3m-reservedellssett-til-littmann-stetoskop-digital-core-gra\/\" \/>\n<meta property=\"og:site_name\" content=\"Littmann Stetoskoper\" \/>\n<meta property=\"article:modified_time\" content=\"2024-02-27T13:16:26+00:00\" \/>\n<meta property=\"og:image\" content=\"https:\/\/i2.wp.com\/www.stethoscope24.com\/stetoskop\/wp-content\/uploads\/2021\/02\/3m-littmann-stethoscope-spare-parts-kit-model-40017.jpg?fit=532%2C355&ssl=1\" \/>\n\t<meta property=\"og:image:width\" content=\"532\" \/>\n\t<meta property=\"og:image:height\" content=\"355\" \/>\n\t<meta property=\"og:image:type\" content=\"image\/jpeg\" \/>\n<meta name=\"twitter:card\" content=\"summary_large_image\" \/>\n<meta name=\"twitter:label1\" content=\"Pris\" \/>\n\t<meta name=\"twitter:data1\" content=\"299,00&nbsp;&#107;&#114; Eks. MVA\" \/>\n\t<meta name=\"twitter:label2\" content=\"Tilgjengelighet\" \/>\n\t<meta name=\"twitter:data2\" content=\"P\u00e5 lager\" \/>\n<script type=\"application\/ld+json\" class=\"yoast-schema-graph\">{\"@context\":\"https:\\\/\\\/schema.org\",\"@graph\":[{\"@type\":[\"WebPage\",\"ItemPage\"],\"@id\":\"https:\\\/\\\/www.stethoscope24.com\\\/stetoskop\\\/product\\\/3m-reservedellssett-til-littmann-stetoskop-digital-core-gra\\\/\",\"url\":\"https:\\\/\\\/www.stethoscope24.com\\\/stetoskop\\\/product\\\/3m-reservedellssett-til-littmann-stetoskop-digital-core-gra\\\/\",\"name\":\"3M Reservedellssett til Littmann stetoskop Digital Core, gr\u00e5 -\",\"isPartOf\":{\"@id\":\"https:\\\/\\\/www.stethoscope24.com\\\/stetoskop\\\/#website\"},\"primaryImageOfPage\":{\"@id\":\"https:\\\/\\\/www.stethoscope24.com\\\/stetoskop\\\/product\\\/3m-reservedellssett-til-littmann-stetoskop-digital-core-gra\\\/#primaryimage\"},\"image\":{\"@id\":\"https:\\\/\\\/www.stethoscope24.com\\\/stetoskop\\\/product\\\/3m-reservedellssett-til-littmann-stetoskop-digital-core-gra\\\/#primaryimage\"},\"thumbnailUrl\":\"https:\\\/\\\/i0.wp.com\\\/www.stethoscope24.com\\\/stetoskop\\\/wp-content\\\/uploads\\\/2021\\\/02\\\/3m-littmann-stethoscope-spare-parts-kit-model-40017.jpg?fit=532%2C355&ssl=1\",\"datePublished\":\"2021-02-23T10:35:48+00:00\",\"dateModified\":\"2024-02-27T13:16:26+00:00\",\"description\":\"Littmann Stetoskoper 3M Reservedellssett til Littmann stetoskop Digital Core, gr\u00e5 Reservedellssett til Littmann stetoskop Digital\",\"breadcrumb\":{\"@id\":\"https:\\\/\\\/www.stethoscope24.com\\\/stetoskop\\\/product\\\/3m-reservedellssett-til-littmann-stetoskop-digital-core-gra\\\/#breadcrumb\"},\"inLanguage\":\"nb-NO\",\"potentialAction\":[{\"@type\":\"ReadAction\",\"target\":[\"https:\\\/\\\/www.stethoscope24.com\\\/stetoskop\\\/product\\\/3m-reservedellssett-til-littmann-stetoskop-digital-core-gra\\\/\"]}]},{\"@type\":\"ImageObject\",\"inLanguage\":\"nb-NO\",\"@id\":\"https:\\\/\\\/www.stethoscope24.com\\\/stetoskop\\\/product\\\/3m-reservedellssett-til-littmann-stetoskop-digital-core-gra\\\/#primaryimage\",\"url\":\"https:\\\/\\\/i0.wp.com\\\/www.stethoscope24.com\\\/stetoskop\\\/wp-content\\\/uploads\\\/2021\\\/02\\\/3m-littmann-stethoscope-spare-parts-kit-model-40017.jpg?fit=532%2C355&ssl=1\",\"contentUrl\":\"https:\\\/\\\/i0.wp.com\\\/www.stethoscope24.com\\\/stetoskop\\\/wp-content\\\/uploads\\\/2021\\\/02\\\/3m-littmann-stethoscope-spare-parts-kit-model-40017.jpg?fit=532%2C355&ssl=1\",\"width\":532,\"height\":355,\"caption\":\"3M Reservedellssett til Littmann stetoskop classic III, gr\u00e5\"},{\"@type\":\"BreadcrumbList\",\"@id\":\"https:\\\/\\\/www.stethoscope24.com\\\/stetoskop\\\/product\\\/3m-reservedellssett-til-littmann-stetoskop-digital-core-gra\\\/#breadcrumb\",\"itemListElement\":[{\"@type\":\"ListItem\",\"position\":1,\"name\":\"Home\",\"item\":\"https:\\\/\\\/www.stethoscope24.com\\\/stetoskop\\\/\"},{\"@type\":\"ListItem\",\"position\":2,\"name\":\"Shop\",\"item\":\"https:\\\/\\\/www.stethoscope24.com\\\/stetoskop\\\/shop\\\/\"},{\"@type\":\"ListItem\",\"position\":3,\"name\":\"3M Reservedellssett til Littmann stetoskop Digital Core, gr\u00e5\"}]},{\"@type\":\"WebSite\",\"@id\":\"https:\\\/\\\/www.stethoscope24.com\\\/stetoskop\\\/#website\",\"url\":\"https:\\\/\\\/www.stethoscope24.com\\\/stetoskop\\\/\",\"name\":\"Littmann Stetoskoper\",\"description\":\"3M Littmann Stetoskoper\",\"publisher\":{\"@id\":\"https:\\\/\\\/www.stethoscope24.com\\\/stetoskop\\\/#organization\"},\"potentialAction\":[{\"@type\":\"SearchAction\",\"target\":{\"@type\":\"EntryPoint\",\"urlTemplate\":\"https:\\\/\\\/www.stethoscope24.com\\\/stetoskop\\\/?s={search_term_string}\"},\"query-input\":{\"@type\":\"PropertyValueSpecification\",\"valueRequired\":true,\"valueName\":\"search_term_string\"}}],\"inLanguage\":\"nb-NO\"},{\"@type\":\"Organization\",\"@id\":\"https:\\\/\\\/www.stethoscope24.com\\\/stetoskop\\\/#organization\",\"name\":\"Stethoscope24\",\"url\":\"https:\\\/\\\/www.stethoscope24.com\\\/stetoskop\\\/\",\"logo\":{\"@type\":\"ImageObject\",\"inLanguage\":\"nb-NO\",\"@id\":\"https:\\\/\\\/www.stethoscope24.com\\\/stetoskop\\\/#\\\/schema\\\/logo\\\/image\\\/\",\"url\":\"https:\\\/\\\/i1.wp.com\\\/stethoscope24.com\\\/stetoskop\\\/wp-content\\\/uploads\\\/2021\\\/03\\\/cropped-logostethoscope24.jpg?fit=330%2C72&ssl=1\",\"contentUrl\":\"https:\\\/\\\/i1.wp.com\\\/stethoscope24.com\\\/stetoskop\\\/wp-content\\\/uploads\\\/2021\\\/03\\\/cropped-logostethoscope24.jpg?fit=330%2C72&ssl=1\",\"width\":330,\"height\":72,\"caption\":\"Stethoscope24\"},\"image\":{\"@id\":\"https:\\\/\\\/www.stethoscope24.com\\\/stetoskop\\\/#\\\/schema\\\/logo\\\/image\\\/\"}}]}<\/script>\n<meta property=\"product:brand\" content=\"Littmann\" \/>\n<meta property=\"product:price:amount\" content=\"299.00\" \/>\n<meta property=\"product:price:currency\" content=\"NOK\" \/>\n<meta property=\"og:availability\" content=\"instock\" \/>\n<meta property=\"product:availability\" content=\"instock\" \/>\n<meta property=\"product:retailer_item_id\" content=\"40017-CORE\" \/>\n<meta property=\"product:condition\" content=\"new\" \/>\n<!-- \/ Yoast SEO plugin. -->","yoast_head_json":{"title":"3M Reservedellssett til Littmann stetoskop Digital Core, gr\u00e5 -","description":"Littmann Stetoskoper 3M Reservedellssett til Littmann stetoskop Digital Core, gr\u00e5 Reservedellssett til Littmann stetoskop Digital","robots":{"index":"index","follow":"follow","max-snippet":"max-snippet:-1","max-image-preview":"max-image-preview:large","max-video-preview":"max-video-preview:-1"},"canonical":"https:\/\/www.stethoscope24.com\/stetoskop\/product\/3m-reservedellssett-til-littmann-stetoskop-digital-core-gra\/","og_locale":"nb_NO","og_type":"article","og_title":"3M Reservedellssett til Littmann stetoskop Digital Core, gr\u00e5 -","og_description":"Littmann Stetoskoper 3M Reservedellssett til Littmann stetoskop Digital Core, gr\u00e5 Reservedellssett til Littmann stetoskop Digital","og_url":"https:\/\/www.stethoscope24.com\/stetoskop\/product\/3m-reservedellssett-til-littmann-stetoskop-digital-core-gra\/","og_site_name":"Littmann Stetoskoper","article_modified_time":"2024-02-27T13:16:26+00:00","og_image":[{"width":532,"height":355,"url":"https:\/\/i2.wp.com\/www.stethoscope24.com\/stetoskop\/wp-content\/uploads\/2021\/02\/3m-littmann-stethoscope-spare-parts-kit-model-40017.jpg?fit=532%2C355&ssl=1","type":"image\/jpeg"}],"twitter_card":"summary_large_image","twitter_misc":{"Pris":"299,00&nbsp;&#107;&#114; Eks. MVA","Tilgjengelighet":"P\u00e5 lager"},"schema":{"@context":"https:\/\/schema.org","@graph":[{"@type":["WebPage","ItemPage"],"@id":"https:\/\/www.stethoscope24.com\/stetoskop\/product\/3m-reservedellssett-til-littmann-stetoskop-digital-core-gra\/","url":"https:\/\/www.stethoscope24.com\/stetoskop\/product\/3m-reservedellssett-til-littmann-stetoskop-digital-core-gra\/","name":"3M Reservedellssett til Littmann stetoskop Digital Core, gr\u00e5 -","isPartOf":{"@id":"https:\/\/www.stethoscope24.com\/stetoskop\/#website"},"primaryImageOfPage":{"@id":"https:\/\/www.stethoscope24.com\/stetoskop\/product\/3m-reservedellssett-til-littmann-stetoskop-digital-core-gra\/#primaryimage"},"image":{"@id":"https:\/\/www.stethoscope24.com\/stetoskop\/product\/3m-reservedellssett-til-littmann-stetoskop-digital-core-gra\/#primaryimage"},"thumbnailUrl":"https:\/\/i0.wp.com\/www.stethoscope24.com\/stetoskop\/wp-content\/uploads\/2021\/02\/3m-littmann-stethoscope-spare-parts-kit-model-40017.jpg?fit=532%2C355&ssl=1","datePublished":"2021-02-23T10:35:48+00:00","dateModified":"2024-02-27T13:16:26+00:00","description":"Littmann Stetoskoper 3M Reservedellssett til Littmann stetoskop Digital Core, gr\u00e5 Reservedellssett til Littmann stetoskop Digital","breadcrumb":{"@id":"https:\/\/www.stethoscope24.com\/stetoskop\/product\/3m-reservedellssett-til-littmann-stetoskop-digital-core-gra\/#breadcrumb"},"inLanguage":"nb-NO","potentialAction":[{"@type":"ReadAction","target":["https:\/\/www.stethoscope24.com\/stetoskop\/product\/3m-reservedellssett-til-littmann-stetoskop-digital-core-gra\/"]}]},{"@type":"ImageObject","inLanguage":"nb-NO","@id":"https:\/\/www.stethoscope24.com\/stetoskop\/product\/3m-reservedellssett-til-littmann-stetoskop-digital-core-gra\/#primaryimage","url":"https:\/\/i0.wp.com\/www.stethoscope24.com\/stetoskop\/wp-content\/uploads\/2021\/02\/3m-littmann-stethoscope-spare-parts-kit-model-40017.jpg?fit=532%2C355&ssl=1","contentUrl":"https:\/\/i0.wp.com\/www.stethoscope24.com\/stetoskop\/wp-content\/uploads\/2021\/02\/3m-littmann-stethoscope-spare-parts-kit-model-40017.jpg?fit=532%2C355&ssl=1","width":532,"height":355,"caption":"3M Reservedellssett til Littmann stetoskop classic III, gr\u00e5"},{"@type":"BreadcrumbList","@id":"https:\/\/www.stethoscope24.com\/stetoskop\/product\/3m-reservedellssett-til-littmann-stetoskop-digital-core-gra\/#breadcrumb","itemListElement":[{"@type":"ListItem","position":1,"name":"Home","item":"https:\/\/www.stethoscope24.com\/stetoskop\/"},{"@type":"ListItem","position":2,"name":"Shop","item":"https:\/\/www.stethoscope24.com\/stetoskop\/shop\/"},{"@type":"ListItem","position":3,"name":"3M Reservedellssett til Littmann stetoskop Digital Core, gr\u00e5"}]},{"@type":"WebSite","@id":"https:\/\/www.stethoscope24.com\/stetoskop\/#website","url":"https:\/\/www.stethoscope24.com\/stetoskop\/","name":"Littmann Stetoskoper","description":"3M Littmann Stetoskoper","publisher":{"@id":"https:\/\/www.stethoscope24.com\/stetoskop\/#organization"},"potentialAction":[{"@type":"SearchAction","target":{"@type":"EntryPoint","urlTemplate":"https:\/\/www.stethoscope24.com\/stetoskop\/?s={search_term_string}"},"query-input":{"@type":"PropertyValueSpecification","valueRequired":true,"valueName":"search_term_string"}}],"inLanguage":"nb-NO"},{"@type":"Organization","@id":"https:\/\/www.stethoscope24.com\/stetoskop\/#organization","name":"Stethoscope24","url":"https:\/\/www.stethoscope24.com\/stetoskop\/","logo":{"@type":"ImageObject","inLanguage":"nb-NO","@id":"https:\/\/www.stethoscope24.com\/stetoskop\/#\/schema\/logo\/image\/","url":"https:\/\/i1.wp.com\/stethoscope24.com\/stetoskop\/wp-content\/uploads\/2021\/03\/cropped-logostethoscope24.jpg?fit=330%2C72&ssl=1","contentUrl":"https:\/\/i1.wp.com\/stethoscope24.com\/stetoskop\/wp-content\/uploads\/2021\/03\/cropped-logostethoscope24.jpg?fit=330%2C72&ssl=1","width":330,"height":72,"caption":"Stethoscope24"},"image":{"@id":"https:\/\/www.stethoscope24.com\/stetoskop\/#\/schema\/logo\/image\/"}}]},"product_brand":"Littmann","product_price_amount":"299.00","product_price_currency":"NOK","og_availability":"instock","product_availability":"instock","product_retailer_item_id":"40017-CORE","product_condition":"new"},"jetpack_sharing_enabled":true,"_links":{"self":[{"href":"https:\/\/www.stethoscope24.com\/stetoskop\/wp-json\/wp\/v2\/product\/23364","targetHints":{"allow":["GET"]}}],"collection":[{"href":"https:\/\/www.stethoscope24.com\/stetoskop\/wp-json\/wp\/v2\/product"}],"about":[{"href":"https:\/\/www.stethoscope24.com\/stetoskop\/wp-json\/wp\/v2\/types\/product"}],"replies":[{"embeddable":true,"href":"https:\/\/www.stethoscope24.com\/stetoskop\/wp-json\/wp\/v2\/comments?post=23364"}],"wp:featuredmedia":[{"embeddable":true,"href":"https:\/\/www.stethoscope24.com\/stetoskop\/wp-json\/wp\/v2\/media\/23361"}],"wp:attachment":[{"href":"https:\/\/www.stethoscope24.com\/stetoskop\/wp-json\/wp\/v2\/media?parent=23364"}],"wp:term":[{"taxonomy":"product_brand","embeddable":true,"href":"https:\/\/www.stethoscope24.com\/stetoskop\/wp-json\/wp\/v2\/product_brand?post=23364"},{"taxonomy":"product_cat","embeddable":true,"href":"https:\/\/www.stethoscope24.com\/stetoskop\/wp-json\/wp\/v2\/product_cat?post=23364"},{"taxonomy":"product_tag","embeddable":true,"href":"https:\/\/www.stethoscope24.com\/stetoskop\/wp-json\/wp\/v2\/product_tag?post=23364"}],"curies":[{"name":"wp","href":"https:\/\/api.w.org\/{rel}","templated":true}]}}