{"id":23365,"date":"2021-02-23T10:38:33","date_gmt":"2021-02-23T10:38:33","guid":{"rendered":"https:\/\/stethoscope24.com\/stetoskop\/?post_type=product&#038;p=23365"},"modified":"2025-09-22T07:33:58","modified_gmt":"2025-09-22T07:33:58","slug":"3m-reservedellssett-til-littmann-stetoskop-classic-ii-s-e-svart","status":"publish","type":"product","link":"https:\/\/www.stethoscope24.com\/stetoskop\/product\/3m-reservedellssett-til-littmann-stetoskop-classic-ii-s-e-svart\/","title":{"rendered":"3M Reservedellssett til Littmann stetoskop classic II S.E., svart"},"content":{"rendered":"<p>Stetoskopene fra 3M\u2122 Littmann\u00ae har den h\u00f8ye kvaliteten som helsepersonell forventer, og hver reservedel og tilbeh\u00f8r m\u00f8ter de samme krevende standardene. Praktisk pakket i sett som passer til stetoskopmodellene fra Littmann stetoskop.<\/p>\n<p>Reservedelssett til stetoskopet 3M\u2122 Littmann\u00ae Classic II S.E., inneholder en svart ring og justerbar membran til den voksne siden bryststykket og en svart varmering til klokkesiden av bryststykket. Ogs\u00e5 inkludert er sm\u00e5 (1\/2\u2019\u2019) svarte \u201cSnap Tight\u201d myke, lydisolerende \u00f8repropper.<\/p>\n<p>Justerbar membranteknologi, en oppfinnelse fra 3M, lar helsepersonell h\u00f8yre lyder av forskjellige frekvenser ved bare \u00e5 justere trykket p\u00e5 bryststykket. Hold bryststykket med lett trykk for \u00e5 h\u00f8re lavfrekvente lyder, trykk litt mer for \u00e5 h\u00f8re litt mer h\u00f8yfrekvente lyder. Denne tidsbesparende egenskapen gir helsepersonellet mulighet til \u00e5 fokusere pasienten, mens membranen som ikke leder kulde s\u00f8rger for pasientkomforten.<\/p>\n<p>\u00abSnap-tight\u00bb myke lydisolerende \u00f8repropper tilpasset individuelle \u00f8rer for en utmerket akustisk forsegling og behagelig passform. \u00d8reproppene settes godt fast p\u00e5 enden av \u00f8reb\u00f8ylene og, for sikkerhets skyld, krever en betydelig anstrengelse for \u00e5 fjerne.<\/p>\n","protected":false},"excerpt":{"rendered":"<ul style=\"list-style-type: disc; list-style-position: outside;\">\n<li>Kvalitet og p\u00e5litelighet i en praktisk pakke<\/li>\n<li>Inneholder \u00e9n liten (1\/2&#8221;) varmering, svart<\/li>\n<li>Inneholder \u00e9n justerbar membran og monteringssett til bryststykket p\u00e5 stetoskopet, svart<\/li>\n<\/ul>\n","protected":false},"featured_media":23366,"comment_status":"open","ping_status":"closed","template":"","meta":[],"product_brand":[],"product_cat":[123],"product_tag":[283,332],"class_list":{"0":"post-23365","1":"product","2":"type-product","3":"status-publish","4":"has-post-thumbnail","6":"product_cat-reservedeler-til-littmann-stetoskop","7":"product_tag-reservedellssett-til-littmann-stetoskop","8":"product_tag-reservedellssett-til-littmann-stetoskop-classic-ii-s-e","9":"pa_farge-svart","10":"pa_merke-brand-littmann","12":"first","13":"outofstock","14":"taxable","15":"shipping-taxable","16":"purchasable","17":"product-type-simple"},"yoast_head":"<!-- This site is optimized with the Yoast SEO plugin v27.5 - https:\/\/yoast.com\/product\/yoast-seo-wordpress\/ -->\n<title>3M Reservedellssett til Littmann stetoskop classic II S.E., svart -<\/title>\n<meta name=\"description\" content=\"Littmann Stetoskoper 3M Reservedellssett til Littmann stetoskop classic II S.E., svart\" \/>\n<meta name=\"robots\" content=\"index, follow, max-snippet:-1, max-image-preview:large, max-video-preview:-1\" \/>\n<link rel=\"canonical\" href=\"https:\/\/www.stethoscope24.com\/stetoskop\/product\/3m-reservedellssett-til-littmann-stetoskop-classic-ii-s-e-svart\/\" \/>\n<meta property=\"og:locale\" content=\"nb_NO\" \/>\n<meta property=\"og:type\" content=\"article\" \/>\n<meta property=\"og:title\" content=\"3M Reservedellssett til Littmann stetoskop classic II S.E., svart -\" \/>\n<meta property=\"og:description\" content=\"Littmann Stetoskoper 3M Reservedellssett til Littmann stetoskop classic II S.E., svart\" \/>\n<meta property=\"og:url\" content=\"https:\/\/www.stethoscope24.com\/stetoskop\/product\/3m-reservedellssett-til-littmann-stetoskop-classic-ii-s-e-svart\/\" \/>\n<meta property=\"og:site_name\" content=\"Littmann Stetoskoper\" \/>\n<meta property=\"article:modified_time\" content=\"2025-09-22T07:33:58+00:00\" \/>\n<meta property=\"og:image\" content=\"https:\/\/www.stethoscope24.com\/stetoskop\/wp-content\/uploads\/2021\/02\/3m-littmann-stethoscope-spare-parts-kit-40005.jpg\" \/>\n\t<meta property=\"og:image:width\" content=\"400\" \/>\n\t<meta property=\"og:image:height\" content=\"289\" \/>\n\t<meta property=\"og:image:type\" content=\"image\/jpeg\" \/>\n<meta name=\"twitter:card\" content=\"summary_large_image\" \/>\n<meta name=\"twitter:label1\" content=\"Pris\" \/>\n\t<meta name=\"twitter:data1\" content=\"299,00&nbsp;&#107;&#114; Eks. MVA\" \/>\n\t<meta name=\"twitter:label2\" content=\"Tilgjengelighet\" \/>\n\t<meta name=\"twitter:data2\" content=\"Tomt p\u00e5 lager\" \/>\n<script type=\"application\/ld+json\" class=\"yoast-schema-graph\">{\"@context\":\"https:\\\/\\\/schema.org\",\"@graph\":[{\"@type\":[\"WebPage\",\"ItemPage\"],\"@id\":\"https:\\\/\\\/www.stethoscope24.com\\\/stetoskop\\\/product\\\/3m-reservedellssett-til-littmann-stetoskop-classic-ii-s-e-svart\\\/\",\"url\":\"https:\\\/\\\/www.stethoscope24.com\\\/stetoskop\\\/product\\\/3m-reservedellssett-til-littmann-stetoskop-classic-ii-s-e-svart\\\/\",\"name\":\"3M Reservedellssett til Littmann stetoskop classic II S.E., svart -\",\"isPartOf\":{\"@id\":\"https:\\\/\\\/www.stethoscope24.com\\\/stetoskop\\\/#website\"},\"primaryImageOfPage\":{\"@id\":\"https:\\\/\\\/www.stethoscope24.com\\\/stetoskop\\\/product\\\/3m-reservedellssett-til-littmann-stetoskop-classic-ii-s-e-svart\\\/#primaryimage\"},\"image\":{\"@id\":\"https:\\\/\\\/www.stethoscope24.com\\\/stetoskop\\\/product\\\/3m-reservedellssett-til-littmann-stetoskop-classic-ii-s-e-svart\\\/#primaryimage\"},\"thumbnailUrl\":\"https:\\\/\\\/i0.wp.com\\\/www.stethoscope24.com\\\/stetoskop\\\/wp-content\\\/uploads\\\/2021\\\/02\\\/3m-littmann-stethoscope-spare-parts-kit-40005.jpg?fit=400%2C289&ssl=1\",\"datePublished\":\"2021-02-23T10:38:33+00:00\",\"dateModified\":\"2025-09-22T07:33:58+00:00\",\"description\":\"Littmann Stetoskoper 3M Reservedellssett til Littmann stetoskop classic II S.E., svart\",\"breadcrumb\":{\"@id\":\"https:\\\/\\\/www.stethoscope24.com\\\/stetoskop\\\/product\\\/3m-reservedellssett-til-littmann-stetoskop-classic-ii-s-e-svart\\\/#breadcrumb\"},\"inLanguage\":\"nb-NO\",\"potentialAction\":[{\"@type\":\"ReadAction\",\"target\":[\"https:\\\/\\\/www.stethoscope24.com\\\/stetoskop\\\/product\\\/3m-reservedellssett-til-littmann-stetoskop-classic-ii-s-e-svart\\\/\"]}]},{\"@type\":\"ImageObject\",\"inLanguage\":\"nb-NO\",\"@id\":\"https:\\\/\\\/www.stethoscope24.com\\\/stetoskop\\\/product\\\/3m-reservedellssett-til-littmann-stetoskop-classic-ii-s-e-svart\\\/#primaryimage\",\"url\":\"https:\\\/\\\/i0.wp.com\\\/www.stethoscope24.com\\\/stetoskop\\\/wp-content\\\/uploads\\\/2021\\\/02\\\/3m-littmann-stethoscope-spare-parts-kit-40005.jpg?fit=400%2C289&ssl=1\",\"contentUrl\":\"https:\\\/\\\/i0.wp.com\\\/www.stethoscope24.com\\\/stetoskop\\\/wp-content\\\/uploads\\\/2021\\\/02\\\/3m-littmann-stethoscope-spare-parts-kit-40005.jpg?fit=400%2C289&ssl=1\",\"width\":400,\"height\":289,\"caption\":\"3M Littmann stethoscope spare parts kit classic II S.E. 40005 Black\"},{\"@type\":\"BreadcrumbList\",\"@id\":\"https:\\\/\\\/www.stethoscope24.com\\\/stetoskop\\\/product\\\/3m-reservedellssett-til-littmann-stetoskop-classic-ii-s-e-svart\\\/#breadcrumb\",\"itemListElement\":[{\"@type\":\"ListItem\",\"position\":1,\"name\":\"Home\",\"item\":\"https:\\\/\\\/www.stethoscope24.com\\\/stetoskop\\\/\"},{\"@type\":\"ListItem\",\"position\":2,\"name\":\"Shop\",\"item\":\"https:\\\/\\\/www.stethoscope24.com\\\/stetoskop\\\/shop\\\/\"},{\"@type\":\"ListItem\",\"position\":3,\"name\":\"3M Reservedellssett til Littmann stetoskop classic II S.E., svart\"}]},{\"@type\":\"WebSite\",\"@id\":\"https:\\\/\\\/www.stethoscope24.com\\\/stetoskop\\\/#website\",\"url\":\"https:\\\/\\\/www.stethoscope24.com\\\/stetoskop\\\/\",\"name\":\"Littmann Stetoskoper\",\"description\":\"3M Littmann Stetoskoper\",\"publisher\":{\"@id\":\"https:\\\/\\\/www.stethoscope24.com\\\/stetoskop\\\/#organization\"},\"potentialAction\":[{\"@type\":\"SearchAction\",\"target\":{\"@type\":\"EntryPoint\",\"urlTemplate\":\"https:\\\/\\\/www.stethoscope24.com\\\/stetoskop\\\/?s={search_term_string}\"},\"query-input\":{\"@type\":\"PropertyValueSpecification\",\"valueRequired\":true,\"valueName\":\"search_term_string\"}}],\"inLanguage\":\"nb-NO\"},{\"@type\":\"Organization\",\"@id\":\"https:\\\/\\\/www.stethoscope24.com\\\/stetoskop\\\/#organization\",\"name\":\"Stethoscope24\",\"url\":\"https:\\\/\\\/www.stethoscope24.com\\\/stetoskop\\\/\",\"logo\":{\"@type\":\"ImageObject\",\"inLanguage\":\"nb-NO\",\"@id\":\"https:\\\/\\\/www.stethoscope24.com\\\/stetoskop\\\/#\\\/schema\\\/logo\\\/image\\\/\",\"url\":\"https:\\\/\\\/i1.wp.com\\\/stethoscope24.com\\\/stetoskop\\\/wp-content\\\/uploads\\\/2021\\\/03\\\/cropped-logostethoscope24.jpg?fit=330%2C72&ssl=1\",\"contentUrl\":\"https:\\\/\\\/i1.wp.com\\\/stethoscope24.com\\\/stetoskop\\\/wp-content\\\/uploads\\\/2021\\\/03\\\/cropped-logostethoscope24.jpg?fit=330%2C72&ssl=1\",\"width\":330,\"height\":72,\"caption\":\"Stethoscope24\"},\"image\":{\"@id\":\"https:\\\/\\\/www.stethoscope24.com\\\/stetoskop\\\/#\\\/schema\\\/logo\\\/image\\\/\"}}]}<\/script>\n<meta property=\"product:brand\" content=\"Littmann\" \/>\n<meta property=\"product:price:amount\" content=\"299.00\" \/>\n<meta property=\"product:price:currency\" content=\"NOK\" \/>\n<meta property=\"og:availability\" content=\"out of stock\" \/>\n<meta property=\"product:availability\" content=\"out of stock\" \/>\n<meta property=\"product:retailer_item_id\" content=\"40005\" \/>\n<meta property=\"product:condition\" content=\"new\" \/>\n<!-- \/ Yoast SEO plugin. -->","yoast_head_json":{"title":"3M Reservedellssett til Littmann stetoskop classic II S.E., svart -","description":"Littmann Stetoskoper 3M Reservedellssett til Littmann stetoskop classic II S.E., svart","robots":{"index":"index","follow":"follow","max-snippet":"max-snippet:-1","max-image-preview":"max-image-preview:large","max-video-preview":"max-video-preview:-1"},"canonical":"https:\/\/www.stethoscope24.com\/stetoskop\/product\/3m-reservedellssett-til-littmann-stetoskop-classic-ii-s-e-svart\/","og_locale":"nb_NO","og_type":"article","og_title":"3M Reservedellssett til Littmann stetoskop classic II S.E., svart -","og_description":"Littmann Stetoskoper 3M Reservedellssett til Littmann stetoskop classic II S.E., svart","og_url":"https:\/\/www.stethoscope24.com\/stetoskop\/product\/3m-reservedellssett-til-littmann-stetoskop-classic-ii-s-e-svart\/","og_site_name":"Littmann Stetoskoper","article_modified_time":"2025-09-22T07:33:58+00:00","og_image":[{"width":400,"height":289,"url":"https:\/\/www.stethoscope24.com\/stetoskop\/wp-content\/uploads\/2021\/02\/3m-littmann-stethoscope-spare-parts-kit-40005.jpg","type":"image\/jpeg"}],"twitter_card":"summary_large_image","twitter_misc":{"Pris":"299,00&nbsp;&#107;&#114; Eks. MVA","Tilgjengelighet":"Tomt p\u00e5 lager"},"schema":{"@context":"https:\/\/schema.org","@graph":[{"@type":["WebPage","ItemPage"],"@id":"https:\/\/www.stethoscope24.com\/stetoskop\/product\/3m-reservedellssett-til-littmann-stetoskop-classic-ii-s-e-svart\/","url":"https:\/\/www.stethoscope24.com\/stetoskop\/product\/3m-reservedellssett-til-littmann-stetoskop-classic-ii-s-e-svart\/","name":"3M Reservedellssett til Littmann stetoskop classic II S.E., svart -","isPartOf":{"@id":"https:\/\/www.stethoscope24.com\/stetoskop\/#website"},"primaryImageOfPage":{"@id":"https:\/\/www.stethoscope24.com\/stetoskop\/product\/3m-reservedellssett-til-littmann-stetoskop-classic-ii-s-e-svart\/#primaryimage"},"image":{"@id":"https:\/\/www.stethoscope24.com\/stetoskop\/product\/3m-reservedellssett-til-littmann-stetoskop-classic-ii-s-e-svart\/#primaryimage"},"thumbnailUrl":"https:\/\/i0.wp.com\/www.stethoscope24.com\/stetoskop\/wp-content\/uploads\/2021\/02\/3m-littmann-stethoscope-spare-parts-kit-40005.jpg?fit=400%2C289&ssl=1","datePublished":"2021-02-23T10:38:33+00:00","dateModified":"2025-09-22T07:33:58+00:00","description":"Littmann Stetoskoper 3M Reservedellssett til Littmann stetoskop classic II S.E., svart","breadcrumb":{"@id":"https:\/\/www.stethoscope24.com\/stetoskop\/product\/3m-reservedellssett-til-littmann-stetoskop-classic-ii-s-e-svart\/#breadcrumb"},"inLanguage":"nb-NO","potentialAction":[{"@type":"ReadAction","target":["https:\/\/www.stethoscope24.com\/stetoskop\/product\/3m-reservedellssett-til-littmann-stetoskop-classic-ii-s-e-svart\/"]}]},{"@type":"ImageObject","inLanguage":"nb-NO","@id":"https:\/\/www.stethoscope24.com\/stetoskop\/product\/3m-reservedellssett-til-littmann-stetoskop-classic-ii-s-e-svart\/#primaryimage","url":"https:\/\/i0.wp.com\/www.stethoscope24.com\/stetoskop\/wp-content\/uploads\/2021\/02\/3m-littmann-stethoscope-spare-parts-kit-40005.jpg?fit=400%2C289&ssl=1","contentUrl":"https:\/\/i0.wp.com\/www.stethoscope24.com\/stetoskop\/wp-content\/uploads\/2021\/02\/3m-littmann-stethoscope-spare-parts-kit-40005.jpg?fit=400%2C289&ssl=1","width":400,"height":289,"caption":"3M Littmann stethoscope spare parts kit classic II S.E. 40005 Black"},{"@type":"BreadcrumbList","@id":"https:\/\/www.stethoscope24.com\/stetoskop\/product\/3m-reservedellssett-til-littmann-stetoskop-classic-ii-s-e-svart\/#breadcrumb","itemListElement":[{"@type":"ListItem","position":1,"name":"Home","item":"https:\/\/www.stethoscope24.com\/stetoskop\/"},{"@type":"ListItem","position":2,"name":"Shop","item":"https:\/\/www.stethoscope24.com\/stetoskop\/shop\/"},{"@type":"ListItem","position":3,"name":"3M Reservedellssett til Littmann stetoskop classic II S.E., svart"}]},{"@type":"WebSite","@id":"https:\/\/www.stethoscope24.com\/stetoskop\/#website","url":"https:\/\/www.stethoscope24.com\/stetoskop\/","name":"Littmann Stetoskoper","description":"3M Littmann Stetoskoper","publisher":{"@id":"https:\/\/www.stethoscope24.com\/stetoskop\/#organization"},"potentialAction":[{"@type":"SearchAction","target":{"@type":"EntryPoint","urlTemplate":"https:\/\/www.stethoscope24.com\/stetoskop\/?s={search_term_string}"},"query-input":{"@type":"PropertyValueSpecification","valueRequired":true,"valueName":"search_term_string"}}],"inLanguage":"nb-NO"},{"@type":"Organization","@id":"https:\/\/www.stethoscope24.com\/stetoskop\/#organization","name":"Stethoscope24","url":"https:\/\/www.stethoscope24.com\/stetoskop\/","logo":{"@type":"ImageObject","inLanguage":"nb-NO","@id":"https:\/\/www.stethoscope24.com\/stetoskop\/#\/schema\/logo\/image\/","url":"https:\/\/i1.wp.com\/stethoscope24.com\/stetoskop\/wp-content\/uploads\/2021\/03\/cropped-logostethoscope24.jpg?fit=330%2C72&ssl=1","contentUrl":"https:\/\/i1.wp.com\/stethoscope24.com\/stetoskop\/wp-content\/uploads\/2021\/03\/cropped-logostethoscope24.jpg?fit=330%2C72&ssl=1","width":330,"height":72,"caption":"Stethoscope24"},"image":{"@id":"https:\/\/www.stethoscope24.com\/stetoskop\/#\/schema\/logo\/image\/"}}]},"product_brand":"Littmann","product_price_amount":"299.00","product_price_currency":"NOK","og_availability":"out of stock","product_availability":"out of stock","product_retailer_item_id":"40005","product_condition":"new"},"jetpack_sharing_enabled":true,"_links":{"self":[{"href":"https:\/\/www.stethoscope24.com\/stetoskop\/wp-json\/wp\/v2\/product\/23365","targetHints":{"allow":["GET"]}}],"collection":[{"href":"https:\/\/www.stethoscope24.com\/stetoskop\/wp-json\/wp\/v2\/product"}],"about":[{"href":"https:\/\/www.stethoscope24.com\/stetoskop\/wp-json\/wp\/v2\/types\/product"}],"replies":[{"embeddable":true,"href":"https:\/\/www.stethoscope24.com\/stetoskop\/wp-json\/wp\/v2\/comments?post=23365"}],"wp:featuredmedia":[{"embeddable":true,"href":"https:\/\/www.stethoscope24.com\/stetoskop\/wp-json\/wp\/v2\/media\/23366"}],"wp:attachment":[{"href":"https:\/\/www.stethoscope24.com\/stetoskop\/wp-json\/wp\/v2\/media?parent=23365"}],"wp:term":[{"taxonomy":"product_brand","embeddable":true,"href":"https:\/\/www.stethoscope24.com\/stetoskop\/wp-json\/wp\/v2\/product_brand?post=23365"},{"taxonomy":"product_cat","embeddable":true,"href":"https:\/\/www.stethoscope24.com\/stetoskop\/wp-json\/wp\/v2\/product_cat?post=23365"},{"taxonomy":"product_tag","embeddable":true,"href":"https:\/\/www.stethoscope24.com\/stetoskop\/wp-json\/wp\/v2\/product_tag?post=23365"}],"curies":[{"name":"wp","href":"https:\/\/api.w.org\/{rel}","templated":true}]}}