{"id":23373,"date":"2021-02-23T10:57:51","date_gmt":"2021-02-23T10:57:51","guid":{"rendered":"https:\/\/stethoscope24.com\/stetoskop\/?post_type=product&#038;p=23373"},"modified":"2025-09-22T07:33:35","modified_gmt":"2025-09-22T07:33:35","slug":"3m-reservedellssett-til-littmann-infant-stetoskop-classic-ii","status":"publish","type":"product","link":"https:\/\/www.stethoscope24.com\/stetoskop\/product\/3m-reservedellssett-til-littmann-infant-stetoskop-classic-ii\/","title":{"rendered":"3M Reservedellssett til Littmann infant stetoskop Classic II"},"content":{"rendered":"<p>Stetoskopene fra 3M\u2122 Littmann\u00ae har den h\u00f8ye kvaliteten som helsepersonell forventer, og hver reservedel og tilbeh\u00f8r m\u00f8ter de samme krevende standardene. Praktisk pakket i sett som passer til stetoskopmodellene fra Littmann stetoskop. <\/p>\n<p>Reservedelssett til stetoskopene 3M\u2122 Littmann\u00ae Classic II Infant inneholder en svart og en gr\u00e5 ring og en flyende membran til bryststykket.<\/p>\n","protected":false},"excerpt":{"rendered":"<ul style=\"list-style-type: disc; list-style-position: outside;\">\n<li>Kvalitet og p\u00e5litelighet i en praktisk pakke<\/li>\n<li>Inneholder \u00e9n flytende membran til bryststykket p\u00e5 stetoskopet<\/li>\n<li>Inneholder \u00e9n svart ring til membranmonteringen av bryststykket <\/li>\n<li>Inneholder \u00e9n gr\u00e5 ring til membranmonteringen av bryststykket <\/li>\n<\/ul>\n","protected":false},"featured_media":23374,"comment_status":"open","ping_status":"closed","template":"","meta":[],"product_brand":[],"product_cat":[123],"product_tag":[283,334],"class_list":{"0":"post-23373","1":"product","2":"type-product","3":"status-publish","4":"has-post-thumbnail","6":"product_cat-reservedeler-til-littmann-stetoskop","7":"product_tag-reservedellssett-til-littmann-stetoskop","8":"product_tag-reservedellssett-til-littmann-stetoskop-classic-ii-infant","9":"pa_farge-gra","10":"pa_farge-svart","11":"pa_merke-brand-littmann","13":"first","14":"instock","15":"taxable","16":"shipping-taxable","17":"purchasable","18":"product-type-simple"},"yoast_head":"<!-- This site is optimized with the Yoast SEO plugin v27.5 - https:\/\/yoast.com\/product\/yoast-seo-wordpress\/ -->\n<title>3M Reservedellssett til Littmann infant stetoskop Classic II -<\/title>\n<meta name=\"description\" content=\"Littmann Stetoskoper 3M Reservedellssett til Littmann infant stetoskop Classic II\" \/>\n<meta name=\"robots\" content=\"index, follow, max-snippet:-1, max-image-preview:large, max-video-preview:-1\" \/>\n<link rel=\"canonical\" href=\"https:\/\/www.stethoscope24.com\/stetoskop\/product\/3m-reservedellssett-til-littmann-infant-stetoskop-classic-ii\/\" \/>\n<meta property=\"og:locale\" content=\"nb_NO\" \/>\n<meta property=\"og:type\" content=\"article\" \/>\n<meta property=\"og:title\" content=\"3M Reservedellssett til Littmann infant stetoskop Classic II -\" \/>\n<meta property=\"og:description\" content=\"Littmann Stetoskoper 3M Reservedellssett til Littmann infant stetoskop Classic II\" \/>\n<meta property=\"og:url\" content=\"https:\/\/www.stethoscope24.com\/stetoskop\/product\/3m-reservedellssett-til-littmann-infant-stetoskop-classic-ii\/\" \/>\n<meta property=\"og:site_name\" content=\"Littmann Stetoskoper\" \/>\n<meta property=\"article:modified_time\" content=\"2025-09-22T07:33:35+00:00\" \/>\n<meta property=\"og:image\" content=\"https:\/\/www.stethoscope24.com\/stetoskop\/wp-content\/uploads\/2021\/02\/3M\u2122-Littmann\u00ae-Stethoscope-Spare-Parts-Kit-Model-40013.jpg\" \/>\n\t<meta property=\"og:image:width\" content=\"400\" \/>\n\t<meta property=\"og:image:height\" content=\"289\" \/>\n\t<meta property=\"og:image:type\" content=\"image\/jpeg\" \/>\n<meta name=\"twitter:card\" content=\"summary_large_image\" \/>\n<meta name=\"twitter:label1\" content=\"Pris\" \/>\n\t<meta name=\"twitter:data1\" content=\"179,00&nbsp;&#107;&#114; Eks. MVA\" \/>\n\t<meta name=\"twitter:label2\" content=\"Tilgjengelighet\" \/>\n\t<meta name=\"twitter:data2\" content=\"P\u00e5 lager\" \/>\n<script type=\"application\/ld+json\" class=\"yoast-schema-graph\">{\"@context\":\"https:\\\/\\\/schema.org\",\"@graph\":[{\"@type\":[\"WebPage\",\"ItemPage\"],\"@id\":\"https:\\\/\\\/www.stethoscope24.com\\\/stetoskop\\\/product\\\/3m-reservedellssett-til-littmann-infant-stetoskop-classic-ii\\\/\",\"url\":\"https:\\\/\\\/www.stethoscope24.com\\\/stetoskop\\\/product\\\/3m-reservedellssett-til-littmann-infant-stetoskop-classic-ii\\\/\",\"name\":\"3M Reservedellssett til Littmann infant stetoskop Classic II -\",\"isPartOf\":{\"@id\":\"https:\\\/\\\/www.stethoscope24.com\\\/stetoskop\\\/#website\"},\"primaryImageOfPage\":{\"@id\":\"https:\\\/\\\/www.stethoscope24.com\\\/stetoskop\\\/product\\\/3m-reservedellssett-til-littmann-infant-stetoskop-classic-ii\\\/#primaryimage\"},\"image\":{\"@id\":\"https:\\\/\\\/www.stethoscope24.com\\\/stetoskop\\\/product\\\/3m-reservedellssett-til-littmann-infant-stetoskop-classic-ii\\\/#primaryimage\"},\"thumbnailUrl\":\"https:\\\/\\\/i0.wp.com\\\/www.stethoscope24.com\\\/stetoskop\\\/wp-content\\\/uploads\\\/2021\\\/02\\\/3M%E2%84%A2-Littmann%C2%AE-Stethoscope-Spare-Parts-Kit-Model-40013.jpg?fit=400%2C289&ssl=1\",\"datePublished\":\"2021-02-23T10:57:51+00:00\",\"dateModified\":\"2025-09-22T07:33:35+00:00\",\"description\":\"Littmann Stetoskoper 3M Reservedellssett til Littmann infant stetoskop Classic II\",\"breadcrumb\":{\"@id\":\"https:\\\/\\\/www.stethoscope24.com\\\/stetoskop\\\/product\\\/3m-reservedellssett-til-littmann-infant-stetoskop-classic-ii\\\/#breadcrumb\"},\"inLanguage\":\"nb-NO\",\"potentialAction\":[{\"@type\":\"ReadAction\",\"target\":[\"https:\\\/\\\/www.stethoscope24.com\\\/stetoskop\\\/product\\\/3m-reservedellssett-til-littmann-infant-stetoskop-classic-ii\\\/\"]}]},{\"@type\":\"ImageObject\",\"inLanguage\":\"nb-NO\",\"@id\":\"https:\\\/\\\/www.stethoscope24.com\\\/stetoskop\\\/product\\\/3m-reservedellssett-til-littmann-infant-stetoskop-classic-ii\\\/#primaryimage\",\"url\":\"https:\\\/\\\/i0.wp.com\\\/www.stethoscope24.com\\\/stetoskop\\\/wp-content\\\/uploads\\\/2021\\\/02\\\/3M%E2%84%A2-Littmann%C2%AE-Stethoscope-Spare-Parts-Kit-Model-40013.jpg?fit=400%2C289&ssl=1\",\"contentUrl\":\"https:\\\/\\\/i0.wp.com\\\/www.stethoscope24.com\\\/stetoskop\\\/wp-content\\\/uploads\\\/2021\\\/02\\\/3M%E2%84%A2-Littmann%C2%AE-Stethoscope-Spare-Parts-Kit-Model-40013.jpg?fit=400%2C289&ssl=1\",\"width\":400,\"height\":289,\"caption\":\"3M Reservedellssett til Littmann infant stetoskop Classic II\"},{\"@type\":\"BreadcrumbList\",\"@id\":\"https:\\\/\\\/www.stethoscope24.com\\\/stetoskop\\\/product\\\/3m-reservedellssett-til-littmann-infant-stetoskop-classic-ii\\\/#breadcrumb\",\"itemListElement\":[{\"@type\":\"ListItem\",\"position\":1,\"name\":\"Home\",\"item\":\"https:\\\/\\\/www.stethoscope24.com\\\/stetoskop\\\/\"},{\"@type\":\"ListItem\",\"position\":2,\"name\":\"Shop\",\"item\":\"https:\\\/\\\/www.stethoscope24.com\\\/stetoskop\\\/shop\\\/\"},{\"@type\":\"ListItem\",\"position\":3,\"name\":\"3M Reservedellssett til Littmann infant stetoskop Classic II\"}]},{\"@type\":\"WebSite\",\"@id\":\"https:\\\/\\\/www.stethoscope24.com\\\/stetoskop\\\/#website\",\"url\":\"https:\\\/\\\/www.stethoscope24.com\\\/stetoskop\\\/\",\"name\":\"Littmann Stetoskoper\",\"description\":\"3M Littmann Stetoskoper\",\"publisher\":{\"@id\":\"https:\\\/\\\/www.stethoscope24.com\\\/stetoskop\\\/#organization\"},\"potentialAction\":[{\"@type\":\"SearchAction\",\"target\":{\"@type\":\"EntryPoint\",\"urlTemplate\":\"https:\\\/\\\/www.stethoscope24.com\\\/stetoskop\\\/?s={search_term_string}\"},\"query-input\":{\"@type\":\"PropertyValueSpecification\",\"valueRequired\":true,\"valueName\":\"search_term_string\"}}],\"inLanguage\":\"nb-NO\"},{\"@type\":\"Organization\",\"@id\":\"https:\\\/\\\/www.stethoscope24.com\\\/stetoskop\\\/#organization\",\"name\":\"Stethoscope24\",\"url\":\"https:\\\/\\\/www.stethoscope24.com\\\/stetoskop\\\/\",\"logo\":{\"@type\":\"ImageObject\",\"inLanguage\":\"nb-NO\",\"@id\":\"https:\\\/\\\/www.stethoscope24.com\\\/stetoskop\\\/#\\\/schema\\\/logo\\\/image\\\/\",\"url\":\"https:\\\/\\\/i1.wp.com\\\/stethoscope24.com\\\/stetoskop\\\/wp-content\\\/uploads\\\/2021\\\/03\\\/cropped-logostethoscope24.jpg?fit=330%2C72&ssl=1\",\"contentUrl\":\"https:\\\/\\\/i1.wp.com\\\/stethoscope24.com\\\/stetoskop\\\/wp-content\\\/uploads\\\/2021\\\/03\\\/cropped-logostethoscope24.jpg?fit=330%2C72&ssl=1\",\"width\":330,\"height\":72,\"caption\":\"Stethoscope24\"},\"image\":{\"@id\":\"https:\\\/\\\/www.stethoscope24.com\\\/stetoskop\\\/#\\\/schema\\\/logo\\\/image\\\/\"}}]}<\/script>\n<meta property=\"product:brand\" content=\"Littmann\" \/>\n<meta property=\"product:price:amount\" content=\"179.00\" \/>\n<meta property=\"product:price:currency\" content=\"NOK\" \/>\n<meta property=\"og:availability\" content=\"instock\" \/>\n<meta property=\"product:availability\" content=\"instock\" \/>\n<meta property=\"product:retailer_item_id\" content=\"40013\" \/>\n<meta property=\"product:condition\" content=\"new\" \/>\n<!-- \/ Yoast SEO plugin. -->","yoast_head_json":{"title":"3M Reservedellssett til Littmann infant stetoskop Classic II -","description":"Littmann Stetoskoper 3M Reservedellssett til Littmann infant stetoskop Classic II","robots":{"index":"index","follow":"follow","max-snippet":"max-snippet:-1","max-image-preview":"max-image-preview:large","max-video-preview":"max-video-preview:-1"},"canonical":"https:\/\/www.stethoscope24.com\/stetoskop\/product\/3m-reservedellssett-til-littmann-infant-stetoskop-classic-ii\/","og_locale":"nb_NO","og_type":"article","og_title":"3M Reservedellssett til Littmann infant stetoskop Classic II -","og_description":"Littmann Stetoskoper 3M Reservedellssett til Littmann infant stetoskop Classic II","og_url":"https:\/\/www.stethoscope24.com\/stetoskop\/product\/3m-reservedellssett-til-littmann-infant-stetoskop-classic-ii\/","og_site_name":"Littmann Stetoskoper","article_modified_time":"2025-09-22T07:33:35+00:00","og_image":[{"width":400,"height":289,"url":"https:\/\/www.stethoscope24.com\/stetoskop\/wp-content\/uploads\/2021\/02\/3M\u2122-Littmann\u00ae-Stethoscope-Spare-Parts-Kit-Model-40013.jpg","type":"image\/jpeg"}],"twitter_card":"summary_large_image","twitter_misc":{"Pris":"179,00&nbsp;&#107;&#114; Eks. MVA","Tilgjengelighet":"P\u00e5 lager"},"schema":{"@context":"https:\/\/schema.org","@graph":[{"@type":["WebPage","ItemPage"],"@id":"https:\/\/www.stethoscope24.com\/stetoskop\/product\/3m-reservedellssett-til-littmann-infant-stetoskop-classic-ii\/","url":"https:\/\/www.stethoscope24.com\/stetoskop\/product\/3m-reservedellssett-til-littmann-infant-stetoskop-classic-ii\/","name":"3M Reservedellssett til Littmann infant stetoskop Classic II -","isPartOf":{"@id":"https:\/\/www.stethoscope24.com\/stetoskop\/#website"},"primaryImageOfPage":{"@id":"https:\/\/www.stethoscope24.com\/stetoskop\/product\/3m-reservedellssett-til-littmann-infant-stetoskop-classic-ii\/#primaryimage"},"image":{"@id":"https:\/\/www.stethoscope24.com\/stetoskop\/product\/3m-reservedellssett-til-littmann-infant-stetoskop-classic-ii\/#primaryimage"},"thumbnailUrl":"https:\/\/i0.wp.com\/www.stethoscope24.com\/stetoskop\/wp-content\/uploads\/2021\/02\/3M%E2%84%A2-Littmann%C2%AE-Stethoscope-Spare-Parts-Kit-Model-40013.jpg?fit=400%2C289&ssl=1","datePublished":"2021-02-23T10:57:51+00:00","dateModified":"2025-09-22T07:33:35+00:00","description":"Littmann Stetoskoper 3M Reservedellssett til Littmann infant stetoskop Classic II","breadcrumb":{"@id":"https:\/\/www.stethoscope24.com\/stetoskop\/product\/3m-reservedellssett-til-littmann-infant-stetoskop-classic-ii\/#breadcrumb"},"inLanguage":"nb-NO","potentialAction":[{"@type":"ReadAction","target":["https:\/\/www.stethoscope24.com\/stetoskop\/product\/3m-reservedellssett-til-littmann-infant-stetoskop-classic-ii\/"]}]},{"@type":"ImageObject","inLanguage":"nb-NO","@id":"https:\/\/www.stethoscope24.com\/stetoskop\/product\/3m-reservedellssett-til-littmann-infant-stetoskop-classic-ii\/#primaryimage","url":"https:\/\/i0.wp.com\/www.stethoscope24.com\/stetoskop\/wp-content\/uploads\/2021\/02\/3M%E2%84%A2-Littmann%C2%AE-Stethoscope-Spare-Parts-Kit-Model-40013.jpg?fit=400%2C289&ssl=1","contentUrl":"https:\/\/i0.wp.com\/www.stethoscope24.com\/stetoskop\/wp-content\/uploads\/2021\/02\/3M%E2%84%A2-Littmann%C2%AE-Stethoscope-Spare-Parts-Kit-Model-40013.jpg?fit=400%2C289&ssl=1","width":400,"height":289,"caption":"3M Reservedellssett til Littmann infant stetoskop Classic II"},{"@type":"BreadcrumbList","@id":"https:\/\/www.stethoscope24.com\/stetoskop\/product\/3m-reservedellssett-til-littmann-infant-stetoskop-classic-ii\/#breadcrumb","itemListElement":[{"@type":"ListItem","position":1,"name":"Home","item":"https:\/\/www.stethoscope24.com\/stetoskop\/"},{"@type":"ListItem","position":2,"name":"Shop","item":"https:\/\/www.stethoscope24.com\/stetoskop\/shop\/"},{"@type":"ListItem","position":3,"name":"3M Reservedellssett til Littmann infant stetoskop Classic II"}]},{"@type":"WebSite","@id":"https:\/\/www.stethoscope24.com\/stetoskop\/#website","url":"https:\/\/www.stethoscope24.com\/stetoskop\/","name":"Littmann Stetoskoper","description":"3M Littmann Stetoskoper","publisher":{"@id":"https:\/\/www.stethoscope24.com\/stetoskop\/#organization"},"potentialAction":[{"@type":"SearchAction","target":{"@type":"EntryPoint","urlTemplate":"https:\/\/www.stethoscope24.com\/stetoskop\/?s={search_term_string}"},"query-input":{"@type":"PropertyValueSpecification","valueRequired":true,"valueName":"search_term_string"}}],"inLanguage":"nb-NO"},{"@type":"Organization","@id":"https:\/\/www.stethoscope24.com\/stetoskop\/#organization","name":"Stethoscope24","url":"https:\/\/www.stethoscope24.com\/stetoskop\/","logo":{"@type":"ImageObject","inLanguage":"nb-NO","@id":"https:\/\/www.stethoscope24.com\/stetoskop\/#\/schema\/logo\/image\/","url":"https:\/\/i1.wp.com\/stethoscope24.com\/stetoskop\/wp-content\/uploads\/2021\/03\/cropped-logostethoscope24.jpg?fit=330%2C72&ssl=1","contentUrl":"https:\/\/i1.wp.com\/stethoscope24.com\/stetoskop\/wp-content\/uploads\/2021\/03\/cropped-logostethoscope24.jpg?fit=330%2C72&ssl=1","width":330,"height":72,"caption":"Stethoscope24"},"image":{"@id":"https:\/\/www.stethoscope24.com\/stetoskop\/#\/schema\/logo\/image\/"}}]},"product_brand":"Littmann","product_price_amount":"179.00","product_price_currency":"NOK","og_availability":"instock","product_availability":"instock","product_retailer_item_id":"40013","product_condition":"new"},"jetpack_sharing_enabled":true,"_links":{"self":[{"href":"https:\/\/www.stethoscope24.com\/stetoskop\/wp-json\/wp\/v2\/product\/23373","targetHints":{"allow":["GET"]}}],"collection":[{"href":"https:\/\/www.stethoscope24.com\/stetoskop\/wp-json\/wp\/v2\/product"}],"about":[{"href":"https:\/\/www.stethoscope24.com\/stetoskop\/wp-json\/wp\/v2\/types\/product"}],"replies":[{"embeddable":true,"href":"https:\/\/www.stethoscope24.com\/stetoskop\/wp-json\/wp\/v2\/comments?post=23373"}],"wp:featuredmedia":[{"embeddable":true,"href":"https:\/\/www.stethoscope24.com\/stetoskop\/wp-json\/wp\/v2\/media\/23374"}],"wp:attachment":[{"href":"https:\/\/www.stethoscope24.com\/stetoskop\/wp-json\/wp\/v2\/media?parent=23373"}],"wp:term":[{"taxonomy":"product_brand","embeddable":true,"href":"https:\/\/www.stethoscope24.com\/stetoskop\/wp-json\/wp\/v2\/product_brand?post=23373"},{"taxonomy":"product_cat","embeddable":true,"href":"https:\/\/www.stethoscope24.com\/stetoskop\/wp-json\/wp\/v2\/product_cat?post=23373"},{"taxonomy":"product_tag","embeddable":true,"href":"https:\/\/www.stethoscope24.com\/stetoskop\/wp-json\/wp\/v2\/product_tag?post=23373"}],"curies":[{"name":"wp","href":"https:\/\/api.w.org\/{rel}","templated":true}]}}