{"id":24107,"date":"2021-03-10T13:51:27","date_gmt":"2021-03-10T13:51:27","guid":{"rendered":"https:\/\/stethoscope24.com\/stetoskop\/?post_type=product&#038;p=24107"},"modified":"2024-07-07T18:26:08","modified_gmt":"2024-07-07T18:26:08","slug":"littmann-stetoskop-lightweight-ii-s-e-svart","status":"publish","type":"product","link":"https:\/\/www.stethoscope24.com\/stetoskop\/product\/littmann-stetoskop-lightweight-ii-s-e-svart\/","title":{"rendered":"Littmann stetoskop Lightweight II S.E. svart"},"content":{"rendered":"<p>Stetoskopet 3M&#x2122; Littmann\u00ae Lightweight II S.E., er spesialutviklet til grunnleggende overv\u00e5kning av blodtrykk og fysiologiske unders\u00f8kelser. Dr\u00e5peformen gj\u00f8r auskultasjon rundt blodtrykksmansjetten enklere, som resulterer i en mer behagelig fysiologisk unders\u00f8kelse.Stetoskopet er uviklet for helsepersonell n\u00e5r de gj\u00f8r blodtrykksm\u00e5linger og utf\u00f8rer fysiologiske unders\u00f8kelser av voksne pasienter.<\/p>\n<p><strong>Spesifikasjoner og fordeler:<\/strong><\/p>\n<ul>\n<li>justerbar membran<\/li>\n<li>tosidig bryststykke<\/li>\n<li>justerbart hodesett<\/li>\n<li>teknologi som veier lite<\/li>\n<li>lydisolerte \u00f8repropper som tilpasses dine \u00f8rer. de har utmerket akustisk forsegling og behagelig passform.<\/li>\n<li>laget uten naturlig gummilateks<\/li>\n<li>2 \u00e5rs garanti<\/li>\n<\/ul>\n<p>Justerbar membranteknologi, oppfunnet av 3M, gir helsepersonell anledning til \u00e5 h\u00f8re lyder i forskjellige frekvensspekter bare ved \u00e5 justere trykket p\u00e5 bryststykket. Hold bryststykket med et lett trykk for \u00e5 h\u00f8re lavfrekvente lyder, trykk litt hardere for \u00e5 h\u00f8re mer h\u00f8yfrekvente lyder. Denne tidsbesparende egenskapen gj\u00f8r at helsepersonellet kan fokusere p\u00e5 pasienten, mens membranen og ringen, som ikke f\u00f8les kald mot huden, er behagelig for pasienten.<\/p>\n<p>Strammingen p\u00e5 hodesettet p\u00e5 stetoskopene 3M&#x2122; Littmann\u00ae Lightweight II S.E., justeres enkelt til forskjellige hodest\u00f8rrelser ved \u00e5 klemme sammen eller trekke fra hverandre \u00f8reb\u00f8ylene.<\/p>\n<p>Myke, lydisolerte \u00f8repropper tilpasses individuelle \u00f8rer og har en utmerket akustisk forsegling og behagelig passform.<\/p>\n<p>Slangene p\u00e5 stetoskopet er en ny generasjon laget uten naturlig gummilateks, en fordel for allergisk helsepersonell og pasientene. Stetoskopene spiller ogs\u00e5 en rolle i beskyttelsen av helse og milj\u00f8, ved fjerning av skadelige ftalate plastmyknere i sammensetningen av materialet i slangen.<\/p>\n<p><strong>Foresl\u00e5tte bruksomr\u00e5der<\/strong><br \/>\nIdeelt tilpasset hjelpepleiere, sykepleiere, ambulansepersonell, hjemmesykepleiere, legeassistenter og sykepleiestudenter. Blodtrykk og fysiologiske unders\u00f8kelser.<\/p>\n<p>Bli kvitt st\u00f8yen og fokuser p\u00e5 det som virkelig er viktig ved bruk av stetoskopet 3M&#x2122; Littmann\u00ae Lightweight II S.E.<\/p>\n","protected":false},"excerpt":{"rendered":"<ul>\n<li>P\u00e5litelig og klar akustisk respons kombinert med lav vekt gj\u00f8r dette til et ideelt instrument for f.eks. nyutdannede helsearbeidere<\/li>\n<li>Tosidig bryststykke gir allsidighet med justerbar membran og \u00e5pen klokke<\/li>\n<li>Dr\u00e5peformet bryststykke gir enklere plassering under blodtrykksmansjetter og rundt bandasjer<\/li>\n<li>Justerbar membran. Du kan h\u00f8re lyder med h\u00f8y eller lav frekvens bare ved \u00e5 justere trykket p\u00e5 bryststykket<\/li>\n<li>Isolert kant, varmering, og membran s\u00f8rger for optimal pasientkomfort<\/li>\n<li>Myke lydisolerende \u00f8repropper utgj\u00f8r gir en utmerket akustisk forsegling og passform<\/li>\n<li>2 \u00e5rs begrenset garanti<\/li>\n<\/ul>\n","protected":false},"featured_media":24110,"comment_status":"open","ping_status":"closed","template":"","meta":[],"product_brand":[],"product_cat":[219],"product_tag":[338,346],"class_list":{"0":"post-24107","1":"product","2":"type-product","3":"status-publish","4":"has-post-thumbnail","6":"product_cat-littmann-stetoskop-lightweight-ii-s-e","7":"product_tag-stetoskop-littmann-lightweight","8":"product_tag-svart","9":"pa_farge-svart","10":"pa_farge-pa-stammen-vanlig","11":"pa_finish-bryststykke-vanlig","12":"pa_merke-brand-littmann","13":"pa_ytelse-357","15":"first","16":"outofstock","17":"taxable","18":"shipping-taxable","19":"purchasable","20":"product-type-simple"},"yoast_head":"<!-- This site is optimized with the Yoast SEO plugin v27.4 - https:\/\/yoast.com\/product\/yoast-seo-wordpress\/ -->\n<title>Littmann stetoskop Lightweight II S.E. svart - Littmann Stetoskoper<\/title>\n<meta name=\"description\" content=\"Littmann Stetoskoper Littmann stetoskop Lightweight II S.E. svart\" \/>\n<meta name=\"robots\" content=\"index, follow, max-snippet:-1, max-image-preview:large, max-video-preview:-1\" \/>\n<link rel=\"canonical\" href=\"https:\/\/www.stethoscope24.com\/stetoskop\/product\/littmann-stetoskop-lightweight-ii-s-e-svart\/\" \/>\n<meta property=\"og:locale\" content=\"nb_NO\" \/>\n<meta property=\"og:type\" content=\"article\" \/>\n<meta property=\"og:title\" content=\"Littmann stetoskop Lightweight II S.E. svart - Littmann Stetoskoper\" \/>\n<meta property=\"og:description\" content=\"Littmann Stetoskoper Littmann stetoskop Lightweight II S.E. svart\" \/>\n<meta property=\"og:url\" content=\"https:\/\/www.stethoscope24.com\/stetoskop\/product\/littmann-stetoskop-lightweight-ii-s-e-svart\/\" \/>\n<meta property=\"og:site_name\" content=\"Littmann Stetoskoper\" \/>\n<meta property=\"article:modified_time\" content=\"2024-07-07T18:26:08+00:00\" \/>\n<meta property=\"og:image\" content=\"https:\/\/www.stethoscope24.com\/stetoskop\/wp-content\/uploads\/2021\/03\/2450_1.jpg\" \/>\n\t<meta property=\"og:image:width\" content=\"777\" \/>\n\t<meta property=\"og:image:height\" content=\"1546\" \/>\n\t<meta property=\"og:image:type\" content=\"image\/jpeg\" \/>\n<meta name=\"twitter:card\" content=\"summary_large_image\" \/>\n<meta name=\"twitter:label1\" content=\"Pris\" \/>\n\t<meta name=\"twitter:data1\" content=\"699,00&nbsp;&#107;&#114; Eks. MVA\" \/>\n\t<meta name=\"twitter:label2\" content=\"Tilgjengelighet\" \/>\n\t<meta name=\"twitter:data2\" content=\"Tomt p\u00e5 lager\" \/>\n<script type=\"application\/ld+json\" class=\"yoast-schema-graph\">{\"@context\":\"https:\\\/\\\/schema.org\",\"@graph\":[{\"@type\":[\"WebPage\",\"MedicalWebPage\"],\"@id\":\"https:\\\/\\\/www.stethoscope24.com\\\/stetoskop\\\/product\\\/littmann-stetoskop-lightweight-ii-s-e-svart\\\/\",\"url\":\"https:\\\/\\\/www.stethoscope24.com\\\/stetoskop\\\/product\\\/littmann-stetoskop-lightweight-ii-s-e-svart\\\/\",\"name\":\"Littmann stetoskop Lightweight II S.E. svart - Littmann Stetoskoper\",\"isPartOf\":{\"@id\":\"https:\\\/\\\/www.stethoscope24.com\\\/stetoskop\\\/#website\"},\"primaryImageOfPage\":{\"@id\":\"https:\\\/\\\/www.stethoscope24.com\\\/stetoskop\\\/product\\\/littmann-stetoskop-lightweight-ii-s-e-svart\\\/#primaryimage\"},\"image\":{\"@id\":\"https:\\\/\\\/www.stethoscope24.com\\\/stetoskop\\\/product\\\/littmann-stetoskop-lightweight-ii-s-e-svart\\\/#primaryimage\"},\"thumbnailUrl\":\"https:\\\/\\\/i0.wp.com\\\/www.stethoscope24.com\\\/stetoskop\\\/wp-content\\\/uploads\\\/2021\\\/03\\\/2450_1.jpg?fit=777%2C1546&ssl=1\",\"datePublished\":\"2021-03-10T13:51:27+00:00\",\"dateModified\":\"2024-07-07T18:26:08+00:00\",\"description\":\"Littmann Stetoskoper Littmann stetoskop Lightweight II S.E. svart\",\"breadcrumb\":{\"@id\":\"https:\\\/\\\/www.stethoscope24.com\\\/stetoskop\\\/product\\\/littmann-stetoskop-lightweight-ii-s-e-svart\\\/#breadcrumb\"},\"inLanguage\":\"nb-NO\",\"potentialAction\":[{\"@type\":\"ReadAction\",\"target\":[\"https:\\\/\\\/www.stethoscope24.com\\\/stetoskop\\\/product\\\/littmann-stetoskop-lightweight-ii-s-e-svart\\\/\"]}]},{\"@type\":\"ImageObject\",\"inLanguage\":\"nb-NO\",\"@id\":\"https:\\\/\\\/www.stethoscope24.com\\\/stetoskop\\\/product\\\/littmann-stetoskop-lightweight-ii-s-e-svart\\\/#primaryimage\",\"url\":\"https:\\\/\\\/i0.wp.com\\\/www.stethoscope24.com\\\/stetoskop\\\/wp-content\\\/uploads\\\/2021\\\/03\\\/2450_1.jpg?fit=777%2C1546&ssl=1\",\"contentUrl\":\"https:\\\/\\\/i0.wp.com\\\/www.stethoscope24.com\\\/stetoskop\\\/wp-content\\\/uploads\\\/2021\\\/03\\\/2450_1.jpg?fit=777%2C1546&ssl=1\",\"width\":777,\"height\":1546,\"caption\":\"Stethoscope Littmann Lightweight Black\"},{\"@type\":\"BreadcrumbList\",\"@id\":\"https:\\\/\\\/www.stethoscope24.com\\\/stetoskop\\\/product\\\/littmann-stetoskop-lightweight-ii-s-e-svart\\\/#breadcrumb\",\"itemListElement\":[{\"@type\":\"ListItem\",\"position\":1,\"name\":\"Home\",\"item\":\"https:\\\/\\\/www.stethoscope24.com\\\/stetoskop\\\/\"},{\"@type\":\"ListItem\",\"position\":2,\"name\":\"Shop\",\"item\":\"https:\\\/\\\/www.stethoscope24.com\\\/stetoskop\\\/shop\\\/\"},{\"@type\":\"ListItem\",\"position\":3,\"name\":\"Littmann stetoskop Lightweight II S.E. svart\"}]},{\"@type\":\"WebSite\",\"@id\":\"https:\\\/\\\/www.stethoscope24.com\\\/stetoskop\\\/#website\",\"url\":\"https:\\\/\\\/www.stethoscope24.com\\\/stetoskop\\\/\",\"name\":\"Littmann Stetoskoper\",\"description\":\"3M Littmann Stetoskoper\",\"publisher\":{\"@id\":\"https:\\\/\\\/www.stethoscope24.com\\\/stetoskop\\\/#organization\"},\"potentialAction\":[{\"@type\":\"SearchAction\",\"target\":{\"@type\":\"EntryPoint\",\"urlTemplate\":\"https:\\\/\\\/www.stethoscope24.com\\\/stetoskop\\\/?s={search_term_string}\"},\"query-input\":{\"@type\":\"PropertyValueSpecification\",\"valueRequired\":true,\"valueName\":\"search_term_string\"}}],\"inLanguage\":\"nb-NO\"},{\"@type\":\"Organization\",\"@id\":\"https:\\\/\\\/www.stethoscope24.com\\\/stetoskop\\\/#organization\",\"name\":\"Stethoscope24\",\"url\":\"https:\\\/\\\/www.stethoscope24.com\\\/stetoskop\\\/\",\"logo\":{\"@type\":\"ImageObject\",\"inLanguage\":\"nb-NO\",\"@id\":\"https:\\\/\\\/www.stethoscope24.com\\\/stetoskop\\\/#\\\/schema\\\/logo\\\/image\\\/\",\"url\":\"https:\\\/\\\/i1.wp.com\\\/stethoscope24.com\\\/stetoskop\\\/wp-content\\\/uploads\\\/2021\\\/03\\\/cropped-logostethoscope24.jpg?fit=330%2C72&ssl=1\",\"contentUrl\":\"https:\\\/\\\/i1.wp.com\\\/stethoscope24.com\\\/stetoskop\\\/wp-content\\\/uploads\\\/2021\\\/03\\\/cropped-logostethoscope24.jpg?fit=330%2C72&ssl=1\",\"width\":330,\"height\":72,\"caption\":\"Stethoscope24\"},\"image\":{\"@id\":\"https:\\\/\\\/www.stethoscope24.com\\\/stetoskop\\\/#\\\/schema\\\/logo\\\/image\\\/\"}}]}<\/script>\n<meta property=\"product:brand\" content=\"Littmann\" \/>\n<meta property=\"product:price:amount\" content=\"699.00\" \/>\n<meta property=\"product:price:currency\" content=\"NOK\" \/>\n<meta property=\"og:availability\" content=\"out of stock\" \/>\n<meta property=\"product:availability\" content=\"out of stock\" \/>\n<meta property=\"product:retailer_item_id\" content=\"2450\" \/>\n<meta property=\"product:condition\" content=\"new\" \/>\n<!-- \/ Yoast SEO plugin. -->","yoast_head_json":{"title":"Littmann stetoskop Lightweight II S.E. svart - Littmann Stetoskoper","description":"Littmann Stetoskoper Littmann stetoskop Lightweight II S.E. svart","robots":{"index":"index","follow":"follow","max-snippet":"max-snippet:-1","max-image-preview":"max-image-preview:large","max-video-preview":"max-video-preview:-1"},"canonical":"https:\/\/www.stethoscope24.com\/stetoskop\/product\/littmann-stetoskop-lightweight-ii-s-e-svart\/","og_locale":"nb_NO","og_type":"article","og_title":"Littmann stetoskop Lightweight II S.E. svart - Littmann Stetoskoper","og_description":"Littmann Stetoskoper Littmann stetoskop Lightweight II S.E. svart","og_url":"https:\/\/www.stethoscope24.com\/stetoskop\/product\/littmann-stetoskop-lightweight-ii-s-e-svart\/","og_site_name":"Littmann Stetoskoper","article_modified_time":"2024-07-07T18:26:08+00:00","og_image":[{"width":777,"height":1546,"url":"https:\/\/www.stethoscope24.com\/stetoskop\/wp-content\/uploads\/2021\/03\/2450_1.jpg","type":"image\/jpeg"}],"twitter_card":"summary_large_image","twitter_misc":{"Pris":"699,00&nbsp;&#107;&#114; Eks. MVA","Tilgjengelighet":"Tomt p\u00e5 lager"},"schema":{"@context":"https:\/\/schema.org","@graph":[{"@type":["WebPage","MedicalWebPage"],"@id":"https:\/\/www.stethoscope24.com\/stetoskop\/product\/littmann-stetoskop-lightweight-ii-s-e-svart\/","url":"https:\/\/www.stethoscope24.com\/stetoskop\/product\/littmann-stetoskop-lightweight-ii-s-e-svart\/","name":"Littmann stetoskop Lightweight II S.E. svart - Littmann Stetoskoper","isPartOf":{"@id":"https:\/\/www.stethoscope24.com\/stetoskop\/#website"},"primaryImageOfPage":{"@id":"https:\/\/www.stethoscope24.com\/stetoskop\/product\/littmann-stetoskop-lightweight-ii-s-e-svart\/#primaryimage"},"image":{"@id":"https:\/\/www.stethoscope24.com\/stetoskop\/product\/littmann-stetoskop-lightweight-ii-s-e-svart\/#primaryimage"},"thumbnailUrl":"https:\/\/i0.wp.com\/www.stethoscope24.com\/stetoskop\/wp-content\/uploads\/2021\/03\/2450_1.jpg?fit=777%2C1546&ssl=1","datePublished":"2021-03-10T13:51:27+00:00","dateModified":"2024-07-07T18:26:08+00:00","description":"Littmann Stetoskoper Littmann stetoskop Lightweight II S.E. svart","breadcrumb":{"@id":"https:\/\/www.stethoscope24.com\/stetoskop\/product\/littmann-stetoskop-lightweight-ii-s-e-svart\/#breadcrumb"},"inLanguage":"nb-NO","potentialAction":[{"@type":"ReadAction","target":["https:\/\/www.stethoscope24.com\/stetoskop\/product\/littmann-stetoskop-lightweight-ii-s-e-svart\/"]}]},{"@type":"ImageObject","inLanguage":"nb-NO","@id":"https:\/\/www.stethoscope24.com\/stetoskop\/product\/littmann-stetoskop-lightweight-ii-s-e-svart\/#primaryimage","url":"https:\/\/i0.wp.com\/www.stethoscope24.com\/stetoskop\/wp-content\/uploads\/2021\/03\/2450_1.jpg?fit=777%2C1546&ssl=1","contentUrl":"https:\/\/i0.wp.com\/www.stethoscope24.com\/stetoskop\/wp-content\/uploads\/2021\/03\/2450_1.jpg?fit=777%2C1546&ssl=1","width":777,"height":1546,"caption":"Stethoscope Littmann Lightweight Black"},{"@type":"BreadcrumbList","@id":"https:\/\/www.stethoscope24.com\/stetoskop\/product\/littmann-stetoskop-lightweight-ii-s-e-svart\/#breadcrumb","itemListElement":[{"@type":"ListItem","position":1,"name":"Home","item":"https:\/\/www.stethoscope24.com\/stetoskop\/"},{"@type":"ListItem","position":2,"name":"Shop","item":"https:\/\/www.stethoscope24.com\/stetoskop\/shop\/"},{"@type":"ListItem","position":3,"name":"Littmann stetoskop Lightweight II S.E. svart"}]},{"@type":"WebSite","@id":"https:\/\/www.stethoscope24.com\/stetoskop\/#website","url":"https:\/\/www.stethoscope24.com\/stetoskop\/","name":"Littmann Stetoskoper","description":"3M Littmann Stetoskoper","publisher":{"@id":"https:\/\/www.stethoscope24.com\/stetoskop\/#organization"},"potentialAction":[{"@type":"SearchAction","target":{"@type":"EntryPoint","urlTemplate":"https:\/\/www.stethoscope24.com\/stetoskop\/?s={search_term_string}"},"query-input":{"@type":"PropertyValueSpecification","valueRequired":true,"valueName":"search_term_string"}}],"inLanguage":"nb-NO"},{"@type":"Organization","@id":"https:\/\/www.stethoscope24.com\/stetoskop\/#organization","name":"Stethoscope24","url":"https:\/\/www.stethoscope24.com\/stetoskop\/","logo":{"@type":"ImageObject","inLanguage":"nb-NO","@id":"https:\/\/www.stethoscope24.com\/stetoskop\/#\/schema\/logo\/image\/","url":"https:\/\/i1.wp.com\/stethoscope24.com\/stetoskop\/wp-content\/uploads\/2021\/03\/cropped-logostethoscope24.jpg?fit=330%2C72&ssl=1","contentUrl":"https:\/\/i1.wp.com\/stethoscope24.com\/stetoskop\/wp-content\/uploads\/2021\/03\/cropped-logostethoscope24.jpg?fit=330%2C72&ssl=1","width":330,"height":72,"caption":"Stethoscope24"},"image":{"@id":"https:\/\/www.stethoscope24.com\/stetoskop\/#\/schema\/logo\/image\/"}}]},"product_brand":"Littmann","product_price_amount":"699.00","product_price_currency":"NOK","og_availability":"out of stock","product_availability":"out of stock","product_retailer_item_id":"2450","product_condition":"new"},"jetpack_sharing_enabled":true,"_links":{"self":[{"href":"https:\/\/www.stethoscope24.com\/stetoskop\/wp-json\/wp\/v2\/product\/24107","targetHints":{"allow":["GET"]}}],"collection":[{"href":"https:\/\/www.stethoscope24.com\/stetoskop\/wp-json\/wp\/v2\/product"}],"about":[{"href":"https:\/\/www.stethoscope24.com\/stetoskop\/wp-json\/wp\/v2\/types\/product"}],"replies":[{"embeddable":true,"href":"https:\/\/www.stethoscope24.com\/stetoskop\/wp-json\/wp\/v2\/comments?post=24107"}],"wp:featuredmedia":[{"embeddable":true,"href":"https:\/\/www.stethoscope24.com\/stetoskop\/wp-json\/wp\/v2\/media\/24110"}],"wp:attachment":[{"href":"https:\/\/www.stethoscope24.com\/stetoskop\/wp-json\/wp\/v2\/media?parent=24107"}],"wp:term":[{"taxonomy":"product_brand","embeddable":true,"href":"https:\/\/www.stethoscope24.com\/stetoskop\/wp-json\/wp\/v2\/product_brand?post=24107"},{"taxonomy":"product_cat","embeddable":true,"href":"https:\/\/www.stethoscope24.com\/stetoskop\/wp-json\/wp\/v2\/product_cat?post=24107"},{"taxonomy":"product_tag","embeddable":true,"href":"https:\/\/www.stethoscope24.com\/stetoskop\/wp-json\/wp\/v2\/product_tag?post=24107"}],"curies":[{"name":"wp","href":"https:\/\/api.w.org\/{rel}","templated":true}]}}