{"id":24600,"date":"2022-05-25T10:58:00","date_gmt":"2022-05-25T10:58:00","guid":{"rendered":"https:\/\/www.stethoscope24.com\/stetoskop\/?post_type=product&#038;p=24600"},"modified":"2024-05-01T08:26:05","modified_gmt":"2024-05-01T08:26:05","slug":"3m-littmann-core-digital-stetoskop-svart-regnbuefarget","status":"publish","type":"product","link":"https:\/\/www.stethoscope24.com\/stetoskop\/product\/3m-littmann-core-digital-stetoskop-svart-regnbuefarget\/","title":{"rendered":"3M Littmann CORE Digital stetoskop, svart \/ regnbuefarget \/ r\u00f8ykfarget stamme"},"content":{"rendered":"<h1>Littmann CORE Digital stetoskop svart \/ regnbuefarget \/ r\u00f8ykfarget stamme<\/h1>\n<h2><\/h2>\n<h2>Et nytt niv\u00e5 av klar og tydelig lyd<\/h2>\n<p>Stetoskopet 3M\u2122 Littmann\u00ae CORE Digital har enest\u00e5ende akustikk. Komforten og kvaliteten til Littmann-stetoskop i kardiologiklassen er forbedret med en kraftig, digital teknologi. Egenskaper som opptil 40 ganger volumforsterkning og aktiv st\u00f8ydemping kan bidra til \u00e5 auskultere med st\u00f8rre selvsikkerhet. Stetoskopet 3M Littmann COREkan\u00a0 kobles med Eko-programvare p\u00e5 en smartenhet for \u00e5 visualisere, ta opptak og dele data.<\/p>\n<h2>Lytt som du aldri har gjort f\u00f8r<\/h2>\n<p>Det FDA-godkjente stetoskopet 3M Littmann CORE veksler mellom analoge og forsterkede lyttemoduser, slik at du kan veksle mellom hvordan du \u00f8nsker \u00e5 lytte under unders\u00f8kelser.<\/p>\n<p>Det har justerbar membranteknologi, som er en oppfinnelse fra 3M.<\/p>\n<p>Ved \u00e5 endre trykket p\u00e5 bryststykket, kan du h\u00f8re lyder med forskjellige frekvenser.<\/p>\n<p>Hold bryststykket med et lett trykk p\u00e5 pasienten for \u00e5 h\u00f8re lyder med lav frekvens, trykk litt hardere for \u00e5 h\u00f8re lyder med h\u00f8yere frekvens.<\/p>\n<p>Myke, isolerende \u00f8repropper former seg etter \u00f8ret og gir fremragende akustisk forsegling og komfortabel passform.<\/p>\n<h2>Koble Littmann Core til iOS og Android<\/h2>\n<p>Stetoskopene fungerer sammen med Eko-programvare til iOS- og Android-telefoner. Slik kan du visualisere, ta opp og lagre lyder med et tastetrykk.<\/p>\n<p>Du kan lage et bibliotek med hjertelyder for \u00e5 overv\u00e5ke hvordan en sykdom utvikler seg, eller bruke det til oppl\u00e6ringsform\u00e5l.<\/p>\n<p>Du kan p\u00e5 sikkert vis ogs\u00e5 lagre og dele med kolleger. Steoskopet 3M Littmann CORE kan brukes med Eko kunstig intelligens for \u00e5 avdekke hjertefeil (AI m\u00e5 kj\u00f8pes separat).<\/p>\n<p>Stetoskopet 3M Littmann CORE Digital er forh\u00e5ndsmontert, og best\u00e5r av et digitalt CORE-element og et stetoskop av typen 3M Littman kardiologi IV.<\/p>\n<h2>Detaljer<\/h2>\n<ul>\n<li>40 ganger volumforsterkning basert p\u00e5 sammenligning av analog, versus elektronisk assistert forsterket lytting, med maksimalt volum p\u00e5 h\u00f8yeste frekvens (125 Hz)<\/li>\n<li>mulighet til \u00e5 lagre og kommenterere 15, 30, 60 eller 120 sekunders avlesning p\u00e5 et sikkert kontrollpanel (HIPAA-godkjent)<\/li>\n<li>smartenhet er ikke inkludert<\/li>\n<li>2 \u00e5rs garanti\n<ul>\n<li>garantiperioden p\u00e5 Core Digital er to \u00e5r, og ikke den garantiperioden nevnt i bruksanvisningen til stetoskopet Littmann kardiologi IV, som kun gjelder ved kj\u00f8p av stetoskopet Littmann kardilogi IV n\u00e5r det kj\u00f8pes separat.<\/li>\n<\/ul>\n<\/li>\n<\/ul>\n<p><a href=\"https:\/\/www.3mnorge.no\/3M\/no_NO\/Littmann-NDC\/products\/~\/3M-Littmann-CORE-Digital-stetoskop\/?N=5142935+8707795+8707798+8711017+8711096+8711724+8772623+8773067+3288921461&preselect=3293786499&rt=rud\" target=\"_blank\" rel=\"noopener\">l\u00e6re mer<\/a> om stetoskop Littmann CORE Digital.<\/p>\n","protected":false},"excerpt":{"rendered":"<p><iframe src=\"https:\/\/www.youtube.com\/embed\/N8CozYI5ZCg\" width=\"560\" height=\"315\" frameborder=\"0\" allowfullscreen=\"allowfullscreen\"><\/iframe><\/p>\n<ul style=\"list-style-type: disc; list-style-position: outside;\">\n<li>Kobles til Eko-programvare for \u00e5 visualisere og dele hjertelydkurver<\/li>\n<li>Opptil 40\u00a0 ganger volumforsterkning (ved h\u00f8yeste frekvens, sammenlignet med analog modus)<\/li>\n<li>Aktiv st\u00f8ydemping reduserer u\u00f8nskede bakgrunnslyder<\/li>\n<li>Mulig \u00e5 bytte mellom analog og volumforsterket lytting<\/li>\n<li>De myke \u00f8reproppene former seg etter \u00f8ret og gir utmerket akustisk isolasjon og komfortabel passform<\/li>\n<li>Justerbart, tosidig bryststykke i rustfritt st\u00e5l med \u00e5pen eller lukket klokke<\/li>\n<li>Laget for bruk p\u00e5 voksne og pediatriske pasienter<\/li>\n<li>FDA-godkjent og HIPAA-samsvarende<\/li>\n<\/ul>\n","protected":false},"featured_media":24612,"comment_status":"open","ping_status":"closed","template":"","meta":[],"product_brand":[],"product_cat":[50],"product_tag":[345],"class_list":{"0":"post-24600","1":"product","2":"type-product","3":"status-publish","4":"has-post-thumbnail","6":"product_cat-littmann-stetoskop-digital-core","7":"product_tag-stetoskop-littmann-digital-core","8":"pa_farge-svart","9":"pa_farge-pa-stammen-roykfarget","10":"pa_finish-bryststykke-regnbue-finish","11":"pa_merke-brand-littmann","12":"pa_ytelse-10-3","14":"first","15":"outofstock","16":"taxable","17":"shipping-taxable","18":"purchasable","19":"product-type-simple"},"yoast_head":"<!-- This site is optimized with the Yoast SEO plugin v27.5 - https:\/\/yoast.com\/product\/yoast-seo-wordpress\/ -->\n<title>3M Littmann CORE Digital stetoskop, svart \/ regnbuefarget \/ r\u00f8ykfarget stamme<\/title>\n<meta name=\"description\" content=\"Stetoskopet 3M Littmann CORE Digital er forh\u00e5ndsmontert Littmann CORE Digital stetoskop Littmann CORE Digital stetoskop regnbuefarget\" \/>\n<meta name=\"robots\" content=\"index, follow, max-snippet:-1, max-image-preview:large, max-video-preview:-1\" \/>\n<link rel=\"canonical\" href=\"https:\/\/www.stethoscope24.com\/stetoskop\/product\/3m-littmann-core-digital-stetoskop-svart-regnbuefarget\/\" \/>\n<meta property=\"og:locale\" content=\"nb_NO\" \/>\n<meta property=\"og:type\" content=\"article\" \/>\n<meta property=\"og:title\" content=\"3M Littmann CORE Digital stetoskop, svart \/ regnbuefarget \/ r\u00f8ykfarget stamme\" \/>\n<meta property=\"og:description\" content=\"Stetoskopet 3M Littmann CORE Digital er forh\u00e5ndsmontert Littmann CORE Digital stetoskop Littmann CORE Digital stetoskop regnbuefarget\" \/>\n<meta property=\"og:url\" content=\"https:\/\/www.stethoscope24.com\/stetoskop\/product\/3m-littmann-core-digital-stetoskop-svart-regnbuefarget\/\" \/>\n<meta property=\"og:site_name\" content=\"Littmann Stetoskoper\" \/>\n<meta property=\"article:modified_time\" content=\"2024-05-01T08:26:05+00:00\" \/>\n<meta property=\"og:image\" content=\"https:\/\/www.stethoscope24.com\/stetoskop\/wp-content\/uploads\/2022\/05\/3511_0.png\" \/>\n\t<meta property=\"og:image:width\" content=\"800\" \/>\n\t<meta property=\"og:image:height\" content=\"800\" \/>\n\t<meta property=\"og:image:type\" content=\"image\/png\" \/>\n<meta name=\"twitter:card\" content=\"summary_large_image\" \/>\n<meta name=\"twitter:label1\" content=\"Pris\" \/>\n\t<meta name=\"twitter:data1\" content=\"5 225,00&nbsp;&#107;&#114; Eks. MVA\" \/>\n\t<meta name=\"twitter:label2\" content=\"Tilgjengelighet\" \/>\n\t<meta name=\"twitter:data2\" content=\"Tomt p\u00e5 lager\" \/>\n<script type=\"application\/ld+json\" class=\"yoast-schema-graph\">{\"@context\":\"https:\\\/\\\/schema.org\",\"@graph\":[{\"@type\":[\"WebPage\",\"ItemPage\"],\"@id\":\"https:\\\/\\\/www.stethoscope24.com\\\/stetoskop\\\/product\\\/3m-littmann-core-digital-stetoskop-svart-regnbuefarget\\\/\",\"url\":\"https:\\\/\\\/www.stethoscope24.com\\\/stetoskop\\\/product\\\/3m-littmann-core-digital-stetoskop-svart-regnbuefarget\\\/\",\"name\":\"3M Littmann CORE Digital stetoskop, svart \\\/ regnbuefarget \\\/ r\u00f8ykfarget stamme\",\"isPartOf\":{\"@id\":\"https:\\\/\\\/www.stethoscope24.com\\\/stetoskop\\\/#website\"},\"primaryImageOfPage\":{\"@id\":\"https:\\\/\\\/www.stethoscope24.com\\\/stetoskop\\\/product\\\/3m-littmann-core-digital-stetoskop-svart-regnbuefarget\\\/#primaryimage\"},\"image\":{\"@id\":\"https:\\\/\\\/www.stethoscope24.com\\\/stetoskop\\\/product\\\/3m-littmann-core-digital-stetoskop-svart-regnbuefarget\\\/#primaryimage\"},\"thumbnailUrl\":\"https:\\\/\\\/i0.wp.com\\\/www.stethoscope24.com\\\/stetoskop\\\/wp-content\\\/uploads\\\/2022\\\/05\\\/3511_0.png?fit=800%2C800&ssl=1\",\"datePublished\":\"2022-05-25T10:58:00+00:00\",\"dateModified\":\"2024-05-01T08:26:05+00:00\",\"description\":\"Stetoskopet 3M Littmann CORE Digital er forh\u00e5ndsmontert Littmann CORE Digital stetoskop Littmann CORE Digital stetoskop regnbuefarget\",\"breadcrumb\":{\"@id\":\"https:\\\/\\\/www.stethoscope24.com\\\/stetoskop\\\/product\\\/3m-littmann-core-digital-stetoskop-svart-regnbuefarget\\\/#breadcrumb\"},\"inLanguage\":\"nb-NO\",\"potentialAction\":[{\"@type\":\"ReadAction\",\"target\":[\"https:\\\/\\\/www.stethoscope24.com\\\/stetoskop\\\/product\\\/3m-littmann-core-digital-stetoskop-svart-regnbuefarget\\\/\"]}]},{\"@type\":\"ImageObject\",\"inLanguage\":\"nb-NO\",\"@id\":\"https:\\\/\\\/www.stethoscope24.com\\\/stetoskop\\\/product\\\/3m-littmann-core-digital-stetoskop-svart-regnbuefarget\\\/#primaryimage\",\"url\":\"https:\\\/\\\/i0.wp.com\\\/www.stethoscope24.com\\\/stetoskop\\\/wp-content\\\/uploads\\\/2022\\\/05\\\/3511_0.png?fit=800%2C800&ssl=1\",\"contentUrl\":\"https:\\\/\\\/i0.wp.com\\\/www.stethoscope24.com\\\/stetoskop\\\/wp-content\\\/uploads\\\/2022\\\/05\\\/3511_0.png?fit=800%2C800&ssl=1\",\"width\":800,\"height\":800,\"caption\":\"3M Littmann CORE Digital stetoskop, svart regnbuefarget \\\/ r\u00f8ykfarget stamme 8572\"},{\"@type\":\"BreadcrumbList\",\"@id\":\"https:\\\/\\\/www.stethoscope24.com\\\/stetoskop\\\/product\\\/3m-littmann-core-digital-stetoskop-svart-regnbuefarget\\\/#breadcrumb\",\"itemListElement\":[{\"@type\":\"ListItem\",\"position\":1,\"name\":\"Home\",\"item\":\"https:\\\/\\\/www.stethoscope24.com\\\/stetoskop\\\/\"},{\"@type\":\"ListItem\",\"position\":2,\"name\":\"Shop\",\"item\":\"https:\\\/\\\/www.stethoscope24.com\\\/stetoskop\\\/shop\\\/\"},{\"@type\":\"ListItem\",\"position\":3,\"name\":\"3M Littmann CORE Digital stetoskop, svart \\\/ regnbuefarget \\\/ r\u00f8ykfarget stamme\"}]},{\"@type\":\"WebSite\",\"@id\":\"https:\\\/\\\/www.stethoscope24.com\\\/stetoskop\\\/#website\",\"url\":\"https:\\\/\\\/www.stethoscope24.com\\\/stetoskop\\\/\",\"name\":\"Littmann Stetoskoper\",\"description\":\"3M Littmann Stetoskoper\",\"publisher\":{\"@id\":\"https:\\\/\\\/www.stethoscope24.com\\\/stetoskop\\\/#organization\"},\"potentialAction\":[{\"@type\":\"SearchAction\",\"target\":{\"@type\":\"EntryPoint\",\"urlTemplate\":\"https:\\\/\\\/www.stethoscope24.com\\\/stetoskop\\\/?s={search_term_string}\"},\"query-input\":{\"@type\":\"PropertyValueSpecification\",\"valueRequired\":true,\"valueName\":\"search_term_string\"}}],\"inLanguage\":\"nb-NO\"},{\"@type\":\"Organization\",\"@id\":\"https:\\\/\\\/www.stethoscope24.com\\\/stetoskop\\\/#organization\",\"name\":\"Stethoscope24\",\"url\":\"https:\\\/\\\/www.stethoscope24.com\\\/stetoskop\\\/\",\"logo\":{\"@type\":\"ImageObject\",\"inLanguage\":\"nb-NO\",\"@id\":\"https:\\\/\\\/www.stethoscope24.com\\\/stetoskop\\\/#\\\/schema\\\/logo\\\/image\\\/\",\"url\":\"https:\\\/\\\/i1.wp.com\\\/stethoscope24.com\\\/stetoskop\\\/wp-content\\\/uploads\\\/2021\\\/03\\\/cropped-logostethoscope24.jpg?fit=330%2C72&ssl=1\",\"contentUrl\":\"https:\\\/\\\/i1.wp.com\\\/stethoscope24.com\\\/stetoskop\\\/wp-content\\\/uploads\\\/2021\\\/03\\\/cropped-logostethoscope24.jpg?fit=330%2C72&ssl=1\",\"width\":330,\"height\":72,\"caption\":\"Stethoscope24\"},\"image\":{\"@id\":\"https:\\\/\\\/www.stethoscope24.com\\\/stetoskop\\\/#\\\/schema\\\/logo\\\/image\\\/\"}}]}<\/script>\n<meta property=\"product:brand\" content=\"Littmann\" \/>\n<meta property=\"product:price:amount\" content=\"5225.00\" \/>\n<meta property=\"product:price:currency\" content=\"NOK\" \/>\n<meta property=\"og:availability\" content=\"out of stock\" \/>\n<meta property=\"product:availability\" content=\"out of stock\" \/>\n<meta property=\"product:retailer_item_id\" content=\"8572\" \/>\n<meta property=\"product:condition\" content=\"new\" \/>\n<!-- \/ Yoast SEO plugin. -->","yoast_head_json":{"title":"3M Littmann CORE Digital stetoskop, svart \/ regnbuefarget \/ r\u00f8ykfarget stamme","description":"Stetoskopet 3M Littmann CORE Digital er forh\u00e5ndsmontert Littmann CORE Digital stetoskop Littmann CORE Digital stetoskop regnbuefarget","robots":{"index":"index","follow":"follow","max-snippet":"max-snippet:-1","max-image-preview":"max-image-preview:large","max-video-preview":"max-video-preview:-1"},"canonical":"https:\/\/www.stethoscope24.com\/stetoskop\/product\/3m-littmann-core-digital-stetoskop-svart-regnbuefarget\/","og_locale":"nb_NO","og_type":"article","og_title":"3M Littmann CORE Digital stetoskop, svart \/ regnbuefarget \/ r\u00f8ykfarget stamme","og_description":"Stetoskopet 3M Littmann CORE Digital er forh\u00e5ndsmontert Littmann CORE Digital stetoskop Littmann CORE Digital stetoskop regnbuefarget","og_url":"https:\/\/www.stethoscope24.com\/stetoskop\/product\/3m-littmann-core-digital-stetoskop-svart-regnbuefarget\/","og_site_name":"Littmann Stetoskoper","article_modified_time":"2024-05-01T08:26:05+00:00","og_image":[{"width":800,"height":800,"url":"https:\/\/www.stethoscope24.com\/stetoskop\/wp-content\/uploads\/2022\/05\/3511_0.png","type":"image\/png"}],"twitter_card":"summary_large_image","twitter_misc":{"Pris":"5 225,00&nbsp;&#107;&#114; Eks. MVA","Tilgjengelighet":"Tomt p\u00e5 lager"},"schema":{"@context":"https:\/\/schema.org","@graph":[{"@type":["WebPage","ItemPage"],"@id":"https:\/\/www.stethoscope24.com\/stetoskop\/product\/3m-littmann-core-digital-stetoskop-svart-regnbuefarget\/","url":"https:\/\/www.stethoscope24.com\/stetoskop\/product\/3m-littmann-core-digital-stetoskop-svart-regnbuefarget\/","name":"3M Littmann CORE Digital stetoskop, svart \/ regnbuefarget \/ r\u00f8ykfarget stamme","isPartOf":{"@id":"https:\/\/www.stethoscope24.com\/stetoskop\/#website"},"primaryImageOfPage":{"@id":"https:\/\/www.stethoscope24.com\/stetoskop\/product\/3m-littmann-core-digital-stetoskop-svart-regnbuefarget\/#primaryimage"},"image":{"@id":"https:\/\/www.stethoscope24.com\/stetoskop\/product\/3m-littmann-core-digital-stetoskop-svart-regnbuefarget\/#primaryimage"},"thumbnailUrl":"https:\/\/i0.wp.com\/www.stethoscope24.com\/stetoskop\/wp-content\/uploads\/2022\/05\/3511_0.png?fit=800%2C800&ssl=1","datePublished":"2022-05-25T10:58:00+00:00","dateModified":"2024-05-01T08:26:05+00:00","description":"Stetoskopet 3M Littmann CORE Digital er forh\u00e5ndsmontert Littmann CORE Digital stetoskop Littmann CORE Digital stetoskop regnbuefarget","breadcrumb":{"@id":"https:\/\/www.stethoscope24.com\/stetoskop\/product\/3m-littmann-core-digital-stetoskop-svart-regnbuefarget\/#breadcrumb"},"inLanguage":"nb-NO","potentialAction":[{"@type":"ReadAction","target":["https:\/\/www.stethoscope24.com\/stetoskop\/product\/3m-littmann-core-digital-stetoskop-svart-regnbuefarget\/"]}]},{"@type":"ImageObject","inLanguage":"nb-NO","@id":"https:\/\/www.stethoscope24.com\/stetoskop\/product\/3m-littmann-core-digital-stetoskop-svart-regnbuefarget\/#primaryimage","url":"https:\/\/i0.wp.com\/www.stethoscope24.com\/stetoskop\/wp-content\/uploads\/2022\/05\/3511_0.png?fit=800%2C800&ssl=1","contentUrl":"https:\/\/i0.wp.com\/www.stethoscope24.com\/stetoskop\/wp-content\/uploads\/2022\/05\/3511_0.png?fit=800%2C800&ssl=1","width":800,"height":800,"caption":"3M Littmann CORE Digital stetoskop, svart regnbuefarget \/ r\u00f8ykfarget stamme 8572"},{"@type":"BreadcrumbList","@id":"https:\/\/www.stethoscope24.com\/stetoskop\/product\/3m-littmann-core-digital-stetoskop-svart-regnbuefarget\/#breadcrumb","itemListElement":[{"@type":"ListItem","position":1,"name":"Home","item":"https:\/\/www.stethoscope24.com\/stetoskop\/"},{"@type":"ListItem","position":2,"name":"Shop","item":"https:\/\/www.stethoscope24.com\/stetoskop\/shop\/"},{"@type":"ListItem","position":3,"name":"3M Littmann CORE Digital stetoskop, svart \/ regnbuefarget \/ r\u00f8ykfarget stamme"}]},{"@type":"WebSite","@id":"https:\/\/www.stethoscope24.com\/stetoskop\/#website","url":"https:\/\/www.stethoscope24.com\/stetoskop\/","name":"Littmann Stetoskoper","description":"3M Littmann Stetoskoper","publisher":{"@id":"https:\/\/www.stethoscope24.com\/stetoskop\/#organization"},"potentialAction":[{"@type":"SearchAction","target":{"@type":"EntryPoint","urlTemplate":"https:\/\/www.stethoscope24.com\/stetoskop\/?s={search_term_string}"},"query-input":{"@type":"PropertyValueSpecification","valueRequired":true,"valueName":"search_term_string"}}],"inLanguage":"nb-NO"},{"@type":"Organization","@id":"https:\/\/www.stethoscope24.com\/stetoskop\/#organization","name":"Stethoscope24","url":"https:\/\/www.stethoscope24.com\/stetoskop\/","logo":{"@type":"ImageObject","inLanguage":"nb-NO","@id":"https:\/\/www.stethoscope24.com\/stetoskop\/#\/schema\/logo\/image\/","url":"https:\/\/i1.wp.com\/stethoscope24.com\/stetoskop\/wp-content\/uploads\/2021\/03\/cropped-logostethoscope24.jpg?fit=330%2C72&ssl=1","contentUrl":"https:\/\/i1.wp.com\/stethoscope24.com\/stetoskop\/wp-content\/uploads\/2021\/03\/cropped-logostethoscope24.jpg?fit=330%2C72&ssl=1","width":330,"height":72,"caption":"Stethoscope24"},"image":{"@id":"https:\/\/www.stethoscope24.com\/stetoskop\/#\/schema\/logo\/image\/"}}]},"product_brand":"Littmann","product_price_amount":"5225.00","product_price_currency":"NOK","og_availability":"out of stock","product_availability":"out of stock","product_retailer_item_id":"8572","product_condition":"new"},"jetpack_sharing_enabled":true,"_links":{"self":[{"href":"https:\/\/www.stethoscope24.com\/stetoskop\/wp-json\/wp\/v2\/product\/24600","targetHints":{"allow":["GET"]}}],"collection":[{"href":"https:\/\/www.stethoscope24.com\/stetoskop\/wp-json\/wp\/v2\/product"}],"about":[{"href":"https:\/\/www.stethoscope24.com\/stetoskop\/wp-json\/wp\/v2\/types\/product"}],"replies":[{"embeddable":true,"href":"https:\/\/www.stethoscope24.com\/stetoskop\/wp-json\/wp\/v2\/comments?post=24600"}],"wp:featuredmedia":[{"embeddable":true,"href":"https:\/\/www.stethoscope24.com\/stetoskop\/wp-json\/wp\/v2\/media\/24612"}],"wp:attachment":[{"href":"https:\/\/www.stethoscope24.com\/stetoskop\/wp-json\/wp\/v2\/media?parent=24600"}],"wp:term":[{"taxonomy":"product_brand","embeddable":true,"href":"https:\/\/www.stethoscope24.com\/stetoskop\/wp-json\/wp\/v2\/product_brand?post=24600"},{"taxonomy":"product_cat","embeddable":true,"href":"https:\/\/www.stethoscope24.com\/stetoskop\/wp-json\/wp\/v2\/product_cat?post=24600"},{"taxonomy":"product_tag","embeddable":true,"href":"https:\/\/www.stethoscope24.com\/stetoskop\/wp-json\/wp\/v2\/product_tag?post=24600"}],"curies":[{"name":"wp","href":"https:\/\/api.w.org\/{rel}","templated":true}]}}